{"id":859,"date":"2020-10-25T19:36:51","date_gmt":"2020-10-25T18:36:51","guid":{"rendered":"http:\/\/blogs.uned.es\/digitaleconomy\/?page_id=859"},"modified":"2021-11-27T18:38:21","modified_gmt":"2021-11-27T17:38:21","slug":"equipo-team","status":"publish","type":"page","link":"https:\/\/blogs.uned.es\/digitaleconomy\/equipo-team\/","title":{"rendered":"Equipo\/Team"},"content":{"rendered":"\t\t<div data-elementor-type=\"wp-page\" data-elementor-id=\"859\" class=\"elementor elementor-859\">\n\t\t\t\t\t\t<section class=\"elementor-section elementor-top-section elementor-element elementor-element-d8cc1c1 elementor-section-boxed elementor-section-height-default elementor-section-height-default\" data-id=\"d8cc1c1\" data-element_type=\"section\" data-e-type=\"section\">\n\t\t\t\t\t\t<div class=\"elementor-container elementor-column-gap-default\">\n\t\t\t\t\t<div class=\"elementor-column elementor-col-100 elementor-top-column elementor-element elementor-element-1e6cb56\" data-id=\"1e6cb56\" data-element_type=\"column\" data-e-type=\"column\">\n\t\t\t<div class=\"elementor-widget-wrap\">\n\t\t\t\t\t\t\t<\/div>\n\t\t<\/div>\n\t\t\t\t\t<\/div>\n\t\t<\/section>\n\t\t\t\t<section class=\"elementor-section elementor-top-section elementor-element elementor-element-2f688f9 elementor-section-boxed elementor-section-height-default elementor-section-height-default\" data-id=\"2f688f9\" data-element_type=\"section\" data-e-type=\"section\">\n\t\t\t\t\t\t<div class=\"elementor-container elementor-column-gap-default\">\n\t\t\t\t\t<div class=\"elementor-column elementor-col-25 elementor-top-column elementor-element elementor-element-318037a\" data-id=\"318037a\" data-element_type=\"column\" data-e-type=\"column\">\n\t\t\t<div class=\"elementor-widget-wrap elementor-element-populated\">\n\t\t\t\t\t\t<div class=\"elementor-element elementor-element-7f2211a elementor-widget elementor-widget-image\" data-id=\"7f2211a\" data-element_type=\"widget\" data-e-type=\"widget\" data-widget_type=\"image.default\">\n\t\t\t\t<div class=\"elementor-widget-container\">\n\t\t\t\t\t\t\t\t\t\t\t\t\t\t\t<img decoding=\"async\" src=\"https:\/\/blogs.uned.es\/digitaleconomy\/wp-content\/uploads\/sites\/253\/elementor\/thumbs\/5c9ca1b213f70-oxg87oswgy00xwhdtsal5fu0jr6guwojalnbyxwkcg.jpeg\" title=\"5c9ca1b213f70\" alt=\"5c9ca1b213f70\" loading=\"lazy\" \/>\t\t\t\t\t\t\t\t\t\t\t\t\t\t\t<\/div>\n\t\t\t\t<\/div>\n\t\t\t\t<div class=\"elementor-element elementor-element-e6ef936 elementor-widget elementor-widget-text-editor\" data-id=\"e6ef936\" data-element_type=\"widget\" data-e-type=\"widget\" data-widget_type=\"text-editor.default\">\n\t\t\t\t<div class=\"elementor-widget-container\">\n\t\t\t\t\t\t\t\t\t<h5><strong>Dr. D Julio Nav\u00edo-Marco<\/strong><\/h5><p>Chairholder<\/p>\t\t\t\t\t\t\t\t<\/div>\n\t\t\t\t<\/div>\n\t\t\t\t\t<\/div>\n\t\t<\/div>\n\t\t\t\t<div class=\"elementor-column elementor-col-25 elementor-top-column elementor-element elementor-element-7ed7d2a\" data-id=\"7ed7d2a\" data-element_type=\"column\" data-e-type=\"column\">\n\t\t\t<div class=\"elementor-widget-wrap elementor-element-populated\">\n\t\t\t\t\t\t<div class=\"elementor-element elementor-element-11f80b5 elementor-widget elementor-widget-image\" data-id=\"11f80b5\" data-element_type=\"widget\" data-e-type=\"widget\" data-widget_type=\"image.default\">\n\t\t\t\t<div class=\"elementor-widget-container\">\n\t\t\t\t\t\t\t\t\t\t\t\t\t\t\t<img fetchpriority=\"high\" decoding=\"async\" width=\"252\" height=\"252\" src=\"https:\/\/blogs.uned.es\/digitaleconomy\/wp-content\/uploads\/sites\/253\/2020\/10\/Foto-Marta.jpg\" class=\"attachment-large size-large wp-image-895\" alt=\"\" srcset=\"https:\/\/blogs.uned.es\/digitaleconomy\/wp-content\/uploads\/sites\/253\/2020\/10\/Foto-Marta.jpg 252w, https:\/\/blogs.uned.es\/digitaleconomy\/wp-content\/uploads\/sites\/253\/2020\/10\/Foto-Marta-150x150.jpg 150w, https:\/\/blogs.uned.es\/digitaleconomy\/wp-content\/uploads\/sites\/253\/2020\/10\/Foto-Marta-75x75.jpg 75w\" sizes=\"(max-width: 252px) 100vw, 252px\" \/>\t\t\t\t\t\t\t\t\t\t\t\t\t\t\t<\/div>\n\t\t\t\t<\/div>\n\t\t\t\t<div class=\"elementor-element elementor-element-32551d9 elementor-widget elementor-widget-text-editor\" data-id=\"32551d9\" data-element_type=\"widget\" data-e-type=\"widget\" data-widget_type=\"text-editor.default\">\n\t\t\t\t<div class=\"elementor-widget-container\">\n\t\t\t\t\t\t\t\t\t<h5><strong>Dra. Marta Sol\u00f3rzano-Garc\u00eda<\/strong><\/h5>\t\t\t\t\t\t\t\t<\/div>\n\t\t\t\t<\/div>\n\t\t\t\t\t<\/div>\n\t\t<\/div>\n\t\t\t\t<div class=\"elementor-column elementor-col-25 elementor-top-column elementor-element elementor-element-6341905\" data-id=\"6341905\" data-element_type=\"column\" data-e-type=\"column\">\n\t\t\t<div class=\"elementor-widget-wrap elementor-element-populated\">\n\t\t\t\t\t\t<div class=\"elementor-element elementor-element-71e107a elementor-widget elementor-widget-image\" data-id=\"71e107a\" data-element_type=\"widget\" data-e-type=\"widget\" data-widget_type=\"image.default\">\n\t\t\t\t<div class=\"elementor-widget-container\">\n\t\t\t\t\t\t\t\t\t\t\t\t\t\t\t<img decoding=\"async\" width=\"960\" height=\"969\" src=\"https:\/\/blogs.uned.es\/digitaleconomy\/wp-content\/uploads\/sites\/253\/2020\/10\/DSC_6059-2-1014x1024.jpg\" class=\"attachment-large size-large wp-image-935\" alt=\"\" srcset=\"https:\/\/blogs.uned.es\/digitaleconomy\/wp-content\/uploads\/sites\/253\/2020\/10\/DSC_6059-2-1014x1024.jpg 1014w, https:\/\/blogs.uned.es\/digitaleconomy\/wp-content\/uploads\/sites\/253\/2020\/10\/DSC_6059-2-150x150.jpg 150w, https:\/\/blogs.uned.es\/digitaleconomy\/wp-content\/uploads\/sites\/253\/2020\/10\/DSC_6059-2-297x300.jpg 297w, https:\/\/blogs.uned.es\/digitaleconomy\/wp-content\/uploads\/sites\/253\/2020\/10\/DSC_6059-2-768x776.jpg 768w, https:\/\/blogs.uned.es\/digitaleconomy\/wp-content\/uploads\/sites\/253\/2020\/10\/DSC_6059-2-75x75.jpg 75w, https:\/\/blogs.uned.es\/digitaleconomy\/wp-content\/uploads\/sites\/253\/2020\/10\/DSC_6059-2.jpg 1107w\" sizes=\"(max-width: 960px) 100vw, 960px\" \/>\t\t\t\t\t\t\t\t\t\t\t\t\t\t\t<\/div>\n\t\t\t\t<\/div>\n\t\t\t\t<div class=\"elementor-element elementor-element-c6e537b elementor-widget elementor-widget-text-editor\" data-id=\"c6e537b\" data-element_type=\"widget\" data-e-type=\"widget\" data-widget_type=\"text-editor.default\">\n\t\t\t\t<div class=\"elementor-widget-container\">\n\t\t\t\t\t\t\t\t\t<h5><strong>Dr. Luis Manuel G\u00f3mez-Ruiz<\/strong><\/h5>\t\t\t\t\t\t\t\t<\/div>\n\t\t\t\t<\/div>\n\t\t\t\t\t<\/div>\n\t\t<\/div>\n\t\t\t\t<div class=\"elementor-column elementor-col-25 elementor-top-column elementor-element elementor-element-84e0a13\" data-id=\"84e0a13\" data-element_type=\"column\" data-e-type=\"column\">\n\t\t\t<div class=\"elementor-widget-wrap elementor-element-populated\">\n\t\t\t\t\t\t<div class=\"elementor-element elementor-element-81c4521 elementor-widget elementor-widget-image\" data-id=\"81c4521\" data-element_type=\"widget\" data-e-type=\"widget\" data-widget_type=\"image.default\">\n\t\t\t\t<div class=\"elementor-widget-container\">\n\t\t\t\t\t\t\t\t\t\t\t\t\t\t\t<img decoding=\"async\" src=\"https:\/\/blogs.uned.es\/digitaleconomy\/wp-content\/uploads\/sites\/253\/elementor\/thumbs\/ClaudiaAtenta-e1603657939817-oxgb2m4otuwc8qz6t9xx6gt28nvdprafg1bdrpan0g.jpg\" title=\"ClaudiaAtenta\" alt=\"ClaudiaAtenta\" loading=\"lazy\" \/>\t\t\t\t\t\t\t\t\t\t\t\t\t\t\t<\/div>\n\t\t\t\t<\/div>\n\t\t\t\t<div class=\"elementor-element elementor-element-240a2a3 elementor-widget elementor-widget-text-editor\" data-id=\"240a2a3\" data-element_type=\"widget\" data-e-type=\"widget\" data-widget_type=\"text-editor.default\">\n\t\t\t\t<div class=\"elementor-widget-container\">\n\t\t\t\t\t\t\t\t\t<h5><strong>Dra. Claudia Sevilla-Sevilla<\/strong><\/h5>\t\t\t\t\t\t\t\t<\/div>\n\t\t\t\t<\/div>\n\t\t\t\t\t<\/div>\n\t\t<\/div>\n\t\t\t\t\t<\/div>\n\t\t<\/section>\n\t\t\t\t<section class=\"elementor-section elementor-top-section elementor-element elementor-element-b443e03 elementor-section-boxed elementor-section-height-default elementor-section-height-default\" data-id=\"b443e03\" data-element_type=\"section\" data-e-type=\"section\">\n\t\t\t\t\t\t<div class=\"elementor-container elementor-column-gap-default\">\n\t\t\t\t\t<div class=\"elementor-column elementor-col-100 elementor-top-column elementor-element elementor-element-9d79c7c\" data-id=\"9d79c7c\" data-element_type=\"column\" data-e-type=\"column\">\n\t\t\t<div class=\"elementor-widget-wrap elementor-element-populated\">\n\t\t\t\t\t\t<div class=\"elementor-element elementor-element-0bbe5b1 elementor-widget elementor-widget-eael-fancy-text\" data-id=\"0bbe5b1\" data-element_type=\"widget\" data-e-type=\"widget\" data-widget_type=\"eael-fancy-text.default\">\n\t\t\t\t<div class=\"elementor-widget-container\">\n\t\t\t\t\t\n\t<div  class=\"eael-fancy-text-container style-1\" data-fancy-text-id=\"0bbe5b1\" data-fancy-text=\"|Selected publications from the team on Digital Economy and the European Union\" data-fancy-text-transition-type=\"typing\" data-fancy-text-speed=\"50\" data-fancy-text-delay=\"2500\" data-fancy-text-cursor=\"yes\" data-fancy-text-loop=\"yes\" data-fancy-text-action=\"page_load\" >\n\t\t\n\t\t\n\t\t\t\t\t<span id=\"eael-fancy-text-0bbe5b1\" class=\"eael-fancy-text-strings solid-color\">\n\t\t\t\t<noscript>\n\t\t\t\t\tSelected publications from the team on Digital Economy and the European Union\t\t\t\t<\/noscript>\n\t\t\t<\/span>\n\t\t\n\t\t\t<\/div><!-- close .eael-fancy-text-container -->\n\n\t<div class=\"clearfix\"><\/div>\n\n\t\t\t\t\t<\/div>\n\t\t\t\t<\/div>\n\t\t\t\t<div class=\"elementor-element elementor-element-d09f91f elementor-widget elementor-widget-text-editor\" data-id=\"d09f91f\" data-element_type=\"widget\" data-e-type=\"widget\" data-widget_type=\"text-editor.default\">\n\t\t\t\t<div class=\"elementor-widget-container\">\n\t\t\t\t\t\t\t\t\t<p>Nav\u00edo-Marco, J., Rodrigo-Moya, B. &amp; Gerli, P. (2020). The rising importance of the \u00abSmart territory\u00bb concept: definition and implications. <em>Land Use Policy<\/em>, 99, 105003.<\/p><p>Rodriguez-Hev\u00eda, L.F., Nav\u00edo-Marco, J. &amp; Ruiz-Gomez. L.M. (2020) Citizens\u2019 Involvement in E-Government in the European Union: The Rising Importance of the Digital Skills. <em>Sustainability. <\/em><\/p><p>Lorente-Mart\u00ednez, J., Nav\u00edo-Marco, J., &amp; Rodrigo-Moya, B. (2020). Analysis of the adoption of customer facing InStore technologies in retail SMEs. <em>Journal of Retailing and Consumer Services<\/em>, 57, 102225.<\/p><p>Nav\u00edo-Marco, J., Bujidos-Casado, M. &amp; Rodrigo-Moya, B. (2019) Coopetition as an innovation strategy in the European Union: Analysis of the German case. <em>Industrial Marketing Management<\/em>, 82, 9-14<\/p><p>Nav\u00edo-Marco, J., Ar\u00e9valo-Aguirre, A., &amp; P\u00e9rez-Leal, R. (2019). WiFi4EU: Techno-economic analysis of a key European Commission initiative for public connectivity. <em>Telecommunications Policy<\/em>, <em>43<\/em>(6), 520-530.<\/p><p>Navio-Marco, J., Ruiz-G\u00f3mez, L. M., &amp; Sevilla-Sevilla, C. (2019). Progress in wireless technologies in hospitality and tourism. <em>Journal of Hospitality and Tourism Technology<\/em>, 10 (4), 587-599.<\/p><p>Anand, P. B., &amp; Nav\u00edo-Marco, J. (2018). Governance and economics of smart cities: opportunities and challenges. <em>Telecommunications Policy<\/em>, 42(10), 795-799.<\/p><p>Sevilla-Sevilla, C., Nav\u00edo-Marco, J., &amp; Ruiz-G\u00f3mez, L. M. (2020). Environment, tourism and satellite technology: Exploring fruitful interlinkages. <em>Annals of Tourism Research<\/em>, 83, 102841 <a href=\"https:\/\/doi.org\/10.1016\/j.annals.2019.102841\">https:\/\/doi.org\/10.1016\/j.annals.2019.102841<\/a><\/p><p>Nav\u00edo-Marco, J., Ruiz-G\u00f3mez, L. M., &amp; Sevilla-Sevilla, C. (2018). Progress in information technology and tourism management: 30 years on and 20 years after the internet -Revisiting Buhalis &amp; Law&#8217;s landmark study about eTourism. <em>Tourism Management<\/em>, 69, 460-470.<\/p><p>L\u00f3pez, A. U., Mateo, F., Nav\u00edo-Marco, J., Mart\u00ednez-Mart\u00ednez, J. M., G\u00f3mez-Sanch\u00eds, J., Vila-Franc\u00e9s, J., &amp; Serrano-L\u00f3pez, A. J. (2019). Analysis of computer user behavior, security incidents and fraud using self-organizing maps. <em>Computers &amp; Security<\/em>, <em>83<\/em>, 38-51.<\/p><p>Palomo-Navarro, \u00c1., &amp; Nav\u00edo-Marco, J. (2018). Smart city networks&#8217; governance: The Spanish smart city network case study. <em>Telecommunications Policy<\/em>, 42 (10), 872-880.<\/p><p>Cuadra, L., Aybar-Ru\u00edz, A., del Arco, M. A., Nav\u00edo-Marco, J., Portilla-Figueras, J. A. &amp; Salcedo-Sanz, S. (2016). A Lamarckian Hybrid Grouping Genetic Algorithm with repair heuristics for resource assignment in WCDMA networks. <em>Applied Soft Computing<\/em>, 43, 619-632. <strong>\u00a0<\/strong><\/p><p>Nav\u00edo-Marco, J., Sol\u00f3rzano-Garc\u00eda, M., Matilla\u00a0 M., &amp; Urue\u00f1a, A. (2016). Language as a key factor of long-term value creation in mergers and acquisitions in the telecommunications sector. <em>Telecommunications Policy<\/em>,40(10),1052-1063.<\/p><p>Nav\u00edo-Marco,J.\u00a0 Sol\u00f3rzano-Garc\u00eda,M.\u00a0 Vicente-Virseda J. (2020, in press) Serial acquirers\u00b4 strategy in the telecommunications sector: integration or indigestion<strong>. <\/strong><em>European Journal of International Management<\/em>. Doi: 10.1504\/EJIM.2019.10017196 .<\/p><p>Ruiz-G\u00f3mez, L. M., Nav\u00edo-Marco, J., &amp; Rodr\u00edguez-Hev\u00eda, L. F. (2018). Dynamics of digital tourism\u2019s consumers in the EU. <em>Information Technology &amp; Tourism<\/em>, <em>20<\/em>(1-4), 59-81.<\/p><p>Bujidos-Casado, M., Nav\u00edo-Marco, J., Rodrigo-Moya, B., &amp; Palencia-Gonz\u00e1lez, F. J. (2019). Analysis of organisational innovation in the EU firms: which factors discourage it?. <em>International Journal of Business Innovation and Research<\/em>, <em>20<\/em>(1), 1-24.<\/p><p>Riol-Mart\u00edn, J., P\u00e9rez-Leal, R., &amp; Nav\u00edo-Marco, J. (2019). Towards 5G: Techno-economic analysis of suitable use cases. <em>NETNOMICS: Economic Research and Electronic Networking<\/em>, 1-23.<\/p><p>Asencio-Guill\u00e9n, A &amp; Nav\u00edo-Marco, J. (2018). Cyberspace as a system and a social environment: a theoretical proposal based on Niklas Luhmann<em>. <\/em><em>Communication &amp; Society<\/em>. 31(1), 23-38.<\/p><p>Ruiz G\u00f3mez, L. M., Rodr\u00edguez Fern\u00e1ndez, L., &amp; Nav\u00edo-Marco, J. (2018). Application of communication technologies (ICT) within the tourism industry in the European Union. <em>Tourism,<\/em> 66(2), 239-245.<\/p><p>Nav\u00edo-Marco, J., Ruiz-G\u00f3mez, L. M., &amp; Sevilla-Sevilla, C. (2018). Internet and Consumer behaviour in Travel and Tourism: A European Cross-National Analysis. <em>Journal of Reviews on Global Economics<\/em>, 7, 186-194.<\/p>\t\t\t\t\t\t\t\t<\/div>\n\t\t\t\t<\/div>\n\t\t\t\t\t<\/div>\n\t\t<\/div>\n\t\t\t\t\t<\/div>\n\t\t<\/section>\n\t\t\t\t<section class=\"elementor-section elementor-top-section elementor-element elementor-element-eb88aef elementor-section-boxed elementor-section-height-default elementor-section-height-default\" data-id=\"eb88aef\" data-element_type=\"section\" data-e-type=\"section\">\n\t\t\t\t\t\t<div class=\"elementor-container elementor-column-gap-default\">\n\t\t\t\t\t<div class=\"elementor-column elementor-col-100 elementor-top-column elementor-element elementor-element-068dad6\" data-id=\"068dad6\" data-element_type=\"column\" data-e-type=\"column\">\n\t\t\t<div class=\"elementor-widget-wrap elementor-element-populated\">\n\t\t\t\t\t\t<div class=\"elementor-element elementor-element-10508e5 elementor-widget elementor-widget-image\" data-id=\"10508e5\" data-element_type=\"widget\" data-e-type=\"widget\" data-widget_type=\"image.default\">\n\t\t\t\t<div class=\"elementor-widget-container\">\n\t\t\t\t\t\t\t\t\t\t\t\t\t\t\t<img decoding=\"async\" src=\"https:\/\/blogs.uned.es\/digitaleconomy\/wp-content\/uploads\/sites\/253\/elementor\/thumbs\/logosbeneficaireserasmusleft_withthesupportof-oyeey7829v6avmkqagz0o2sbbymdfzelk1jfs2go84.jpg\" title=\"logosbeneficaireserasmusleft_withthesupportof\" alt=\"logosbeneficaireserasmusleft_withthesupportof\" loading=\"lazy\" \/>\t\t\t\t\t\t\t\t\t\t\t\t\t\t\t<\/div>\n\t\t\t\t<\/div>\n\t\t\t\t\t<\/div>\n\t\t<\/div>\n\t\t\t\t\t<\/div>\n\t\t<\/section>\n\t\t\t\t<section class=\"elementor-section elementor-top-section elementor-element elementor-element-d9317b9 elementor-section-boxed elementor-section-height-default elementor-section-height-default\" data-id=\"d9317b9\" data-element_type=\"section\" data-e-type=\"section\">\n\t\t\t\t\t\t<div class=\"elementor-container elementor-column-gap-default\">\n\t\t\t\t\t<div class=\"elementor-column elementor-col-100 elementor-top-column elementor-element elementor-element-cdf68e0\" data-id=\"cdf68e0\" data-element_type=\"column\" data-e-type=\"column\">\n\t\t\t<div class=\"elementor-widget-wrap elementor-element-populated\">\n\t\t\t\t\t\t<div class=\"elementor-element elementor-element-80a1274 elementor-widget elementor-widget-text-editor\" data-id=\"80a1274\" data-element_type=\"widget\" data-e-type=\"widget\" data-widget_type=\"text-editor.default\">\n\t\t\t\t<div class=\"elementor-widget-container\">\n\t\t\t\t\t\t\t\t\t<p style=\"text-align: center\"><span style=\"color: #204f80;font-family: Helvetica, sans-serif;font-size: small\">El apoyo de la Comisi\u00f3n Europea para la producci\u00f3n de esta publicaci\u00f3n no constituye una aprobaci\u00f3n del contenido, el cual refleja \u00fanicamente las opiniones de los autores, y la Comisi\u00f3n no se hace responsable del uso que pueda hacerse de la informaci\u00f3n contenida en la misma. \/\u00a0<\/span><span style=\"color: #204f80;font-family: Helvetica, sans-serif;font-size: small\">The European Commission support for the production of this publication does not constitute an endorsement of the content, which reflects the views only of the authors, and the Commission cannot be held responsible for any use which may be made of the information contained therein.<\/span><\/p>\t\t\t\t\t\t\t\t<\/div>\n\t\t\t\t<\/div>\n\t\t\t\t\t<\/div>\n\t\t<\/div>\n\t\t\t\t\t<\/div>\n\t\t<\/section>\n\t\t\t\t<section class=\"elementor-section elementor-top-section elementor-element elementor-element-d89dbf4 elementor-section-boxed elementor-section-height-default elementor-section-height-default\" data-id=\"d89dbf4\" data-element_type=\"section\" data-e-type=\"section\">\n\t\t\t\t\t\t<div class=\"elementor-container elementor-column-gap-default\">\n\t\t\t\t\t<div class=\"elementor-column elementor-col-100 elementor-top-column elementor-element elementor-element-3859d6c\" data-id=\"3859d6c\" data-element_type=\"column\" data-e-type=\"column\">\n\t\t\t<div class=\"elementor-widget-wrap\">\n\t\t\t\t\t\t\t<\/div>\n\t\t<\/div>\n\t\t\t\t\t<\/div>\n\t\t<\/section>\n\t\t\t\t<section class=\"elementor-section elementor-top-section elementor-element elementor-element-958f732 elementor-section-boxed elementor-section-height-default elementor-section-height-default\" data-id=\"958f732\" data-element_type=\"section\" data-e-type=\"section\">\n\t\t\t\t\t\t<div class=\"elementor-container elementor-column-gap-default\">\n\t\t\t\t\t<div class=\"elementor-column elementor-col-100 elementor-top-column elementor-element elementor-element-9a9863e\" data-id=\"9a9863e\" data-element_type=\"column\" data-e-type=\"column\">\n\t\t\t<div class=\"elementor-widget-wrap elementor-element-populated\">\n\t\t\t\t\t\t<div class=\"elementor-element elementor-element-0c8b806 elementor-position-left elementor-vertical-align-middle elementor-widget elementor-widget-image-box\" data-id=\"0c8b806\" data-element_type=\"widget\" data-e-type=\"widget\" data-widget_type=\"image-box.default\">\n\t\t\t\t<div class=\"elementor-widget-container\">\n\t\t\t\t\t<div class=\"elementor-image-box-wrapper\"><figure class=\"elementor-image-box-img\"><a href=\"https:\/\/creativecommons.org\/licenses\/by\/4.0\/\" tabindex=\"-1\"><img decoding=\"async\" src=\"https:\/\/blogs.uned.es\/digitaleconomy\/wp-content\/uploads\/sites\/253\/elementor\/thumbs\/CC-BY_h-oyefrv0k2a2zymx4cqz7eomsi0wivcpywp0ow5cfsw.jpg\" title=\"CC BY\" alt=\"CC BY\" loading=\"lazy\" \/><\/a><\/figure><div class=\"elementor-image-box-content\"><p class=\"elementor-image-box-description\">Este obra cuyo autor es Jean Monnet Chair 619793-EPP-1-2020-1-ES-EPPJMO-CHAIR est\u00e1 bajo una licencia de Reconocimiento 4.0 Internacional <i>de Creative Commons. <\/i><br><i>\n<\/i>          This work by Jean Monnet Chair 619793-EPP-1-2020-1-ES-EPPJMO-CHAIR is licensed under a Creative Commons Attribution 4.0 International License.\n<\/p><\/div><\/div>\t\t\t\t<\/div>\n\t\t\t\t<\/div>\n\t\t\t\t\t<\/div>\n\t\t<\/div>\n\t\t\t\t\t<\/div>\n\t\t<\/section>\n\t\t\t\t<\/div>\n\t\t","protected":false},"excerpt":{"rendered":"<p>Dr. D Julio Nav\u00edo-Marco Chairholder Dra. Marta Sol\u00f3rzano-Garc\u00eda Dr. Luis Manuel G\u00f3mez-Ruiz Dra. Claudia Sevilla-Sevilla Selected publications from the team on Digital Economy and the European Union Nav\u00edo-Marco, J., Rodrigo-Moya, B. &amp; Gerli, P. (2020). The rising importance of the \u00abSmart territory\u00bb concept: definition and implications. Land Use Policy, 99, 105003. Rodriguez-Hev\u00eda, L.F., Nav\u00edo-Marco, J. &amp; Ruiz-Gomez. L.M. (2020) Citizens\u2019 Involvement in E-Government in the European Union: The Rising Importance of the Digital Skills. Sustainability. Lorente-Mart\u00ednez, J., Nav\u00edo-Marco, J., &amp; Rodrigo-Moya, B. (2020). Analysis of the adoption of customer facing InStore technologies in retail SMEs. Journal of Retailing and Consumer Services, 57, 102225. Nav\u00edo-Marco, J., Bujidos-Casado, M. &amp; Rodrigo-Moya, B. (2019) Coopetition as an innovation strategy in the European Union: Analysis of the German case. Industrial Marketing Management, 82, 9-14 Nav\u00edo-Marco, J., Ar\u00e9valo-Aguirre, A., &amp; P\u00e9rez-Leal, R. (2019). WiFi4EU: Techno-economic analysis of a key European Commission initiative for public connectivity. Telecommunications Policy, 43(6), 520-530. Navio-Marco, J., Ruiz-G\u00f3mez, L. M., &amp; Sevilla-Sevilla, C. (2019). Progress in wireless technologies in hospitality and tourism. Journal of Hospitality and Tourism Technology, 10 (4), 587-599. Anand, P. B., &amp; Nav\u00edo-Marco, J. (2018). Governance and economics of smart cities: opportunities and challenges. Telecommunications Policy, 42(10), 795-799. Sevilla-Sevilla, C., Nav\u00edo-Marco, J., &amp; Ruiz-G\u00f3mez, L. M. (2020). Environment, tourism and satellite technology: Exploring fruitful interlinkages. Annals of Tourism Research, 83, 102841 https:\/\/doi.org\/10.1016\/j.annals.2019.102841 Nav\u00edo-Marco, J., Ruiz-G\u00f3mez, L. M., &amp; Sevilla-Sevilla, C. (2018). Progress in information technology and tourism management: 30 years on and 20 years after the internet -Revisiting Buhalis &amp; Law&#8217;s landmark study about eTourism. Tourism Management, 69, 460-470. L\u00f3pez, A. U., Mateo, F., Nav\u00edo-Marco, J., Mart\u00ednez-Mart\u00ednez, J. M., G\u00f3mez-Sanch\u00eds, J., Vila-Franc\u00e9s, J., &amp; Serrano-L\u00f3pez, A. J. (2019). Analysis of computer user behavior, security incidents and fraud using self-organizing maps. Computers &amp; Security, 83, 38-51. Palomo-Navarro, \u00c1., &amp; Nav\u00edo-Marco, J. (2018). Smart city networks&#8217; governance: The Spanish smart city network case study. Telecommunications Policy, 42 (10), 872-880. Cuadra, L., Aybar-Ru\u00edz, A., del Arco, M. A., Nav\u00edo-Marco, J., Portilla-Figueras, J. A. &amp; Salcedo-Sanz, S. (2016). A Lamarckian Hybrid Grouping Genetic Algorithm with repair heuristics for resource assignment in WCDMA networks. Applied Soft Computing, 43, 619-632. \u00a0 Nav\u00edo-Marco, J., Sol\u00f3rzano-Garc\u00eda, M., Matilla\u00a0 M., &amp; Urue\u00f1a, A. (2016). Language as a key factor of long-term value creation in mergers and acquisitions in the telecommunications sector. Telecommunications Policy,40(10),1052-1063. Nav\u00edo-Marco,J.\u00a0 Sol\u00f3rzano-Garc\u00eda,M.\u00a0 Vicente-Virseda J. (2020, in press) Serial acquirers\u00b4 strategy in the telecommunications sector: integration or indigestion. European Journal of International Management. Doi: 10.1504\/EJIM.2019.10017196 . Ruiz-G\u00f3mez, L. M., Nav\u00edo-Marco, J., &amp; Rodr\u00edguez-Hev\u00eda, L. F. (2018). Dynamics of digital tourism\u2019s consumers in the EU. Information Technology &amp; Tourism, 20(1-4), 59-81. Bujidos-Casado, M., Nav\u00edo-Marco, J., Rodrigo-Moya, B., &amp; Palencia-Gonz\u00e1lez, F. J. (2019). Analysis of organisational innovation in the EU firms: which factors discourage it?. International Journal of Business Innovation and Research, 20(1), 1-24. Riol-Mart\u00edn, J., P\u00e9rez-Leal, R., &amp; Nav\u00edo-Marco, J. (2019). Towards 5G: Techno-economic analysis of suitable use cases. NETNOMICS: Economic Research and Electronic Networking, 1-23. Asencio-Guill\u00e9n, A &amp; Nav\u00edo-Marco, J. (2018). Cyberspace as a system and a social environment: a theoretical proposal based on Niklas Luhmann. Communication &amp; Society. 31(1), 23-38. Ruiz G\u00f3mez, L. M., Rodr\u00edguez Fern\u00e1ndez, L., &amp; Nav\u00edo-Marco, J. (2018). Application of communication technologies (ICT) within the tourism industry in the European Union. Tourism, 66(2), 239-245. Nav\u00edo-Marco, J., Ruiz-G\u00f3mez, L. M., &amp; Sevilla-Sevilla, C. (2018). Internet and Consumer behaviour in Travel and Tourism: A European Cross-National Analysis. Journal of Reviews on Global Economics, 7, 186-194. El apoyo de la Comisi\u00f3n Europea para la producci\u00f3n de esta publicaci\u00f3n no constituye una aprobaci\u00f3n del contenido, el cual refleja \u00fanicamente las opiniones de los autores, y la Comisi\u00f3n no se hace responsable del uso que pueda hacerse de la informaci\u00f3n contenida en la misma. \/\u00a0The European Commission support for the production of this publication does not constitute an endorsement of the content, which reflects the views only of the authors, and the Commission cannot be held responsible for any use which may be made of the information contained therein. Este obra cuyo autor es Jean Monnet Chair 619793-EPP-1-2020-1-ES-EPPJMO-CHAIR est\u00e1 bajo una licencia de Reconocimiento 4.0 Internacional de Creative Commons. This work by Jean Monnet Chair 619793-EPP-1-2020-1-ES-EPPJMO-CHAIR is licensed under a Creative Commons Attribution 4.0 International License.<\/p>\n","protected":false},"author":7353,"featured_media":0,"parent":0,"menu_order":0,"comment_status":"closed","ping_status":"closed","template":"","meta":{"footnotes":""},"class_list":["post-859","page","type-page","status-publish","hentry"],"_links":{"self":[{"href":"https:\/\/blogs.uned.es\/digitaleconomy\/wp-json\/wp\/v2\/pages\/859","targetHints":{"allow":["GET"]}}],"collection":[{"href":"https:\/\/blogs.uned.es\/digitaleconomy\/wp-json\/wp\/v2\/pages"}],"about":[{"href":"https:\/\/blogs.uned.es\/digitaleconomy\/wp-json\/wp\/v2\/types\/page"}],"author":[{"embeddable":true,"href":"https:\/\/blogs.uned.es\/digitaleconomy\/wp-json\/wp\/v2\/users\/7353"}],"replies":[{"embeddable":true,"href":"https:\/\/blogs.uned.es\/digitaleconomy\/wp-json\/wp\/v2\/comments?post=859"}],"version-history":[{"count":26,"href":"https:\/\/blogs.uned.es\/digitaleconomy\/wp-json\/wp\/v2\/pages\/859\/revisions"}],"predecessor-version":[{"id":2587,"href":"https:\/\/blogs.uned.es\/digitaleconomy\/wp-json\/wp\/v2\/pages\/859\/revisions\/2587"}],"wp:attachment":[{"href":"https:\/\/blogs.uned.es\/digitaleconomy\/wp-json\/wp\/v2\/media?parent=859"}],"curies":[{"name":"wp","href":"https:\/\/api.w.org\/{rel}","templated":true}]}}