{"id":4607,"date":"2021-12-11T06:38:47","date_gmt":"2021-12-11T05:38:47","guid":{"rendered":"https:\/\/blogs.uned.es\/derechoclimatico\/?page_id=4607"},"modified":"2021-12-11T07:05:11","modified_gmt":"2021-12-11T06:05:11","slug":"climate-law-in-a-nutshell","status":"publish","type":"page","link":"https:\/\/blogs.uned.es\/derechoclimatico\/?page_id=4607&lang=en","title":{"rendered":"Climate law in a nutshell"},"content":{"rendered":"\t\t<div data-elementor-type=\"wp-page\" data-elementor-id=\"4607\" class=\"elementor elementor-4607\" data-elementor-post-type=\"page\">\n\t\t\t\t\t\t<section class=\"elementor-section elementor-top-section elementor-element elementor-element-f8a2bf0 elementor-section-boxed elementor-section-height-default elementor-section-height-default\" data-id=\"f8a2bf0\" data-element_type=\"section\" data-e-type=\"section\">\n\t\t\t\t\t\t<div class=\"elementor-container elementor-column-gap-default\">\n\t\t\t\t\t<div class=\"elementor-column elementor-col-66 elementor-top-column elementor-element elementor-element-125cfc8\" data-id=\"125cfc8\" data-element_type=\"column\" data-e-type=\"column\">\n\t\t\t<div class=\"elementor-widget-wrap elementor-element-populated\">\n\t\t\t\t\t\t<div class=\"elementor-element elementor-element-c3ee8ea elementor-grid-eael-col-3 elementor-grid-tablet-eael-col-2 elementor-grid-mobile-eael-col-1 elementor-widget elementor-widget-eael-post-grid\" data-id=\"c3ee8ea\" data-element_type=\"widget\" data-e-type=\"widget\" data-settings=\"{&quot;eael_post_grid_columns&quot;:&quot;eael-col-3&quot;,&quot;eael_post_grid_columns_tablet&quot;:&quot;eael-col-2&quot;,&quot;eael_post_grid_columns_mobile&quot;:&quot;eael-col-1&quot;}\" data-widget_type=\"eael-post-grid.default\">\n\t\t\t\t<div class=\"elementor-widget-container\">\n\t\t\t\t\t<div id=\"eael-post-grid-c3ee8ea\" class=\"eael-post-grid-container\">\n            <div class=\"eael-post-grid eael-post-appender eael-post-appender-c3ee8ea eael-post-grid-style-one\" data-layout-mode=\"masonry\"><article class=\"eael-grid-post  eael-post-grid-column eael-pg-post-9873 category-blog-en-climate-law-in-a-nutshell\" data-id=\"9873\">\n        <div class=\"eael-grid-post-holder\">\n            <div class=\"eael-grid-post-holder-inner\"><div class=\"eael-entry-wrapper\"><header class=\"eael-entry-header\"><h2 class=\"eael-entry-title\"><a class=\"eael-grid-post-link\" href=\"https:\/\/blogs.uned.es\/derechoclimatico\/?p=9873&#038;lang=en\" title=\"The Advisory Opinion of the International Court of Justice on Climate Change: A Practitioner\u2019s Perspective\">The Advisory Opinion of the International Court of Justice on Climate Change: A Practitioner\u2019s Perspective<\/a><\/h2><\/header><div class=\"eael-entry-content\">\n                        <div class=\"eael-grid-post-excerpt\"><p>The conference delivered by Professor Fabi\u00e1n Raimundo, as part of the Master\u2019s Program in Climate Change Management at UNED, offered a unique perspective on the role of international law in...<\/p><a href=\"https:\/\/blogs.uned.es\/derechoclimatico\/?p=9873&#038;lang=en\" class=\"eael-post-elements-readmore-btn\">Leer m\u00e1s<\/a><\/div>\n                    <\/div><div class=\"eael-entry-footer\"><div class=\"eael-entry-meta\"><\/div><\/div><\/div><\/div>\n        <\/div>\n    <\/article><article class=\"eael-grid-post  eael-post-grid-column eael-pg-post-4723 category-blog-en-climate-law-in-a-nutshell\" data-id=\"4723\">\n        <div class=\"eael-grid-post-holder\">\n            <div class=\"eael-grid-post-holder-inner\"><div class=\"eael-entry-wrapper\"><header class=\"eael-entry-header\"><h2 class=\"eael-entry-title\"><a class=\"eael-grid-post-link\" href=\"https:\/\/blogs.uned.es\/derechoclimatico\/?p=4723&#038;lang=en\" title=\"Videoclass: European regulations on energy efficiency and renewable energies\">Videoclass: European regulations on energy efficiency and renewable energies<\/a><\/h2><\/header><div class=\"eael-entry-content\">\n                        <div class=\"eael-grid-post-excerpt\"><p>Justo Corti VarelaCourse director. The EU has focused its strategy to fight climate change on the decarbonisation of the energy market, which implies, on the one hand, boosting renewable mechanisms...<\/p><a href=\"https:\/\/blogs.uned.es\/derechoclimatico\/?p=4723&#038;lang=en\" class=\"eael-post-elements-readmore-btn\">Leer m\u00e1s<\/a><\/div>\n                    <\/div><div class=\"eael-entry-footer\"><div class=\"eael-entry-meta\"><\/div><\/div><\/div><\/div>\n        <\/div>\n    <\/article><article class=\"eael-grid-post  eael-post-grid-column eael-pg-post-4711 category-blog-en-climate-law-in-a-nutshell\" data-id=\"4711\">\n        <div class=\"eael-grid-post-holder\">\n            <div class=\"eael-grid-post-holder-inner\"><div class=\"eael-entry-wrapper\"><header class=\"eael-entry-header\"><h2 class=\"eael-entry-title\"><a class=\"eael-grid-post-link\" href=\"https:\/\/blogs.uned.es\/derechoclimatico\/?p=4711&#038;lang=en\" title=\"Videoclass: European waste regulations and the circular economy\">Videoclass: European waste regulations and the circular economy<\/a><\/h2><\/header><div class=\"eael-entry-content\">\n                        <div class=\"eael-grid-post-excerpt\"><p>\u00c1lvaro Jarillo Aldeanueva. Professor of the Department of Public International Law, UNED.\u00a0 This video explains the concept of circular economy and the main aspects of European waste regulations. The new...<\/p><a href=\"https:\/\/blogs.uned.es\/derechoclimatico\/?p=4711&#038;lang=en\" class=\"eael-post-elements-readmore-btn\">Leer m\u00e1s<\/a><\/div>\n                    <\/div><div class=\"eael-entry-footer\"><div class=\"eael-entry-meta\"><\/div><\/div><\/div><\/div>\n        <\/div>\n    <\/article><article class=\"eael-grid-post  eael-post-grid-column eael-pg-post-4701 category-blog-en-climate-law-in-a-nutshell\" data-id=\"4701\">\n        <div class=\"eael-grid-post-holder\">\n            <div class=\"eael-grid-post-holder-inner\"><div class=\"eael-entry-wrapper\"><header class=\"eael-entry-header\"><h2 class=\"eael-entry-title\"><a class=\"eael-grid-post-link\" href=\"https:\/\/blogs.uned.es\/derechoclimatico\/?p=4701&#038;lang=en\" title=\"Videoclass: The \u00abEuropean Green Deal\u00bb and cost redistribution in the climate transition\">Videoclass: The \u00abEuropean Green Deal\u00bb and cost redistribution in the climate transition<\/a><\/h2><\/header><div class=\"eael-entry-content\">\n                        <div class=\"eael-grid-post-excerpt\"><p>\u00c1lvaro Jarillo Aldeanueva. \u00c1lvaro Jarillo Aldeanueva. Professor of the Department of Public International Law, UNED. This video explains the essential elements and main features of the European Union&#8217;s Green Deal....<\/p><a href=\"https:\/\/blogs.uned.es\/derechoclimatico\/?p=4701&#038;lang=en\" class=\"eael-post-elements-readmore-btn\">Leer m\u00e1s<\/a><\/div>\n                    <\/div><div class=\"eael-entry-footer\"><div class=\"eael-entry-meta\"><\/div><\/div><\/div><\/div>\n        <\/div>\n    <\/article><article class=\"eael-grid-post  eael-post-grid-column eael-pg-post-4685 category-blog-en-climate-law-in-a-nutshell\" data-id=\"4685\">\n        <div class=\"eael-grid-post-holder\">\n            <div class=\"eael-grid-post-holder-inner\"><div class=\"eael-entry-wrapper\"><header class=\"eael-entry-header\"><h2 class=\"eael-entry-title\"><a class=\"eael-grid-post-link\" href=\"https:\/\/blogs.uned.es\/derechoclimatico\/?p=4685&#038;lang=en\" title=\"Videoclass: The  Emission Trading System in the EU\">Videoclass: The  Emission Trading System in the EU<\/a><\/h2><\/header><div class=\"eael-entry-content\">\n                        <div class=\"eael-grid-post-excerpt\"><p>Fernando Val Garijo. Fernando Val Garijo. Professor of the Department of Public International Law, UNED. The videoclass presents the main features of the greenhouse gas emission allowance in the emission...<\/p><a href=\"https:\/\/blogs.uned.es\/derechoclimatico\/?p=4685&#038;lang=en\" class=\"eael-post-elements-readmore-btn\">Leer m\u00e1s<\/a><\/div>\n                    <\/div><div class=\"eael-entry-footer\"><div class=\"eael-entry-meta\"><\/div><\/div><\/div><\/div>\n        <\/div>\n    <\/article><article class=\"eael-grid-post  eael-post-grid-column eael-pg-post-4673 category-blog-en-climate-law-in-a-nutshell\" data-id=\"4673\">\n        <div class=\"eael-grid-post-holder\">\n            <div class=\"eael-grid-post-holder-inner\"><div class=\"eael-entry-wrapper\"><header class=\"eael-entry-header\"><h2 class=\"eael-entry-title\"><a class=\"eael-grid-post-link\" href=\"https:\/\/blogs.uned.es\/derechoclimatico\/?p=4673&#038;lang=en\" title=\"The CAP and the fight against climate change\">The CAP and the fight against climate change<\/a><\/h2><\/header><div class=\"eael-entry-content\">\n                        <div class=\"eael-grid-post-excerpt\"><p>Fernando Val Garijo. Fernando Val Garijo. Professor of the Department of Public International Law, UNED. Analysing EU regulation on land use and forestry to fight climate change: Why is land...<\/p><a href=\"https:\/\/blogs.uned.es\/derechoclimatico\/?p=4673&#038;lang=en\" class=\"eael-post-elements-readmore-btn\">Leer m\u00e1s<\/a><\/div>\n                    <\/div><div class=\"eael-entry-footer\"><div class=\"eael-entry-meta\"><\/div><\/div><\/div><\/div>\n        <\/div>\n    <\/article><article class=\"eael-grid-post  eael-post-grid-column eael-pg-post-4663 category-blog-en-climate-law-in-a-nutshell\" data-id=\"4663\">\n        <div class=\"eael-grid-post-holder\">\n            <div class=\"eael-grid-post-holder-inner\"><div class=\"eael-entry-wrapper\"><header class=\"eael-entry-header\"><h2 class=\"eael-entry-title\"><a class=\"eael-grid-post-link\" href=\"https:\/\/blogs.uned.es\/derechoclimatico\/?p=4663&#038;lang=en\" title=\"Ecocentrism in the European Union\">Ecocentrism in the European Union<\/a><\/h2><\/header><div class=\"eael-entry-content\">\n                        <div class=\"eael-grid-post-excerpt\"><p>Susana Borras.Universidad Rovira i Virgili. Professor Susana Borras comments on the presentation of Prof. Valeria Berros, analyzing climate litigation in Europe and the possible turn to an ecocentric vision by...<\/p><a href=\"https:\/\/blogs.uned.es\/derechoclimatico\/?p=4663&#038;lang=en\" class=\"eael-post-elements-readmore-btn\">Leer m\u00e1s<\/a><\/div>\n                    <\/div><div class=\"eael-entry-footer\"><div class=\"eael-entry-meta\"><\/div><\/div><\/div><\/div>\n        <\/div>\n    <\/article><article class=\"eael-grid-post  eael-post-grid-column eael-pg-post-4651 category-blog-en-climate-law-in-a-nutshell\" data-id=\"4651\">\n        <div class=\"eael-grid-post-holder\">\n            <div class=\"eael-grid-post-holder-inner\"><div class=\"eael-entry-wrapper\"><header class=\"eael-entry-header\"><h2 class=\"eael-entry-title\"><a class=\"eael-grid-post-link\" href=\"https:\/\/blogs.uned.es\/derechoclimatico\/?p=4651&#038;lang=en\" title=\"Conference \u00abClimate Litigation in Latin America\u00bb\">Conference \u00abClimate Litigation in Latin America\u00bb<\/a><\/h2><\/header><div class=\"eael-entry-content\">\n                        <div class=\"eael-grid-post-excerpt\"><p>Valeria BerrosUniversidad Nacional del Litoral \/ CONICET (Argentina) Professor Valeria Berros talks about climate litigation in Latin America and the ecocentric vision existent in that region (present, in particular, in...<\/p><a href=\"https:\/\/blogs.uned.es\/derechoclimatico\/?p=4651&#038;lang=en\" class=\"eael-post-elements-readmore-btn\">Leer m\u00e1s<\/a><\/div>\n                    <\/div><div class=\"eael-entry-footer\"><div class=\"eael-entry-meta\"><\/div><\/div><\/div><\/div>\n        <\/div>\n    <\/article><article class=\"eael-grid-post  eael-post-grid-column eael-pg-post-4639 category-blog-en-climate-law-in-a-nutshell\" data-id=\"4639\">\n        <div class=\"eael-grid-post-holder\">\n            <div class=\"eael-grid-post-holder-inner\"><div class=\"eael-entry-wrapper\"><header class=\"eael-entry-header\"><h2 class=\"eael-entry-title\"><a class=\"eael-grid-post-link\" href=\"https:\/\/blogs.uned.es\/derechoclimatico\/?p=4639&#038;lang=en\" title=\"\u00abThe Story of Clea\u00bb: A metaphor of green empowerment for girls and young women.\">\u00abThe Story of Clea\u00bb: A metaphor of green empowerment for girls and young women.<\/a><\/h2><\/header><div class=\"eael-entry-content\">\n                        <div class=\"eael-grid-post-excerpt\"><p>Berta Redondo Gonz\u00e1lez presenta su cuento \"La Historia de Clea\" a trav\u00e9s de la cual se fomenta que ni\u00f1as emprendedoras inicien acciones sobre cambio clim\u00e1tico. La Historia de Clea es...<\/p><a href=\"https:\/\/blogs.uned.es\/derechoclimatico\/?p=4639&#038;lang=en\" class=\"eael-post-elements-readmore-btn\">Leer m\u00e1s<\/a><\/div>\n                    <\/div><div class=\"eael-entry-footer\"><div class=\"eael-entry-meta\"><\/div><\/div><\/div><\/div>\n        <\/div>\n    <\/article><article class=\"eael-grid-post  eael-post-grid-column eael-pg-post-4615 category-blog-en-climate-law-in-a-nutshell\" data-id=\"4615\">\n        <div class=\"eael-grid-post-holder\">\n            <div class=\"eael-grid-post-holder-inner\"><div class=\"eael-entry-wrapper\"><header class=\"eael-entry-header\"><h2 class=\"eael-entry-title\"><a class=\"eael-grid-post-link\" href=\"https:\/\/blogs.uned.es\/derechoclimatico\/?p=4615&#038;lang=en\" title=\"\u00abEnergy Transition Crossword\u00bb: The Green Deal is not leaving older adults behind\">\u00abEnergy Transition Crossword\u00bb: The Green Deal is not leaving older adults behind<\/a><\/h2><\/header><div class=\"eael-entry-content\">\n                        <div class=\"eael-grid-post-excerpt\"><p>Cristina S\u00e1ez Asensio presents her brochure and crossword puzzle \"Energy Transition\" through which she wants to bring climate related complex concepts to older adults who, in many cases do not...<\/p><a href=\"https:\/\/blogs.uned.es\/derechoclimatico\/?p=4615&#038;lang=en\" class=\"eael-post-elements-readmore-btn\">Leer m\u00e1s<\/a><\/div>\n                    <\/div><div class=\"eael-entry-footer\"><div class=\"eael-entry-meta\"><\/div><\/div><\/div><\/div>\n        <\/div>\n    <\/article><\/div>\n            <div class=\"clearfix\"><\/div>\n        <\/div>            <div class=\"eael-load-more-button-wrap eael-force-hide\">\n                <button class=\"eael-load-more-button\" id=\"eael-load-more-btn-c3ee8ea\" data-widget-id=\"c3ee8ea\" data-widget=\"c3ee8ea\" data-page-id=\"4607\" data-template=\"{&quot;dir&quot;:&quot;lite&quot;,&quot;file_name&quot;:&quot;one.php&quot;,&quot;name&quot;:&quot;Post-Grid&quot;}\" data-class=\"Essential_Addons_Elementor\\Elements\\Post_Grid\" data-layout=\"masonry\" data-page=\"1\" data-args=\"orderby=date&amp;order=desc&amp;ignore_sticky_posts=1&amp;post_status=publish&amp;posts_per_page=10&amp;offset=0&amp;post_type=post&amp;tax_query%5B0%5D%5Btaxonomy%5D=category&amp;tax_query%5B0%5D%5Bfield%5D=term_id&amp;tax_query%5B0%5D%5Bterms%5D%5B0%5D=351&amp;tax_query%5Brelation%5D=AND\" data-max-page=\"2\">\n                    <span class=\"eael-btn-loader button__loader\"><\/span>\n                    <span class=\"eael_load_more_text\">Cargar m\u00e1s<\/span>\n                <\/button>\n            <\/div>\n            \t\t\t\t<\/div>\n\t\t\t\t<\/div>\n\t\t\t\t\t<\/div>\n\t\t<\/div>\n\t\t\t\t<div class=\"elementor-column elementor-col-33 elementor-top-column elementor-element elementor-element-9914528\" data-id=\"9914528\" data-element_type=\"column\" data-e-type=\"column\">\n\t\t\t<div class=\"elementor-widget-wrap\">\n\t\t\t\t\t\t\t<\/div>\n\t\t<\/div>\n\t\t\t\t\t<\/div>\n\t\t<\/section>\n\t\t\t\t<\/div>\n\t\t","protected":false},"excerpt":{"rendered":"<p>&#8220;Energy Transition Crossword&#8221;: The Green Deal is not leaving older adults behind Cristina S\u00e1ez Asensio presents her brochure and crossword puzzle \u00abEnergy Transition\u00bb through which she wants to bring climate [&hellip;]<\/p>\n","protected":false},"author":7403,"featured_media":0,"parent":0,"menu_order":0,"comment_status":"closed","ping_status":"closed","template":"","meta":{"footnotes":""},"class_list":["post-4607","page","type-page","status-publish","hentry","post"],"_links":{"self":[{"href":"https:\/\/blogs.uned.es\/derechoclimatico\/index.php?rest_route=\/wp\/v2\/pages\/4607","targetHints":{"allow":["GET"]}}],"collection":[{"href":"https:\/\/blogs.uned.es\/derechoclimatico\/index.php?rest_route=\/wp\/v2\/pages"}],"about":[{"href":"https:\/\/blogs.uned.es\/derechoclimatico\/index.php?rest_route=\/wp\/v2\/types\/page"}],"author":[{"embeddable":true,"href":"https:\/\/blogs.uned.es\/derechoclimatico\/index.php?rest_route=\/wp\/v2\/users\/7403"}],"replies":[{"embeddable":true,"href":"https:\/\/blogs.uned.es\/derechoclimatico\/index.php?rest_route=%2Fwp%2Fv2%2Fcomments&post=4607"}],"version-history":[{"count":5,"href":"https:\/\/blogs.uned.es\/derechoclimatico\/index.php?rest_route=\/wp\/v2\/pages\/4607\/revisions"}],"predecessor-version":[{"id":4637,"href":"https:\/\/blogs.uned.es\/derechoclimatico\/index.php?rest_route=\/wp\/v2\/pages\/4607\/revisions\/4637"}],"wp:attachment":[{"href":"https:\/\/blogs.uned.es\/derechoclimatico\/index.php?rest_route=%2Fwp%2Fv2%2Fmedia&parent=4607"}],"curies":[{"name":"wp","href":"https:\/\/api.w.org\/{rel}","templated":true}]}}