{"id":4387,"date":"2021-11-19T00:55:36","date_gmt":"2021-11-18T23:55:36","guid":{"rendered":"https:\/\/blogs.uned.es\/derechoclimatico\/?page_id=4387"},"modified":"2025-03-11T12:55:28","modified_gmt":"2025-03-11T11:55:28","slug":"interviews-with-the-leading-actors-rne","status":"publish","type":"page","link":"https:\/\/blogs.uned.es\/derechoclimatico\/?page_id=4387&lang=en","title":{"rendered":"INTERVIEWING CLIMATE LEADERS"},"content":{"rendered":"\t\t<div data-elementor-type=\"wp-page\" data-elementor-id=\"4387\" class=\"elementor elementor-4387\" data-elementor-post-type=\"page\">\n\t\t\t\t\t\t<section class=\"elementor-section elementor-top-section elementor-element elementor-element-3979b48 elementor-section-boxed elementor-section-height-default elementor-section-height-default\" data-id=\"3979b48\" data-element_type=\"section\" data-e-type=\"section\">\n\t\t\t\t\t\t<div class=\"elementor-container elementor-column-gap-default\">\n\t\t\t\t\t<div class=\"elementor-column elementor-col-100 elementor-top-column elementor-element elementor-element-2d8cd3c\" data-id=\"2d8cd3c\" data-element_type=\"column\" data-e-type=\"column\">\n\t\t\t<div class=\"elementor-widget-wrap elementor-element-populated\">\n\t\t\t\t\t\t<div class=\"elementor-element elementor-element-ecd9288 elementor-grid-eael-col-3 elementor-grid-tablet-eael-col-2 elementor-grid-mobile-eael-col-1 elementor-widget elementor-widget-eael-post-grid\" data-id=\"ecd9288\" data-element_type=\"widget\" data-e-type=\"widget\" data-settings=\"{&quot;eael_post_grid_columns&quot;:&quot;eael-col-3&quot;,&quot;eael_post_grid_columns_tablet&quot;:&quot;eael-col-2&quot;,&quot;eael_post_grid_columns_mobile&quot;:&quot;eael-col-1&quot;}\" data-widget_type=\"eael-post-grid.default\">\n\t\t\t\t<div class=\"elementor-widget-container\">\n\t\t\t\t\t<div id=\"eael-post-grid-ecd9288\" class=\"eael-post-grid-container\">\n            <div class=\"eael-post-grid eael-post-appender eael-post-appender-ecd9288 eael-post-grid-style-one\" data-layout-mode=\"masonry\"><article class=\"eael-grid-post  eael-post-grid-column eael-pg-post-9579 category-interviews\" data-id=\"9579\">\n        <div class=\"eael-grid-post-holder\">\n            <div class=\"eael-grid-post-holder-inner\"><div class=\"eael-entry-wrapper\"><header class=\"eael-entry-header\"><h2 class=\"eael-entry-title\"><a class=\"eael-grid-post-link\" href=\"https:\/\/blogs.uned.es\/derechoclimatico\/?p=9579&#038;lang=en\" title=\"Interview with Ver\u00f3nica Laorden, National Head of the Research and Studies Service at CEAR\">Interview with Ver\u00f3nica Laorden, National Head of the Research and Studies Service at CEAR<\/a><\/h2><\/header><div class=\"eael-entry-content\">\n                        <div class=\"eael-grid-post-excerpt\"><p>Climate Displacement: A Reality With increasing frequency and intensity, climate change and environmental degradation are forcing people to leave their homes in search of sustainable environments where they can lead...<\/p><a href=\"https:\/\/blogs.uned.es\/derechoclimatico\/?p=9579&#038;lang=en\" class=\"eael-post-elements-readmore-btn\">Leer m\u00e1s<\/a><\/div>\n                    <\/div><\/div><\/div>\n        <\/div>\n    <\/article><article class=\"eael-grid-post  eael-post-grid-column eael-pg-post-7523 category-interviews\" data-id=\"7523\">\n        <div class=\"eael-grid-post-holder\">\n            <div class=\"eael-grid-post-holder-inner\"><div class=\"eael-entry-wrapper\"><header class=\"eael-entry-header\"><h2 class=\"eael-entry-title\"><a class=\"eael-grid-post-link\" href=\"https:\/\/blogs.uned.es\/derechoclimatico\/?p=7523&#038;lang=en\" title=\"Interviewing Isabell B\u00fcschel, from the European Federation for Transport &amp; Environment\">Interviewing Isabell B\u00fcschel, from the European Federation for Transport &amp; Environment<\/a><\/h2><\/header><div class=\"eael-entry-content\">\n                        <div class=\"eael-grid-post-excerpt\"><p>A transition towards a decarbonized European transport: what is the service sector opinion. The transport sector is responsible for 27% of the total greenhouse gas emissions. In order to achieve...<\/p><a href=\"https:\/\/blogs.uned.es\/derechoclimatico\/?p=7523&#038;lang=en\" class=\"eael-post-elements-readmore-btn\">Leer m\u00e1s<\/a><\/div>\n                    <\/div><\/div><\/div>\n        <\/div>\n    <\/article><article class=\"eael-grid-post  eael-post-grid-column eael-pg-post-4377 category-interviews\" data-id=\"4377\">\n        <div class=\"eael-grid-post-holder\">\n            <div class=\"eael-grid-post-holder-inner\"><div class=\"eael-entry-wrapper\"><header class=\"eael-entry-header\"><h2 class=\"eael-entry-title\"><a class=\"eael-grid-post-link\" href=\"https:\/\/blogs.uned.es\/derechoclimatico\/?p=4377&#038;lang=en\" title=\"Interviewing Valvanera Mar\u00eda Ulargui Aparicio\">Interviewing Valvanera Mar\u00eda Ulargui Aparicio<\/a><\/h2><\/header><div class=\"eael-entry-content\">\n                        <div class=\"eael-grid-post-excerpt\"><p>Interview with Valvanera Mar\u00eda Ulargui Aparicio, General Director of the Spanish Office of Climate Change (Ministry for the Ecological Transition and the Demographic Challenge), by Justo Corti Varela.\u00a0 The United...<\/p><a href=\"https:\/\/blogs.uned.es\/derechoclimatico\/?p=4377&#038;lang=en\" class=\"eael-post-elements-readmore-btn\">Leer m\u00e1s<\/a><\/div>\n                    <\/div><\/div><\/div>\n        <\/div>\n    <\/article><article class=\"eael-grid-post  eael-post-grid-column eael-pg-post-7863 category-interviews\" data-id=\"7863\">\n        <div class=\"eael-grid-post-holder\">\n            <div class=\"eael-grid-post-holder-inner\"><div class=\"eael-entry-wrapper\"><header class=\"eael-entry-header\"><h2 class=\"eael-entry-title\"><a class=\"eael-grid-post-link\" href=\"https:\/\/blogs.uned.es\/derechoclimatico\/?p=7863&#038;lang=en\" title=\"Interviewing Cristina Garc\u00eda D\u00edaz (Carbon Markets Deputy Unit &#8211; Ministry for the Ecological Transition and the Demographic Challenge)\">Interviewing Cristina Garc\u00eda D\u00edaz (Carbon Markets Deputy Unit &#8211; Ministry for the Ecological Transition and the Demographic Challenge)<\/a><\/h2><\/header><div class=\"eael-entry-content\">\n                        <div class=\"eael-grid-post-excerpt\"><p>Fighting climate change demands a change in our way of life and, especially, in our production and consumption model. Our market economy needs that these changes are done without affecting...<\/p><a href=\"https:\/\/blogs.uned.es\/derechoclimatico\/?p=7863&#038;lang=en\" class=\"eael-post-elements-readmore-btn\">Leer m\u00e1s<\/a><\/div>\n                    <\/div><\/div><\/div>\n        <\/div>\n    <\/article><article class=\"eael-grid-post  eael-post-grid-column eael-pg-post-4897 category-interviews\" data-id=\"4897\">\n        <div class=\"eael-grid-post-holder\">\n            <div class=\"eael-grid-post-holder-inner\"><div class=\"eael-entry-wrapper\"><header class=\"eael-entry-header\"><h2 class=\"eael-entry-title\"><a class=\"eael-grid-post-link\" href=\"https:\/\/blogs.uned.es\/derechoclimatico\/?p=4897&#038;lang=en\" title=\"Interviewing Ana Dig\u00f3n and Francisco Javier Garc\u00eda, from Agricultura Regenerativa Ib\u00e9rica\">Interviewing Ana Dig\u00f3n and Francisco Javier Garc\u00eda, from Agricultura Regenerativa Ib\u00e9rica<\/a><\/h2><\/header><div class=\"eael-entry-content\">\n                        <div class=\"eael-grid-post-excerpt\"><p>Agriculture is responsible for 10% of greenhouse gas emissions in the European Union and 70% are due to livestock. Unlike other more emissive sectors, such as industry or transport, agricultural...<\/p><a href=\"https:\/\/blogs.uned.es\/derechoclimatico\/?p=4897&#038;lang=en\" class=\"eael-post-elements-readmore-btn\">Leer m\u00e1s<\/a><\/div>\n                    <\/div><\/div><\/div>\n        <\/div>\n    <\/article><article class=\"eael-grid-post  eael-post-grid-column eael-pg-post-4361 category-interviews\" data-id=\"4361\">\n        <div class=\"eael-grid-post-holder\">\n            <div class=\"eael-grid-post-holder-inner\"><div class=\"eael-entry-wrapper\"><header class=\"eael-entry-header\"><h2 class=\"eael-entry-title\"><a class=\"eael-grid-post-link\" href=\"https:\/\/blogs.uned.es\/derechoclimatico\/?p=4361&#038;lang=en\" title=\"Presenting the \u00abJean Monnet Module on European Climate Law, UNED\u00bb\">Presenting the \u00abJean Monnet Module on European Climate Law, UNED\u00bb<\/a><\/h2><\/header><div class=\"eael-entry-content\">\n                        <div class=\"eael-grid-post-excerpt\"><p>The Joan Monnet Modules and Chairs are part of the European Union Erasmus+ Programme that encompass actions whose objective is to promote teaching and research in the field of EU...<\/p><a href=\"https:\/\/blogs.uned.es\/derechoclimatico\/?p=4361&#038;lang=en\" class=\"eael-post-elements-readmore-btn\">Leer m\u00e1s<\/a><\/div>\n                    <\/div><\/div><\/div>\n        <\/div>\n    <\/article><article class=\"eael-grid-post  eael-post-grid-column eael-pg-post-4347 category-interviews\" data-id=\"4347\">\n        <div class=\"eael-grid-post-holder\">\n            <div class=\"eael-grid-post-holder-inner\"><div class=\"eael-entry-wrapper\"><header class=\"eael-entry-header\"><h2 class=\"eael-entry-title\"><a class=\"eael-grid-post-link\" href=\"https:\/\/blogs.uned.es\/derechoclimatico\/?p=4347&#038;lang=en\" title=\"Interviewing Mariano Bacigalupo Sagesse\">Interviewing Mariano Bacigalupo Sagesse<\/a><\/h2><\/header><div class=\"eael-entry-content\">\n                        <div class=\"eael-grid-post-excerpt\"><p>Interview with Mariano Bacigalupo Sagesse professor of Administrative Law (UNED), counselor of the National Commission of Markets and Competition (CNMC), member of the Board of Appeal of the Agency for...<\/p><a href=\"https:\/\/blogs.uned.es\/derechoclimatico\/?p=4347&#038;lang=en\" class=\"eael-post-elements-readmore-btn\">Leer m\u00e1s<\/a><\/div>\n                    <\/div><\/div><\/div>\n        <\/div>\n    <\/article><article class=\"eael-grid-post  eael-post-grid-column eael-pg-post-4295 category-interviews\" data-id=\"4295\">\n        <div class=\"eael-grid-post-holder\">\n            <div class=\"eael-grid-post-holder-inner\"><div class=\"eael-entry-wrapper\"><header class=\"eael-entry-header\"><h2 class=\"eael-entry-title\"><a class=\"eael-grid-post-link\" href=\"https:\/\/blogs.uned.es\/derechoclimatico\/?p=4295&#038;lang=en\" title=\"Interviewing Manuel Kindel\u00e1n Bara\u00f1ano\">Interviewing Manuel Kindel\u00e1n Bara\u00f1ano<\/a><\/h2><\/header><div class=\"eael-entry-content\">\n                        <div class=\"eael-grid-post-excerpt\"><p>Interview with Manuel Kindel\u00e1n Bara\u00f1ano, General Director of SIGRAUTO (Spanish Association for the environmental treatment of out of use vehicles), by Alvaro Jarillo Aldeanueva. The circular economy and waste management...<\/p><a href=\"https:\/\/blogs.uned.es\/derechoclimatico\/?p=4295&#038;lang=en\" class=\"eael-post-elements-readmore-btn\">Leer m\u00e1s<\/a><\/div>\n                    <\/div><\/div><\/div>\n        <\/div>\n    <\/article><\/div>\n            <div class=\"clearfix\"><\/div>\n        <\/div>\t\t\t\t<\/div>\n\t\t\t\t<\/div>\n\t\t\t\t\t<\/div>\n\t\t<\/div>\n\t\t\t\t\t<\/div>\n\t\t<\/section>\n\t\t\t\t<\/div>\n\t\t","protected":false},"excerpt":{"rendered":"<p>Interviewing Isabell B\u00fcschel, from the European Federation for Transport &amp; Environment A transition towards a decarbonized European transport: what is the service sector opinion. The transport sector is responsible for [&hellip;]<\/p>\n","protected":false},"author":7403,"featured_media":0,"parent":0,"menu_order":0,"comment_status":"closed","ping_status":"closed","template":"","meta":{"footnotes":""},"class_list":["post-4387","page","type-page","status-publish","hentry","post"],"_links":{"self":[{"href":"https:\/\/blogs.uned.es\/derechoclimatico\/index.php?rest_route=\/wp\/v2\/pages\/4387","targetHints":{"allow":["GET"]}}],"collection":[{"href":"https:\/\/blogs.uned.es\/derechoclimatico\/index.php?rest_route=\/wp\/v2\/pages"}],"about":[{"href":"https:\/\/blogs.uned.es\/derechoclimatico\/index.php?rest_route=\/wp\/v2\/types\/page"}],"author":[{"embeddable":true,"href":"https:\/\/blogs.uned.es\/derechoclimatico\/index.php?rest_route=\/wp\/v2\/users\/7403"}],"replies":[{"embeddable":true,"href":"https:\/\/blogs.uned.es\/derechoclimatico\/index.php?rest_route=%2Fwp%2Fv2%2Fcomments&post=4387"}],"version-history":[{"count":11,"href":"https:\/\/blogs.uned.es\/derechoclimatico\/index.php?rest_route=\/wp\/v2\/pages\/4387\/revisions"}],"predecessor-version":[{"id":9217,"href":"https:\/\/blogs.uned.es\/derechoclimatico\/index.php?rest_route=\/wp\/v2\/pages\/4387\/revisions\/9217"}],"wp:attachment":[{"href":"https:\/\/blogs.uned.es\/derechoclimatico\/index.php?rest_route=%2Fwp%2Fv2%2Fmedia&parent=4387"}],"curies":[{"name":"wp","href":"https:\/\/api.w.org\/{rel}","templated":true}]}}