{"id":1219,"date":"2023-04-24T10:40:39","date_gmt":"2023-04-24T10:40:39","guid":{"rendered":"https:\/\/blogs.uned.es\/patrimonio\/?page_id=1219"},"modified":"2023-04-27T08:50:04","modified_gmt":"2023-04-27T08:50:04","slug":"lopd","status":"publish","type":"page","link":"https:\/\/blogs.uned.es\/cursos-uned-tudela\/lopd\/","title":{"rendered":"LOPD"},"content":{"rendered":"\n<div style=\"height:80px\" aria-hidden=\"true\" class=\"wp-block-spacer\"><\/div>\n\n\n\n<h2 class=\"wp-block-heading\">LOPD<\/h2>\n\n\n\n<p>De conformidad con lo establecido en el Reglamento UE 679\/2016 General de Protecci\u00f3n de Datos y legislaci\u00f3n vigente, le informamos que los datos aportados en este documento ser\u00e1n tratados, en calidad de Responsable del tratamiento, por la UNIVERSIDAD NACIONAL DE EDUCACI\u00d3N A DISTANCIA (UNED). La finalidad del tratamiento es la organizaci\u00f3n de la docencia y el estudio, as\u00ed como el ejercicio de las dem\u00e1s funciones propias del Servicio P\u00fablico de la Educaci\u00f3n Superior, reguladas en la Ley Org\u00e1nica 6\/2001, de 21 de diciembre, de Universidades y en los Estatutos de la UNED. La base jur\u00eddica por la cual se tratan sus datos es la ejecuci\u00f3n del servicio p\u00fablico de educaci\u00f3n que presta la UNED y en su caso el consentimiento. Los datos podr\u00e1n ser cedidos o comunicados, cuando legalmente proceda, a los Centros Asociados a la UNED y a las Administraciones P\u00fablicas competentes en materia educativa y en el caso de domiciliar el pago de los precios p\u00fablicos, se comunicar\u00e1n a las entidades bancarias, los datos estrictamente necesarios para la gesti\u00f3n del pago, as\u00ed como a requerimiento de la Agencia Tributaria, Juzgados o Tribunales<\/p>\n\n\n\n<p>Podr\u00e1 ejercitar los derechos de Acceso, Rectificaci\u00f3n, Supresi\u00f3n, Limitaci\u00f3n del tratamiento, Portabilidad de los datos u Oposici\u00f3n al tratamiento ante la UNED, C\/ Bravo Murillo 38, Secci\u00f3n de Protecci\u00f3n de Datos, 28015 de Madrid, o en cualquiera de las oficinas que podr\u00e1 encontrar aqu\u00ed, junto con informaci\u00f3n adicional y formularios: Departamento de Pol\u00edtica Jur\u00eddica de Seguridad de la Informaci\u00f3n, (www.uned.es\/dpj) o a trav\u00e9s de la Sede electr\u00f3nica(https:\/\/sede.uned.es) de la UNED. Para m\u00e1s informaci\u00f3n visite nuestra Pol\u00edtica de Privacidad.<br>Para m\u00e1s informaci\u00f3n visite nuestra Pol\u00edtica de Privacidad.<\/p>\n","protected":false},"excerpt":{"rendered":"<p>LOPD De conformidad con lo establecido en el Reglamento UE 679\/2016 General de Protecci\u00f3n de Datos y legislaci\u00f3n vigente, le informamos que los datos aportados en este documento ser\u00e1n tratados, en calidad de Responsable del tratamiento, por la UNIVERSIDAD NACIONAL DE EDUCACI\u00d3N A DISTANCIA (UNED). La finalidad del tratamiento es la organizaci\u00f3n de la docencia [&hellip;]<\/p>\n","protected":false},"author":1,"featured_media":0,"parent":0,"menu_order":0,"comment_status":"closed","ping_status":"closed","template":"","meta":{"_eb_attr":"","om_disable_all_campaigns":false,"_monsterinsights_skip_tracking":false,"_monsterinsights_sitenote_active":false,"_monsterinsights_sitenote_note":"","_monsterinsights_sitenote_category":0,"_uf_show_specific_survey":0,"_uf_disable_surveys":false,"site-sidebar-layout":"default","site-content-layout":"","ast-site-content-layout":"default","site-content-style":"default","site-sidebar-style":"default","ast-global-header-display":"","ast-banner-title-visibility":"","ast-main-header-display":"","ast-hfb-above-header-display":"","ast-hfb-below-header-display":"","ast-hfb-mobile-header-display":"","site-post-title":"","ast-breadcrumbs-content":"","ast-featured-img":"","footer-sml-layout":"","ast-disable-related-posts":"","theme-transparent-header-meta":"","adv-header-id-meta":"","stick-header-meta":"","header-above-stick-meta":"","header-main-stick-meta":"","header-below-stick-meta":"","astra-migrate-meta-layouts":"default","ast-page-background-enabled":"default","ast-page-background-meta":{"desktop":{"background-color":"var(--ast-global-color-4)","background-image":"","background-repeat":"repeat","background-position":"center center","background-size":"auto","background-attachment":"scroll","background-type":"","background-media":"","overlay-type":"","overlay-color":"","overlay-opacity":"","overlay-gradient":""},"tablet":{"background-color":"","background-image":"","background-repeat":"repeat","background-position":"center center","background-size":"auto","background-attachment":"scroll","background-type":"","background-media":"","overlay-type":"","overlay-color":"","overlay-opacity":"","overlay-gradient":""},"mobile":{"background-color":"","background-image":"","background-repeat":"repeat","background-position":"center center","background-size":"auto","background-attachment":"scroll","background-type":"","background-media":"","overlay-type":"","overlay-color":"","overlay-opacity":"","overlay-gradient":""}},"ast-content-background-meta":{"desktop":{"background-color":"var(--ast-global-color-5)","background-image":"","background-repeat":"repeat","background-position":"center center","background-size":"auto","background-attachment":"scroll","background-type":"","background-media":"","overlay-type":"","overlay-color":"","overlay-opacity":"","overlay-gradient":""},"tablet":{"background-color":"var(--ast-global-color-5)","background-image":"","background-repeat":"repeat","background-position":"center center","background-size":"auto","background-attachment":"scroll","background-type":"","background-media":"","overlay-type":"","overlay-color":"","overlay-opacity":"","overlay-gradient":""},"mobile":{"background-color":"var(--ast-global-color-5)","background-image":"","background-repeat":"repeat","background-position":"center center","background-size":"auto","background-attachment":"scroll","background-type":"","background-media":"","overlay-type":"","overlay-color":"","overlay-opacity":"","overlay-gradient":""}},"footnotes":""},"class_list":["post-1219","page","type-page","status-publish","hentry"],"aioseo_notices":[],"_links":{"self":[{"href":"https:\/\/blogs.uned.es\/cursos-uned-tudela\/wp-json\/wp\/v2\/pages\/1219","targetHints":{"allow":["GET"]}}],"collection":[{"href":"https:\/\/blogs.uned.es\/cursos-uned-tudela\/wp-json\/wp\/v2\/pages"}],"about":[{"href":"https:\/\/blogs.uned.es\/cursos-uned-tudela\/wp-json\/wp\/v2\/types\/page"}],"author":[{"embeddable":true,"href":"https:\/\/blogs.uned.es\/cursos-uned-tudela\/wp-json\/wp\/v2\/users\/1"}],"replies":[{"embeddable":true,"href":"https:\/\/blogs.uned.es\/cursos-uned-tudela\/wp-json\/wp\/v2\/comments?post=1219"}],"version-history":[{"count":4,"href":"https:\/\/blogs.uned.es\/cursos-uned-tudela\/wp-json\/wp\/v2\/pages\/1219\/revisions"}],"predecessor-version":[{"id":1675,"href":"https:\/\/blogs.uned.es\/cursos-uned-tudela\/wp-json\/wp\/v2\/pages\/1219\/revisions\/1675"}],"wp:attachment":[{"href":"https:\/\/blogs.uned.es\/cursos-uned-tudela\/wp-json\/wp\/v2\/media?parent=1219"}],"curies":[{"name":"wp","href":"https:\/\/api.w.org\/{rel}","templated":true}]}}