{"id":13801,"date":"2021-05-03T09:18:49","date_gmt":"2021-05-03T07:18:49","guid":{"rendered":"https:\/\/blogs.uned.es\/cued\/?page_id=13801"},"modified":"2021-05-05T21:50:07","modified_gmt":"2021-05-05T19:50:07","slug":"otros_blogs","status":"publish","type":"page","link":"https:\/\/blogs.uned.es\/cued\/otros_blogs\/","title":{"rendered":"Otros blogs de miembros CUED"},"content":{"rendered":"\t\t<div data-elementor-type=\"wp-page\" data-elementor-id=\"13801\" class=\"elementor elementor-13801\" data-elementor-post-type=\"page\">\n\t\t\t\t\t\t<section class=\"elementor-section elementor-top-section elementor-element elementor-element-cd574ad elementor-section-stretched bannerTitulo elementor-section-boxed elementor-section-height-default elementor-section-height-default\" data-id=\"cd574ad\" data-element_type=\"section\" data-e-type=\"section\" data-settings=\"{&quot;stretch_section&quot;:&quot;section-stretched&quot;,&quot;background_background&quot;:&quot;classic&quot;}\">\n\t\t\t\t\t\t<div class=\"elementor-container elementor-column-gap-default\">\n\t\t\t\t\t<div class=\"elementor-column elementor-col-100 elementor-top-column elementor-element elementor-element-cebd57a\" data-id=\"cebd57a\" data-element_type=\"column\" data-e-type=\"column\">\n\t\t\t<div class=\"elementor-widget-wrap elementor-element-populated\">\n\t\t\t\t\t\t<div class=\"elementor-element elementor-element-996b691 elementor-widget elementor-widget-heading\" data-id=\"996b691\" data-element_type=\"widget\" data-e-type=\"widget\" data-widget_type=\"heading.default\">\n\t\t\t\t<div class=\"elementor-widget-container\">\n\t\t\t\t\t<h2 class=\"elementor-heading-title elementor-size-default\">Otros blogs de miembros CUED<\/h2>\t\t\t\t<\/div>\n\t\t\t\t<\/div>\n\t\t\t\t\t<\/div>\n\t\t<\/div>\n\t\t\t\t\t<\/div>\n\t\t<\/section>\n\t\t\t\t<section class=\"elementor-section elementor-top-section elementor-element elementor-element-e11fa62 elementor-section-stretched noticiasPortada elementor-section-boxed elementor-section-height-default elementor-section-height-default\" data-id=\"e11fa62\" data-element_type=\"section\" data-e-type=\"section\" data-settings=\"{&quot;stretch_section&quot;:&quot;section-stretched&quot;}\">\n\t\t\t\t\t\t<div class=\"elementor-container elementor-column-gap-default\">\n\t\t\t\t\t<div class=\"elementor-column elementor-col-100 elementor-top-column elementor-element elementor-element-7351efc\" data-id=\"7351efc\" data-element_type=\"column\" data-e-type=\"column\">\n\t\t\t<div class=\"elementor-widget-wrap elementor-element-populated\">\n\t\t\t\t\t\t<div class=\"elementor-element elementor-element-fa12e15 elementor-widget elementor-widget-text-editor\" data-id=\"fa12e15\" data-element_type=\"widget\" data-e-type=\"widget\" data-widget_type=\"text-editor.default\">\n\t\t\t\t<div class=\"elementor-widget-container\">\n\t\t\t\t\t\t\t\t\t<h2>Blogs de los Grupos de Innovaci\u00f3n Docente (GID) y de Investigaci\u00f3n. Miembros UNED<\/h2><p class=\"MsoNormal\" style=\"margin-left: 3.5pt\"><span style=\"font-size: 11.0pt;color: black\"><strong><span style=\"color: #008080\">CiberGID<\/span><\/strong><strong><span style=\"color: #008080\">\u00a0<\/span><\/strong>\u00a0\u00a0\u00a0\u00a0\u00a0\u00a0\u00a0\u00a0 <a href=\"https:\/\/blogs.uned.es\/cibergid\/\">Grupo de Innovaci\u00f3n Docente para la Ciberseguridad<\/a>\u00a0\u00a0\u00a0\u00a0\u00a0\u00a0\u00a0\u00a0\u00a0\u00a0\u00a0\u00a0\u00a0\u00a0\u00a0\u00a0\u00a0\u00a0\u00a0\u00a0\u00a0\u00a0 <\/span><u><\/u><\/p><p class=\"MsoNormal\" style=\"margin-left: 3.5pt\"><span style=\"font-size: 11.0pt;color: black\"><span style=\"color: #008080\"><strong>CO-Lab<\/strong><\/span>\u00a0\u00a0\u00a0\u00a0\u00a0\u00a0\u00a0\u00a0\u00a0\u00a0\u00a0 <a href=\"https:\/\/medium.com\/colabuned\">Laboratorio abierto y colaborativo para la innovaci\u00f3n docente<\/a>\u00a0\u00a0\u00a0\u00a0\u00a0\u00a0\u00a0\u00a0\u00a0\u00a0\u00a0\u00a0\u00a0\u00a0\u00a0\u00a0\u00a0\u00a0\u00a0\u00a0\u00a0\u00a0 <\/span><u><\/u><\/p><p class=\"MsoNormal\" style=\"margin-left: 3.5pt\"><span style=\"font-size: 11.0pt;color: black\"><span style=\"color: #008080\"><strong>COETIC<\/strong><\/span>\u00a0\u00a0\u00a0\u00a0\u00a0\u00a0\u00a0\u00a0\u00a0\u00a0\u00a0 <a href=\"https:\/\/blogs.uned.es\/coetic\/\">Grupo de Innovaci\u00f3n Docente para el Desarrollo de la Competencia \u00c9tica y C\u00edvica y las metodolog\u00edas basadas en la\u00a0\u00a0 Comunidad (APS-CBR) en la Educaci\u00f3n Superior<\/a>\u00a0\u00a0\u00a0\u00a0\u00a0\u00a0\u00a0\u00a0\u00a0\u00a0\u00a0\u00a0\u00a0\u00a0\u00a0\u00a0\u00a0\u00a0\u00a0\u00a0\u00a0\u00a0 <\/span><u><\/u><\/p><p class=\"MsoNormal\" style=\"margin-left: 3.5pt\"><span style=\"font-size: 11.0pt;color: black\"><span style=\"color: #008080\"><strong>CoReN<\/strong><\/span><span style=\"color: #008080\"><strong>\u00a0\u00a0<\/strong><\/span>\u00a0\u00a0\u00a0\u00a0\u00a0\u00a0\u00a0\u00a0\u00a0\u00a0 <a href=\"http:\/\/blogs.uned.es\/coren\">Comunicaci\u00f3n, Redes Sociales y nuevas narrativas<\/a>\u00a0\u00a0\u00a0\u00a0\u00a0\u00a0\u00a0\u00a0\u00a0\u00a0\u00a0\u00a0\u00a0\u00a0\u00a0\u00a0\u00a0\u00a0\u00a0\u00a0\u00a0\u00a0 <\/span><u><\/u><\/p><p class=\"MsoNormal\" style=\"margin-left: 3.5pt\"><span style=\"font-size: 11.0pt;color: black\"><span style=\"color: #008080\"><strong>EconPub<\/strong><\/span><span style=\"color: #008080\"><strong>\u00a0<\/strong><\/span>\u00a0\u00a0\u00a0\u00a0\u00a0\u00a0\u00a0\u00a0 <a href=\"http:\/\/www.ptamayo.com\/dataviz\/\">Innovaci\u00f3n e Econom\u00eda P\u00fablica<\/a>\u00a0\u00a0\u00a0\u00a0\u00a0\u00a0\u00a0\u00a0\u00a0\u00a0\u00a0\u00a0\u00a0\u00a0\u00a0\u00a0\u00a0\u00a0\u00a0\u00a0\u00a0\u00a0 <\/span><u><\/u><\/p><p class=\"MsoNormal\" style=\"margin-left: 3.5pt\"><span style=\"font-size: 11.0pt;color: black\"><span style=\"color: #008080\"><strong>G-TAEI<\/strong><\/span><span style=\"color: #008080\"><strong>\u00a0<\/strong><\/span>\u00a0\u00a0\u00a0\u00a0\u00a0\u00a0\u00a0\u00a0\u00a0\u00a0\u00a0 <a href=\"http:\/\/www.ieectqai.uned.es\/Gtaei.html\">Innovaci\u00f3n Docente en Tecnolog\u00edas Avanzadas en Educaci\u00f3n y su Estandarizaci\u00f3n en la Ingenier\u00eda El\u00e9ctrica, Electr\u00f3nica, Control, Computadores, Energ\u00edas Renovables, Sostenibilidad, Movilidad, Telem\u00e1tica y Ciberseguridad, Bioingenier\u00eda, Inteligencia de Datos<\/a>\u00a0\u00a0\u00a0\u00a0\u00a0\u00a0\u00a0\u00a0\u00a0\u00a0\u00a0\u00a0\u00a0\u00a0\u00a0\u00a0\u00a0\u00a0\u00a0\u00a0\u00a0\u00a0 <\/span><u><\/u><\/p><p class=\"MsoNormal\" style=\"margin-left: 3.5pt\"><span lang=\"EN-US\" style=\"font-size: 11.0pt;color: black\"><span style=\"color: #008080\"><strong>GLOBE<\/strong><\/span><span style=\"color: #008080\"><strong>\u00a0<\/strong><\/span>\u00a0\u00a0\u00a0\u00a0\u00a0\u00a0\u00a0\u00a0\u00a0\u00a0\u00a0 <a href=\"https:\/\/aleesp.hypotheses.org\/\">Innovative Didactic Group for Languages in Open and Blended Environments<\/a>\u00a0\u00a0\u00a0\u00a0\u00a0\u00a0\u00a0\u00a0\u00a0\u00a0\u00a0\u00a0\u00a0\u00a0\u00a0\u00a0\u00a0\u00a0\u00a0\u00a0\u00a0\u00a0 <\/span><u><\/u><\/p><p class=\"MsoNormal\" style=\"margin-left: 3.5pt\"><span style=\"font-size: 11.0pt;color: black\"><span style=\"color: #008080\"><strong>MapsOnline<\/strong><\/span><span style=\"color: #008080\"><strong>\u00a0\u00a0<\/strong><\/span>\u00a0\u00a0 <a href=\"https:\/\/realsociedadgeografica.com\/%20%20https:\/www.age-geografia.es\/site\/\">Aprender empleando los mapas en l\u00ednea<\/a>\u00a0\u00a0\u00a0\u00a0\u00a0\u00a0\u00a0\u00a0\u00a0\u00a0\u00a0\u00a0\u00a0\u00a0\u00a0\u00a0\u00a0\u00a0\u00a0\u00a0\u00a0\u00a0 <\/span><u><\/u><\/p><p class=\"MsoNormal\" style=\"margin-left: 3.5pt\"><span style=\"font-size: 11.0pt;color: black\"><span style=\"color: #008080\"><strong>miniXmodular<\/strong><\/span>\u00a0 <a href=\"http:\/\/www.minixmodular.ia.uned.es\/\">miniXmodular: una propuesta de realizaci\u00f3n de material docente digital modular en formato mini.<\/a>\u00a0\u00a0\u00a0\u00a0\u00a0\u00a0\u00a0\u00a0\u00a0\u00a0\u00a0\u00a0\u00a0\u00a0\u00a0\u00a0\u00a0\u00a0\u00a0\u00a0\u00a0\u00a0 <\/span><u><\/u><\/p><p class=\"MsoNormal\" style=\"margin-left: 3.5pt\"><span lang=\"EN-US\" style=\"font-size: 11.0pt;color: black\"><span style=\"color: #008080\"><strong>SALT-CG<\/strong><\/span><span style=\"color: #008080\"><strong>\u00a0<\/strong><\/span>\u00a0\u00a0\u00a0\u00a0\u00a0\u00a0\u00a0\u00a0\u00a0 <a href=\"https:\/\/blogs.uned.es\/saltcg\/es\/inicio\/\">Smart and Adaptive Learning and Teaching Group<\/a><\/span><\/p><p class=\"MsoNormal\" style=\"margin-left: 3.5pt\"><span style=\"color: #008080\"><strong><span style=\"font-size: 11pt\">Grupo INTER<\/span><\/strong><\/span><span style=\"font-size: 11.0pt;color: black\"><a href=\"http:\/\/grupointer.hypotheses.org\/\">\u00a0 Investigaci\u00f3n en educaci\u00f3n intercultural<\/a><\/span><b><\/b><\/p><h2>Blogs personales de asesores internacionales y colaboradores CUED<\/h2><p class=\"MsoNormal\" style=\"margin-left: 3.5pt\"><span lang=\"EN-US\" style=\"font-size: 11pt;color: #008080\">Ingl\u00e9s<\/span><\/p><ul><li class=\"MsoNormal\"><span lang=\"EN-US\" style=\"font-size: 11.0pt;color: black\">Tony Bates\u00a0\u00a0\u00a0\u00a0\u00a0\u00a0\u00a0\u00a0\u00a0\u00a0\u00a0\u00a0\u00a0\u00a0\u00a0\u00a0\u00a0\u00a0\u00a0\u00a0\u00a0\u00a0\u00a0\u00a0\u00a0\u00a0\u00a0\u00a0\u00a0\u00a0\u00a0\u00a0\u00a0\u00a0\u00a0\u00a0\u00a0\u00a0\u00a0\u00a0\u00a0\u00a0\u00a0\u00a0\u00a0\u00a0\u00a0\u00a0\u00a0\u00a0\u00a0\u00a0\u00a0\u00a0\u00a0\u00a0\u00a0 <\/span><span style=\"font-size: 11.0pt;color: black\"><a href=\"http:\/\/tonybates.ca\/\"><span lang=\"EN-US\" style=\"color: black;text-decoration: none\">http:\/\/tonybates.ca<\/span><\/a><\/span><span lang=\"EN-US\" style=\"font-size: 11.0pt;color: black\"><br \/><\/span><\/li><li class=\"MsoNormal\"><span lang=\"EN-US\" style=\"font-size: 11.0pt;color: black\">Ormond Simpson\u00a0\u00a0\u00a0\u00a0\u00a0\u00a0\u00a0\u00a0\u00a0\u00a0\u00a0\u00a0\u00a0\u00a0\u00a0\u00a0\u00a0\u00a0\u00a0\u00a0\u00a0\u00a0\u00a0\u00a0\u00a0\u00a0\u00a0\u00a0\u00a0\u00a0\u00a0\u00a0\u00a0\u00a0\u00a0\u00a0\u00a0\u00a0\u00a0\u00a0\u00a0\u00a0\u00a0\u00a0\u00a0\u00a0 <\/span><u><span style=\"font-size: 11.0pt;color: #0563c1\"><a href=\"http:\/\/www.ormondsimpson.com\/\"><span lang=\"EN-US\">www.ormondsimpson.com <\/span><\/a><\/span><\/u><\/li><\/ul><p class=\"MsoNormal\"><b><span lang=\"EN-US\" style=\"font-size: 11.0pt;color: black\">\u00a0<\/span><\/b><span lang=\"EN-US\" style=\"font-size: 11pt;color: #008080\">Espa\u00f1ol<\/span><\/p><ul><li class=\"MsoNormal\"><span style=\"font-size: 11.0pt;color: black\">Carlos Bravo Reyes\u00a0\u00a0\u00a0\u00a0\u00a0\u00a0\u00a0\u00a0\u00a0\u00a0\u00a0\u00a0\u00a0\u00a0\u00a0\u00a0\u00a0\u00a0\u00a0\u00a0\u00a0\u00a0\u00a0\u00a0\u00a0\u00a0\u00a0\u00a0\u00a0\u00a0\u00a0\u00a0\u00a0\u00a0\u00a0\u00a0\u00a0\u00a0\u00a0\u00a0\u00a0\u00a0\u00a0\u00a0 <a href=\"https:\/\/366-dias.blogspot.com\/\"><span style=\"color: black;text-decoration: none\">https:\/\/366-dias.blogspot.com\/<\/span><\/a><\/span><\/li><li class=\"MsoNormal\"><span style=\"font-size: 11.0pt;color: black\">\u00a0Alejandro Pisanty\u00a0\u00a0\u00a0\u00a0\u00a0\u00a0\u00a0\u00a0\u00a0\u00a0\u00a0\u00a0\u00a0\u00a0\u00a0\u00a0\u00a0\u00a0\u00a0\u00a0\u00a0\u00a0\u00a0\u00a0\u00a0\u00a0\u00a0\u00a0\u00a0\u00a0\u00a0\u00a0\u00a0\u00a0\u00a0\u00a0\u00a0\u00a0\u00a0\u00a0\u00a0\u00a0\u00a0\u00a0\u00a0\u00a0 <a href=\"https:\/\/pisanty.blogspot.com\/\"><span style=\"color: black;text-decoration: none\">https:\/\/pisanty.blogspot.com<\/span><\/a><\/span><\/li><li class=\"MsoNormal\"><span style=\"font-size: 11.0pt;color: black\">Claudio Rama Vitale\u00a0\u00a0\u00a0\u00a0\u00a0\u00a0\u00a0\u00a0\u00a0\u00a0\u00a0\u00a0\u00a0\u00a0\u00a0\u00a0\u00a0\u00a0\u00a0\u00a0\u00a0\u00a0\u00a0\u00a0\u00a0\u00a0\u00a0\u00a0\u00a0\u00a0\u00a0\u00a0\u00a0\u00a0\u00a0\u00a0\u00a0\u00a0\u00a0\u00a0\u00a0\u00a0 <a href=\"https:\/\/claudio-rama.blogspot.com\/\">http:\/\/claudio-rama.blogspot.com\/<\/a><\/span><\/li><\/ul><p class=\"MsoNormal\" style=\"margin-left: 3.5pt\"><span style=\"font-size: 11pt;color: #008080\">Portugu\u00e9s<\/span><\/p><ul><li class=\"MsoNormal\"><span style=\"font-size: 11.0pt;color: black\">Joao de Mattar\u00a0\u00a0\u00a0\u00a0\u00a0\u00a0\u00a0\u00a0\u00a0\u00a0\u00a0\u00a0\u00a0\u00a0\u00a0\u00a0\u00a0\u00a0\u00a0\u00a0\u00a0\u00a0\u00a0\u00a0\u00a0\u00a0\u00a0\u00a0\u00a0\u00a0\u00a0\u00a0\u00a0\u00a0\u00a0\u00a0\u00a0 <a href=\"http:\/\/joaomattar.com\/blog\/\">\u00a0\u00a0\u00a0\u00a0\u00a0\u00a0\u00a0\u00a0 http:\/\/joaomattar.com\/blog\/<\/a><\/span><\/li><\/ul><p class=\"MsoNormal\" style=\"margin-left: 3.5pt\"><span style=\"font-size: 11.0pt;color: black\">\u00a0<\/span><\/p><h2>\u00a0<\/h2>\t\t\t\t\t\t\t\t<\/div>\n\t\t\t\t<\/div>\n\t\t\t\t<div class=\"elementor-element elementor-element-0736464 elementor-widget elementor-widget-button\" data-id=\"0736464\" data-element_type=\"widget\" data-e-type=\"widget\" data-widget_type=\"button.default\">\n\t\t\t\t<div class=\"elementor-widget-container\">\n\t\t\t\t\t\t\t\t\t<div class=\"elementor-button-wrapper\">\n\t\t\t\t\t<a class=\"elementor-button elementor-button-link elementor-size-sm\" href=\"https:\/\/blogs.uned.es\/cued\/\">\n\t\t\t\t\t\t<span class=\"elementor-button-content-wrapper\">\n\t\t\t\t\t\t<span class=\"elementor-button-icon\">\n\t\t\t\t<i aria-hidden=\"true\" class=\"fas fa-home\"><\/i>\t\t\t<\/span>\n\t\t\t\t\t\t\t\t\t<span class=\"elementor-button-text\"> Volver a la portada<\/span>\n\t\t\t\t\t<\/span>\n\t\t\t\t\t<\/a>\n\t\t\t\t<\/div>\n\t\t\t\t\t\t\t\t<\/div>\n\t\t\t\t<\/div>\n\t\t\t\t\t<\/div>\n\t\t<\/div>\n\t\t\t\t\t<\/div>\n\t\t<\/section>\n\t\t\t\t<\/div>\n\t\t","protected":false},"excerpt":{"rendered":"<p>Otros blogs de miembros CUED Blogs de los Grupos de&hellip;<\/p>\n<p> <a class=\"more-link\" href=\"https:\/\/blogs.uned.es\/cued\/otros_blogs\/\">Leer m\u00e1s<\/a><\/p>\n<div class=\"pvc_clear\"><\/div>\n<p id=\"pvc_stats_13801\" class=\"pvc_stats total_only  \" data-element-id=\"13801\" style=\"\"><i class=\"pvc-stats-icon medium\" aria-hidden=\"true\"><svg xmlns=\"http:\/\/www.w3.org\/2000\/svg\" version=\"1.0\" viewBox=\"0 0 502 315\" preserveAspectRatio=\"xMidYMid meet\"><g transform=\"translate(0,332) scale(0.1,-0.1)\" fill=\"\" stroke=\"none\"><path d=\"M2394 3279 l-29 -30 -3 -207 c-2 -182 0 -211 15 -242 39 -76 157 -76 196 0 15 31 17 60 15 243 l-3 209 -33 29 c-26 23 -41 29 -80 29 -41 0 -53 -5 -78 -31z\"\/><path d=\"M3085 3251 c-45 -19 -58 -50 -96 -229 -47 -217 -49 -260 -13 -295 52 -53 146 -42 177 20 16 31 87 366 87 410 0 70 -86 122 -155 94z\"\/><path d=\"M1751 3234 c-13 -9 -29 -31 -37 -50 -12 -29 -10 -49 21 -204 19 -94 39 -189 45 -210 14 -50 54 -80 110 -80 34 0 48 6 76 34 21 21 34 44 34 59 0 14 -18 113 -40 219 -37 178 -43 195 -70 221 -36 32 -101 37 -139 11z\"\/><path d=\"M1163 3073 c-36 -7 -73 -59 -73 -102 0 -56 133 -378 171 -413 34 -32 83 -37 129 -13 70 36 67 87 -16 290 -86 209 -89 214 -129 231 -35 14 -42 15 -82 7z\"\/><path d=\"M3689 3066 c-15 -9 -33 -30 -42 -48 -48 -103 -147 -355 -147 -375 0 -98 131 -148 192 -74 13 15 57 108 97 206 80 196 84 226 37 273 -30 30 -99 39 -137 18z\"\/><path d=\"M583 2784 c-38 -19 -67 -74 -58 -113 9 -42 211 -354 242 -373 16 -10 45 -18 66 -18 51 0 107 52 107 100 0 39 -1 41 -124 234 -80 126 -108 162 -133 173 -41 17 -61 16 -100 -3z\"\/><path d=\"M4250 2784 c-14 -9 -74 -91 -133 -183 -95 -150 -107 -173 -107 -213 0 -55 33 -94 87 -104 67 -13 90 8 211 198 130 202 137 225 78 284 -27 27 -42 34 -72 34 -22 0 -50 -8 -64 -16z\"\/><path d=\"M2275 2693 c-553 -48 -1095 -270 -1585 -649 -135 -104 -459 -423 -483 -476 -23 -49 -22 -139 2 -186 73 -142 361 -457 571 -626 285 -228 642 -407 990 -497 242 -63 336 -73 660 -74 310 0 370 5 595 52 535 111 1045 392 1455 803 122 121 250 273 275 326 19 41 19 137 0 174 -41 79 -309 363 -465 492 -447 370 -946 591 -1479 653 -113 14 -422 18 -536 8z m395 -428 c171 -34 330 -124 456 -258 112 -119 167 -219 211 -378 27 -96 24 -300 -5 -401 -72 -255 -236 -447 -474 -557 -132 -62 -201 -76 -368 -76 -167 0 -236 14 -368 76 -213 98 -373 271 -451 485 -162 444 86 934 547 1084 153 49 292 57 452 25z m909 -232 c222 -123 408 -262 593 -441 76 -74 138 -139 138 -144 0 -16 -233 -242 -330 -319 -155 -123 -309 -223 -461 -299 l-81 -41 32 46 c18 26 49 83 70 128 143 306 141 649 -6 957 -25 52 -61 116 -79 142 l-34 47 45 -20 c26 -10 76 -36 113 -56z m-2057 25 c-40 -58 -105 -190 -130 -263 -110 -324 -59 -707 132 -981 25 -35 42 -64 37 -64 -19 0 -241 119 -326 174 -188 122 -406 314 -532 468 l-58 71 108 103 c185 178 428 349 672 473 66 33 121 60 123 61 2 0 -10 -19 -26 -42z\"\/><path d=\"M2375 1950 c-198 -44 -350 -190 -395 -379 -18 -76 -8 -221 19 -290 114 -284 457 -406 731 -260 98 52 188 154 231 260 27 69 37 214 19 290 -38 163 -166 304 -326 360 -67 23 -215 33 -279 19z\"\/><\/g><\/svg><\/i> <img decoding=\"async\" width=\"16\" height=\"16\" alt=\"Loading\" src=\"https:\/\/blogs.uned.es\/cued\/wp-content\/plugins\/page-views-count\/ajax-loader-2x.gif\" border=0 \/><\/p>\n<div class=\"pvc_clear\"><\/div>\n","protected":false},"author":1,"featured_media":0,"parent":0,"menu_order":0,"comment_status":"closed","ping_status":"closed","template":"","meta":{"footnotes":""},"class_list":["post-13801","page","type-page","status-publish"],"_links":{"self":[{"href":"https:\/\/blogs.uned.es\/cued\/wp-json\/wp\/v2\/pages\/13801","targetHints":{"allow":["GET"]}}],"collection":[{"href":"https:\/\/blogs.uned.es\/cued\/wp-json\/wp\/v2\/pages"}],"about":[{"href":"https:\/\/blogs.uned.es\/cued\/wp-json\/wp\/v2\/types\/page"}],"author":[{"embeddable":true,"href":"https:\/\/blogs.uned.es\/cued\/wp-json\/wp\/v2\/users\/1"}],"replies":[{"embeddable":true,"href":"https:\/\/blogs.uned.es\/cued\/wp-json\/wp\/v2\/comments?post=13801"}],"version-history":[{"count":16,"href":"https:\/\/blogs.uned.es\/cued\/wp-json\/wp\/v2\/pages\/13801\/revisions"}],"predecessor-version":[{"id":13885,"href":"https:\/\/blogs.uned.es\/cued\/wp-json\/wp\/v2\/pages\/13801\/revisions\/13885"}],"wp:attachment":[{"href":"https:\/\/blogs.uned.es\/cued\/wp-json\/wp\/v2\/media?parent=13801"}],"curies":[{"name":"wp","href":"https:\/\/api.w.org\/{rel}","templated":true}]}}