{"id":409,"date":"2024-04-12T10:33:53","date_gmt":"2024-04-12T10:33:53","guid":{"rendered":"https:\/\/blogs.uned.es\/coren\/mi-perfil\/"},"modified":"2024-04-18T13:51:56","modified_gmt":"2024-04-18T13:51:56","slug":"mi-perfil","status":"publish","type":"page","link":"https:\/\/blogs.uned.es\/coren\/mi-perfil\/","title":{"rendered":"Mi perfil"},"content":{"rendered":"<p>Profesora Titular en la Facultad de Educaci\u00f3n (Universidad Nacional de Educaci\u00f3n a Distancia, Espa\u00f1a). Actualmente, ocupa el cargo de directora del Instituto Universitario de Educaci\u00f3n a Distancia (IUED, UNED).<\/p>\n<p>Sus publicaciones en investigaci\u00f3n se centran en el an\u00e1lisis de la metodolog\u00eda digital, las redes sociales y las relaciones interpersonales generadas en la sociedad digital.<\/p>\n<p>Es Investigadora Principal de la \u00abEuropean network in D-flexible teaching (ENID-Teach)\u00bb, proyecto cofinanciado por la Comisi\u00f3n Europea (Erasmus+, Asociaciones para la cooperaci\u00f3n).<\/p>\n","protected":false},"excerpt":{"rendered":"<p>Profesora Titular en la Facultad de Educaci\u00f3n (Universidad Nacional de Educaci\u00f3n a Distancia, Espa\u00f1a). Actualmente, ocupa el cargo de directora del Instituto Universitario de Educaci\u00f3n a Distancia (IUED, UNED). Sus publicaciones en investigaci\u00f3n se centran en el an\u00e1lisis de la <a class=\"more-link\" href=\"https:\/\/blogs.uned.es\/coren\/mi-perfil\/\">Seguir leyendo <span class=\"meta-nav\">&rarr;<\/span><\/a><\/p>\n","protected":false},"author":1,"featured_media":0,"parent":0,"menu_order":0,"comment_status":"closed","ping_status":"closed","template":"","meta":{"footnotes":""},"class_list":["post-409","page","type-page","status-publish","hentry"],"_links":{"self":[{"href":"https:\/\/blogs.uned.es\/coren\/wp-json\/wp\/v2\/pages\/409","targetHints":{"allow":["GET"]}}],"collection":[{"href":"https:\/\/blogs.uned.es\/coren\/wp-json\/wp\/v2\/pages"}],"about":[{"href":"https:\/\/blogs.uned.es\/coren\/wp-json\/wp\/v2\/types\/page"}],"author":[{"embeddable":true,"href":"https:\/\/blogs.uned.es\/coren\/wp-json\/wp\/v2\/users\/1"}],"replies":[{"embeddable":true,"href":"https:\/\/blogs.uned.es\/coren\/wp-json\/wp\/v2\/comments?post=409"}],"version-history":[{"count":1,"href":"https:\/\/blogs.uned.es\/coren\/wp-json\/wp\/v2\/pages\/409\/revisions"}],"predecessor-version":[{"id":433,"href":"https:\/\/blogs.uned.es\/coren\/wp-json\/wp\/v2\/pages\/409\/revisions\/433"}],"wp:attachment":[{"href":"https:\/\/blogs.uned.es\/coren\/wp-json\/wp\/v2\/media?parent=409"}],"curies":[{"name":"wp","href":"https:\/\/api.w.org\/{rel}","templated":true}]}}