{"id":393,"date":"2022-09-09T08:06:56","date_gmt":"2022-09-09T08:06:56","guid":{"rendered":"https:\/\/blogs.uned.es\/coren\/?page_id=393"},"modified":"2022-09-09T08:06:56","modified_gmt":"2022-09-09T08:06:56","slug":"fases","status":"publish","type":"page","link":"https:\/\/blogs.uned.es\/coren\/proyecto-innovacion-2021-22\/fases\/","title":{"rendered":"Fases"},"content":{"rendered":"\n<p>El desarrollo de este proyecto se ha ejecutado atendiendo a tres fases:<\/p>\n\n\n\n<p>1\u00aa Fase DOCENCIA: experimentaci\u00f3n. Desarrollo innovaci\u00f3n IACPE en los distintos planteamientos did\u00e1cticos con el alumnado. Se han puesto en pr\u00e1ctica las metodolog\u00edas digitales activas y colaborativas, de tal forma que los resultados obtenidos en cada una de ellas han enriquecer un mapa de pedagog\u00edas digitales innovadoras basadas en la propuesta IACPE. Pedagog\u00edas digitales que queremos seguir emprendiendo para empoderar a nuestro alumnado y convertirlo en influencer de aprendizaje.<\/p>\n\n\n\n<p>2\u00aa Fase INVESTIGACI\u00d3N: recopilaci\u00f3n de datos. Se ha desarrollado a trav\u00e9s de un dise\u00f1o cualitativo utilizando las entrevistas semiestructuradas y la muestra ha sido el alumnado implicado.<\/p>\n\n\n\n<p>3\u00aa Fase TRANSFERENCIA: conclusiones del estudio, difusi\u00f3n y publicaci\u00f3n. Destacamos que algunas de las propuestas de innovaci\u00f3n se han realizado implicando tambi\u00e9n la Red Internacional ReCoInTaD, el grupo de investigaci\u00f3n SMEMIU, la Asociaci\u00f3n de Innovaci\u00f3n Docente Iberoamericana y la Red Educativa Mundial (REDEM).<\/p>\n","protected":false},"excerpt":{"rendered":"<p>El desarrollo de este proyecto se ha ejecutado atendiendo a tres fases: 1\u00aa Fase DOCENCIA: experimentaci\u00f3n. Desarrollo innovaci\u00f3n IACPE en los distintos planteamientos did\u00e1cticos con el alumnado. Se han puesto en pr\u00e1ctica las metodolog\u00edas digitales activas y colaborativas, de tal <a class=\"more-link\" href=\"https:\/\/blogs.uned.es\/coren\/proyecto-innovacion-2021-22\/fases\/\">Seguir leyendo <span class=\"meta-nav\">&rarr;<\/span><\/a><\/p>\n","protected":false},"author":215,"featured_media":0,"parent":379,"menu_order":3,"comment_status":"closed","ping_status":"closed","template":"","meta":{"footnotes":""},"class_list":["post-393","page","type-page","status-publish","hentry"],"_links":{"self":[{"href":"https:\/\/blogs.uned.es\/coren\/wp-json\/wp\/v2\/pages\/393","targetHints":{"allow":["GET"]}}],"collection":[{"href":"https:\/\/blogs.uned.es\/coren\/wp-json\/wp\/v2\/pages"}],"about":[{"href":"https:\/\/blogs.uned.es\/coren\/wp-json\/wp\/v2\/types\/page"}],"author":[{"embeddable":true,"href":"https:\/\/blogs.uned.es\/coren\/wp-json\/wp\/v2\/users\/215"}],"replies":[{"embeddable":true,"href":"https:\/\/blogs.uned.es\/coren\/wp-json\/wp\/v2\/comments?post=393"}],"version-history":[{"count":1,"href":"https:\/\/blogs.uned.es\/coren\/wp-json\/wp\/v2\/pages\/393\/revisions"}],"predecessor-version":[{"id":395,"href":"https:\/\/blogs.uned.es\/coren\/wp-json\/wp\/v2\/pages\/393\/revisions\/395"}],"up":[{"embeddable":true,"href":"https:\/\/blogs.uned.es\/coren\/wp-json\/wp\/v2\/pages\/379"}],"wp:attachment":[{"href":"https:\/\/blogs.uned.es\/coren\/wp-json\/wp\/v2\/media?parent=393"}],"curies":[{"name":"wp","href":"https:\/\/api.w.org\/{rel}","templated":true}]}}