{"id":383,"date":"2022-09-09T08:02:46","date_gmt":"2022-09-09T08:02:46","guid":{"rendered":"https:\/\/blogs.uned.es\/coren\/?page_id=383"},"modified":"2022-09-09T08:03:56","modified_gmt":"2022-09-09T08:03:56","slug":"resumen","status":"publish","type":"page","link":"https:\/\/blogs.uned.es\/coren\/proyecto-innovacion-2021-22\/resumen\/","title":{"rendered":"Resumen"},"content":{"rendered":"\n<p>En el proyecto \u201cInfluencers de Aprendizaje Conectado, Participativo y Empoderado (IACPE)\u201d dentro del Grupo CoReN, desarrollado en el curso 2021\/2022 nos hemos lanzado a la gamificaci\u00f3n de libros. Hacer que el alumnado que se enfrenta a una determinada asignatura desde un libro pueda hacerlo de forma l\u00fadica es todo un reto. Ejemplo de estas propuestas de gamificaci\u00f3n son dos libros editados por McGrawHIll. Uno de ellos es \u201cDid\u00e1ctica de la belleza y la intercreatividad. Un reto para influencers de aprendizaje en entornos art\u00edsticos\u201d (2022), una obra que tiene su origen en la concepci\u00f3n general de la llamada did\u00e1ctica de lo bello y el proceso de hacer las cosas o resolver los problemas juntos en los nuevos entornos art\u00edsticos, donde el aprendizaje no puede quedar al margen de experiencias din\u00e1micas, proactivas y participativas. En segundo lugar nos encontramos con el libro \u201cOrganizaciones educativas. Evoluci\u00f3n de perspectivas hasta la sociedad postdigital\u201d, una obra que sirve para introducir nuevos enfoques comunicativos y pedag\u00f3gicos cuya finalidad es conseguir la mejora de la calidad del aprendizaje, perseguir una organizaci\u00f3n de los centros educativos participativa e innovadora y, como consecuencia, la excelencia de la Educaci\u00f3n.<\/p>\n","protected":false},"excerpt":{"rendered":"<p>En el proyecto \u201cInfluencers de Aprendizaje Conectado, Participativo y Empoderado (IACPE)\u201d dentro del Grupo CoReN, desarrollado en el curso 2021\/2022 nos hemos lanzado a la gamificaci\u00f3n de libros. Hacer que el alumnado que se enfrenta a una determinada asignatura desde <a class=\"more-link\" href=\"https:\/\/blogs.uned.es\/coren\/proyecto-innovacion-2021-22\/resumen\/\">Seguir leyendo <span class=\"meta-nav\">&rarr;<\/span><\/a><\/p>\n","protected":false},"author":215,"featured_media":0,"parent":379,"menu_order":0,"comment_status":"closed","ping_status":"closed","template":"","meta":{"footnotes":""},"class_list":["post-383","page","type-page","status-publish","hentry"],"_links":{"self":[{"href":"https:\/\/blogs.uned.es\/coren\/wp-json\/wp\/v2\/pages\/383","targetHints":{"allow":["GET"]}}],"collection":[{"href":"https:\/\/blogs.uned.es\/coren\/wp-json\/wp\/v2\/pages"}],"about":[{"href":"https:\/\/blogs.uned.es\/coren\/wp-json\/wp\/v2\/types\/page"}],"author":[{"embeddable":true,"href":"https:\/\/blogs.uned.es\/coren\/wp-json\/wp\/v2\/users\/215"}],"replies":[{"embeddable":true,"href":"https:\/\/blogs.uned.es\/coren\/wp-json\/wp\/v2\/comments?post=383"}],"version-history":[{"count":2,"href":"https:\/\/blogs.uned.es\/coren\/wp-json\/wp\/v2\/pages\/383\/revisions"}],"predecessor-version":[{"id":387,"href":"https:\/\/blogs.uned.es\/coren\/wp-json\/wp\/v2\/pages\/383\/revisions\/387"}],"up":[{"embeddable":true,"href":"https:\/\/blogs.uned.es\/coren\/wp-json\/wp\/v2\/pages\/379"}],"wp:attachment":[{"href":"https:\/\/blogs.uned.es\/coren\/wp-json\/wp\/v2\/media?parent=383"}],"curies":[{"name":"wp","href":"https:\/\/api.w.org\/{rel}","templated":true}]}}