{"id":339,"date":"2020-07-10T11:02:35","date_gmt":"2020-07-10T11:02:35","guid":{"rendered":"http:\/\/blogs.uned.es\/coren\/?page_id=339"},"modified":"2020-10-01T14:42:12","modified_gmt":"2020-10-01T14:42:12","slug":"promocion","status":"publish","type":"page","link":"https:\/\/blogs.uned.es\/coren\/proyecto-innovacion-2019-20\/promocion\/","title":{"rendered":"Promoci\u00f3n"},"content":{"rendered":"<p><strong>Presentaci\u00f3n del proyecto en congresos<\/strong><\/p>\n<p>Sonia Santove\u00f1a Casal y Carmen Navarro Garc\u00eda-Suelto I Congreso Internacional Comunicaci\u00f3n Especializada \u00abPensamiento cr\u00edtico y comunicaci\u00f3n en red<br \/>\nCritical thinking and network communication\u00bb.<\/p>\n<p>Sonia Santove\u00f1a Casal* y Susana Regina L\u00f3pez XIV Congreso CIEI &#8211; congreso international de Educacao e Inovacao (Coimbra, Portugal) APRENDIZAJE COLABORATIVO EN LA SOCIEDAD DEL CONOCIMIENTO<\/p>\n<p>Susana Regina L\u00f3pez y Sonia Santove\u00f1a-Casal Congreso Internacional Latina de Comunicaci\u00f3n Social EL PROYECTO COREN (UNED). PROPUESTAS DE METODOLOG\u00cdAS BASADAS EN LA GAMIFICACI\u00d3N Y REALIDAD AUMENTADA<\/p>\n<p>Carmen Cantillo y Javier Gil Quintana USATIC 2020. Congreso Internacional Virtual \u00abVirtual USATIC 2020, Ubicuo y Social: Aprendizaje con TIC\u00bb<\/p>\n<p>Alejandro Sim\u00f3n Congreso Universitario Internacional sobre la Comunicaci\u00f3n en la profesi\u00f3n y en la Universidad de hoy: Contenidos, Investigaci\u00f3n, Innovaci\u00f3n y Docencia (CUICIID)<\/p>\n<p>Javier Jos\u00e9 Hueso XXVI Congreso Internacional de la SEP \u00abXXVI Congreso Internacional de la SEP, Periodismo para la transformaci\u00f3n social\u00bb<\/p>\n<p>Sonia Santove\u00f1a Casal y Valeria Levratto Innovagogia 2020 COOPERATIVE LEARNING IN A VIRTUAL CLASSROOM IN A MASTER\u2019S OF TEACHER TRAINING<\/p>\n<p><strong>Publicaciones<\/strong><\/p>\n<p>Santove\u00f1a-Casal, S. (Coord.). <em>Investigaci\u00f3n e innovaci\u00f3n en metodolog\u00edas digitales basadas en el aprendizaje conectado, activo y colaborativo<\/em>. Madrid: UNED.<\/p>\n<p>Autores (por orden alfab\u00e9tico):<\/p>\n<p>Beatriz \u00c1lvarez Gonz\u00e1lez<br \/>\nC\u00e9sar Bernal-Bravo<br \/>\nCarmen Cantillo-Valero<br \/>\nM\u00aa Dolores Fern\u00e1ndez P\u00e9rez<br \/>\nAna Patricia Fern\u00e1ndez Su\u00e1rez<br \/>\nJavier Gil-Quintana<br \/>\nJos\u00e9 Javier Hueso-Romero<br \/>\nErnesto L\u00f3pez-G\u00f3mez<br \/>\nMar\u00eda del Carmen Navarro Garc\u00eda-Suelto<br \/>\nSara Osuna-Acedo<br \/>\nFrancisco Recio-Mu\u00f1oz<br \/>\nSusana Regina L\u00f3pez<br \/>\nAlejandro I. Rodr\u00edguez-Nosti-Simon<br \/>\nSonia Santove\u00f1a-Casal<br \/>\nJos\u00e9 Manuel Su\u00e1rez<br \/>\n\u00c1ngela Zamora Men\u00e9ndez<\/p>\n<p><strong>Webinar\u00a020\/07\/2020\u00a0<em>Proyecto de innovaci\u00f3n Metodolog\u00edas digitales basadas en el aprendizaje conectado, activo y colaborativo<\/em>. Transferencia de p\u00edldoras de conocimiento.\u00a0<\/strong><\/p>\n<p>Acceso al webinar completo:\u00a0<a href=\"https:\/\/canal.uned.es\/series\/5f168f735578f25bd65f15db\" target=\"_blank\" rel=\"noopener\">https:\/\/canal.uned.es\/series\/5f168f735578f25bd65f15db<\/a><\/p>\n<p><span class=\"person\"><strong>Sonia Mar\u00eda Santove\u00f1a Casal\u00a0<\/strong><\/span><small>profesora de la Facultad de Educaci\u00f3n, UNED, coordinadora del Proyecto de Innovaci\u00f3n Educativa CoReN,\u00a0<\/small><strong>Presentaci\u00f3n del proyecto<\/strong> en el Webinar\u00a0, <a href=\"https:\/\/canal.uned.es\/series\/5f168f735578f25bd65f15db\" target=\"_blank\" rel=\"noopener\">https:\/\/canal.uned.es\/series\/5f168f735578f25bd65f15db<\/a><\/p>\n<p><span class=\"person\">Javier Gil Quintana\u00a0<\/span><small>Profesor Facultad de Educaci\u00f3n de la UNED,\u00a0<span class=\"person\">Jos\u00e9 Javier Hueso-Romero y\u00a0<\/span><\/small><span class=\"person\">Sara Osuna Acedo,\u00a0<\/span><small>profesora de la Facultad de Educaci\u00f3n, UNED,\u00a0<strong>Metodolog\u00eda activa de aprendizaje<\/strong>: planificaci\u00f3n, dise\u00f1o y puesta en pr\u00e1ctica de los sMOOC en\u00a0<a href=\"https:\/\/canal.uned.es\/video\/5f16af355578f25c875eb2fd\" target=\"_blank\" rel=\"noopener\">https:\/\/canal.uned.es\/video\/5f16af355578f25c875eb2fd<\/a><\/small><\/p>\n<p>Sonia Mar\u00eda Santove\u00f1a Casal profesora de la Facultad de Educaci\u00f3n, UNED, coordinadora del Proyecto de Innovaci\u00f3n Educativa CoReN y Mar\u00eda Dolores Fern\u00e1ndez P\u00e9rez profesora de la Facultad de Educaci\u00f3n, coordinadora general del M\u00e1ster en Formaci\u00f3n del Profesorado de Educaci\u00f3n Secundaria, UNED, <strong>Pensamiento cr\u00edtico en redes sociales<\/strong>, <a href=\"https:\/\/canal.uned.es\/video\/5f169df85578f25c1915e180\" target=\"_blank\" rel=\"noopener\">https:\/\/canal.uned.es\/video\/5f169df85578f25c1915e180<\/a><\/p>\n<p><span class=\"person\">Mar\u00eda Dolores Fern\u00e1ndez P\u00e9rez\u00a0<\/span><small>profesora de la Facultad de Educaci\u00f3n, coordinadora general del M\u00e1ster en Formaci\u00f3n del Profesorado de Educaci\u00f3n Secundaria, UNED y\u00a0<\/small><span class=\"person\">Sonia Mar\u00eda Santove\u00f1a Casal<\/span><small>,\u00a0<strong>Pedag\u00f3gica digital basada en webconferencias<\/strong> para la adquisici\u00f3n de conocimientos\u00a0<a href=\"https:\/\/canal.uned.es\/video\/5f16acc55578f25c7d7094a9\" target=\"_blank\" rel=\"noopener\">https:\/\/canal.uned.es\/video\/5f16acc55578f25c7d7094a9<\/a><\/small><\/p>\n<p><span class=\"person\">Javier Gil Quintana\u00a0<\/span><small>alumno Curso Redes Sociales y aprendizaje digital UNED, director Centro Rural Agrupado Entre dos R\u00edos y\u00a0<\/small><span class=\"person\">Carmen Cantillo Valero\u00a0<\/span><small>Profesora de Comunicaci\u00f3n y Educaci\u00f3n, UNED,\u00a0Metodolog\u00eda de aprendizaje en escenarios virtuales: <strong>Aprendizaje basado en proyectos, indagaci\u00f3n y estudio<\/strong> multicaso,\u00a0<a href=\"https:\/\/canal.uned.es\/video\/5f169ff75578f25c1a22c13a\" target=\"_blank\" rel=\"noopener\">https:\/\/canal.uned.es\/video\/5f169ff75578f25c1a22c13a<\/a><\/small><\/p>\n<p>Mar\u00eda del Carmen Navarro Garc\u00eda-Suelto, Profesora Colaboradora Externa (UNED), Sonia Mar\u00eda Santove\u00f1a Casal, <strong>Aprendizaje colaborativo<\/strong> en entornos digitales,\u00a0\u00a0<a href=\"https:\/\/canal.uned.es\/video\/5f16ad2d5578f25c7e6b66e8\" target=\"_blank\" rel=\"noopener\">https:\/\/canal.uned.es\/video\/5f16ad2d5578f25c7e6b66e8\u00a0<\/a><\/p>\n<p><span class=\"person\"><strong>Francisco Recio-Mu\u00f1oz,<\/strong> Doctorado de la UNED y <strong>C\u00e9sar Bernal Bravo\u00a0<\/strong><\/span><small>Profesor Titular Universidad Rey Juan Carlos I,\u00a0\u00a0<\/small>Narrativas digitales e itinerarios did\u00e1cticos transmedia en la formaci\u00f3n de maestros de educaci\u00f3n primaria en ciencias sociales,\u00a0\u00a0<a href=\"https:\/\/canal.uned.es\/video\/5f16adba5578f25c875eb2e5\" target=\"_blank\" rel=\"noopener\">https:\/\/canal.uned.es\/video\/5f16adba5578f25c875eb2e5\u00a0<\/a><\/p>\n<p>Carmen Cantillo Valero Profesora de Comunicaci\u00f3n y Educaci\u00f3n, UNED y Susana Regina L\u00f3pez CC. Sociales Secretar\u00eda de Educaci\u00f3n Virtual &#8211; Educaci\u00f3n , Universidad Nacional de Quilmes \u00abM<strong>etodolog\u00eda basada en la gamificaci\u00f3n educativa<\/strong>. An\u00e1lisis de experiencias gamificadas\u00bb, <a href=\"https:\/\/canal.uned.es\/video\/5f16a5545578f25c5127fafc\" target=\"_blank\" rel=\"noopener\">https:\/\/canal.uned.es\/video\/5f16a5545578f25c5127fafc<\/a><\/p>\n<p>Jos\u00e9 Manuel Suarez, Profesor Titular de la Facultad de Educaci\u00f3n (UNED) y \u00c1ngela Zamora <strong>Debate acad\u00e9mico en los foros sobre situaciones sociales de las personas con discapacidad<\/strong>, <a href=\"https:\/\/canal.uned.es\/video\/5f16b84a5578f25ced35249c\" target=\"_blank\" rel=\"noopener\">https:\/\/canal.uned.es\/video\/5f16b84a5578f25ced35249c<\/a><\/p>\n<p>Breve explicaci\u00f3n de las ponencias de Alejandro I. Rodr\u00edguez-Nosti-Simon y Susana Regina L\u00f3pez, <a href=\"https:\/\/canal.uned.es\/video\/5f16afc25578f25c875eb307\" target=\"_blank\" rel=\"noopener\">https:\/\/canal.uned.es\/video\/5f16afc25578f25c875eb307<\/a><br \/>\nPedagog\u00eda digital basada en Performance Virtual Educativa: Experimentaci\u00f3n y an\u00e1lisis. Alejandro I. Rodr\u00edguez-Nosti-Simon y de Metodolog\u00eda basada en la realidad aumentada para la ense\u00f1anza de contenidos y el desarrollo de actividades en la ense\u00f1anza universitaria. Susana Regina L\u00f3pez<\/p>\n<ul>\n<li>Alejandro Ignacio Rodr\u00edguez-Nosti-Simon profesor, Universidad Nacional de Quilmes, Argentina, \u00ab<strong>Pedagog\u00eda digital basada en Performance Virtual Educativa<\/strong>\u00ab, <a href=\"https:\/\/canal.uned.es\/video\/5f19437b5578f26be835eb36\" target=\"_blank\" rel=\"noopener\">https:\/\/canal.uned.es\/video\/5f19437b5578f26be835eb36<\/a><\/li>\n<li>Susana Regina L\u00f3pez CC. Sociales Secretar\u00eda de Educaci\u00f3n Virtual &#8211; Educaci\u00f3n , Universidad Nacional de Quilmes,<strong>Metodolog\u00eda basada en la realidad aumentada,\u00a0<\/strong><a href=\"https:\/\/canal.uned.es\/video\/5f1944115578f26bf236cbf2\" target=\"_blank\" rel=\"noopener\">https:\/\/canal.uned.es\/video\/5f1944115578f26bf236cbf2\u00a0<\/a><\/li>\n<\/ul>\n<p><span class=\"person\">Beatriz \u00c1lvarez Gonz\u00e1lez\u00a0<\/span><small>profesora de la Facultad de Educaci\u00f3n, UNED y\u00a0<\/small><span class=\"person\">Ana Patricia Fern\u00e1ndez Su\u00e1rez\u00a0<\/span><small>codirectora del curso Aprender a aprender. Competencia prioritaria para el profesorado,\u00a0 <strong>El uso de videos breves en la docencia a distancia en el grado de educaci\u00f3n social<\/strong>,\u00a0<a href=\"https:\/\/canal.uned.es\/video\/5f19426b5578f26bd619966e\" target=\"_blank\" rel=\"noopener\">https:\/\/canal.uned.es\/video\/5f19426b5578f26bd619966e\u00a0<\/a><\/small><\/p>\n","protected":false},"excerpt":{"rendered":"<p>Presentaci\u00f3n del proyecto en congresos Sonia Santove\u00f1a Casal y Carmen Navarro Garc\u00eda-Suelto I Congreso Internacional Comunicaci\u00f3n Especializada \u00abPensamiento cr\u00edtico y comunicaci\u00f3n en red Critical thinking and network communication\u00bb. Sonia Santove\u00f1a Casal* y Susana Regina L\u00f3pez XIV Congreso CIEI &#8211; congreso <a class=\"more-link\" href=\"https:\/\/blogs.uned.es\/coren\/proyecto-innovacion-2019-20\/promocion\/\">Seguir leyendo <span class=\"meta-nav\">&rarr;<\/span><\/a><\/p>\n","protected":false},"author":215,"featured_media":0,"parent":325,"menu_order":3,"comment_status":"closed","ping_status":"closed","template":"","meta":{"footnotes":""},"class_list":["post-339","page","type-page","status-publish","hentry"],"_links":{"self":[{"href":"https:\/\/blogs.uned.es\/coren\/wp-json\/wp\/v2\/pages\/339","targetHints":{"allow":["GET"]}}],"collection":[{"href":"https:\/\/blogs.uned.es\/coren\/wp-json\/wp\/v2\/pages"}],"about":[{"href":"https:\/\/blogs.uned.es\/coren\/wp-json\/wp\/v2\/types\/page"}],"author":[{"embeddable":true,"href":"https:\/\/blogs.uned.es\/coren\/wp-json\/wp\/v2\/users\/215"}],"replies":[{"embeddable":true,"href":"https:\/\/blogs.uned.es\/coren\/wp-json\/wp\/v2\/comments?post=339"}],"version-history":[{"count":4,"href":"https:\/\/blogs.uned.es\/coren\/wp-json\/wp\/v2\/pages\/339\/revisions"}],"predecessor-version":[{"id":365,"href":"https:\/\/blogs.uned.es\/coren\/wp-json\/wp\/v2\/pages\/339\/revisions\/365"}],"up":[{"embeddable":true,"href":"https:\/\/blogs.uned.es\/coren\/wp-json\/wp\/v2\/pages\/325"}],"wp:attachment":[{"href":"https:\/\/blogs.uned.es\/coren\/wp-json\/wp\/v2\/media?parent=339"}],"curies":[{"name":"wp","href":"https:\/\/api.w.org\/{rel}","templated":true}]}}