{"id":329,"date":"2020-07-10T10:54:10","date_gmt":"2020-07-10T10:54:10","guid":{"rendered":"http:\/\/blogs.uned.es\/coren\/?page_id=329"},"modified":"2020-07-10T10:54:24","modified_gmt":"2020-07-10T10:54:24","slug":"resumen","status":"publish","type":"page","link":"https:\/\/blogs.uned.es\/coren\/proyecto-innovacion-2019-20\/resumen\/","title":{"rendered":"Resumen"},"content":{"rendered":"<p>El proyecto es la continuaci\u00f3n del <em>Proyecto CoReN<\/em> y tiene como objetivo la puesta en marcha y evaluaci\u00f3n de un conjunto propuestas metodolog\u00edas digitales, basadas en el aprendizaje conectado, de car\u00e1cter eminentemente pr\u00e1ctico y colaborativo en el marco de distintas asignaturas de la UNED (Grado y M\u00e1ster), as\u00ed como en otros estudios fuera del contexto de la universidad lo que enriquece la experiencia, el proyecto y adem\u00e1s permite cierto contraste. El profesorado participante en el proyecto garantiza la diversidad de estas diez propuestas digitales.<\/p>\n<p>&nbsp;<\/p>\n","protected":false},"excerpt":{"rendered":"<p>El proyecto es la continuaci\u00f3n del Proyecto CoReN y tiene como objetivo la puesta en marcha y evaluaci\u00f3n de un conjunto propuestas metodolog\u00edas digitales, basadas en el aprendizaje conectado, de car\u00e1cter eminentemente pr\u00e1ctico y colaborativo en el marco de distintas <a class=\"more-link\" href=\"https:\/\/blogs.uned.es\/coren\/proyecto-innovacion-2019-20\/resumen\/\">Seguir leyendo <span class=\"meta-nav\">&rarr;<\/span><\/a><\/p>\n","protected":false},"author":215,"featured_media":0,"parent":325,"menu_order":0,"comment_status":"closed","ping_status":"closed","template":"","meta":{"footnotes":""},"class_list":["post-329","page","type-page","status-publish","hentry"],"_links":{"self":[{"href":"https:\/\/blogs.uned.es\/coren\/wp-json\/wp\/v2\/pages\/329","targetHints":{"allow":["GET"]}}],"collection":[{"href":"https:\/\/blogs.uned.es\/coren\/wp-json\/wp\/v2\/pages"}],"about":[{"href":"https:\/\/blogs.uned.es\/coren\/wp-json\/wp\/v2\/types\/page"}],"author":[{"embeddable":true,"href":"https:\/\/blogs.uned.es\/coren\/wp-json\/wp\/v2\/users\/215"}],"replies":[{"embeddable":true,"href":"https:\/\/blogs.uned.es\/coren\/wp-json\/wp\/v2\/comments?post=329"}],"version-history":[{"count":2,"href":"https:\/\/blogs.uned.es\/coren\/wp-json\/wp\/v2\/pages\/329\/revisions"}],"predecessor-version":[{"id":333,"href":"https:\/\/blogs.uned.es\/coren\/wp-json\/wp\/v2\/pages\/329\/revisions\/333"}],"up":[{"embeddable":true,"href":"https:\/\/blogs.uned.es\/coren\/wp-json\/wp\/v2\/pages\/325"}],"wp:attachment":[{"href":"https:\/\/blogs.uned.es\/coren\/wp-json\/wp\/v2\/media?parent=329"}],"curies":[{"name":"wp","href":"https:\/\/api.w.org\/{rel}","templated":true}]}}