{"id":325,"date":"2020-07-10T10:53:26","date_gmt":"2020-07-10T10:53:26","guid":{"rendered":"http:\/\/blogs.uned.es\/coren\/?page_id=325"},"modified":"2024-04-18T13:46:13","modified_gmt":"2024-04-18T13:46:13","slug":"proyecto-innovacion-2019-20","status":"publish","type":"page","link":"https:\/\/blogs.uned.es\/coren\/proyecto-innovacion-2019-20\/","title":{"rendered":"Proyecto 2019-20"},"content":{"rendered":"<p><em>Proyecto Metodolog\u00edas basadas en el aprendizaje conectado, activo y colaborativo<\/em>\u00a0del Grupo de Innovaci\u00f3n \u201cComunicaci\u00f3n, Redes Sociales y nuevas narrativas\u201d (GID2017-4) ha sido financiado por el Vicerrectorado de Digitalizaci\u00f3n e Innovaci\u00f3n con el apoyo del Instituto Universitario de Educaci\u00f3n a Distancia (IUED), dentro del Plan de apoyo a la innovaci\u00f3n docente en la UNED.<\/p>\n<p>Se inicia en octubre de 2019 y finaliza en septiembre de 2020.<\/p>\n<p><strong>Investigadores y participantes en el\u00a0 proyecto<\/strong><\/p>\n<p>Sonia Santove\u00f1a-Casal (Coord.)<\/p>\n<p>M\u00aa Dolores Fern\u00e1ndez P\u00e9rez<\/p>\n<p>Javier Gil Quintana<\/p>\n<p>Sara Osuna Acedo<\/p>\n<p>Tiberio Feliz Murias<\/p>\n<p>Jos\u00e9 Manuel Suarez<\/p>\n<p>Ana Patricia Fern\u00e1ndez Su\u00e1rez<\/p>\n<p>Beatriz \u00c1lvarez Gonz\u00e1lez<\/p>\n<p>Mar\u00eda Jim\u00e9nez Buedo<\/p>\n<p>Agust\u00edn Caminero Herraez<\/p>\n<p>Valeria Levratto<\/p>\n<p>Susana Regina L\u00f3pez<\/p>\n<p>\u00c1ngela Zamora Men\u00e9ndez<\/p>\n<p>Alejandro Ignacio Rodr\u00edguez Sim\u00f3n<\/p>\n<p>C\u00e9sar Bernal Bravo<\/p>\n<p>Carmen Cantillo Valero<\/p>\n<p>Carmen Navarro Garc\u00eda &#8211; Suelto<\/p>\n<p>David Recio<\/p>\n<p>Francisco Recio Mu\u00f1oz<\/p>\n","protected":false},"excerpt":{"rendered":"<p>Proyecto Metodolog\u00edas basadas en el aprendizaje conectado, activo y colaborativo\u00a0del Grupo de Innovaci\u00f3n \u201cComunicaci\u00f3n, Redes Sociales y nuevas narrativas\u201d (GID2017-4) ha sido financiado por el Vicerrectorado de Digitalizaci\u00f3n e Innovaci\u00f3n con el apoyo del Instituto Universitario de Educaci\u00f3n a Distancia <a class=\"more-link\" href=\"https:\/\/blogs.uned.es\/coren\/proyecto-innovacion-2019-20\/\">Seguir leyendo <span class=\"meta-nav\">&rarr;<\/span><\/a><\/p>\n","protected":false},"author":215,"featured_media":0,"parent":0,"menu_order":0,"comment_status":"closed","ping_status":"closed","template":"","meta":{"footnotes":""},"class_list":["post-325","page","type-page","status-publish","hentry"],"_links":{"self":[{"href":"https:\/\/blogs.uned.es\/coren\/wp-json\/wp\/v2\/pages\/325","targetHints":{"allow":["GET"]}}],"collection":[{"href":"https:\/\/blogs.uned.es\/coren\/wp-json\/wp\/v2\/pages"}],"about":[{"href":"https:\/\/blogs.uned.es\/coren\/wp-json\/wp\/v2\/types\/page"}],"author":[{"embeddable":true,"href":"https:\/\/blogs.uned.es\/coren\/wp-json\/wp\/v2\/users\/215"}],"replies":[{"embeddable":true,"href":"https:\/\/blogs.uned.es\/coren\/wp-json\/wp\/v2\/comments?post=325"}],"version-history":[{"count":4,"href":"https:\/\/blogs.uned.es\/coren\/wp-json\/wp\/v2\/pages\/325\/revisions"}],"predecessor-version":[{"id":427,"href":"https:\/\/blogs.uned.es\/coren\/wp-json\/wp\/v2\/pages\/325\/revisions\/427"}],"wp:attachment":[{"href":"https:\/\/blogs.uned.es\/coren\/wp-json\/wp\/v2\/media?parent=325"}],"curies":[{"name":"wp","href":"https:\/\/api.w.org\/{rel}","templated":true}]}}