{"id":3,"date":"2017-12-22T07:48:16","date_gmt":"2017-12-22T07:48:16","guid":{"rendered":"http:\/\/blogs.uned.es\/coren\/?page_id=2"},"modified":"2024-04-18T13:45:53","modified_gmt":"2024-04-18T13:45:53","slug":"pagina-ejemplo","status":"publish","type":"page","link":"https:\/\/blogs.uned.es\/coren\/pagina-ejemplo\/","title":{"rendered":"Grupo CoReN"},"content":{"rendered":"<p>Dentro de la &#8216;II Estrategia de Innovaci\u00f3n Educativa llevada a cabo por la UNED&#8217; se publica en el\u00a013 de marzo de 2017 se public\u00f3 en el BICI n\u00ba 21 la convocatoria\u00a0ordinaria anual para el reconocimiento y registro de nuevos Grupos de Innovaci\u00f3n Docente (GID).<\/p>\n<p>Posteriormente,\u00a0la Comisi\u00f3n de Metodolog\u00eda y Docencia de 20 de junio de 2017, por la que se\u00a0resuelve la convocatoria ordinaria anual para el reconocimiento de nuevos Grupos de\u00a0Innovaci\u00f3n Docente.<\/p>\n<p>El Grupo de Innovaci\u00f3n &#8216;Comunicaci\u00f3n, Redes Sociales y nuevas narrativas&#8217; (CoReN) (GID2017-4) es\u00a0<strong>reconocido<\/strong>\u00a0por acuerdo del Consejo de Gobierno de 27 de junio de 2017 (BICI n\u00ba 36 de 3 julio de 2017).<\/p>\n<p><span style=\"font-weight: 300\">Tiene como\u00a0<strong>principal l\u00ednea de actuaci\u00f3n<\/strong>\u00a0&#8216;el dise\u00f1o o renovaci\u00f3n de metodolog\u00edas activas que enriquezcan el proceso de ense\u00f1anza-aprendizaje en las titulaciones oficiales de Grado y M\u00e1ster de la UNED&#8217;, dentro\u00a0del rama de conocimiento de Ciencias Sociales y Jur\u00eddicas.<\/span><\/p>\n<p>Est\u00e1 formado por un grupo de profesores y expertos del \u00e1rea de conocimiento de universidades nacionales e internacionales.<\/p>\n<p><strong>Componentes del Grupo de Innovaci\u00f3n:<\/strong><\/p>\n<ul>\n<li>Sonia Santove\u00f1a (Coordinadora). Dpto. Did\u00e1ctica, Organizaci\u00f3n Escolar y DDEE, de la Facultad de Educaci\u00f3n (UNED).<\/li>\n<li>M\u00aa Dolores Fern\u00e1ndez P\u00e9rez. Did\u00e1ctica, Organizaci\u00f3n Escolar y DDEE, Facultad de Educaci\u00f3n(UNED)<\/li>\n<li>Roberto Matias Aparici Marino. Did\u00e1ctica, Organizaci\u00f3n Escolar y DDEE, Facultad de Educaci\u00f3n (UNED)<\/li>\n<li>Manuel Javier Callejo Gallego. Sociolog\u00eda I: Teor\u00eda, Metodolog\u00eda y Cambio Social, Facultad de Ciencias Pol\u00edticas y Sociolog\u00eda (UNED)<\/li>\n<li>Sara Osuna Acedo. Did\u00e1ctica, Organizaci\u00f3n Escolar y DDEE, Facultad de Educaci\u00f3n (UNED).<\/li>\n<li>Carmen Navarro Garc\u00eda &#8211; Suelto. Colaboradora externa. Did\u00e1ctica, Organizaci\u00f3n Escolar y DDEE, Facultad de Educaci\u00f3n (UNED).<\/li>\n<li>David Garc\u00eda Mar\u00edn.Colaborador externo.\u00a0Did\u00e1ctica, Organizaci\u00f3n Escolar y DDEE, Facultad de Educaci\u00f3n (UNED).<\/li>\n<li>Valeria Levratto. Facultad de las Artes y las Letras (Universidad Nebrija) y Colaboradora externa.\u00a0Did\u00e1ctica, Organizaci\u00f3n Escolar y DDEE, Facultad de Educaci\u00f3n (UNED).<\/li>\n<li>Alejandro Ignacio Rodr\u00edguez Sim\u00f3n. Organizaci\u00f3n y Gesti\u00f3n del Conocimiento, (Universidad Nacional de Quilmes)\u00a0y Colaborador externo del Dpto. Did\u00e1ctica, Organizaci\u00f3n Escolar y DDEE (UNED)<\/li>\n<li>Susana L\u00f3pez. Departamento De CC.Sociales Secretar\u00eda de Educaci\u00f3n Virtual (Universidad Nacional de Quilmes) y\u00a0Colaboradora externa del\u00a0Did\u00e1ctica, Organizaci\u00f3n Escolar y DDEE, Facultad de Educaci\u00f3n (UNED).<\/li>\n<li>Daniel Aparicio Gonz\u00e1lez,\u00a0Periodismo y Nuevos Medios\/Facultad de Ciencias de la Informaci\u00f3n de la Universidad Complutense de Madrid<\/li>\n<li>Mar\u00eda Jim\u00e9nez Buedo. Dpto. de L\u00f3gica, Historia y Filosof\u00eda de la Ciencia, Facultad de Filosof\u00eda (UNED)<\/li>\n<li>Fernando Ra\u00fal Alfredo Bordignon. Pedag\u00f3gica De La Prov. De Bs. As. (UNIPE),\u00a0Provincia de Buenos Aires.<\/li>\n<\/ul>\n","protected":false},"excerpt":{"rendered":"<p>Dentro de la &#8216;II Estrategia de Innovaci\u00f3n Educativa llevada a cabo por la UNED&#8217; se publica en el\u00a013 de marzo de 2017 se public\u00f3 en el BICI n\u00ba 21 la convocatoria\u00a0ordinaria anual para el reconocimiento y registro de nuevos Grupos <a class=\"more-link\" href=\"https:\/\/blogs.uned.es\/coren\/pagina-ejemplo\/\">Seguir leyendo <span class=\"meta-nav\">&rarr;<\/span><\/a><\/p>\n","protected":false},"author":1,"featured_media":0,"parent":0,"menu_order":0,"comment_status":"closed","ping_status":"closed","template":"","meta":{"footnotes":""},"class_list":["post-3","page","type-page","status-publish","hentry"],"_links":{"self":[{"href":"https:\/\/blogs.uned.es\/coren\/wp-json\/wp\/v2\/pages\/3","targetHints":{"allow":["GET"]}}],"collection":[{"href":"https:\/\/blogs.uned.es\/coren\/wp-json\/wp\/v2\/pages"}],"about":[{"href":"https:\/\/blogs.uned.es\/coren\/wp-json\/wp\/v2\/types\/page"}],"author":[{"embeddable":true,"href":"https:\/\/blogs.uned.es\/coren\/wp-json\/wp\/v2\/users\/1"}],"replies":[{"embeddable":true,"href":"https:\/\/blogs.uned.es\/coren\/wp-json\/wp\/v2\/comments?post=3"}],"version-history":[{"count":5,"href":"https:\/\/blogs.uned.es\/coren\/wp-json\/wp\/v2\/pages\/3\/revisions"}],"predecessor-version":[{"id":423,"href":"https:\/\/blogs.uned.es\/coren\/wp-json\/wp\/v2\/pages\/3\/revisions\/423"}],"wp:attachment":[{"href":"https:\/\/blogs.uned.es\/coren\/wp-json\/wp\/v2\/media?parent=3"}],"curies":[{"name":"wp","href":"https:\/\/api.w.org\/{rel}","templated":true}]}}