{"id":167,"date":"2018-03-17T17:00:59","date_gmt":"2018-03-17T17:00:59","guid":{"rendered":"http:\/\/blogs.uned.es\/coren\/?page_id=167"},"modified":"2018-10-30T07:36:23","modified_gmt":"2018-10-30T07:36:23","slug":"promocion","status":"publish","type":"page","link":"https:\/\/blogs.uned.es\/coren\/coren-proyecto-de-innovacion-18-19\/promocion\/","title":{"rendered":"Promoci\u00f3n"},"content":{"rendered":"<p><strong>Programas de radio:\u00a0<\/strong><\/p>\n<ol>\n<li><strong>\u00abProyecto CoReN. Pedagog\u00eda digital: aprendizaje activo y participativo en red\u00bb<\/strong><\/li>\n<\/ol>\n<p>Proyecto de Innovaci\u00f3n Educativa CoReN<\/p>\n<p><a href=\"https:\/\/canal.uned.es\/video\/5b347032b1111f2f5c8b456a?track_id=5b3470cbb1111f855c8b4567\">Audio<\/a>\u00a0\u00a0|\u00a0\u00a0\u00a0<strong>Espa\u00f1ol\u00a0<\/strong><\/p>\n<p><a href=\"http:\/\/portal.uned.es\/portal\/page?_pageid=93,1&amp;_dad=portal&amp;_schema=PORTAL\">\u00a0UNED:<\/a><\/p>\n<p><a href=\"http:\/\/blogs.uned.es\/coren\/\">\u00a0Blog Proyecto CoReN:<\/a><\/p>\n<p><a href=\"https:\/\/canal.uned.es\/series\/5b3372bcb1111fc9388b456a\">\u00a0Serie en Canal UNED:<\/a><\/p>\n<p><a href=\"http:\/\/portal.uned.es\/portal\/page?_pageid=93,163016&amp;_dad=portal&amp;_schema=PORTAL\">\u00a0Facultad de Educaci\u00f3n:<\/a><\/p>\n<p><strong>Sonia Mar\u00eda Santove\u00f1a Casal,\u00a0<\/strong>profesora de la Facultad de Educaci\u00f3n, UNED, coordinadora del Proyecto de Innovaci\u00f3n Educativa CoReN<\/p>\n<p><strong>Mar\u00eda Dolores Fern\u00e1ndez P\u00e9rez,\u00a0<\/strong>profesora de la Facultad de Educaci\u00f3n, coordinadora general del M\u00e1ster en Formaci\u00f3n del Profesorado de Educaci\u00f3n Secundaria, UNED<\/p>\n<p><strong>Sara Osuna Acedo,\u00a0<\/strong>profesora de la Facultad de Educaci\u00f3n, UNED<\/p>\n<p><strong>Roberto Aparici Marino,\u00a0<\/strong>profesor de la Facultad de Educaci\u00f3n, UNED, coordinador del M\u00e1ster en Comunicaci\u00f3n y Educaci\u00f3n en la Red<\/p>\n<p><strong>David Garc\u00eda Mar\u00edn,\u00a0<\/strong>peridodista, profesor colaborador en el M\u00e1ster de Comunicaci\u00f3n y Educaci\u00f3n en la Red, UNED<\/p>\n<p><strong>Alejandro Ignacio Rodr\u00edguez Sim\u00f3n,\u00a0<\/strong>profesor, Universidad Nacional de Quilmes, Argentina<\/p>\n<ol start=\"2\">\n<li><strong>\u00abProyecto CoReN<\/strong><strong>. Pedagog\u00eda digital: comunicaci\u00f3n, redes sociales y nuevas narrativas\u00bb<\/strong><\/li>\n<\/ol>\n<p>Proyecto de Innovaci\u00f3n Educativa CoReN<\/p>\n<p><a href=\"https:\/\/canal.uned.es\/video\/5b347031b1111f2f5c8b4567?track_id=5b3470d2b1111f8d5c8b4567\">Audio<\/a>\u00a0\u00a0|\u00a0\u00a0\u00a0<strong>Espa\u00f1ol\u00a0<\/strong><\/p>\n<p><a href=\"http:\/\/portal.uned.es\/portal\/page?_pageid=93,1&amp;_dad=portal&amp;_schema=PORTAL\">\u00a0UNED:<\/a><\/p>\n<p><a href=\"http:\/\/blogs.uned.es\/coren\/\">\u00a0Blog Proyecto CoReN:<\/a><\/p>\n<p><a href=\"https:\/\/canal.uned.es\/series\/5b3372bcb1111fc9388b456a\">\u00a0Serie en Canal UNED:<\/a><\/p>\n<p><a href=\"http:\/\/portal.uned.es\/portal\/page?_pageid=93,163016&amp;_dad=portal&amp;_schema=PORTAL\">\u00a0Facultad de Educaci\u00f3n:<\/a><\/p>\n<p><strong>Sonia Mar\u00eda Santove\u00f1a Casal,\u00a0<\/strong>profesora de la Facultad de Educaci\u00f3n, UNED, coordinadora del Proyecto de Innovaci\u00f3n Educativa CoReN<\/p>\n<p><strong>Mar\u00eda Dolores Fern\u00e1ndez P\u00e9rez,\u00a0<\/strong>profesora de la Facultad de Educaci\u00f3n, coordinadora general del M\u00e1ster en Formaci\u00f3n del Profesorado de Educaci\u00f3n Secundaria, UNED<\/p>\n<p><strong>Sara Osuna Acedo,\u00a0<\/strong>profesora de la Facultad de Educaci\u00f3n, UNED<\/p>\n<p><strong>Roberto Aparici Marino,\u00a0<\/strong>profesor de la Facultad de Educaci\u00f3n, UNED, coordinador del M\u00e1ster en Comunicaci\u00f3n y Educaci\u00f3n en la Red<\/p>\n<p><strong>David Garc\u00eda Mar\u00edn,\u00a0<\/strong>peridodista, profesor colaborador en el M\u00e1ster de Comunicaci\u00f3n y Educaci\u00f3n en la Red, UNED<\/p>\n<p><strong>Alejandro Ignacio Rodr\u00edguez Sim\u00f3n,\u00a0<\/strong>profesor, Universidad Nacional de Quilmes, Argentina<\/p>\n<p><strong>08 mayo 2018<\/strong><\/p>\n<ol start=\"3\">\n<li><strong>\u00abPresentaci\u00f3n del Proyecto de Innovaci\u00f3n Educativa UNED CoReN\u00bb<\/strong><\/li>\n<\/ol>\n<p><a href=\"https:\/\/canal.uned.es\/video\/5ae1aab1b1111f276a8b4568?track_id=5ae1ab96b1111fb16a8b4567\">Audio<\/a>\u00a0\u00a0|\u00a0\u00a0\u00a0<strong>Espa\u00f1ol\u00a0<\/strong>\u00a0|<\/p>\n<p><a href=\"http:\/\/portal.uned.es\/portal\/page?_pageid=93,1&amp;_dad=portal&amp;_schema=PORTAL\">\u00a0UNED:<\/a><\/p>\n<p><a href=\"http:\/\/portal.uned.es\/portal\/page?_pageid=93,163016&amp;_dad=portal&amp;_schema=PORTAL\">\u00a0Facultad de Educaci\u00f3n:<\/a><\/p>\n<p><a href=\"http:\/\/blogs.uned.es\/coren\/\">\u00a0Blog Proyecto CoReN:<\/a><\/p>\n<p><strong>Sonia Mar\u00eda Santove\u00f1a Casal,\u00a0<\/strong>profesora de la Facultad de Educaci\u00f3n, UNED, coordinadora del Proyecto de Innovaci\u00f3n Educativa CoReN<\/p>\n<p><strong>Mar\u00eda Dolores Fern\u00e1ndez P\u00e9rez,\u00a0<\/strong>profesora de la Facultad de Educaci\u00f3n, coordinadora general del M\u00e1ster en Formaci\u00f3n del Profesorado de Educaci\u00f3n Secundaria, UNED<\/p>\n<ol start=\"4\">\n<li><strong>\u00abProyecto de Innovaci\u00f3n Educativa CoReN. Pedagog\u00edas Digitales\u00bb<\/strong><\/li>\n<\/ol>\n<h1>\u00a0<a href=\"https:\/\/canal.uned.es\/video\/5ae1aab3b1111f276a8b456e?track_id=5ae1aba0b1111fbb6a8b4567\">Audio<\/a><\/h1>\n<h1><u><a href=\"http:\/\/portal.uned.es\/portal\/page?_pageid=93,1&amp;_dad=portal&amp;_schema=PORTAL\">\u00a0UNED:<\/a><\/u><\/h1>\n<h1><u><a href=\"http:\/\/portal.uned.es\/portal\/page?_pageid=93,163016&amp;_dad=portal&amp;_schema=PORTAL\">\u00a0Facultad de Educaci\u00f3n:<\/a><\/u><\/h1>\n<h1><u><a href=\"http:\/\/blogs.uned.es\/coren\/\">\u00a0Blog Proyecto CoReN:<\/a> <\/u><\/h1>\n<p>Sonia Mar\u00eda Santove\u00f1a Casal, profesora de la Facultad de Educaci\u00f3n, UNED, coordinadora del Proyecto de Innovaci\u00f3n Educativa CoReN<\/p>\n<p>Mar\u00eda Dolores Fern\u00e1ndez P\u00e9rez, profesora de la Facultad de Educaci\u00f3n, coordinadora general del M\u00e1ster en Formaci\u00f3n del Profesorado de Educaci\u00f3n Secundaria, UNED<\/p>\n<p>Sara Osuna Acedo, profesora de la Facultad de Educaci\u00f3n, UNED<\/p>\n<p>Roberto Aparici Marino, profesor de la Facultad de Educaci\u00f3n, UNED, coordinador del M\u00e1ster en Comunicaci\u00f3n y Educaci\u00f3n en la Red<\/p>\n<p>David Garc\u00eda Mar\u00edn, peridodista, profesor colaborador en el M\u00e1ster de Comunicaci\u00f3n y Educaci\u00f3n en la Red, UNED<\/p>\n<p>Alejandro Ignacio Rodr\u00edguez Sim\u00f3n, profesor, Universidad Nacional de Quilmes, Argentina<\/p>\n<h1>VIDEOCLASE<\/h1>\n<p>para asignatura Dise\u00f1o y Desarrollo del curriculum (M\u00e1ster de Formaci\u00f3n de profesorado \u2013 Secundaria- ) : Sonia videoclase realizada en: Este video ha sido incluido en la nueva serie:<\/p>\n<p><a href=\"https:\/\/canal.uned.es\/series\/5b39f23bb1111fb2478b4569\">https:\/\/canal.uned.es\/series\/5b39f23bb1111fb2478b4569<\/a><\/p>\n<p><strong>2. Congresos<\/strong><\/p>\n<p>Regina L\u00f3pez, S. y\u00a0Santove\u00f1a Casal, S. (2018).\u00a0Pr\u00e1cticas de innovaci\u00f3n y nuevas narrativas en contextos educomunicativos digitales,\u00a0VIII CONGRESO IBEROAMERICANO DE PEDAGOG\u00cdA\u00a0\u201cLA INNOVACI\u00d3N Y EL FUTURO DE LA EDUCACI\u00d3N PARA UN MUNDO PLURAL\u201d\u00a0\u00a014 al 17 de agosto del 2018-\u00a0Ciudad Aut\u00f3noma de Buenos Aires,\u00a0http:\/\/cip2018.untref.edu.ar\/home<\/p>\n<p>Santove\u00f1a, S. &amp; \u00a0Regina L\u00f3pez, S. (2018). Conectando. Aprendiendo. Innovando. En Twitter. Presentaci\u00f3n oral. Congreso Universitario Internacional Sobre La Comunicaci\u00f3n En La Profesi\u00f3n\u00a0 Y En La Universidad De Hoy:\u00a0 Contenidos, Investigaci\u00f3n, Innovaci\u00f3n Y Docencia\u00a0 (CUICIID 2018 Virtual y En L\u00ednea), <a href=\"http:\/\/www.seeci.net\/CUICIID\/\">http:\/\/www.seeci.net\/CUICIID\/,\u00a0<\/a><\/p>\n<p>Regina L\u00f3pez, S. y\u00a0Santove\u00f1a Casal, S. An\u00e1lisis de pedagog\u00edas digitales: comunicaci\u00f3n, redes sociales y nuevas narrativas. Presentaci\u00f3n oral. (2018) XIV Jornadas De Material Did\u00e1ctico Y Experiencias Innovadoras En Educaci\u00f3n Superior, Ramos Mej\u00eda 841, CABA (Buenos Aires). Declaradas de inter\u00e9s acad\u00e9mico seg\u00fan resoluci\u00f3n D N\u00b0 0502\/2018 CBC-UBA, 8 de agosto de 2018\u00a0<a href=\"http:\/\/www.escyt.org\/?p=4753&amp;lang=en\">http:\/\/www.escyt.org\/?p=4753&amp;lang=en<\/a><\/p>\n<p>Santove\u00f1a, S. &amp; \u00a0Regina L\u00f3pez, S. (2018). \u201cComunicaci\u00f3n, redes sociales y narrativa digital\u201d. I Congreso Iberoamericano de Docentes (virtual), <a href=\"http:\/\/www.formacionib.org\/congreso\/\">http:\/\/www.formacionib.org\/congreso\/<\/a>. Del 26 noviembre Al 08 diciembre De 2018<\/p>\n<p>Levrato, V. &amp; Aparicio, D. (2018). P\u00f3ster \u201cLa comunicaci\u00f3n en los procesos de ense\u00f1anza-aprendizaje de clases virtuales y presenciales\u201d.\u00a0I Congreso Iberoamericano de Docentes (virtual), <a href=\"http:\/\/www.formacionib.org\/congreso\/\">http:\/\/www.formacionib.org\/congreso\/<\/a>. Del 26 noviembre Al 08 diciembre De 2018<\/p>\n<p>Susana L\u00f3pez y Sonia Santove\u00f1a. An\u00e1lisis de pedagog\u00edas digitales: comunicaci\u00f3n, redes sociales y nuevas narrativas\u201d. Innovaciones para la ense\u00f1anza en aulas virtuales de Educaci\u00f3n Superior. XVIII Encuentro AIESAD 2018 y V Foro Internacional de Educaci\u00f3n Superior en Entornos Virtuales UNQ \u201cCreatividad e Innovaci\u00f3n en la construcci\u00f3n colaborativa del conocimiento\u201d Buenos Aires, <a href=\"http:\/\/www.uvq.edu.ar\/novedades\/v%C2%BA-foro-internacional-de-educaci%C3%B3n-en-entornos-virtuales-convocatoria-presentaci%C3%B3n-de\">http:\/\/www.uvq.edu.ar\/novedades\/v%C2%BA-foro-internacional-de-educaci%C3%B3n-en-entornos-virtuales-convocatoria-presentaci%C3%B3n-de<\/a>. 10, 11 y 12 de octubre.<\/p>\n<p>Innovaciones para la ense\u00f1anza en aulas virtuales de Educaci\u00f3n Superior. XVIII Encuentro AIESAD 2018 y V Foro Internacional de Educaci\u00f3n Superior en Entornos Virtuales UNQ \u201cCreatividad e Innovaci\u00f3n en la construcci\u00f3n colaborativa del conocimiento\u201d Buenos Aires.<\/p>\n<p>&nbsp;<\/p>\n<p>&nbsp;<script><\/p>\n<p><\/script><script><\/script><script><\/script><\/p>\n","protected":false},"excerpt":{"rendered":"<p>Programas de radio:\u00a0 \u00abProyecto CoReN. Pedagog\u00eda digital: aprendizaje activo y participativo en red\u00bb Proyecto de Innovaci\u00f3n Educativa CoReN Audio\u00a0\u00a0|\u00a0\u00a0\u00a0Espa\u00f1ol\u00a0 \u00a0UNED: \u00a0Blog Proyecto CoReN: \u00a0Serie en Canal UNED: \u00a0Facultad de Educaci\u00f3n: Sonia Mar\u00eda Santove\u00f1a Casal,\u00a0profesora de la Facultad de Educaci\u00f3n, UNED, <a class=\"more-link\" href=\"https:\/\/blogs.uned.es\/coren\/coren-proyecto-de-innovacion-18-19\/promocion\/\">Seguir leyendo <span class=\"meta-nav\">&rarr;<\/span><\/a><\/p>\n","protected":false},"author":215,"featured_media":0,"parent":149,"menu_order":3,"comment_status":"closed","ping_status":"closed","template":"","meta":{"footnotes":""},"class_list":["post-167","page","type-page","status-publish","hentry"],"_links":{"self":[{"href":"https:\/\/blogs.uned.es\/coren\/wp-json\/wp\/v2\/pages\/167","targetHints":{"allow":["GET"]}}],"collection":[{"href":"https:\/\/blogs.uned.es\/coren\/wp-json\/wp\/v2\/pages"}],"about":[{"href":"https:\/\/blogs.uned.es\/coren\/wp-json\/wp\/v2\/types\/page"}],"author":[{"embeddable":true,"href":"https:\/\/blogs.uned.es\/coren\/wp-json\/wp\/v2\/users\/215"}],"replies":[{"embeddable":true,"href":"https:\/\/blogs.uned.es\/coren\/wp-json\/wp\/v2\/comments?post=167"}],"version-history":[{"count":5,"href":"https:\/\/blogs.uned.es\/coren\/wp-json\/wp\/v2\/pages\/167\/revisions"}],"predecessor-version":[{"id":271,"href":"https:\/\/blogs.uned.es\/coren\/wp-json\/wp\/v2\/pages\/167\/revisions\/271"}],"up":[{"embeddable":true,"href":"https:\/\/blogs.uned.es\/coren\/wp-json\/wp\/v2\/pages\/149"}],"wp:attachment":[{"href":"https:\/\/blogs.uned.es\/coren\/wp-json\/wp\/v2\/media?parent=167"}],"curies":[{"name":"wp","href":"https:\/\/api.w.org\/{rel}","templated":true}]}}