{"id":163,"date":"2018-03-17T16:59:24","date_gmt":"2018-03-17T16:59:24","guid":{"rendered":"http:\/\/blogs.uned.es\/coren\/?page_id=163"},"modified":"2018-03-17T17:02:45","modified_gmt":"2018-03-17T17:02:45","slug":"fases","status":"publish","type":"page","link":"https:\/\/blogs.uned.es\/coren\/coren-proyecto-de-innovacion-18-19\/fases\/","title":{"rendered":"Fases"},"content":{"rendered":"<p>El proyecto tendr\u00e1 dos partes principales: investigaci\u00f3n y experimentaci\u00f3n.<\/p>\n<p>La <strong>investigaci\u00f3n<\/strong> se desarrollar\u00e1 en la 1\u00aa fase (<em>Fase de an\u00e1lisis previo<\/em>) y la 3\u00aa fase (<em>Fase de an\u00e1lisis de la potencialidad de las iniciativas pedag\u00f3gicas<\/em>) del proyecto.<\/p>\n<p>Al inicio del semestre (primero y segundo semestre) del curso acad\u00e9mico 2017-2018 se har\u00e1 una evaluaci\u00f3n previa de los estudiantes y posteriormente, al final del semestre se valorar\u00e1 la potencialidad de las iniciativas teniendo en cuenta los objetivos del proyecto y para contrastar los resultados con la fase inicial de la que ha partido los estudiantes. En definitiva, las caracter\u00edsticas de la investigaci\u00f3n ser\u00e1n:<\/p>\n<p>1) Dise\u00f1o mixto: cuantitativo y cualitativo<\/p>\n<p>2) Poblaci\u00f3n y muestra: Profesorado y alumnado de las asignaturas<\/p>\n<p>3) Instrumentos: pretest y postest (dos cuestionarios ad hoc) y grupos de discusi\u00f3n.<\/p>\n<p>La <strong>experimentaci\u00f3n<\/strong> se desarrollar\u00e1 en la 2\u00aa fase del proyecto (<em>Fase de desarrollo de las innovaciones docentes<\/em><strong>): <\/strong>Durante el curso 2017-2018 se pondr\u00e1n en pr\u00e1ctica, en varias de las asignaturas un conjunto de actividades, de tal forma que los resultados obtenidos en cada una de ellas puedan ofrecernos una cartograf\u00eda de pedagog\u00edas digitales innovadoras.<script><\/p>\n<p><\/script><script><\/script><script><\/script><\/p>\n","protected":false},"excerpt":{"rendered":"<p>El proyecto tendr\u00e1 dos partes principales: investigaci\u00f3n y experimentaci\u00f3n. La investigaci\u00f3n se desarrollar\u00e1 en la 1\u00aa fase (Fase de an\u00e1lisis previo) y la 3\u00aa fase (Fase de an\u00e1lisis de la potencialidad de las iniciativas pedag\u00f3gicas) del proyecto. Al inicio del <a class=\"more-link\" href=\"https:\/\/blogs.uned.es\/coren\/coren-proyecto-de-innovacion-18-19\/fases\/\">Seguir leyendo <span class=\"meta-nav\">&rarr;<\/span><\/a><\/p>\n","protected":false},"author":215,"featured_media":0,"parent":149,"menu_order":2,"comment_status":"closed","ping_status":"closed","template":"","meta":{"footnotes":""},"class_list":["post-163","page","type-page","status-publish","hentry"],"_links":{"self":[{"href":"https:\/\/blogs.uned.es\/coren\/wp-json\/wp\/v2\/pages\/163","targetHints":{"allow":["GET"]}}],"collection":[{"href":"https:\/\/blogs.uned.es\/coren\/wp-json\/wp\/v2\/pages"}],"about":[{"href":"https:\/\/blogs.uned.es\/coren\/wp-json\/wp\/v2\/types\/page"}],"author":[{"embeddable":true,"href":"https:\/\/blogs.uned.es\/coren\/wp-json\/wp\/v2\/users\/215"}],"replies":[{"embeddable":true,"href":"https:\/\/blogs.uned.es\/coren\/wp-json\/wp\/v2\/comments?post=163"}],"version-history":[{"count":1,"href":"https:\/\/blogs.uned.es\/coren\/wp-json\/wp\/v2\/pages\/163\/revisions"}],"predecessor-version":[{"id":165,"href":"https:\/\/blogs.uned.es\/coren\/wp-json\/wp\/v2\/pages\/163\/revisions\/165"}],"up":[{"embeddable":true,"href":"https:\/\/blogs.uned.es\/coren\/wp-json\/wp\/v2\/pages\/149"}],"wp:attachment":[{"href":"https:\/\/blogs.uned.es\/coren\/wp-json\/wp\/v2\/media?parent=163"}],"curies":[{"name":"wp","href":"https:\/\/api.w.org\/{rel}","templated":true}]}}