{"id":31,"date":"2019-10-09T10:31:23","date_gmt":"2019-10-09T08:31:23","guid":{"rendered":"http:\/\/blogs.uned.es\/compedigi\/?page_id=31"},"modified":"2021-01-22T11:21:25","modified_gmt":"2021-01-22T10:21:25","slug":"quienes","status":"publish","type":"page","link":"https:\/\/blogs.uned.es\/compedigi\/quienes\/","title":{"rendered":"Qui\u00e9nes somos"},"content":{"rendered":"\t\t<div data-elementor-type=\"wp-page\" data-elementor-id=\"31\" class=\"elementor elementor-31\">\n\t\t\t\t\t\t<section class=\"elementor-section elementor-top-section elementor-element elementor-element-72ded2c elementor-section-boxed elementor-section-height-default elementor-section-height-default\" data-id=\"72ded2c\" data-element_type=\"section\" data-e-type=\"section\">\n\t\t\t\t\t\t<div class=\"elementor-container elementor-column-gap-default\">\n\t\t\t\t\t<div class=\"elementor-column elementor-col-33 elementor-top-column elementor-element elementor-element-e3a32cd\" data-id=\"e3a32cd\" data-element_type=\"column\" data-e-type=\"column\">\n\t\t\t<div class=\"elementor-widget-wrap elementor-element-populated\">\n\t\t\t\t\t\t<div class=\"elementor-element elementor-element-698d576 elementor-widget elementor-widget-image\" data-id=\"698d576\" data-element_type=\"widget\" data-e-type=\"widget\" data-widget_type=\"image.default\">\n\t\t\t\t<div class=\"elementor-widget-container\">\n\t\t\t\t\t\t\t\t\t\t\t\t\t\t\t\t<a href=\"https:\/\/www.uned.es\/universidad\/inicio.html\">\n\t\t\t\t\t\t\t<img decoding=\"async\" width=\"150\" height=\"150\" src=\"https:\/\/blogs.uned.es\/compedigi\/wp-content\/uploads\/sites\/267\/2019\/10\/logo_uned_solo_transparente-150x150.png\" class=\"attachment-thumbnail size-thumbnail wp-image-63\" alt=\"\" srcset=\"https:\/\/blogs.uned.es\/compedigi\/wp-content\/uploads\/sites\/267\/2019\/10\/logo_uned_solo_transparente-150x150.png 150w, https:\/\/blogs.uned.es\/compedigi\/wp-content\/uploads\/sites\/267\/2019\/10\/logo_uned_solo_transparente-300x300.png 300w, https:\/\/blogs.uned.es\/compedigi\/wp-content\/uploads\/sites\/267\/2019\/10\/logo_uned_solo_transparente.png 500w\" sizes=\"(max-width: 150px) 100vw, 150px\" \/>\t\t\t\t\t\t\t\t<\/a>\n\t\t\t\t\t\t\t\t\t\t\t\t\t\t\t<\/div>\n\t\t\t\t<\/div>\n\t\t\t\t<div class=\"elementor-element elementor-element-1a64b0f elementor-widget-divider--view-line elementor-widget elementor-widget-divider\" data-id=\"1a64b0f\" data-element_type=\"widget\" data-e-type=\"widget\" data-widget_type=\"divider.default\">\n\t\t\t\t<div class=\"elementor-widget-container\">\n\t\t\t\t\t\t\t<div class=\"elementor-divider\">\n\t\t\t<span class=\"elementor-divider-separator\">\n\t\t\t\t\t\t<\/span>\n\t\t<\/div>\n\t\t\t\t\t\t<\/div>\n\t\t\t\t<\/div>\n\t\t\t\t<div class=\"elementor-element elementor-element-c51b8be elementor-widget elementor-widget-text-editor\" data-id=\"c51b8be\" data-element_type=\"widget\" data-e-type=\"widget\" data-widget_type=\"text-editor.default\">\n\t\t\t\t<div class=\"elementor-widget-container\">\n\t\t\t\t\t\t\t\t\t<p>La UNED es la mayor universidad de Espa\u00f1a, con sus m\u00e1s de 250.000 estudiantes que cursan sus titulaciones oficiales (27 grados, 65 m\u00e1steres universitarios, 18 programas de doctorado) o sus m\u00e1s de 600 cursos de formaci\u00f3n permanente. Desde la sede central y desde los centros asociados, se esfuerzan por apoyar d\u00eda a d\u00eda la meritoria marcha de sus estudiantes hacia la meta de su formaci\u00f3n.<\/p>\t\t\t\t\t\t\t\t<\/div>\n\t\t\t\t<\/div>\n\t\t\t\t<div class=\"elementor-element elementor-element-6898c93 elementor-widget elementor-widget-spacer\" data-id=\"6898c93\" data-element_type=\"widget\" data-e-type=\"widget\" data-widget_type=\"spacer.default\">\n\t\t\t\t<div class=\"elementor-widget-container\">\n\t\t\t\t\t\t\t<div class=\"elementor-spacer\">\n\t\t\t<div class=\"elementor-spacer-inner\"><\/div>\n\t\t<\/div>\n\t\t\t\t\t\t<\/div>\n\t\t\t\t<\/div>\n\t\t\t\t\t<\/div>\n\t\t<\/div>\n\t\t\t\t<div class=\"elementor-column elementor-col-33 elementor-top-column elementor-element elementor-element-8db0029\" data-id=\"8db0029\" data-element_type=\"column\" data-e-type=\"column\">\n\t\t\t<div class=\"elementor-widget-wrap elementor-element-populated\">\n\t\t\t\t\t\t<div class=\"elementor-element elementor-element-0e947d6 elementor-widget elementor-widget-image\" data-id=\"0e947d6\" data-element_type=\"widget\" data-e-type=\"widget\" data-widget_type=\"image.default\">\n\t\t\t\t<div class=\"elementor-widget-container\">\n\t\t\t\t\t\t\t\t\t\t\t\t\t\t\t\t<a href=\"https:\/\/oei.int\/oficinas\/panama\">\n\t\t\t\t\t\t\t<img decoding=\"async\" src=\"https:\/\/blogs.uned.es\/compedigi\/wp-content\/uploads\/sites\/267\/2021\/01\/OEI_marca_rgb_positivo_grafito-1.png\" title=\"OEI_marca_rgb_positivo_grafito\" alt=\"OEI_marca_rgb_positivo_grafito\" loading=\"lazy\" \/>\t\t\t\t\t\t\t\t<\/a>\n\t\t\t\t\t\t\t\t\t\t\t\t\t\t\t<\/div>\n\t\t\t\t<\/div>\n\t\t\t\t<div class=\"elementor-element elementor-element-f693a14 elementor-widget-divider--view-line elementor-widget elementor-widget-divider\" data-id=\"f693a14\" data-element_type=\"widget\" data-e-type=\"widget\" data-widget_type=\"divider.default\">\n\t\t\t\t<div class=\"elementor-widget-container\">\n\t\t\t\t\t\t\t<div class=\"elementor-divider\">\n\t\t\t<span class=\"elementor-divider-separator\">\n\t\t\t\t\t\t<\/span>\n\t\t<\/div>\n\t\t\t\t\t\t<\/div>\n\t\t\t\t<\/div>\n\t\t\t\t<div class=\"elementor-element elementor-element-38a2d9d elementor-widget elementor-widget-text-editor\" data-id=\"38a2d9d\" data-element_type=\"widget\" data-e-type=\"widget\" data-widget_type=\"text-editor.default\">\n\t\t\t\t<div class=\"elementor-widget-container\">\n\t\t\t\t\t\t\t\t\t<p>OEI &#8211; PANAM\u00c1.\u00a0<span>Organizaci\u00f3n de Estados Iberoamericanos para la Educaci\u00f3n, la Ciencia y la Cultura (OEI),\u00a0el mayor organismo de cooperaci\u00f3n multilateral entre pa\u00edses iberoamericanos de habla espa\u00f1ola y portuguesa,\u00a0con unos 500 expertos y colaboradores repartidos f\u00edsicamente por 19 pa\u00edses de Iberoam\u00e9rica.\u202f<\/span><\/p>\t\t\t\t\t\t\t\t<\/div>\n\t\t\t\t<\/div>\n\t\t\t\t\t<\/div>\n\t\t<\/div>\n\t\t\t\t<div class=\"elementor-column elementor-col-33 elementor-top-column elementor-element elementor-element-9fda11e\" data-id=\"9fda11e\" data-element_type=\"column\" data-e-type=\"column\">\n\t\t\t<div class=\"elementor-widget-wrap elementor-element-populated\">\n\t\t\t\t\t\t<div class=\"elementor-element elementor-element-26fb02f elementor-widget elementor-widget-image\" data-id=\"26fb02f\" data-element_type=\"widget\" data-e-type=\"widget\" data-widget_type=\"image.default\">\n\t\t\t\t<div class=\"elementor-widget-container\">\n\t\t\t\t\t\t\t\t\t\t\t\t\t\t\t\t<a href=\"http:\/\/convenioandresbello.org\/cab\/\">\n\t\t\t\t\t\t\t<img decoding=\"async\" width=\"180\" height=\"202\" src=\"https:\/\/blogs.uned.es\/compedigi\/wp-content\/uploads\/sites\/267\/2021\/01\/CAB-e1610828550522.png\" class=\"attachment-medium size-medium wp-image-517\" alt=\"\" \/>\t\t\t\t\t\t\t\t<\/a>\n\t\t\t\t\t\t\t\t\t\t\t\t\t\t\t<\/div>\n\t\t\t\t<\/div>\n\t\t\t\t<div class=\"elementor-element elementor-element-429b064 elementor-widget-divider--view-line elementor-widget elementor-widget-divider\" data-id=\"429b064\" data-element_type=\"widget\" data-e-type=\"widget\" data-widget_type=\"divider.default\">\n\t\t\t\t<div class=\"elementor-widget-container\">\n\t\t\t\t\t\t\t<div class=\"elementor-divider\">\n\t\t\t<span class=\"elementor-divider-separator\">\n\t\t\t\t\t\t<\/span>\n\t\t<\/div>\n\t\t\t\t\t\t<\/div>\n\t\t\t\t<\/div>\n\t\t\t\t<div class=\"elementor-element elementor-element-79c93bc elementor-widget elementor-widget-text-editor\" data-id=\"79c93bc\" data-element_type=\"widget\" data-e-type=\"widget\" data-widget_type=\"text-editor.default\">\n\t\t\t\t<div class=\"elementor-widget-container\">\n\t\t\t\t\t\t\t\t\t<p><span style=\"text-align: center\">La Organizaci\u00f3n del Convenio Andr\u00e9s Bello de Integraci\u00f3n Educativa, Cient\u00edfica, Tecnol\u00f3gica y Cultural, es un organismo intergubernamental, con personer\u00eda jur\u00eddica internacional, creado en virtud del Tratado suscrito en Bogot\u00e1, el 31 de enero de 1970, sustituido en Madrid en 1990.<\/span><\/p>\t\t\t\t\t\t\t\t<\/div>\n\t\t\t\t<\/div>\n\t\t\t\t\t<\/div>\n\t\t<\/div>\n\t\t\t\t\t<\/div>\n\t\t<\/section>\n\t\t\t\t<section class=\"elementor-section elementor-top-section elementor-element elementor-element-7dba139 elementor-section-boxed elementor-section-height-default elementor-section-height-default\" data-id=\"7dba139\" data-element_type=\"section\" data-e-type=\"section\">\n\t\t\t\t\t\t<div class=\"elementor-container elementor-column-gap-default\">\n\t\t\t\t\t<div class=\"elementor-column elementor-col-100 elementor-top-column elementor-element elementor-element-c671015\" data-id=\"c671015\" data-element_type=\"column\" data-e-type=\"column\">\n\t\t\t<div class=\"elementor-widget-wrap elementor-element-populated\">\n\t\t\t\t\t\t<div class=\"elementor-element elementor-element-e636225 elementor-widget-divider--view-line elementor-widget elementor-widget-divider\" data-id=\"e636225\" data-element_type=\"widget\" data-e-type=\"widget\" data-widget_type=\"divider.default\">\n\t\t\t\t<div class=\"elementor-widget-container\">\n\t\t\t\t\t\t\t<div class=\"elementor-divider\">\n\t\t\t<span class=\"elementor-divider-separator\">\n\t\t\t\t\t\t<\/span>\n\t\t<\/div>\n\t\t\t\t\t\t<\/div>\n\t\t\t\t<\/div>\n\t\t\t\t<div class=\"elementor-element elementor-element-74410b9 elementor-widget elementor-widget-heading\" data-id=\"74410b9\" data-element_type=\"widget\" data-e-type=\"widget\" data-widget_type=\"heading.default\">\n\t\t\t\t<div class=\"elementor-widget-container\">\n\t\t\t\t\t<h1 class=\"elementor-heading-title elementor-size-default\">JUSTIFICACI\u00d3N. PROGRAMA DE CAPACITACI\u00d3N DE FORMADORES EN COMPETENCIAS DIGITALES<\/h1>\t\t\t\t<\/div>\n\t\t\t\t<\/div>\n\t\t\t\t<div class=\"elementor-element elementor-element-f954e42 elementor-widget elementor-widget-text-editor\" data-id=\"f954e42\" data-element_type=\"widget\" data-e-type=\"widget\" data-widget_type=\"text-editor.default\">\n\t\t\t\t<div class=\"elementor-widget-container\">\n\t\t\t\t\t\t\t\t\t<p>La cooperaci\u00f3n espa\u00f1ola colabora con Am\u00e9rica Latina y El Caribe (ALC) a trav\u00e9s de diversos programas y organismos, entre ellos AECID, que van contribuyendo y alcanzando tangibles resultados en la regi\u00f3n. En todos los \u00e1mbitos de la vida \u201cLo digital\u201d est\u00e1 cada vez m\u00e1s presente alcanzando a los \u00e1mbitos educativo, laboral, social, econ\u00f3mico, salud, investigaci\u00f3n, gesti\u00f3n, etc. Por este motivo, es cada vez es m\u00e1s necesario que las personas adquieran un cierto dominio en competencias digitales, siendo esta una preocupaci\u00f3n a nivel internacional, la necesidad de formar a las personas como ciudadanos y ciudadanas del siglo XXI.<\/p><p>El habitante de este tiempo que no posee esas competencias digitales con alg\u00fan nivel de profundidad es calificado de <i>analfabeto digital<\/i>. Si bien dicha calificaci\u00f3n no determina la calidad del ciudadano actual, s\u00ed permite dise\u00f1ar pol\u00edticas inclusivas para que la mayor\u00eda cuente con las herramientas necesarias para vivir a la altura de las circunstancias tecnol\u00f3gicas actuales.<\/p><p><span style=\"font-weight: 400\">En una revisi\u00f3n de las pol\u00edticas de alfabetizaci\u00f3n digital de algunos pa\u00edses latinoamericanos, se encontr\u00f3 que los gobiernos canalizan la mayor\u00eda de sus acciones a trav\u00e9s de los sistemas educativos formales. Esto garantizar\u00eda, de alguna manera, que las nuevas generaciones contaran con las competencias digitales suficientes para participar activamente de la sociedad de la informaci\u00f3n, siempre y cuando la calidad de la formaci\u00f3n docente mejorara<\/span><\/p><p>En\u00a0ALC, cada pa\u00eds implementa planes individuales de inclusi\u00f3n y\/o alfabetizaci\u00f3n digital.\u00a0La situaci\u00f3n es desigual en cuanto a dominio en competencias digitales, tanto entre pa\u00edses como entre ciudadanos de un mismo pa\u00eds. Las administraciones p\u00fablicas en sus servicios al ciudadano tienen tambi\u00e9n notorias diferencias y se evidencian carencias, que se reducir\u00edan en la medida que se avance hacia la gesti\u00f3n y prestaci\u00f3n de servicios digitales. Si esto ocurre en las administraciones p\u00fablicas (gobiernos, nacionales, regionales, provinciales, municipales, \u2026), es necesario tambi\u00e9n empoderar en competencias digitales a la ciudadan\u00eda.<\/p><p>La Uni\u00f3n Europea cuenta con un <a href=\"https:\/\/epale.ec.europa.eu\/es\/content\/marco-europeo-de-competencias-digitales-digcomp\">Marco Europeo de Competencias Digitales (DigComp)<\/a>\u00a0sobre las que se basan las principales acciones de inclusi\u00f3n digital de la poblaci\u00f3n.\u00a0<\/p><p><span style=\"font-weight: 400\">En relaci\u00f3n a la importancia de los <strong>Marcos de Competencias Digitales<\/strong>,<\/span> <span style=\"font-weight: 400\">\u00a0<\/span><span style=\"font-weight: 400\">el informe sobre el marco de evaluaci\u00f3n del estado de preparaci\u00f3n y competencias de los pa\u00edses (UNESCO, 2013) define a la alfabetizaci\u00f3n informacional y en medios (alfabetizaci\u00f3n digital en adelante) al conjunto de competencias que permite a los ciudadanos acceder, recuperar, entender, evaluar y usar, para crear y compartir informaci\u00f3n y contenidos multimedia en todos los formatos, utilizando diversas herramientas, de un modo cr\u00edtico, \u00e9tico y efectivo, con el fin de participar y comprometerse en actividades personales, profesionales y sociales.<\/span><\/p><p><span style=\"font-weight: 400\">Es por ello, que la formulaci\u00f3n de un marco que describa y organice las competencias digitales que requiere esta \u00e9poca es de una importancia significativa.\u00a0\u00a0\u00a0<\/span><\/p><p><span style=\"font-weight: 400\">Algunas regiones y pa\u00edses del mundo han avanzado en la creaci\u00f3n de estos marcos conceptuales. Sus avances permitir\u00edan iniciar los primeros estudios estad\u00edsticos y recomendaciones para la inclusi\u00f3n del colectivo latinoamericano en la sociedad global del conocimiento.<\/span><\/p><p>En este contexto de actuaci\u00f3n, se propone un <strong>Programa de capacitaci\u00f3n de formadores en competencias digitales,<\/strong> en formato virtual. Se desarrollar\u00eda en dos a\u00f1os (2021-2022).\u00a0<\/p><p>Cinco cursos virtuales en los que se acometer\u00e1n las cinco \u00e1reas\u00a0 de competencias digitales y las respectivas subcompetencias, de acuerdo al Marco Europeo de Competencias Digitales (DIGCOMP). La organizaci\u00f3n de las formaci\u00f3n se estructurar\u00e1 en tres fases.\u00a0\u00a0<\/p><ul><li>Fase 1: formaci\u00f3n de corte general.<\/li><li>Fase 2: formaci\u00f3n de profundizaci\u00f3n y desarrollo.<\/li><li>Fase 3: formaci\u00f3n de aplicaci\u00f3n (casos pr\u00e1cticos).<\/li><\/ul><p>Se admitir\u00e1 a 60 personas por\u00a0 curso. Se prev\u00e9 la formaci\u00f3n de un p\u00fablico objetivo superior a 100 personas de\u00a0los 21 pa\u00edses prioritarios de ALC establecidos en el V Plan Director de la Cooperaci\u00f3n Espa\u00f1ola.\u00a0<\/p>\t\t\t\t\t\t\t\t<\/div>\n\t\t\t\t<\/div>\n\t\t\t\t<div class=\"elementor-element elementor-element-9820559 elementor-widget-divider--view-line elementor-widget elementor-widget-divider\" data-id=\"9820559\" data-element_type=\"widget\" data-e-type=\"widget\" data-widget_type=\"divider.default\">\n\t\t\t\t<div class=\"elementor-widget-container\">\n\t\t\t\t\t\t\t<div class=\"elementor-divider\">\n\t\t\t<span class=\"elementor-divider-separator\">\n\t\t\t\t\t\t<\/span>\n\t\t<\/div>\n\t\t\t\t\t\t<\/div>\n\t\t\t\t<\/div>\n\t\t\t\t\t<\/div>\n\t\t<\/div>\n\t\t\t\t\t<\/div>\n\t\t<\/section>\n\t\t\t\t<section class=\"elementor-section elementor-top-section elementor-element elementor-element-151a8dd elementor-section-boxed elementor-section-height-default elementor-section-height-default\" data-id=\"151a8dd\" data-element_type=\"section\" data-e-type=\"section\">\n\t\t\t\t\t\t<div class=\"elementor-container elementor-column-gap-default\">\n\t\t\t\t\t<div class=\"elementor-column elementor-col-50 elementor-top-column elementor-element elementor-element-ee49390\" data-id=\"ee49390\" data-element_type=\"column\" data-e-type=\"column\">\n\t\t\t<div class=\"elementor-widget-wrap elementor-element-populated\">\n\t\t\t\t\t\t<div class=\"elementor-element elementor-element-eca0842 elementor-widget elementor-widget-image\" data-id=\"eca0842\" data-element_type=\"widget\" data-e-type=\"widget\" data-widget_type=\"image.default\">\n\t\t\t\t<div class=\"elementor-widget-container\">\n\t\t\t\t\t\t\t\t\t\t\t\t\t\t\t<img fetchpriority=\"high\" decoding=\"async\" width=\"300\" height=\"300\" src=\"https:\/\/blogs.uned.es\/compedigi\/wp-content\/uploads\/sites\/267\/2021\/01\/Logo-azu-instit.1-300x300.png\" class=\"attachment-medium size-medium wp-image-511\" alt=\"\" srcset=\"https:\/\/blogs.uned.es\/compedigi\/wp-content\/uploads\/sites\/267\/2021\/01\/Logo-azu-instit.1-300x300.png 300w, https:\/\/blogs.uned.es\/compedigi\/wp-content\/uploads\/sites\/267\/2021\/01\/Logo-azu-instit.1-150x150.png 150w, https:\/\/blogs.uned.es\/compedigi\/wp-content\/uploads\/sites\/267\/2021\/01\/Logo-azu-instit.1.png 400w\" sizes=\"(max-width: 300px) 100vw, 300px\" \/>\t\t\t\t\t\t\t\t\t\t\t\t\t\t\t<\/div>\n\t\t\t\t<\/div>\n\t\t\t\t\t<\/div>\n\t\t<\/div>\n\t\t\t\t<div class=\"elementor-column elementor-col-50 elementor-top-column elementor-element elementor-element-f0bf8fe\" data-id=\"f0bf8fe\" data-element_type=\"column\" data-e-type=\"column\">\n\t\t\t<div class=\"elementor-widget-wrap elementor-element-populated\">\n\t\t\t\t\t\t<div class=\"elementor-element elementor-element-706274d elementor-widget elementor-widget-image\" data-id=\"706274d\" data-element_type=\"widget\" data-e-type=\"widget\" data-widget_type=\"image.default\">\n\t\t\t\t<div class=\"elementor-widget-container\">\n\t\t\t\t\t\t\t\t\t\t\t\t\t\t\t<img loading=\"lazy\" decoding=\"async\" width=\"696\" height=\"464\" src=\"https:\/\/blogs.uned.es\/compedigi\/wp-content\/uploads\/sites\/267\/2019\/10\/contentos-1024x683.jpg\" class=\"attachment-large size-large wp-image-57\" alt=\"\" srcset=\"https:\/\/blogs.uned.es\/compedigi\/wp-content\/uploads\/sites\/267\/2019\/10\/contentos-1024x683.jpg 1024w, https:\/\/blogs.uned.es\/compedigi\/wp-content\/uploads\/sites\/267\/2019\/10\/contentos-300x200.jpg 300w, https:\/\/blogs.uned.es\/compedigi\/wp-content\/uploads\/sites\/267\/2019\/10\/contentos-768x512.jpg 768w, https:\/\/blogs.uned.es\/compedigi\/wp-content\/uploads\/sites\/267\/2019\/10\/contentos.jpg 1200w\" sizes=\"(max-width: 696px) 100vw, 696px\" \/>\t\t\t\t\t\t\t\t\t\t\t\t\t\t\t<\/div>\n\t\t\t\t<\/div>\n\t\t\t\t\t<\/div>\n\t\t<\/div>\n\t\t\t\t\t<\/div>\n\t\t<\/section>\n\t\t\t\t<section class=\"elementor-section elementor-top-section elementor-element elementor-element-a04a025 elementor-section-stretched elementor-section-boxed elementor-section-height-default elementor-section-height-default\" data-id=\"a04a025\" data-element_type=\"section\" data-e-type=\"section\" data-settings=\"{&quot;stretch_section&quot;:&quot;section-stretched&quot;,&quot;background_background&quot;:&quot;classic&quot;}\">\n\t\t\t\t\t\t<div class=\"elementor-container elementor-column-gap-default\">\n\t\t\t\t\t<div class=\"elementor-column elementor-col-100 elementor-top-column elementor-element elementor-element-dd5780f\" data-id=\"dd5780f\" data-element_type=\"column\" data-e-type=\"column\">\n\t\t\t<div class=\"elementor-widget-wrap elementor-element-populated\">\n\t\t\t\t\t\t<div class=\"elementor-element elementor-element-ddaf4a7 elementor-widget-divider--view-line elementor-widget elementor-widget-divider\" data-id=\"ddaf4a7\" data-element_type=\"widget\" data-e-type=\"widget\" data-widget_type=\"divider.default\">\n\t\t\t\t<div class=\"elementor-widget-container\">\n\t\t\t\t\t\t\t<div class=\"elementor-divider\">\n\t\t\t<span class=\"elementor-divider-separator\">\n\t\t\t\t\t\t<\/span>\n\t\t<\/div>\n\t\t\t\t\t\t<\/div>\n\t\t\t\t<\/div>\n\t\t\t\t<div class=\"elementor-element elementor-element-7649e41 elementor-widget elementor-widget-heading\" data-id=\"7649e41\" data-element_type=\"widget\" data-e-type=\"widget\" data-widget_type=\"heading.default\">\n\t\t\t\t<div class=\"elementor-widget-container\">\n\t\t\t\t\t<h1 class=\"elementor-heading-title elementor-size-default\">Infograf\u00edas. Programa de capacitaci\u00f3n de formadores en competencias digitales<\/h1>\t\t\t\t<\/div>\n\t\t\t\t<\/div>\n\t\t\t\t<div class=\"elementor-element elementor-element-b963562 elementor-widget elementor-widget-text-editor\" data-id=\"b963562\" data-element_type=\"widget\" data-e-type=\"widget\" data-widget_type=\"text-editor.default\">\n\t\t\t\t<div class=\"elementor-widget-container\">\n\t\t\t\t\t\t\t\t\t<p style=\"text-align: center\"><strong>Per\u00edodo 2021-2022<\/strong><\/p><p><img loading=\"lazy\" decoding=\"async\" class=\"aligncenter wp-image-729 size-large\" src=\"http:\/\/blogs.uned.es\/compedigi\/wp-content\/uploads\/sites\/267\/2021\/01\/INFOGRAF\u00cdA-2021-1024x725.jpg\" alt=\"\" width=\"800\" height=\"566\" srcset=\"https:\/\/blogs.uned.es\/compedigi\/wp-content\/uploads\/sites\/267\/2021\/01\/INFOGRAF\u00cdA-2021-1024x725.jpg 1024w, https:\/\/blogs.uned.es\/compedigi\/wp-content\/uploads\/sites\/267\/2021\/01\/INFOGRAF\u00cdA-2021-300x212.jpg 300w, https:\/\/blogs.uned.es\/compedigi\/wp-content\/uploads\/sites\/267\/2021\/01\/INFOGRAF\u00cdA-2021-768x543.jpg 768w, https:\/\/blogs.uned.es\/compedigi\/wp-content\/uploads\/sites\/267\/2021\/01\/INFOGRAF\u00cdA-2021.jpg 1115w\" sizes=\"(max-width: 800px) 100vw, 800px\" \/><img loading=\"lazy\" decoding=\"async\" class=\"wp-image-731 size-large aligncenter\" src=\"http:\/\/blogs.uned.es\/compedigi\/wp-content\/uploads\/sites\/267\/2021\/01\/INFOGRAF\u00cdA-2022-1024x720.jpg\" alt=\"\" width=\"800\" height=\"563\" srcset=\"https:\/\/blogs.uned.es\/compedigi\/wp-content\/uploads\/sites\/267\/2021\/01\/INFOGRAF\u00cdA-2022-1024x720.jpg 1024w, https:\/\/blogs.uned.es\/compedigi\/wp-content\/uploads\/sites\/267\/2021\/01\/INFOGRAF\u00cdA-2022-300x211.jpg 300w, https:\/\/blogs.uned.es\/compedigi\/wp-content\/uploads\/sites\/267\/2021\/01\/INFOGRAF\u00cdA-2022-768x540.jpg 768w, https:\/\/blogs.uned.es\/compedigi\/wp-content\/uploads\/sites\/267\/2021\/01\/INFOGRAF\u00cdA-2022.jpg 1118w\" sizes=\"(max-width: 800px) 100vw, 800px\" \/><\/p>\t\t\t\t\t\t\t\t<\/div>\n\t\t\t\t<\/div>\n\t\t\t\t<div class=\"elementor-element elementor-element-46e27ae elementor-align-center elementor-widget elementor-widget-button\" data-id=\"46e27ae\" data-element_type=\"widget\" data-e-type=\"widget\" data-widget_type=\"button.default\">\n\t\t\t\t<div class=\"elementor-widget-container\">\n\t\t\t\t\t\t\t\t\t<div class=\"elementor-button-wrapper\">\n\t\t\t\t\t<a class=\"elementor-button elementor-button-link elementor-size-md\" href=\"http:\/\/blogs.uned.es\/compedigi\/contacto\/\">\n\t\t\t\t\t\t<span class=\"elementor-button-content-wrapper\">\n\t\t\t\t\t\t\t\t\t<span class=\"elementor-button-text\">CONTACTA CON NOSOTROS<\/span>\n\t\t\t\t\t<\/span>\n\t\t\t\t\t<\/a>\n\t\t\t\t<\/div>\n\t\t\t\t\t\t\t\t<\/div>\n\t\t\t\t<\/div>\n\t\t\t\t\t<\/div>\n\t\t<\/div>\n\t\t\t\t\t<\/div>\n\t\t<\/section>\n\t\t\t\t<\/div>\n\t\t","protected":false},"excerpt":{"rendered":"<p>La UNED es la mayor universidad de Espa\u00f1a, con sus m\u00e1s de 250.000 estudiantes que cursan sus titulaciones oficiales (27 grados, 65 m\u00e1steres universitarios, 18 programas de doctorado) o sus m\u00e1s de 600 cursos de formaci\u00f3n permanente. Desde la sede central y desde los centros asociados, se esfuerzan por apoyar d\u00eda a d\u00eda la meritoria<\/p><\/div>\n<div class=\"blog-btn\"><a href=\"https:\/\/blogs.uned.es\/compedigi\/quienes\/\" class=\"home-blog-btn\">Leer m\u00e1s<\/a><\/p>\n","protected":false},"author":1,"featured_media":0,"parent":0,"menu_order":0,"comment_status":"closed","ping_status":"closed","template":"","meta":{"footnotes":""},"class_list":["post-31","page","type-page","status-publish","hentry"],"_links":{"self":[{"href":"https:\/\/blogs.uned.es\/compedigi\/wp-json\/wp\/v2\/pages\/31","targetHints":{"allow":["GET"]}}],"collection":[{"href":"https:\/\/blogs.uned.es\/compedigi\/wp-json\/wp\/v2\/pages"}],"about":[{"href":"https:\/\/blogs.uned.es\/compedigi\/wp-json\/wp\/v2\/types\/page"}],"author":[{"embeddable":true,"href":"https:\/\/blogs.uned.es\/compedigi\/wp-json\/wp\/v2\/users\/1"}],"replies":[{"embeddable":true,"href":"https:\/\/blogs.uned.es\/compedigi\/wp-json\/wp\/v2\/comments?post=31"}],"version-history":[{"count":45,"href":"https:\/\/blogs.uned.es\/compedigi\/wp-json\/wp\/v2\/pages\/31\/revisions"}],"predecessor-version":[{"id":863,"href":"https:\/\/blogs.uned.es\/compedigi\/wp-json\/wp\/v2\/pages\/31\/revisions\/863"}],"wp:attachment":[{"href":"https:\/\/blogs.uned.es\/compedigi\/wp-json\/wp\/v2\/media?parent=31"}],"curies":[{"name":"wp","href":"https:\/\/api.w.org\/{rel}","templated":true}]}}