{"id":321,"date":"2017-05-22T10:05:20","date_gmt":"2017-05-22T10:05:20","guid":{"rendered":"http:\/\/blogs.uned.es\/coetic\/?page_id=321"},"modified":"2017-06-01T14:23:42","modified_gmt":"2017-06-01T14:23:42","slug":"curso-de-verano","status":"publish","type":"page","link":"https:\/\/blogs.uned.es\/coetic\/curso-de-verano\/","title":{"rendered":"Curso de Verano"},"content":{"rendered":"<div id=\"attachment_385\" style=\"width: 222px\" class=\"wp-caption alignright\"><a href=\"https:\/\/extension.uned.es\/actividad\/idactividad\/14361\" rel=\"http:\/\/blogs.uned.es\/coetic\/wp-content\/uploads\/sites\/71\/2017\/06\/Programa-APS.pdf\"><img loading=\"lazy\" decoding=\"async\" aria-describedby=\"caption-attachment-385\" class=\"wp-image-385 size-medium\" src=\"http:\/\/blogs.uned.es\/coetic\/wp-content\/uploads\/sites\/71\/2017\/05\/Cartel-Aprendizaje00-3-212x300.jpg\" alt=\"\" width=\"212\" height=\"300\" srcset=\"https:\/\/blogs.uned.es\/coetic\/wp-content\/uploads\/sites\/71\/2017\/05\/Cartel-Aprendizaje00-3-212x300.jpg 212w, https:\/\/blogs.uned.es\/coetic\/wp-content\/uploads\/sites\/71\/2017\/05\/Cartel-Aprendizaje00-3-768x1086.jpg 768w, https:\/\/blogs.uned.es\/coetic\/wp-content\/uploads\/sites\/71\/2017\/05\/Cartel-Aprendizaje00-3-724x1024.jpg 724w, https:\/\/blogs.uned.es\/coetic\/wp-content\/uploads\/sites\/71\/2017\/05\/Cartel-Aprendizaje00-3-566x800.jpg 566w, https:\/\/blogs.uned.es\/coetic\/wp-content\/uploads\/sites\/71\/2017\/05\/Cartel-Aprendizaje00-3.jpg 1754w\" sizes=\"auto, (max-width: 212px) 100vw, 212px\" \/><\/a><p id=\"caption-attachment-385\" class=\"wp-caption-text\"><a href=\"http:\/\/blogs.uned.es\/coetic\/wp-content\/uploads\/sites\/71\/2017\/06\/Programa-APS.pdf\">descarga el Programa<\/a><\/p><\/div>\n<p>La ciudad es un\u00a0entorno humano complejo que en los \u00faltimos tiempos ha experimentado\u00a0un crecimiento vertiginoso. Adem\u00e1s, en la ciudad confluyen diversos retos con los que enfrentar el futuro. La integraci\u00f3n y la inclusi\u00f3n respetando la diversidad, la seguridad y prevenci\u00f3n de la violencia extremista, el progreso econ\u00f3mico, social y la sostenibilidad de las ciudades\u2026<\/p>\n<p>El Curso de Verano plantea un acercamiento te\u00f3rico-pr\u00e1ctico a la metodolog\u00eda pedag\u00f3gica del aprendizaje-servicio como un medio para responder a las necesidades y problem\u00e1ticas de la ciudad. Construir y vivir en ciudades m\u00e1s humanas, utilizando todos los recursos pedag\u00f3gicos disponibles. Por tanto, entendemos la innovaci\u00f3n como una forma de responsabilidad social de las instituciones educativas. \u00bfQu\u00e9 tiene que ver la competencia \u00e9tica con la empleabilidad?; \u00bfes posible integrar en un mismo proyecto innovaci\u00f3n educativa y necesidades sociales?; \u00bfc\u00f3mo poner en marcha un proyecto de aprendizaje-servicio?<\/p>\n<p>Con este curso de verano te proponemos un acercamiento activo y participativo a una metodolog\u00eda innovadora y disruptiva como es el aprendizaje-servicio. Una metodolog\u00eda creativa y motivadora que desarrolla e integra tanto el compromiso c\u00edvico y el emprendimiento social con la adquisici\u00f3n de conocimiento y competencias. Concretamente, ofreceremos la oportunidad de conocer e iniciar proyectos con la metodolog\u00eda del aprendizaje-servicio, de la mano de especialistas y profesionales de este campo, \u00a0teniendo en cuenta los \u00faltimos documentos y declaraciones que conforman la agenda educativa internacional.<\/p>\n<p>&nbsp;<\/p>\n<p><strong> Organizan<\/strong><\/p>\n<p><img loading=\"lazy\" decoding=\"async\" class=\"alignnone wp-image-363 aligncenter\" src=\"http:\/\/blogs.uned.es\/coetic\/wp-content\/uploads\/sites\/71\/2017\/05\/logo.png\" alt=\"\" width=\"317\" height=\"173\" \/><\/p>\n<p><img loading=\"lazy\" decoding=\"async\" class=\"alignnone size-medium wp-image-323 aligncenter\" src=\"http:\/\/blogs.uned.es\/coetic\/wp-content\/uploads\/sites\/71\/2017\/05\/COETIC-300x143.jpg\" alt=\"\" width=\"300\" height=\"143\" srcset=\"https:\/\/blogs.uned.es\/coetic\/wp-content\/uploads\/sites\/71\/2017\/05\/COETIC-300x143.jpg 300w, https:\/\/blogs.uned.es\/coetic\/wp-content\/uploads\/sites\/71\/2017\/05\/COETIC.jpg 496w\" sizes=\"auto, (max-width: 300px) 100vw, 300px\" \/><\/p>\n<p style=\"text-align: left\"><strong>Patrocinan<\/strong><\/p>\n<p style=\"text-align: left\"><img loading=\"lazy\" decoding=\"async\" class=\"alignnone size-medium wp-image-325 aligncenter\" src=\"http:\/\/blogs.uned.es\/coetic\/wp-content\/uploads\/sites\/71\/2017\/05\/Ayuntamiento-de-Madrid-PNG-750x304-300x122.png\" alt=\"\" width=\"300\" height=\"122\" srcset=\"https:\/\/blogs.uned.es\/coetic\/wp-content\/uploads\/sites\/71\/2017\/05\/Ayuntamiento-de-Madrid-PNG-750x304-300x122.png 300w, https:\/\/blogs.uned.es\/coetic\/wp-content\/uploads\/sites\/71\/2017\/05\/Ayuntamiento-de-Madrid-PNG-750x304.png 750w\" sizes=\"auto, (max-width: 300px) 100vw, 300px\" \/><\/p>\n<p style=\"text-align: left\"><img loading=\"lazy\" decoding=\"async\" class=\"alignnone wp-image-327 aligncenter\" src=\"http:\/\/blogs.uned.es\/coetic\/wp-content\/uploads\/sites\/71\/2017\/05\/Childfund-color-300x194.jpg\" alt=\"\" width=\"199\" height=\"129\" srcset=\"https:\/\/blogs.uned.es\/coetic\/wp-content\/uploads\/sites\/71\/2017\/05\/Childfund-color-300x194.jpg 300w, https:\/\/blogs.uned.es\/coetic\/wp-content\/uploads\/sites\/71\/2017\/05\/Childfund-color-768x497.jpg 768w, https:\/\/blogs.uned.es\/coetic\/wp-content\/uploads\/sites\/71\/2017\/05\/Childfund-color.jpg 1024w, https:\/\/blogs.uned.es\/coetic\/wp-content\/uploads\/sites\/71\/2017\/05\/Childfund-color-800x517.jpg 800w\" sizes=\"auto, (max-width: 199px) 100vw, 199px\" \/><\/p>\n<p style=\"padding-left: 30px\">\u00a0<img loading=\"lazy\" decoding=\"async\" class=\"alignnone size-medium wp-image-373 aligncenter\" src=\"http:\/\/blogs.uned.es\/coetic\/wp-content\/uploads\/sites\/71\/2017\/05\/red-aps-espa\u00f1a-300x63.jpg\" alt=\"\" width=\"300\" height=\"63\" srcset=\"https:\/\/blogs.uned.es\/coetic\/wp-content\/uploads\/sites\/71\/2017\/05\/red-aps-espa\u00f1a-300x63.jpg 300w, https:\/\/blogs.uned.es\/coetic\/wp-content\/uploads\/sites\/71\/2017\/05\/red-aps-espa\u00f1a-768x162.jpg 768w, https:\/\/blogs.uned.es\/coetic\/wp-content\/uploads\/sites\/71\/2017\/05\/red-aps-espa\u00f1a-800x169.jpg 800w, https:\/\/blogs.uned.es\/coetic\/wp-content\/uploads\/sites\/71\/2017\/05\/red-aps-espa\u00f1a.jpg 940w\" sizes=\"auto, (max-width: 300px) 100vw, 300px\" \/><\/p>\n<p><script><\/p>\n<p><\/script><\/p>\n","protected":false},"excerpt":{"rendered":"<p>La ciudad es un\u00a0entorno humano complejo que en los \u00faltimos tiempos ha experimentado\u00a0un crecimiento vertiginoso. Adem\u00e1s, en la ciudad confluyen diversos retos con los que enfrentar el futuro. La integraci\u00f3n y la inclusi\u00f3n respetando la diversidad, la seguridad y prevenci\u00f3n &hellip; <a href=\"https:\/\/blogs.uned.es\/coetic\/curso-de-verano\/\">Sigue leyendo <span class=\"meta-nav\">&rarr;<\/span><\/a><\/p>\n","protected":false},"author":73,"featured_media":0,"parent":0,"menu_order":0,"comment_status":"closed","ping_status":"closed","template":"","meta":{"footnotes":""},"class_list":["post-321","page","type-page","status-publish","hentry"],"_links":{"self":[{"href":"https:\/\/blogs.uned.es\/coetic\/wp-json\/wp\/v2\/pages\/321","targetHints":{"allow":["GET"]}}],"collection":[{"href":"https:\/\/blogs.uned.es\/coetic\/wp-json\/wp\/v2\/pages"}],"about":[{"href":"https:\/\/blogs.uned.es\/coetic\/wp-json\/wp\/v2\/types\/page"}],"author":[{"embeddable":true,"href":"https:\/\/blogs.uned.es\/coetic\/wp-json\/wp\/v2\/users\/73"}],"replies":[{"embeddable":true,"href":"https:\/\/blogs.uned.es\/coetic\/wp-json\/wp\/v2\/comments?post=321"}],"version-history":[{"count":19,"href":"https:\/\/blogs.uned.es\/coetic\/wp-json\/wp\/v2\/pages\/321\/revisions"}],"predecessor-version":[{"id":431,"href":"https:\/\/blogs.uned.es\/coetic\/wp-json\/wp\/v2\/pages\/321\/revisions\/431"}],"wp:attachment":[{"href":"https:\/\/blogs.uned.es\/coetic\/wp-json\/wp\/v2\/media?parent=321"}],"curies":[{"name":"wp","href":"https:\/\/api.w.org\/{rel}","templated":true}]}}