{"id":259,"date":"2017-03-26T22:08:07","date_gmt":"2017-03-26T22:08:07","guid":{"rendered":"http:\/\/blogs.uned.es\/coetic\/?page_id=259"},"modified":"2017-06-01T14:08:37","modified_gmt":"2017-06-01T14:08:37","slug":"ecos-en-prensa","status":"publish","type":"page","link":"https:\/\/blogs.uned.es\/coetic\/ecos-en-prensa\/","title":{"rendered":"PRENSA"},"content":{"rendered":"<p><strong>&gt; <span style=\"color: #003300\">COETIC<\/span> organiza el curso de verano \u00abAprendizaje-servicio y compromiso c\u00edvico con la ciudad\u00bb (Madrid, 28-30 de junio de 2017)<\/strong><\/p>\n<p>&nbsp;<\/p>\n<p><strong>&gt; <a href=\"http:\/\/blogs.uned.es\/coetic\/2017\/06\/01\/encuentro-coetic-profesores-de-polonia-erasmus\/\">Encuentro entre Profesores de la Universidad\u00a0Nicol\u00e1s Copernico (Tor\u00fan, Polonia) y la\u00a0Universidad de Silesia (Katowice, Polonia) y\u00a0COETIC en el marco del Programa\u00a0Erasmus +<\/a> [Madrid, 12\/5\/2017]<\/strong><\/p>\n<p><strong>&gt; <span style=\"color: #003300\">COETIC<\/span> particip\u00f3 en la I Jornada de Aprendizaje-Servicio Ayuntamiento de Madrid y Universidades P\u00fablicas Madrile\u00f1as\u00a0[24\/3\/2017]<\/strong><\/p>\n<p><img loading=\"lazy\" decoding=\"async\" class=\"aligncenter wp-image-277 size-medium\" src=\"http:\/\/blogs.uned.es\/coetic\/wp-content\/uploads\/sites\/71\/2017\/03\/FullSizeRender-2-300x282.jpg\" alt=\"\" width=\"300\" height=\"282\" srcset=\"https:\/\/blogs.uned.es\/coetic\/wp-content\/uploads\/sites\/71\/2017\/03\/FullSizeRender-2-300x282.jpg 300w, https:\/\/blogs.uned.es\/coetic\/wp-content\/uploads\/sites\/71\/2017\/03\/FullSizeRender-2-768x722.jpg 768w, https:\/\/blogs.uned.es\/coetic\/wp-content\/uploads\/sites\/71\/2017\/03\/FullSizeRender-2-800x752.jpg 800w, https:\/\/blogs.uned.es\/coetic\/wp-content\/uploads\/sites\/71\/2017\/03\/FullSizeRender-2.jpg 1009w\" sizes=\"auto, (max-width: 300px) 100vw, 300px\" \/><\/p>\n<pre class=\"story-leaf-title\">Ayuntamiento y la Universidad colaboran para que los alumnos conozcan la realidad social (<a href=\"http:\/\/www.madrid.es\/portales\/munimadrid\/es\/Inicio\/Actualidad\/Noticias\/Ayuntamiento-y-la-Universidad-colaboran-para-que-los-alumnos-conozcan-la-realidad-social?vgnextfmt=default&amp;vgnextoid=ad5d1257e400b510VgnVCM2000001f4a900aRCRD&amp;vgnextchannel=a12149fa40ec9410VgnVCM100000171f5a0aRCRD\">Ayuntamiento de Madrid, 24\/3\/2017<\/a>)<\/pre>\n<pre class=\"story-leaf-title\">El Ayuntamiento incorpora nuevos programas de aprendizaje \r\npara universitarios (<a href=\"http:\/\/www.lavanguardia.com\/local\/madrid\/20170324\/421151164610\/el-ayuntamiento-incorpora-nuevos-programas-de-aprendizaje-para-universitarios.html\" target=\"_blank\" rel=\"noopener noreferrer\">La Vanguardia, 24\/3\/2017<\/a>)<\/pre>\n<pre>Las Universidades P\u00fablicas Madrile\u00f1as y el Ayuntamiento de \r\nMadrid colaboran para que el aprendizaje curricular de los \r\nuniversitarios sirva a las necesidades reales de la \r\ncomunidad (<a href=\"http:\/\/ecoaula.eleconomista.es\/universidades\/noticias\/8243126\/03\/17\/Las-Universidades-Publicas-Madrilenas-y-el-Ayuntamiento-de-Madrid-colaboran-para-que-el-aprendizaje-curricular-de-los-universitarios-sirva-a-las-necesidades-reales-de-la-comunidad-.html\">El Economista, 23\/3\/2017<\/a>)<\/pre>\n<pre>Llega el aprendizaje-servicio, la responsabilidad social \r\nde los universitarios (<a href=\"http:\/\/www.tribuna.ucm.es\/43\/art2696.php#.WNg8gFcbQvo\">Tribuna Complutense, 24\/3\/2017<\/a>)<\/pre>\n<p><script><\/p>\n<p><\/script><\/p>\n","protected":false},"excerpt":{"rendered":"<p>&gt; COETIC organiza el curso de verano \u00abAprendizaje-servicio y compromiso c\u00edvico con la ciudad\u00bb (Madrid, 28-30 de junio de 2017) &nbsp; &gt; Encuentro entre Profesores de la Universidad\u00a0Nicol\u00e1s Copernico (Tor\u00fan, Polonia) y la\u00a0Universidad de Silesia (Katowice, Polonia) y\u00a0COETIC en el &hellip; <a href=\"https:\/\/blogs.uned.es\/coetic\/ecos-en-prensa\/\">Sigue leyendo <span class=\"meta-nav\">&rarr;<\/span><\/a><\/p>\n","protected":false},"author":73,"featured_media":0,"parent":0,"menu_order":0,"comment_status":"closed","ping_status":"closed","template":"","meta":{"footnotes":""},"class_list":["post-259","page","type-page","status-publish","hentry"],"_links":{"self":[{"href":"https:\/\/blogs.uned.es\/coetic\/wp-json\/wp\/v2\/pages\/259","targetHints":{"allow":["GET"]}}],"collection":[{"href":"https:\/\/blogs.uned.es\/coetic\/wp-json\/wp\/v2\/pages"}],"about":[{"href":"https:\/\/blogs.uned.es\/coetic\/wp-json\/wp\/v2\/types\/page"}],"author":[{"embeddable":true,"href":"https:\/\/blogs.uned.es\/coetic\/wp-json\/wp\/v2\/users\/73"}],"replies":[{"embeddable":true,"href":"https:\/\/blogs.uned.es\/coetic\/wp-json\/wp\/v2\/comments?post=259"}],"version-history":[{"count":13,"href":"https:\/\/blogs.uned.es\/coetic\/wp-json\/wp\/v2\/pages\/259\/revisions"}],"predecessor-version":[{"id":421,"href":"https:\/\/blogs.uned.es\/coetic\/wp-json\/wp\/v2\/pages\/259\/revisions\/421"}],"wp:attachment":[{"href":"https:\/\/blogs.uned.es\/coetic\/wp-json\/wp\/v2\/media?parent=259"}],"curies":[{"name":"wp","href":"https:\/\/api.w.org\/{rel}","templated":true}]}}