{"id":599,"date":"2024-04-18T08:44:33","date_gmt":"2024-04-18T06:44:33","guid":{"rendered":"https:\/\/blogs.uned.es\/cibercsi\/?page_id=599"},"modified":"2025-06-12T14:48:49","modified_gmt":"2025-06-12T12:48:49","slug":"transferencia","status":"publish","type":"page","link":"https:\/\/blogs.uned.es\/cibercsi\/transferencia\/","title":{"rendered":"Transferencia"},"content":{"rendered":"<h2>Transferencia<\/h2>\n<h2>M\u00e9ritos Relevantes Tecnol\u00f3gicos y de Transferencia<\/h2>\n<ul>\n<li><a href=\"https:\/\/ciberfp.es\/2025-jornada-fp-ciberseguridad-industrial-ies-pacifico-19-junio\" target=\"_blank\" rel=\"noopener\">Jornada educativa sobre Ciberseguridad Industrial, Infraestructuras Cr\u00edticas e IoT organizada por Asociaciones Profesionales de Ciberseguridad. <\/a>2025.<\/li>\n<li><a href=\"https:\/\/www.aepd.es\/infografias\/tratamientos-inteligencia-artificial.pdf\" target=\"_blank\" rel=\"noopener\">Colaboraci\u00f3n en el Mapa de Referencia: \u00abTratamientos que incluyen INTELIGENCIA ARTIFICIAL (IA)\u00bb de la AEPD. <\/a>2025.<\/li>\n<li>Coordinaci\u00f3n de la C\u00e1tedra internacional\u00a0concedida por INCIBE en convocatoria p\u00fablica de 2023: \u201cSmart Rural IoT and Secured Environments\u201d. Desde el 01\/01\/2024 hasta el 31\/12\/2025 (adenda hasta 2026). Convenio UNED-INCIBE. Investigador Principal: Rafael Pastor Vargas. Cantidad: 1.166.000,00\u20ac.<\/li>\n<li>Participaci\u00f3n en el Proyecto Tecnolog\u00edas Aplicadas al Patrimonio Cultural para la Difusi\u00f3n y Puesta en Valor del Patrimonio Cultural. Liderazgo del m\u00f3dulo \u201cPlanificaci\u00f3n y Desarrollo de Webs y Apps\u201d; Director del m\u00f3dulo: Antonio Robles G\u00f3mez. Ministerio de Cultura y Deporte y la UNED. 2023-2026.<\/li>\n<li>Participaci\u00f3n en la elaboraci\u00f3n de una propuesta de est\u00e1ndar de borrado seguro para la empresa Delete Technology. 2024-2025.<\/li>\n<li>Coordinaci\u00f3n de la iniciativa UNED-INCIBE Cybercamp a trav\u00e9s del curso Experto Professional de Ciberseguridad. Convenio UNED-INCIBE. Coordinador: Rafael Pastor Vargas \/ Antonio Robles G\u00f3mez \/ Agust\u00edn C. Caminero Herr\u00e1ez. Desde 2023 a 2025.<\/li>\n<li>Supervisi\u00f3n de pr\u00e1cticas en empresas de Formaci\u00f3n Profesional de la Comunidad de Madrid: SMR y ASIR. 2024 y 2025.<\/li>\n<li>Coordinaci\u00f3n de ayudas concedidas para la contrataci\u00f3n de t\u00e9cnicos de apoyo a la investigaci\u00f3n. Comunidad de Madrid, Fondo Social Europeo, Iniciativa de Empleo Juvenil (YEI).<\/li>\n<li>Participaci\u00f3n en el Seminario \u00abEl Esquema Nacional de Seguridad (\u201cENS\u201d) y su Aplicaci\u00f3n en el \u00c1mbito de la Contrataci\u00f3n P\u00fablica\u00bb. Broseta, Valencia.\u00a0Marzo, 2024.<\/li>\n<li>Art\u00edculo 83. Coordinaci\u00f3n, asistencia y soporte a la edici\u00f3n en espa\u00f1ol del MOOC: Elements of AI\u00a0 Comisi\u00f3n Europea y el Ministerio de Econom\u00eda y Transformaci\u00f3n Digital del Gobierno de Espa\u00f1a (2021-2023).<\/li>\n<li>Participaci\u00f3n en el Seminario \u00abRediMadrid 2023&#8243;:\u00a0La Unidad de Sistemas y Tecnolog\u00eda de la ETSI Inform\u00e1tica de la UNED: Impulsando la Innovaci\u00f3n Educativa\u00bb. Octubre, 2023.<\/li>\n<li>Participaci\u00f3n en el Seminario \u201cIII Encuentro Regional AIESAD: Sin l\u00edmites ni fronteras. Nuevos desaf\u00edos de la educaci\u00f3n superior en la era digital\u201d, con la charla\u00a0Plataforma para desarrollo de Laboratorios remotos de industria 4.0 (IN4LABS). Septiembre, 2023.<\/li>\n<li>Participaci\u00f3n en el programa de TVE-2: \u201cFake News. La f\u00e1brica de mentiras\u201d. Noviembre, 2023.<\/li>\n<li>Participaci\u00f3n en el curso de verano \u00abTecnolog\u00edas Blockchain para la sociedad\u00bb, dentro de la sesi\u00f3n \u00abProyectos e iniciativas blockchain impulsados por los miembros del Grupo Local de Blockchain de IEEE Espa\u00f1a\u00bb. Junio de 2023.<\/li>\n<li>Coordinaci\u00f3n y participaci\u00f3n en el Seminario \u00abImplementaci\u00f3n del ENS en entidades locales y empresas p\u00fablicas de la CAM\u00bb, Fundaci\u00f3n UNED y ETSI Inform\u00e1tica de la UNED.\u00a0Diciembre, 2022.<\/li>\n<li>Participaci\u00f3n en el m\u00f3dulo de Blockchain perteneciente al C1b3rwall Academy: \u201cBlockchain y su aplicaci\u00f3n en gesti\u00f3n de evidencias\u201d. Junio, 2021.<\/li>\n<li>Art\u00edculo 83 con Wave App, D.L. (2020-2021).<\/li>\n<\/ul>\n","protected":false},"excerpt":{"rendered":"<p>Transferencia M\u00e9ritos Relevantes Tecnol\u00f3gicos y de Transferencia Jornada educativa sobre Ciberseguridad Industrial, Infraestructuras Cr\u00edticas e IoT organizada por Asociaciones Profesionales de Ciberseguridad. 2025. Colaboraci\u00f3n en el Mapa de Referencia: \u00abTratamientos que incluyen INTELIGENCIA ARTIFICIAL (IA)\u00bb de la AEPD. 2025. Coordinaci\u00f3n de la C\u00e1tedra internacional\u00a0concedida por INCIBE en convocatoria p\u00fablica de 2023: \u201cSmart Rural IoT and Secured Environments\u201d. Desde el 01\/01\/2024 hasta el 31\/12\/2025 (adenda hasta 2026). Convenio UNED-INCIBE. Investigador Principal: Rafael Pastor Vargas. Cantidad: 1.166.000,00\u20ac. Participaci\u00f3n en el Proyecto Tecnolog\u00edas Aplicadas al Patrimonio Cultural para la Difusi\u00f3n y Puesta en Valor del Patrimonio Cultural. Liderazgo del m\u00f3dulo \u201cPlanificaci\u00f3n y Desarrollo de Webs y Apps\u201d; Director del m\u00f3dulo: Antonio Robles G\u00f3mez. Ministerio de Cultura y Deporte y la UNED. 2023-2026. Participaci\u00f3n en la elaboraci\u00f3n de una propuesta de est\u00e1ndar de borrado seguro para la empresa Delete Technology. 2024-2025. Coordinaci\u00f3n de la iniciativa UNED-INCIBE Cybercamp a trav\u00e9s del curso Experto Professional de&hellip;<\/p>\n<p> <a class=\"more-link\" href=\"https:\/\/blogs.uned.es\/cibercsi\/transferencia\/\">Leer m\u00e1s<\/a><\/p>\n","protected":false},"author":7851,"featured_media":0,"parent":0,"menu_order":0,"comment_status":"closed","ping_status":"closed","template":"","meta":{"footnotes":""},"class_list":["post-599","page","type-page","status-publish"],"_links":{"self":[{"href":"https:\/\/blogs.uned.es\/cibercsi\/wp-json\/wp\/v2\/pages\/599","targetHints":{"allow":["GET"]}}],"collection":[{"href":"https:\/\/blogs.uned.es\/cibercsi\/wp-json\/wp\/v2\/pages"}],"about":[{"href":"https:\/\/blogs.uned.es\/cibercsi\/wp-json\/wp\/v2\/types\/page"}],"author":[{"embeddable":true,"href":"https:\/\/blogs.uned.es\/cibercsi\/wp-json\/wp\/v2\/users\/7851"}],"replies":[{"embeddable":true,"href":"https:\/\/blogs.uned.es\/cibercsi\/wp-json\/wp\/v2\/comments?post=599"}],"version-history":[{"count":24,"href":"https:\/\/blogs.uned.es\/cibercsi\/wp-json\/wp\/v2\/pages\/599\/revisions"}],"predecessor-version":[{"id":1767,"href":"https:\/\/blogs.uned.es\/cibercsi\/wp-json\/wp\/v2\/pages\/599\/revisions\/1767"}],"wp:attachment":[{"href":"https:\/\/blogs.uned.es\/cibercsi\/wp-json\/wp\/v2\/media?parent=599"}],"curies":[{"name":"wp","href":"https:\/\/api.w.org\/{rel}","templated":true}]}}