{"id":31,"date":"2019-10-09T10:31:23","date_gmt":"2019-10-09T08:31:23","guid":{"rendered":"http:\/\/blogs.uned.es\/ceah\/?page_id=31"},"modified":"2026-03-11T14:29:19","modified_gmt":"2026-03-11T13:29:19","slug":"quienes","status":"publish","type":"page","link":"https:\/\/blogs.uned.es\/ceah\/quienes\/","title":{"rendered":"Qui\u00e9nes somos"},"content":{"rendered":"\t\t<div data-elementor-type=\"wp-page\" data-elementor-id=\"31\" class=\"elementor elementor-31\">\n\t\t\t\t\t\t<section class=\"elementor-section elementor-top-section elementor-element elementor-element-323f72d elementor-section-stretched elementor-section-height-min-height elementor-section-content-middle elementor-section-boxed elementor-section-height-default elementor-section-items-middle\" data-id=\"323f72d\" data-element_type=\"section\" data-e-type=\"section\" data-settings=\"{&quot;stretch_section&quot;:&quot;section-stretched&quot;,&quot;background_background&quot;:&quot;classic&quot;}\">\n\t\t\t\t\t\t<div class=\"elementor-container elementor-column-gap-default\">\n\t\t\t\t\t<div class=\"elementor-column elementor-col-100 elementor-top-column elementor-element elementor-element-8292dc7\" data-id=\"8292dc7\" data-element_type=\"column\" data-e-type=\"column\">\n\t\t\t<div class=\"elementor-widget-wrap elementor-element-populated\">\n\t\t\t\t\t\t<section class=\"elementor-section elementor-inner-section elementor-element elementor-element-1bdd6da elementor-section-boxed elementor-section-height-default elementor-section-height-default\" data-id=\"1bdd6da\" data-element_type=\"section\" data-e-type=\"section\">\n\t\t\t\t\t\t<div class=\"elementor-container elementor-column-gap-default\">\n\t\t\t\t\t<div class=\"elementor-column elementor-col-50 elementor-inner-column elementor-element elementor-element-74ff986\" data-id=\"74ff986\" data-element_type=\"column\" data-e-type=\"column\">\n\t\t\t<div class=\"elementor-widget-wrap\">\n\t\t\t\t\t\t\t<\/div>\n\t\t<\/div>\n\t\t\t\t<div class=\"elementor-column elementor-col-50 elementor-inner-column elementor-element elementor-element-a8ac438\" data-id=\"a8ac438\" data-element_type=\"column\" data-e-type=\"column\">\n\t\t\t<div class=\"elementor-widget-wrap elementor-element-populated\">\n\t\t\t\t\t\t<div class=\"elementor-element elementor-element-e41b967 elementor-widget elementor-widget-heading\" data-id=\"e41b967\" data-element_type=\"widget\" data-e-type=\"widget\" data-widget_type=\"heading.default\">\n\t\t\t\t<div class=\"elementor-widget-container\">\n\t\t\t\t\t<h2 class=\"elementor-heading-title elementor-size-xxl\">Qui\u00e9nes somos<\/h2>\t\t\t\t<\/div>\n\t\t\t\t<\/div>\n\t\t\t\t\t<\/div>\n\t\t<\/div>\n\t\t\t\t\t<\/div>\n\t\t<\/section>\n\t\t\t\t\t<\/div>\n\t\t<\/div>\n\t\t\t\t\t<\/div>\n\t\t<\/section>\n\t\t\t\t<section class=\"elementor-section elementor-top-section elementor-element elementor-element-0c6aec8 elementor-section-boxed elementor-section-height-default elementor-section-height-default\" data-id=\"0c6aec8\" data-element_type=\"section\" data-e-type=\"section\">\n\t\t\t\t\t\t<div class=\"elementor-container elementor-column-gap-default\">\n\t\t\t\t\t<div class=\"elementor-column elementor-col-100 elementor-top-column elementor-element elementor-element-e1a7444\" data-id=\"e1a7444\" data-element_type=\"column\" data-e-type=\"column\">\n\t\t\t<div class=\"elementor-widget-wrap\">\n\t\t\t\t\t\t\t<\/div>\n\t\t<\/div>\n\t\t\t\t\t<\/div>\n\t\t<\/section>\n\t\t\t\t<section class=\"elementor-section elementor-top-section elementor-element elementor-element-7dba139 elementor-section-boxed elementor-section-height-default elementor-section-height-default\" data-id=\"7dba139\" data-element_type=\"section\" data-e-type=\"section\">\n\t\t\t\t\t\t<div class=\"elementor-container elementor-column-gap-default\">\n\t\t\t\t\t<div class=\"elementor-column elementor-col-100 elementor-top-column elementor-element elementor-element-c671015\" data-id=\"c671015\" data-element_type=\"column\" data-e-type=\"column\">\n\t\t\t<div class=\"elementor-widget-wrap elementor-element-populated\">\n\t\t\t\t\t\t<div class=\"elementor-element elementor-element-e636225 elementor-widget-divider--view-line elementor-widget elementor-widget-divider\" data-id=\"e636225\" data-element_type=\"widget\" data-e-type=\"widget\" data-widget_type=\"divider.default\">\n\t\t\t\t<div class=\"elementor-widget-container\">\n\t\t\t\t\t\t\t<div class=\"elementor-divider\">\n\t\t\t<span class=\"elementor-divider-separator\">\n\t\t\t\t\t\t<\/span>\n\t\t<\/div>\n\t\t\t\t\t\t<\/div>\n\t\t\t\t<\/div>\n\t\t\t\t<div class=\"elementor-element elementor-element-74410b9 elementor-widget elementor-widget-heading\" data-id=\"74410b9\" data-element_type=\"widget\" data-e-type=\"widget\" data-widget_type=\"heading.default\">\n\t\t\t\t<div class=\"elementor-widget-container\">\n\t\t\t\t\t<h1 class=\"elementor-heading-title elementor-size-default\">OBJETO DEL CENTRO DE ESTUDIOS AFRO\u2010HISP\u00c1NICOS<\/h1>\t\t\t\t<\/div>\n\t\t\t\t<\/div>\n\t\t\t\t<div class=\"elementor-element elementor-element-f954e42 elementor-widget elementor-widget-text-editor\" data-id=\"f954e42\" data-element_type=\"widget\" data-e-type=\"widget\" data-widget_type=\"text-editor.default\">\n\t\t\t\t<div class=\"elementor-widget-container\">\n\t\t\t\t\t\t\t\t\t<p>El Centro de Estudios Afro\u2010Hisp\u00e1nicos de la UNED, en adelante CEAH, tiene por objeto exclusivo promover y coordinar la investigaci\u00f3n multidisciplinar de las poblaciones afrohisp\u00e1nicas del mundo, as\u00ed como difundir \u2013mediante la docencia y la publicaci\u00f3n\u2013\u00a0 los resultados de esa investigaci\u00f3n.<\/p><p>El CEAH excluye de forma expl\u00edcita y deliberada cualquier otro posible objetivo pol\u00edtico, diplom\u00e1tico, social, ideol\u00f3gico o filantr\u00f3pico que pueda constre\u00f1ir o condicionar la libre producci\u00f3n de conocimientos en ese \u00e1mbito de estudio.<\/p><p>Entendemos por \u201cpoblaciones afro\u2010hisp\u00e1nicas\u201d todas las poblaciones humanas residentes en \u00c1frica y\/o de origen africano, hist\u00f3ricamente afectadas o influidas, en el pasado y en el presente, por las lenguas, culturas y sociedades hisp\u00e1nicas de Europa y Am\u00e9rica.<\/p><p>Entendemos que Hispania, como Iberia \u2013a diferencia de Espa\u00f1a y Portugal\u2010\u00a0tiene actualmente s\u00f3lo un referente geogr\u00e1fico, no pol\u00edtico: la pen\u00ednsula sudoccidental de Europa. Lo cual nos lleva a incluir como objeto de nuestro estudio a tres\u00a0\u00a0bloques o tipos principales de poblaci\u00f3n:<\/p><ol><li>Las poblaciones africanas que fueron colonizadas por los Estados de Espa\u00f1a y Portugal y cuyos descendientes habitan los territorios de los actuales Estados independientes surgidos de los procesos de descolonizaci\u00f3n de ambas metr\u00f3polis.<\/li><li>Las poblaciones de origen africano en las antiguas colonias espa\u00f1olas y portuguesas de Am\u00e9rica (en su inmensa mayor\u00eda, descendientes de los africanos llevados como esclavos a dichas colonias)<\/li><li>Las poblaciones africanas actualmente residentes en Espa\u00f1a y Portugal: inmigrantes de origen africano.<\/li><\/ol><p>Aunque entendemos que \u00e9se es el \u00e1mbito m\u00e1s amplio en el que deben tender a encuadrarse las investigaciones del CEAH, su punto de partida \u2013el \u00e1mbito al que ahora mismo se circunscriben las investigaciones de quienes promovemos el CEAH\u2013 se limita de facto, por el momento, a las poblaciones africanas que fueron colonizadas por Espa\u00f1a y que habitan actualmente los territorios de Guinea Ecuatorial y Marruecos. Es voluntad del CEAH ir ampliando progresivamente esos l\u00edmites e ir abriendo las investigaciones a una perspectiva te\u00f3rica comparativa que tenga en cuenta todo el \u00e1mbito afro\u2010hisp\u00e1nico, en el que \u2013como hemos dicho\u2010\u00a0consideramos incluido el \u00e1mbito portugu\u00e9s y luso\u2010americano.<\/p><p>Consideramos asimismo fundamental que las investigaciones promovidas por el CEAH sean de car\u00e1cter multi\u2010disciplinar e inter\u2010disciplinar, que rompan con las artificiales y esterilizantes barreras te\u00f3ricas y metodol\u00f3gicas actualmente imperantes entre las distintas disciplinas acad\u00e9micas, que se reparten burocr\u00e1ticamente el \u00e1mbito inseparable de las Humanidades y las Ciencias Sociales. Ese es el motivo de que entre los promotores del CEAH (tanto entre los que somos miembros de la UNED como entre los de otras Universidades espa\u00f1olas y extranjeras y los que trabajan fuera de cualquier Universidad) encontremos antrop\u00f3logos, historiadores, juristas, arque\u00f3logos, fil\u00f3logos, cr\u00edticos literarios, diplom\u00e1ticos, periodistas y estudiosos\u00a0 \u00a0sin arraigo acad\u00e9mico: el CEAH abrir\u00e1 sus puertas a todo investigador que busque desinteresadamente el conocimiento y la superaci\u00f3n de los estrechos l\u00edmites acad\u00e9micos de su disciplina.<\/p><p><strong>AIMS OF THE CENTRE FOR AFRO-HISPANIC STUDIES<\/strong><\/p><p>The Centre for Afro-Hispanic Studies at the UNED in Madrid, hereinafter referred to as CEAH, has as its core mission the promotion and coordination of multidisciplinary research of the world\u2019s Afro-Hispanic populations, as well as the dissemination of the results of this research through teaching and publication.<\/p><p>The CEAH explicitly and deliberately excludes any other potential political, diplomatic, social, ideological or philanthropic objectives that may constrain or condition the free production of knowledge in this field of study.<\/p><p>By Afro-Hispanic populations we understand all peoples living in Africa and\/or of African origin, which have been historically affected or impacted, in the past or in the present, by the languages, cultures and societies of Hispanic communities in Europe and the Americas.<\/p><p>We consider Hispania, like Iberia \u2013unlike Spain and Portugal\u2014 only as a geographical (and not as a political) reference: that is, the southwestern peninsula of Europe. This leads us to include three main areas as the field and subject of our study:<\/p><ol><li>The African populations colonized by Spanish and Portuguese states, and whose descendants inhabit the territories of the current independent States that arose from the decolonization processes from both metropolises.<\/li><li>Populations of African origin in the former Spanish and Portuguese colonies of America (primarily descendants of Africans brought as slaves to these colonies).<\/li><li>African populations currently residing in Spain or Portugal as immigrants of African origin.<\/li><\/ol><p>Although we understand that this is the broadest scope in which the investigations of the CEAH should tend to be framed, its starting point \u2013the scope to which the investigations of those of us who promote the CEAH are currently dedicated to\u2014 is de facto limited, for the moment, to the African populations that were colonised by Spain and currently inhabit the territories of Equatorial Guinea, Morocco and Western Sahara. It is the CEAH\u2019s intention to gradually widen the scope and open up the research to a comparative theoretical perspective that takes into account the entire Afro-Hispanic sphere, in which \u2013as we previously stated\u2014 we intend to encompass the Portuguese and Portuguese-American sphere.<\/p><p>We also consider it essential that the research promoted by CEAH be multidisciplinary and interdisciplinary in nature, breaking away with the artificial and sterilizing theoretical and methodological barriers currently prevailing among the different academic and disciplinary traditions, which bureaucratically divide the inseparable fields of the Humanities and the Social Sciences. This is the reason why amongst the members of the CEAH, which include faculty from the UNED, researchers at other universities in Spain or at a number of institutions abroad, and those who work outside of the University, we count on the expertise of anthropologists, historians, archaeologists, philologists, literary and cultural critics, diplomats, journalists, musicologists, and scholars without traditional academic backgrounds. The CEAH will open its doors to any researcher who independently seeks knowledge in these areas and the overcoming of the narrow academic constraints of their discipline.<\/p><p>Equipo directivo:<\/p><p>Directora:\u00a0Paz Moreno Feli\u00fa\u00a0(UNED; Fac. de Filosof\u00eda, Dep. de Antropolog\u00eda)<\/p><p>Secretario:\u00a0Ra\u00fal S\u00e1nchez Molina\u00a0(UNED; Fac. de Filosof\u00eda, Dep. de Antropolog\u00eda)<\/p>\t\t\t\t\t\t\t\t<\/div>\n\t\t\t\t<\/div>\n\t\t\t\t\t<\/div>\n\t\t<\/div>\n\t\t\t\t\t<\/div>\n\t\t<\/section>\n\t\t\t\t<section class=\"elementor-section elementor-top-section elementor-element elementor-element-a04a025 elementor-section-stretched elementor-section-boxed elementor-section-height-default elementor-section-height-default\" data-id=\"a04a025\" data-element_type=\"section\" data-e-type=\"section\" data-settings=\"{&quot;stretch_section&quot;:&quot;section-stretched&quot;,&quot;background_background&quot;:&quot;classic&quot;}\">\n\t\t\t\t\t\t<div class=\"elementor-container elementor-column-gap-default\">\n\t\t\t\t\t<div class=\"elementor-column elementor-col-100 elementor-top-column elementor-element elementor-element-dd5780f\" data-id=\"dd5780f\" data-element_type=\"column\" data-e-type=\"column\">\n\t\t\t<div class=\"elementor-widget-wrap elementor-element-populated\">\n\t\t\t\t\t\t<div class=\"elementor-element elementor-element-7649e41 elementor-widget elementor-widget-heading\" data-id=\"7649e41\" data-element_type=\"widget\" data-e-type=\"widget\" data-widget_type=\"heading.default\">\n\t\t\t\t<div class=\"elementor-widget-container\">\n\t\t\t\t\t<h1 class=\"elementor-heading-title elementor-size-default\"><strong>Historia y Fundaci\u00f3n<\/strong><\/h1>\t\t\t\t<\/div>\n\t\t\t\t<\/div>\n\t\t\t\t<div class=\"elementor-element elementor-element-b963562 elementor-widget elementor-widget-text-editor\" data-id=\"b963562\" data-element_type=\"widget\" data-e-type=\"widget\" data-widget_type=\"text-editor.default\">\n\t\t\t\t<div class=\"elementor-widget-container\">\n\t\t\t\t\t\t\t\t\t<p>El Centro de Estudios Afro-Hisp\u00e1nicos (CEAH) fue creado oficialmente por acuerdo del Consejo de Gobierno de la UNED el 5 de mayo de 2015. El <a href=\"https:\/\/blogs.uned.es\/ceah\/2026\/03\/11\/investigando-guinea-ecuatorial-entrevista-con-juan-aranzadi\/\">proyecto<\/a> fue impulsado y promovido por un grupo multidisciplinar de investigadores, entre los que destacan Juan Aranzadi (miembro fundador e investigador principal del proyecto que constituy\u00f3 el centro) y Gonzalo \u00c1lvarez Chillida.<\/p><p>Desde sus inicios, el CEAH naci\u00f3 con la voluntad de superar las barreras acad\u00e9micas tradicionales para estudiar de forma cient\u00edfica y desinteresada la realidad de las poblaciones africanas y sus di\u00e1sporas.<\/p><ul><li>Documento Oficial: <a href=\"https:\/\/blogs.uned.es\/ceah\/wp-content\/uploads\/sites\/629\/2026\/03\/Creacion-CEAH-Consejo-de-Gobierno-2_5_2015.pdf\">Enlace al Acta de Creaci\u00f3n (Consejo de Gobierno 2015)<\/a><\/li><li>Primera Reuni\u00f3n Ejecutiva: <a href=\"https:\/\/blogs.uned.es\/ceah\/wp-content\/uploads\/sites\/629\/2026\/03\/02-ACTA-DE-LA-REUNIOi\u0300N-5-7-2017.pdf\">Enlace al Acta de la Reuni\u00f3n Preparatoria (Julio 2017)<\/a><\/li><\/ul><p>Tras su aprobaci\u00f3n formal, el CEAH inici\u00f3 su andadura consolidando equipos de investigaci\u00f3n financiados por el Ministerio de Econom\u00eda y Competitividad, enfoc\u00e1ndose inicialmente en Guinea Ecuatorial y el Rif . En la reuni\u00f3n de julio de 2017, se establecieron las bases para el reglamento interno y la gesti\u00f3n de sus fondos bibliogr\u00e1ficos (incluyendo el legado de Max Liniger-Goumaz).<\/p>\t\t\t\t\t\t\t\t<\/div>\n\t\t\t\t<\/div>\n\t\t\t\t<div class=\"elementor-element elementor-element-46e27ae elementor-align-center elementor-widget elementor-widget-button\" data-id=\"46e27ae\" data-element_type=\"widget\" data-e-type=\"widget\" data-widget_type=\"button.default\">\n\t\t\t\t<div class=\"elementor-widget-container\">\n\t\t\t\t\t\t\t\t\t<div class=\"elementor-button-wrapper\">\n\t\t\t\t\t<a class=\"elementor-button elementor-button-link elementor-size-md\" href=\"https:\/\/blogs.uned.es\/ceah\/investigacion-y-documentacion-el-archivo-del-ceah\/\">\n\t\t\t\t\t\t<span class=\"elementor-button-content-wrapper\">\n\t\t\t\t\t\t<span class=\"elementor-button-icon\">\n\t\t\t\t<i aria-hidden=\"true\" class=\"far fa-arrow-alt-circle-right\"><\/i>\t\t\t<\/span>\n\t\t\t\t\t\t\t\t\t<span class=\"elementor-button-text\">Archivo del CEAH<\/span>\n\t\t\t\t\t<\/span>\n\t\t\t\t\t<\/a>\n\t\t\t\t<\/div>\n\t\t\t\t\t\t\t\t<\/div>\n\t\t\t\t<\/div>\n\t\t\t\t\t<\/div>\n\t\t<\/div>\n\t\t\t\t\t<\/div>\n\t\t<\/section>\n\t\t\t\t<section class=\"elementor-section elementor-top-section elementor-element elementor-element-63b6c48 elementor-section-boxed elementor-section-height-default elementor-section-height-default\" data-id=\"63b6c48\" data-element_type=\"section\" data-e-type=\"section\">\n\t\t\t\t\t\t<div class=\"elementor-container elementor-column-gap-default\">\n\t\t\t\t\t<div class=\"elementor-column elementor-col-100 elementor-top-column elementor-element elementor-element-d31adba\" data-id=\"d31adba\" data-element_type=\"column\" data-e-type=\"column\">\n\t\t\t<div class=\"elementor-widget-wrap elementor-element-populated\">\n\t\t\t\t\t\t<div class=\"elementor-element elementor-element-73b0ec7 elementor-widget elementor-widget-image\" data-id=\"73b0ec7\" data-element_type=\"widget\" data-e-type=\"widget\" data-widget_type=\"image.default\">\n\t\t\t\t<div class=\"elementor-widget-container\">\n\t\t\t\t\t\t\t\t\t\t\t\t\t\t\t<img fetchpriority=\"high\" decoding=\"async\" width=\"768\" height=\"1024\" src=\"https:\/\/blogs.uned.es\/ceah\/wp-content\/uploads\/sites\/629\/2026\/03\/IMG_20140505_124420-768x1024.jpg\" class=\"attachment-large size-large wp-image-883\" alt=\"\" srcset=\"https:\/\/blogs.uned.es\/ceah\/wp-content\/uploads\/sites\/629\/2026\/03\/IMG_20140505_124420-768x1024.jpg 768w, https:\/\/blogs.uned.es\/ceah\/wp-content\/uploads\/sites\/629\/2026\/03\/IMG_20140505_124420-225x300.jpg 225w, https:\/\/blogs.uned.es\/ceah\/wp-content\/uploads\/sites\/629\/2026\/03\/IMG_20140505_124420-1152x1536.jpg 1152w, https:\/\/blogs.uned.es\/ceah\/wp-content\/uploads\/sites\/629\/2026\/03\/IMG_20140505_124420-1536x2048.jpg 1536w, https:\/\/blogs.uned.es\/ceah\/wp-content\/uploads\/sites\/629\/2026\/03\/IMG_20140505_124420-scaled.jpg 1920w\" sizes=\"(max-width: 768px) 100vw, 768px\" \/>\t\t\t\t\t\t\t\t\t\t\t\t\t\t\t<\/div>\n\t\t\t\t<\/div>\n\t\t\t\t\t<\/div>\n\t\t<\/div>\n\t\t\t\t\t<\/div>\n\t\t<\/section>\n\t\t\t\t<section class=\"elementor-section elementor-top-section elementor-element elementor-element-85d6c45 elementor-section-boxed elementor-section-height-default elementor-section-height-default\" data-id=\"85d6c45\" data-element_type=\"section\" data-e-type=\"section\">\n\t\t\t\t\t\t<div class=\"elementor-container elementor-column-gap-default\">\n\t\t\t\t\t<div class=\"elementor-column elementor-col-100 elementor-top-column elementor-element elementor-element-51f55fd\" data-id=\"51f55fd\" data-element_type=\"column\" data-e-type=\"column\">\n\t\t\t<div class=\"elementor-widget-wrap\">\n\t\t\t\t\t\t\t<\/div>\n\t\t<\/div>\n\t\t\t\t\t<\/div>\n\t\t<\/section>\n\t\t\t\t<section class=\"elementor-section elementor-top-section elementor-element elementor-element-074edf6 elementor-section-boxed elementor-section-height-default elementor-section-height-default\" data-id=\"074edf6\" data-element_type=\"section\" data-e-type=\"section\">\n\t\t\t\t\t\t<div class=\"elementor-container elementor-column-gap-default\">\n\t\t\t\t\t<div class=\"elementor-column elementor-col-100 elementor-top-column elementor-element elementor-element-7cad41d\" data-id=\"7cad41d\" data-element_type=\"column\" data-e-type=\"column\">\n\t\t\t<div class=\"elementor-widget-wrap elementor-element-populated\">\n\t\t\t\t\t\t<div class=\"elementor-element elementor-element-42c281f elementor-widget elementor-widget-text-editor\" data-id=\"42c281f\" data-element_type=\"widget\" data-e-type=\"widget\" data-widget_type=\"text-editor.default\">\n\t\t\t\t<div class=\"elementor-widget-container\">\n\t\t\t\t\t\t\t\t\t<p data-path-to-node=\"4\"><span data-path-to-node=\"4,1\"><span class=\"citation-620\">El <\/span><b data-path-to-node=\"4,1\" data-index-in-node=\"3\"><span class=\"citation-620\">CEAH<\/span><\/b><span class=\"citation-620\"> ha sido posible gracias a la participaci\u00f3n y el aval de un conjunto de profesores e investigadores de diferentes centros universitarios y pa\u00edses<\/span><\/span><span data-path-to-node=\"4,3\">. Esta secci\u00f3n rinde homenaje a la trayectoria de quienes han contribuido al crecimiento del centro desde su fundaci\u00f3n.<\/span><\/p><p data-path-to-node=\"4\">Actualmente nos encontramos actualizando el listado detallado de <a href=\"https:\/\/web.archive.org\/web\/20200920152627\/http:\/\/portal.uned.es\/portal\/page?_pageid=93,68947975&amp;_dad=portal&amp;_schema=PORTAL\"><b data-path-to-node=\"5,0\" data-index-in-node=\"72\">Colaboradoras, Colaboradores, Inscritos e Inscritas<\/b><\/a>. Esta secci\u00f3n estar\u00e1 disponible pr\u00f3ximamente; por favor, permanezca atento a futuras actualizaciones.<\/p><p data-path-to-node=\"3\">Para fines de archivo y transparencia institucional, a continuaci\u00f3n se listan las plataformas digitales anteriores del CEAH que actualmente se encuentran fuera de servicio o han sido sustituidas por este nuevo portal:<\/p><ul data-path-to-node=\"4\"><li><p data-path-to-node=\"4,0,0\"><b data-path-to-node=\"4,0,0\" data-index-in-node=\"0\">Antiguo Blog del CEAH (WordPress, 2013-2018):<\/b> <a class=\"ng-star-inserted\" href=\"https:\/\/estudiosafrohispanicos.wordpress.com\/\" target=\"_blank\" rel=\"noopener\" data-hveid=\"0\" data-ved=\"0CAAQ_4QMahgKEwjfqsOY0JeTAxUAAAAAHQAAAAAQzQk\">estudiosafrohispanicos.wordpress.com<\/a><\/p><\/li><li><p data-path-to-node=\"4,1,0\"><b data-path-to-node=\"4,1,0\" data-index-in-node=\"0\">Portal Institucional UNED (Versi\u00f3n Hist\u00f3rica, 02\/2019-05\/2020):<\/b> <a class=\"ng-star-inserted\" href=\"https:\/\/web.archive.org\/web\/20200810164032\/http:\/\/portal.uned.es\/portal\/page?_pageid=93,68419276&amp;_dad=portal&amp;_schema=PORTAL\" target=\"_blank\" rel=\"noopener\" data-hveid=\"0\" data-ved=\"0CAAQ_4QMahgKEwjfqsOY0JeTAxUAAAAAHQAAAAAQzgk\">Registro en Web Archive<\/a><\/p><\/li><\/ul>\t\t\t\t\t\t\t\t<\/div>\n\t\t\t\t<\/div>\n\t\t\t\t\t<\/div>\n\t\t<\/div>\n\t\t\t\t\t<\/div>\n\t\t<\/section>\n\t\t\t\t<\/div>\n\t\t","protected":false},"excerpt":{"rendered":"<p>Qui\u00e9nes somos OBJETO DEL CENTRO DE ESTUDIOS AFRO\u2010HISP\u00c1NICOS El Centro de Estudios Afro\u2010Hisp\u00e1nicos de la UNED, en adelante CEAH, tiene por objeto exclusivo promover y coordinar la investigaci\u00f3n multidisciplinar de las poblaciones afrohisp\u00e1nicas del mundo, as\u00ed como difundir \u2013mediante la docencia y la publicaci\u00f3n\u2013\u00a0 los resultados de esa investigaci\u00f3n. El CEAH excluye de forma expl\u00edcita y deliberada cualquier otro posible objetivo pol\u00edtico, diplom\u00e1tico, social, ideol\u00f3gico o filantr\u00f3pico que pueda constre\u00f1ir o condicionar la libre producci\u00f3n de conocimientos en ese \u00e1mbito de estudio. Entendemos por \u201cpoblaciones afro\u2010hisp\u00e1nicas\u201d todas las poblaciones humanas residentes en \u00c1frica y\/o de origen africano, hist\u00f3ricamente afectadas o influidas, en el pasado y en el presente, por las lenguas, culturas y sociedades hisp\u00e1nicas de Europa y Am\u00e9rica. Entendemos que Hispania, como Iberia \u2013a diferencia de Espa\u00f1a y Portugal\u2010\u00a0tiene actualmente s\u00f3lo un referente geogr\u00e1fico, no pol\u00edtico: la pen\u00ednsula sudoccidental de Europa. Lo cual nos lleva a incluir como objeto&hellip;<\/p>\n<p> <a class=\"more-link\" href=\"https:\/\/blogs.uned.es\/ceah\/quienes\/\">Leer m\u00e1s<\/a><\/p>\n","protected":false},"author":1,"featured_media":0,"parent":0,"menu_order":0,"comment_status":"closed","ping_status":"closed","template":"","meta":{"footnotes":""},"class_list":["post-31","page","type-page","status-publish"],"_links":{"self":[{"href":"https:\/\/blogs.uned.es\/ceah\/wp-json\/wp\/v2\/pages\/31","targetHints":{"allow":["GET"]}}],"collection":[{"href":"https:\/\/blogs.uned.es\/ceah\/wp-json\/wp\/v2\/pages"}],"about":[{"href":"https:\/\/blogs.uned.es\/ceah\/wp-json\/wp\/v2\/types\/page"}],"author":[{"embeddable":true,"href":"https:\/\/blogs.uned.es\/ceah\/wp-json\/wp\/v2\/users\/1"}],"replies":[{"embeddable":true,"href":"https:\/\/blogs.uned.es\/ceah\/wp-json\/wp\/v2\/comments?post=31"}],"version-history":[{"count":41,"href":"https:\/\/blogs.uned.es\/ceah\/wp-json\/wp\/v2\/pages\/31\/revisions"}],"predecessor-version":[{"id":1137,"href":"https:\/\/blogs.uned.es\/ceah\/wp-json\/wp\/v2\/pages\/31\/revisions\/1137"}],"wp:attachment":[{"href":"https:\/\/blogs.uned.es\/ceah\/wp-json\/wp\/v2\/media?parent=31"}],"curies":[{"name":"wp","href":"https:\/\/api.w.org\/{rel}","templated":true}]}}