{"id":15,"date":"2019-10-09T10:29:38","date_gmt":"2019-10-09T08:29:38","guid":{"rendered":"http:\/\/blogs.uned.es\/ceah\/?page_id=15"},"modified":"2026-03-11T13:45:23","modified_gmt":"2026-03-11T12:45:23","slug":"inicio","status":"publish","type":"page","link":"https:\/\/blogs.uned.es\/ceah\/","title":{"rendered":"Inicio"},"content":{"rendered":"\t\t<div data-elementor-type=\"wp-page\" data-elementor-id=\"15\" class=\"elementor elementor-15\">\n\t\t\t\t\t\t<section class=\"elementor-section elementor-top-section elementor-element elementor-element-648e023 elementor-section-stretched elementor-section-height-min-height elementor-section-content-middle elementor-section-boxed elementor-section-height-default elementor-section-items-middle\" data-id=\"648e023\" data-element_type=\"section\" data-e-type=\"section\" data-settings=\"{&quot;stretch_section&quot;:&quot;section-stretched&quot;,&quot;background_background&quot;:&quot;classic&quot;}\">\n\t\t\t\t\t\t<div class=\"elementor-container elementor-column-gap-default\">\n\t\t\t\t\t<div class=\"elementor-column elementor-col-50 elementor-top-column elementor-element elementor-element-2c56c9a\" data-id=\"2c56c9a\" data-element_type=\"column\" data-e-type=\"column\">\n\t\t\t<div class=\"elementor-widget-wrap elementor-element-populated\">\n\t\t\t\t\t\t<div class=\"elementor-element elementor-element-9dbee3b logoPortada animated-slow elementor-invisible elementor-widget elementor-widget-image\" data-id=\"9dbee3b\" data-element_type=\"widget\" data-e-type=\"widget\" data-settings=\"{&quot;_animation&quot;:&quot;fadeIn&quot;,&quot;_animation_delay&quot;:&quot;200&quot;}\" data-widget_type=\"image.default\">\n\t\t\t\t<div class=\"elementor-widget-container\">\n\t\t\t\t\t\t\t\t\t\t\t\t\t\t\t<img fetchpriority=\"high\" decoding=\"async\" width=\"800\" height=\"534\" src=\"https:\/\/blogs.uned.es\/ceah\/wp-content\/uploads\/sites\/629\/2026\/03\/logoestudios-1024x683.png\" class=\"attachment-large size-large wp-image-765\" alt=\"\" srcset=\"https:\/\/blogs.uned.es\/ceah\/wp-content\/uploads\/sites\/629\/2026\/03\/logoestudios-1024x683.png 1024w, https:\/\/blogs.uned.es\/ceah\/wp-content\/uploads\/sites\/629\/2026\/03\/logoestudios-300x200.png 300w, https:\/\/blogs.uned.es\/ceah\/wp-content\/uploads\/sites\/629\/2026\/03\/logoestudios-768x512.png 768w, https:\/\/blogs.uned.es\/ceah\/wp-content\/uploads\/sites\/629\/2026\/03\/logoestudios.png 1536w\" sizes=\"(max-width: 800px) 100vw, 800px\" \/>\t\t\t\t\t\t\t\t\t\t\t\t\t\t\t<\/div>\n\t\t\t\t<\/div>\n\t\t\t\t\t<\/div>\n\t\t<\/div>\n\t\t\t\t<div class=\"elementor-column elementor-col-50 elementor-top-column elementor-element elementor-element-05169e9\" data-id=\"05169e9\" data-element_type=\"column\" data-e-type=\"column\">\n\t\t\t<div class=\"elementor-widget-wrap elementor-element-populated\">\n\t\t\t\t\t\t<div class=\"elementor-element elementor-element-e7ce4e7 tituloSitioPortada elementor-widget elementor-widget-heading\" data-id=\"e7ce4e7\" data-element_type=\"widget\" data-e-type=\"widget\" data-widget_type=\"heading.default\">\n\t\t\t\t<div class=\"elementor-widget-container\">\n\t\t\t\t\t<h1 class=\"elementor-heading-title elementor-size-xxl\">Centro de Estudios Afro-hisp\u00e1nicos<\/h1>\t\t\t\t<\/div>\n\t\t\t\t<\/div>\n\t\t\t\t\t<\/div>\n\t\t<\/div>\n\t\t\t\t\t<\/div>\n\t\t<\/section>\n\t\t\t\t<section class=\"elementor-section elementor-top-section elementor-element elementor-element-ef2780b elementor-section-boxed elementor-section-height-default elementor-section-height-default\" data-id=\"ef2780b\" data-element_type=\"section\" data-e-type=\"section\">\n\t\t\t\t\t\t<div class=\"elementor-container elementor-column-gap-extended\">\n\t\t\t\t\t<div class=\"elementor-column elementor-col-33 elementor-top-column elementor-element elementor-element-facd656\" data-id=\"facd656\" data-element_type=\"column\" data-e-type=\"column\">\n\t\t\t<div class=\"elementor-widget-wrap elementor-element-populated\">\n\t\t\t\t\t\t<div class=\"elementor-element elementor-element-4a811d5 elementor-widget elementor-widget-image\" data-id=\"4a811d5\" data-element_type=\"widget\" data-e-type=\"widget\" data-widget_type=\"image.default\">\n\t\t\t\t<div class=\"elementor-widget-container\">\n\t\t\t\t\t\t\t\t\t\t\t\t\t\t\t\t<a href=\"https:\/\/dialnet.unirioja.es\/servlet\/libro?codigo=795077\">\n\t\t\t\t\t\t\t<img decoding=\"async\" width=\"800\" height=\"532\" src=\"https:\/\/blogs.uned.es\/ceah\/wp-content\/uploads\/sites\/629\/2026\/03\/cropped-126949653_789365511914676_2756830594922236574_n.jpg\" class=\"attachment-large size-large wp-image-959\" alt=\"\" srcset=\"https:\/\/blogs.uned.es\/ceah\/wp-content\/uploads\/sites\/629\/2026\/03\/cropped-126949653_789365511914676_2756830594922236574_n.jpg 989w, https:\/\/blogs.uned.es\/ceah\/wp-content\/uploads\/sites\/629\/2026\/03\/cropped-126949653_789365511914676_2756830594922236574_n-300x200.jpg 300w, https:\/\/blogs.uned.es\/ceah\/wp-content\/uploads\/sites\/629\/2026\/03\/cropped-126949653_789365511914676_2756830594922236574_n-768x511.jpg 768w\" sizes=\"(max-width: 800px) 100vw, 800px\" \/>\t\t\t\t\t\t\t\t<\/a>\n\t\t\t\t\t\t\t\t\t\t\t\t\t\t\t<\/div>\n\t\t\t\t<\/div>\n\t\t\t\t<div class=\"elementor-element elementor-element-c068a42 elementor-widget elementor-widget-heading\" data-id=\"c068a42\" data-element_type=\"widget\" data-e-type=\"widget\" data-widget_type=\"heading.default\">\n\t\t\t\t<div class=\"elementor-widget-container\">\n\t\t\t\t\t<h5 class=\"elementor-heading-title elementor-size-default\"><a href=\"#\">Investigaci\u00f3n Multidisciplinar<\/a><\/h5>\t\t\t\t<\/div>\n\t\t\t\t<\/div>\n\t\t\t\t<div class=\"elementor-element elementor-element-f8a0c53 elementor-widget elementor-widget-text-editor\" data-id=\"f8a0c53\" data-element_type=\"widget\" data-e-type=\"widget\" data-widget_type=\"text-editor.default\">\n\t\t\t\t<div class=\"elementor-widget-container\">\n\t\t\t\t\t\t\t\t\t<p style=\"text-align: center\">Coordinamos proyectos que abarcan desde la historia colonial en Guinea Ecuatorial hasta las migraciones contempor\u00e1neas.<\/p><p style=\"text-align: center\">Un resultado fundamental de esta labor es la obra \u00ab<a href=\"https:\/\/dialnet.unirioja.es\/servlet\/libro?codigo=795077\">Guinea Ecuatorial (des)conocida: lo que sabemos, ignoramos, inventamos y deformamos acerca de su pasado y su presente<\/a>\u00bb (UNED, 2020), coordinada por Juan Aranzadi y Gonzalo \u00c1lvarez Chillida. La gran mayor\u00eda de los cap\u00edtulos que lo forman se debatieron previamente en el curso del <a href=\"https:\/\/canal.uned.es\/series\/5a6f393eb1111ff1408b4569\">III Seminario Internacional sobre Guinea Ecuatorial<\/a> (CEAH-UNED, 2016).<a href=\"https:\/\/canal.uned.es\/series\/5a6f393eb1111ff1408b4569\">\u00a0<\/a><\/p><p style=\"text-align: center\">Acceda a la videoteca de nuestros encuentros, destacando el <a href=\"https:\/\/blogs.uned.es\/ceah\/2026\/03\/11\/v-seminario-internacional-revisitando-las-descolonizaciones-africanas-50-anos-de-la-independencia-de-guinea-ecuatorial\/\">V Seminario Internacional sobre los 50 a\u00f1os de independencia de Guinea Ecuatorial <\/a>(CEAH-UNED, 2018).<\/p>\t\t\t\t\t\t\t\t<\/div>\n\t\t\t\t<\/div>\n\t\t\t\t\t<\/div>\n\t\t<\/div>\n\t\t\t\t<div class=\"elementor-column elementor-col-33 elementor-top-column elementor-element elementor-element-28a8314\" data-id=\"28a8314\" data-element_type=\"column\" data-e-type=\"column\">\n\t\t\t<div class=\"elementor-widget-wrap elementor-element-populated\">\n\t\t\t\t\t\t<div class=\"elementor-element elementor-element-27e2cea elementor-widget elementor-widget-image\" data-id=\"27e2cea\" data-element_type=\"widget\" data-e-type=\"widget\" data-widget_type=\"image.default\">\n\t\t\t\t<div class=\"elementor-widget-container\">\n\t\t\t\t\t\t\t\t\t\t\t\t\t\t\t\t<a href=\"#\">\n\t\t\t\t\t\t\t<img decoding=\"async\" width=\"800\" height=\"534\" src=\"https:\/\/blogs.uned.es\/ceah\/wp-content\/uploads\/sites\/629\/2026\/03\/cropped-IMG_20121108_202630-1024x683.jpg\" class=\"attachment-large size-large wp-image-961\" alt=\"\" srcset=\"https:\/\/blogs.uned.es\/ceah\/wp-content\/uploads\/sites\/629\/2026\/03\/cropped-IMG_20121108_202630-1024x683.jpg 1024w, https:\/\/blogs.uned.es\/ceah\/wp-content\/uploads\/sites\/629\/2026\/03\/cropped-IMG_20121108_202630-300x200.jpg 300w, https:\/\/blogs.uned.es\/ceah\/wp-content\/uploads\/sites\/629\/2026\/03\/cropped-IMG_20121108_202630-768x512.jpg 768w, https:\/\/blogs.uned.es\/ceah\/wp-content\/uploads\/sites\/629\/2026\/03\/cropped-IMG_20121108_202630.jpg 1177w\" sizes=\"(max-width: 800px) 100vw, 800px\" \/>\t\t\t\t\t\t\t\t<\/a>\n\t\t\t\t\t\t\t\t\t\t\t\t\t\t\t<\/div>\n\t\t\t\t<\/div>\n\t\t\t\t<div class=\"elementor-element elementor-element-a791e39 elementor-widget elementor-widget-heading\" data-id=\"a791e39\" data-element_type=\"widget\" data-e-type=\"widget\" data-widget_type=\"heading.default\">\n\t\t\t\t<div class=\"elementor-widget-container\">\n\t\t\t\t\t<h5 class=\"elementor-heading-title elementor-size-default\"><a href=\"#\">Docencia y Formaci\u00f3n Acad\u00e9mica<\/a><\/h5>\t\t\t\t<\/div>\n\t\t\t\t<\/div>\n\t\t\t\t<div class=\"elementor-element elementor-element-0c622b6 elementor-widget elementor-widget-text-editor\" data-id=\"0c622b6\" data-element_type=\"widget\" data-e-type=\"widget\" data-widget_type=\"text-editor.default\">\n\t\t\t\t<div class=\"elementor-widget-container\">\n\t\t\t\t\t\t\t\t\t<p style=\"text-align: center\">Impulsamos la integraci\u00f3n de los estudios afro-hisp\u00e1nicos en los grados, m\u00e1steres y programas de doctorado de la UNED<\/p><p style=\"text-align: center\"><a href=\"https:\/\/www.uned.es\/universidad\/inicio\/en\/estudios\/grados\/cursos\/2026\/titulacion\/asignatura?codAsignatura=70024025&amp;idContenido=1\">Antropolog\u00eda de los pueblos de Guinea Ecuatorial<\/a><\/p><p style=\"text-align: center\"><a href=\"https:\/\/formacionpermanente.uned.es\/tp_actividad\/idactividad\/8458\">Guinea Ecuatorial: Historia, Sociedad y Cultura<\/a><\/p><p style=\"text-align: center\"><a href=\"https:\/\/extension.uned.es\/actividad\/idactividad\/37431\">La UNED y Guinea: juntos desde 1981<\/a><\/p>\t\t\t\t\t\t\t\t<\/div>\n\t\t\t\t<\/div>\n\t\t\t\t\t<\/div>\n\t\t<\/div>\n\t\t\t\t<div class=\"elementor-column elementor-col-33 elementor-top-column elementor-element elementor-element-99ea8c9\" data-id=\"99ea8c9\" data-element_type=\"column\" data-e-type=\"column\">\n\t\t\t<div class=\"elementor-widget-wrap elementor-element-populated\">\n\t\t\t\t\t\t<div class=\"elementor-element elementor-element-fb0b998 elementor-widget elementor-widget-image\" data-id=\"fb0b998\" data-element_type=\"widget\" data-e-type=\"widget\" data-widget_type=\"image.default\">\n\t\t\t\t<div class=\"elementor-widget-container\">\n\t\t\t\t\t\t\t\t\t\t\t\t\t\t\t\t<a href=\"https:\/\/blogs.uned.es\/ceah\/investigacion-y-documentacion-el-archivo-del-ceah\/\">\n\t\t\t\t\t\t\t<img loading=\"lazy\" decoding=\"async\" width=\"800\" height=\"534\" src=\"https:\/\/blogs.uned.es\/ceah\/wp-content\/uploads\/sites\/629\/2026\/03\/cropped-IMG_20130717_155158-1024x683.jpg\" class=\"attachment-large size-large wp-image-963\" alt=\"\" srcset=\"https:\/\/blogs.uned.es\/ceah\/wp-content\/uploads\/sites\/629\/2026\/03\/cropped-IMG_20130717_155158-1024x683.jpg 1024w, https:\/\/blogs.uned.es\/ceah\/wp-content\/uploads\/sites\/629\/2026\/03\/cropped-IMG_20130717_155158-300x200.jpg 300w, https:\/\/blogs.uned.es\/ceah\/wp-content\/uploads\/sites\/629\/2026\/03\/cropped-IMG_20130717_155158-768x512.jpg 768w, https:\/\/blogs.uned.es\/ceah\/wp-content\/uploads\/sites\/629\/2026\/03\/cropped-IMG_20130717_155158.jpg 1536w\" sizes=\"(max-width: 800px) 100vw, 800px\" \/>\t\t\t\t\t\t\t\t<\/a>\n\t\t\t\t\t\t\t\t\t\t\t\t\t\t\t<\/div>\n\t\t\t\t<\/div>\n\t\t\t\t<div class=\"elementor-element elementor-element-75dce39 elementor-widget elementor-widget-heading\" data-id=\"75dce39\" data-element_type=\"widget\" data-e-type=\"widget\" data-widget_type=\"heading.default\">\n\t\t\t\t<div class=\"elementor-widget-container\">\n\t\t\t\t\t<h5 class=\"elementor-heading-title elementor-size-default\"><a href=\"https:\/\/blogs.uned.es\/ceah\/investigacion-y-documentacion-el-archivo-del-ceah\/\">Archivo y Fondos Hist\u00f3ricos<\/a><\/h5>\t\t\t\t<\/div>\n\t\t\t\t<\/div>\n\t\t\t\t<div class=\"elementor-element elementor-element-9774b72 elementor-widget elementor-widget-text-editor\" data-id=\"9774b72\" data-element_type=\"widget\" data-e-type=\"widget\" data-widget_type=\"text-editor.default\">\n\t\t\t\t<div class=\"elementor-widget-container\">\n\t\t\t\t\t\t\t\t\t<p style=\"text-align: center\">El Archivo del CEAH, custodiado en el Edificio de Humanidades, constituye una mina de informaci\u00f3n inestimable que re\u00fane las fuentes primarias y materiales de campo de d\u00e9cadas de estudio.<\/p><p style=\"text-align: center\"><a href=\"https:\/\/blogs.uned.es\/ceah\/investigacion-y-documentacion-el-archivo-del-ceah\/\">Fondo Armando Ligero Morote.<\/a><\/p><p style=\"text-align: center\"><a href=\"https:\/\/blogs.uned.es\/ceah\/investigacion-y-documentacion-el-archivo-del-ceah\/\">Fondo Max Liniger-Goumaz.<\/a><\/p><p style=\"text-align: center\">Los fondos incluyen manuscritos originales y una colecci\u00f3n bibliogr\u00e1fica de 500 t\u00edtulos integrados en la Biblioteca de la UNED.<\/p>\t\t\t\t\t\t\t\t<\/div>\n\t\t\t\t<\/div>\n\t\t\t\t\t<\/div>\n\t\t<\/div>\n\t\t\t\t\t<\/div>\n\t\t<\/section>\n\t\t\t\t<section class=\"elementor-section elementor-top-section elementor-element elementor-element-fde810b elementor-section-stretched elementor-section-boxed elementor-section-height-default elementor-section-height-default\" data-id=\"fde810b\" data-element_type=\"section\" data-e-type=\"section\" data-settings=\"{&quot;stretch_section&quot;:&quot;section-stretched&quot;,&quot;background_background&quot;:&quot;classic&quot;}\">\n\t\t\t\t\t\t<div class=\"elementor-container elementor-column-gap-default\">\n\t\t\t\t\t<div class=\"elementor-column elementor-col-100 elementor-top-column elementor-element elementor-element-5224ea1\" data-id=\"5224ea1\" data-element_type=\"column\" data-e-type=\"column\">\n\t\t\t<div class=\"elementor-widget-wrap elementor-element-populated\">\n\t\t\t\t\t\t<div class=\"elementor-element elementor-element-a758fb7 elementor-widget elementor-widget-heading\" data-id=\"a758fb7\" data-element_type=\"widget\" data-e-type=\"widget\" data-widget_type=\"heading.default\">\n\t\t\t\t<div class=\"elementor-widget-container\">\n\t\t\t\t\t<h2 class=\"elementor-heading-title elementor-size-default\"><a href=\"https:\/\/blogs.uned.es\/ceah\/quienes\/\">\u00bfQu\u00e9 hacemos?<\/a><\/h2>\t\t\t\t<\/div>\n\t\t\t\t<\/div>\n\t\t\t\t<div class=\"elementor-element elementor-element-c564998 elementor-widget elementor-widget-text-editor\" data-id=\"c564998\" data-element_type=\"widget\" data-e-type=\"widget\" data-widget_type=\"text-editor.default\">\n\t\t\t\t<div class=\"elementor-widget-container\">\n\t\t\t\t\t\t\t\t\t<p data-path-to-node=\"6,0\">El Centro de Estudios Afro-Hisp\u00e1nicos (CEAH) es un organismo universitario de la <a href=\"https:\/\/portal.uned.es\/portal\/page?_pageid=93,63505824&amp;_dad=portal&amp;_schema=PORTAL\">UNED<\/a> dedicado a promover y coordinar la investigaci\u00f3n multidisciplinar sobre las poblaciones afro-hisp\u00e1nicas en todo el mundo. Entendemos por estas a todas las poblaciones residentes en \u00c1frica o de origen africano hist\u00f3ricamente influidas por las lenguas y culturas hisp\u00e1nicas. Nuestro objetivo es generar y difundir conocimiento acad\u00e9mico riguroso, manteniendo una estricta independencia pol\u00edtica e ideol\u00f3gica para asegurar la libre producci\u00f3n de saberes.<\/p>\t\t\t\t\t\t\t\t<\/div>\n\t\t\t\t<\/div>\n\t\t\t\t<div class=\"elementor-element elementor-element-5fb4b14 elementor-align-center elementor-widget elementor-widget-button\" data-id=\"5fb4b14\" data-element_type=\"widget\" data-e-type=\"widget\" data-widget_type=\"button.default\">\n\t\t\t\t<div class=\"elementor-widget-container\">\n\t\t\t\t\t\t\t\t\t<div class=\"elementor-button-wrapper\">\n\t\t\t\t\t<a class=\"elementor-button elementor-button-link elementor-size-sm\" href=\"https:\/\/blogs.uned.es\/ceah\/investigacion-y-documentacion-el-archivo-del-ceah\/\">\n\t\t\t\t\t\t<span class=\"elementor-button-content-wrapper\">\n\t\t\t\t\t\t<span class=\"elementor-button-icon\">\n\t\t\t\t<i aria-hidden=\"true\" class=\"fas fa-arrow-circle-right\"><\/i>\t\t\t<\/span>\n\t\t\t\t\t\t\t\t\t<span class=\"elementor-button-text\">El Archivo del CEAH<\/span>\n\t\t\t\t\t<\/span>\n\t\t\t\t\t<\/a>\n\t\t\t\t<\/div>\n\t\t\t\t\t\t\t\t<\/div>\n\t\t\t\t<\/div>\n\t\t\t\t\t<\/div>\n\t\t<\/div>\n\t\t\t\t\t<\/div>\n\t\t<\/section>\n\t\t\t\t<section class=\"elementor-section elementor-top-section elementor-element elementor-element-86e6556 elementor-section-boxed elementor-section-height-default elementor-section-height-default\" data-id=\"86e6556\" data-element_type=\"section\" data-e-type=\"section\">\n\t\t\t\t\t\t<div class=\"elementor-container elementor-column-gap-default\">\n\t\t\t\t\t<div class=\"elementor-column elementor-col-100 elementor-top-column elementor-element elementor-element-0df6a6e\" data-id=\"0df6a6e\" data-element_type=\"column\" data-e-type=\"column\">\n\t\t\t<div class=\"elementor-widget-wrap elementor-element-populated\">\n\t\t\t\t\t\t<div class=\"elementor-element elementor-element-b201b00 elementor-widget elementor-widget-eael-twitter-feed\" data-id=\"b201b00\" data-element_type=\"widget\" data-e-type=\"widget\" data-settings=\"{&quot;pagination&quot;:&quot;false&quot;}\" data-widget_type=\"eael-twitter-feed.default\">\n\t\t\t\t<div class=\"elementor-widget-container\">\n\t\t\t\t\t \n        <div>\n            <div class=\"eael-twitter-feed eael-twitter-feed-b201b00 eael-twitter-feed-masonry eael-twitter-feed-col-3 clearfix\" data-gutter=\"10\" data-posts-per-page=\"\" data-total-posts=\"10\" data-nomore-item-text=\"\" data-next-page=\"2\" >\n                            <\/div>\n            <div class=\"clearfix\">\n                            <\/div>\n        <\/div>\n\n        <style>\n            .eael-twitter-feed-b201b00.eael-twitter-feed-masonry.eael-twitter-feed-col-2 .eael-twitter-feed-item {\n                width: calc(50% - 5px);\n            }\n            .eael-twitter-feed-b201b00.eael-twitter-feed-masonry.eael-twitter-feed-col-3 .eael-twitter-feed-item {\n                width: calc(33.33% - 7px);\n            }\n            .eael-twitter-feed-b201b00.eael-twitter-feed-masonry.eael-twitter-feed-col-4 .eael-twitter-feed-item {\n                width: calc(25% - 8px);\n            }\n\n            .eael-twitter-feed-b201b00.eael-twitter-feed-col-2 .eael-twitter-feed-item,\n            .eael-twitter-feed-b201b00.eael-twitter-feed-col-3 .eael-twitter-feed-item,\n            .eael-twitter-feed-b201b00.eael-twitter-feed-col-4 .eael-twitter-feed-item {\n                margin-bottom: 10px;\n            }\n            @media only screen and (min-width: 768px) and (max-width: 992px) {\n                .eael-twitter-feed-b201b00.eael-twitter-feed-masonry.eael-twitter-feed-col-3 .eael-twitter-feed-item,\n                .eael-twitter-feed-b201b00.eael-twitter-feed-masonry.eael-twitter-feed-col-4 .eael-twitter-feed-item {\n                    width: calc(50% - 5px);\n                }\n            }\n        <\/style>\t\t\t\t<\/div>\n\t\t\t\t<\/div>\n\t\t\t\t<div class=\"elementor-element elementor-element-1b834aa elementor-widget elementor-widget-heading\" data-id=\"1b834aa\" data-element_type=\"widget\" data-e-type=\"widget\" data-widget_type=\"heading.default\">\n\t\t\t\t<div class=\"elementor-widget-container\">\n\t\t\t\t\t<h2 class=\"elementor-heading-title elementor-size-default\">Noticias y publicaciones<\/h2>\t\t\t\t<\/div>\n\t\t\t\t<\/div>\n\t\t\t\t\t<\/div>\n\t\t<\/div>\n\t\t\t\t\t<\/div>\n\t\t<\/section>\n\t\t\t\t<section class=\"elementor-section elementor-top-section elementor-element elementor-element-0862fb5 elementor-section-boxed elementor-section-height-default elementor-section-height-default\" data-id=\"0862fb5\" data-element_type=\"section\" data-e-type=\"section\">\n\t\t\t\t\t\t<div class=\"elementor-container elementor-column-gap-default\">\n\t\t\t\t\t<div class=\"elementor-column elementor-col-100 elementor-top-column elementor-element elementor-element-cd8dd63\" data-id=\"cd8dd63\" data-element_type=\"column\" data-e-type=\"column\">\n\t\t\t<div class=\"elementor-widget-wrap elementor-element-populated\">\n\t\t\t\t\t\t<div class=\"elementor-element elementor-element-fa10847 elementor-align-center elementor-widget elementor-widget-button\" data-id=\"fa10847\" data-element_type=\"widget\" data-e-type=\"widget\" data-widget_type=\"button.default\">\n\t\t\t\t<div class=\"elementor-widget-container\">\n\t\t\t\t\t\t\t\t\t<div class=\"elementor-button-wrapper\">\n\t\t\t\t\t<a class=\"elementor-button elementor-button-link elementor-size-md\" href=\"https:\/\/blogs.uned.es\/ceah\/2026\/03\/11\/uned-documental-50-aniversario-de-la-independencia-de-guinea-ecuatorial\/\">\n\t\t\t\t\t\t<span class=\"elementor-button-content-wrapper\">\n\t\t\t\t\t\t<span class=\"elementor-button-icon\">\n\t\t\t\t<i aria-hidden=\"true\" class=\"far fa-file-video\"><\/i>\t\t\t<\/span>\n\t\t\t\t\t\t\t\t\t<span class=\"elementor-button-text\">Documental: 50 Aniversario de la Independencia de Guinea Ecuatorial<\/span>\n\t\t\t\t\t<\/span>\n\t\t\t\t\t<\/a>\n\t\t\t\t<\/div>\n\t\t\t\t\t\t\t\t<\/div>\n\t\t\t\t<\/div>\n\t\t\t\t\t<\/div>\n\t\t<\/div>\n\t\t\t\t\t<\/div>\n\t\t<\/section>\n\t\t\t\t<section class=\"elementor-section elementor-top-section elementor-element elementor-element-df19ad6 elementor-section-boxed elementor-section-height-default elementor-section-height-default\" data-id=\"df19ad6\" data-element_type=\"section\" data-e-type=\"section\">\n\t\t\t\t\t\t<div class=\"elementor-container elementor-column-gap-default\">\n\t\t\t\t\t<div class=\"elementor-column elementor-col-100 elementor-top-column elementor-element elementor-element-16899fb\" data-id=\"16899fb\" data-element_type=\"column\" data-e-type=\"column\">\n\t\t\t<div class=\"elementor-widget-wrap\">\n\t\t\t\t\t\t\t<\/div>\n\t\t<\/div>\n\t\t\t\t\t<\/div>\n\t\t<\/section>\n\t\t\t\t<\/div>\n\t\t","protected":false},"excerpt":{"rendered":"<p>Centro de Estudios Afro-hisp\u00e1nicos Investigaci\u00f3n Multidisciplinar Coordinamos proyectos que abarcan desde la historia colonial en Guinea Ecuatorial hasta las migraciones contempor\u00e1neas. Un resultado fundamental de esta labor es la obra \u00abGuinea Ecuatorial (des)conocida: lo que sabemos, ignoramos, inventamos y deformamos acerca de su pasado y su presente\u00bb (UNED, 2020), coordinada por Juan Aranzadi y Gonzalo \u00c1lvarez Chillida. La gran mayor\u00eda de los cap\u00edtulos que lo forman se debatieron previamente en el curso del III Seminario Internacional sobre Guinea Ecuatorial (CEAH-UNED, 2016).\u00a0 Acceda a la videoteca de nuestros encuentros, destacando el V Seminario Internacional sobre los 50 a\u00f1os de independencia de Guinea Ecuatorial (CEAH-UNED, 2018). Docencia y Formaci\u00f3n Acad\u00e9mica Impulsamos la integraci\u00f3n de los estudios afro-hisp\u00e1nicos en los grados, m\u00e1steres y programas de doctorado de la UNED Antropolog\u00eda de los pueblos de Guinea Ecuatorial Guinea Ecuatorial: Historia, Sociedad y Cultura La UNED y Guinea: juntos desde 1981 Archivo y Fondos Hist\u00f3ricos&hellip;<\/p>\n<p> <a class=\"more-link\" href=\"https:\/\/blogs.uned.es\/ceah\/\">Leer m\u00e1s<\/a><\/p>\n","protected":false},"author":1,"featured_media":0,"parent":0,"menu_order":0,"comment_status":"closed","ping_status":"closed","template":"","meta":{"footnotes":""},"class_list":["post-15","page","type-page","status-publish"],"_links":{"self":[{"href":"https:\/\/blogs.uned.es\/ceah\/wp-json\/wp\/v2\/pages\/15","targetHints":{"allow":["GET"]}}],"collection":[{"href":"https:\/\/blogs.uned.es\/ceah\/wp-json\/wp\/v2\/pages"}],"about":[{"href":"https:\/\/blogs.uned.es\/ceah\/wp-json\/wp\/v2\/types\/page"}],"author":[{"embeddable":true,"href":"https:\/\/blogs.uned.es\/ceah\/wp-json\/wp\/v2\/users\/1"}],"replies":[{"embeddable":true,"href":"https:\/\/blogs.uned.es\/ceah\/wp-json\/wp\/v2\/comments?post=15"}],"version-history":[{"count":83,"href":"https:\/\/blogs.uned.es\/ceah\/wp-json\/wp\/v2\/pages\/15\/revisions"}],"predecessor-version":[{"id":1093,"href":"https:\/\/blogs.uned.es\/ceah\/wp-json\/wp\/v2\/pages\/15\/revisions\/1093"}],"wp:attachment":[{"href":"https:\/\/blogs.uned.es\/ceah\/wp-json\/wp\/v2\/media?parent=15"}],"curies":[{"name":"wp","href":"https:\/\/api.w.org\/{rel}","templated":true}]}}