{"id":1073,"date":"2026-03-11T13:14:14","date_gmt":"2026-03-11T12:14:14","guid":{"rendered":"https:\/\/blogs.uned.es\/ceah\/?page_id=1073"},"modified":"2026-03-11T15:19:43","modified_gmt":"2026-03-11T14:19:43","slug":"investigacion-multidisciplinar","status":"publish","type":"page","link":"https:\/\/blogs.uned.es\/ceah\/investigacion-multidisciplinar\/","title":{"rendered":"Investigaci\u00f3n Multidisciplinar"},"content":{"rendered":"\n<p>Esta secci\u00f3n detalla los proyectos de investigaci\u00f3n que constituyen el n\u00facleo cient\u00edfico de los miembros del CEAH. Estos proyectos, financiados por organismos p\u00fablicos de investigaci\u00f3n, han permitido consolidar una red internacional de especialistas y una producci\u00f3n bibliogr\u00e1fica de referencia en el \u00e1mbito de los estudios africanos y coloniales.<\/p>\n\n\n\n<h2 class=\"wp-block-heading\"><strong>Proyecto \u00abDesco\u00c1frica\u00bb (2021\u20132024)<\/strong><\/h2>\n\n\n<div class=\"wp-block-image\">\n<figure class=\"alignleft size-full is-resized\"><img fetchpriority=\"high\" decoding=\"async\" width=\"533\" height=\"835\" src=\"https:\/\/blogs.uned.es\/ceah\/wp-content\/uploads\/sites\/629\/2026\/03\/Libro-2025-imagen.jpeg\" alt=\"\" class=\"wp-image-1033\" style=\"aspect-ratio:0.6383358559397679;width:220px;height:auto\" srcset=\"https:\/\/blogs.uned.es\/ceah\/wp-content\/uploads\/sites\/629\/2026\/03\/Libro-2025-imagen.jpeg 533w, https:\/\/blogs.uned.es\/ceah\/wp-content\/uploads\/sites\/629\/2026\/03\/Libro-2025-imagen-191x300.jpeg 191w\" sizes=\"(max-width: 533px) 100vw, 533px\" \/><\/figure>\n<\/div>\n\n\n<p>C\u00f3digo de Referencia: PID2020-115502GB-100. T\u00edtulo: <em>Proceso y legado de la descolonizaci\u00f3n espa\u00f1ola en \u00c1frica.<\/em> Investigadores Principales: Gonzalo \u00c1lvarez Chillida y Juan Ignacio Castien Maestro (Universidad Complutense de Madrid). Entidad Financiadora: Ministerio de Ciencia, Innovaci\u00f3n y Universidades.<\/p>\n\n\n\n<p>Este proyecto se concibi\u00f3 para profundizar en el conocimiento de la descolonizaci\u00f3n espa\u00f1ola en \u00c1frica. Re\u00fane a un amplio n\u00famero de investigadores de universidades espa\u00f1olas y extranjeras, integrando a una parte significativa de los miembros del CEAH en sus l\u00edneas de trabajo. Su objetivo es analizar este episodio hist\u00f3rico desde una perspectiva multidisciplinar.<\/p>\n\n\n\n<p>Publicaci\u00f3n Principal:<\/p>\n\n\n\n<ul class=\"wp-block-list\">\n<li>Libro: <a href=\"https:\/\/dialnet.unirioja.es\/servlet\/libro?codigo=1002593\">Proceso y legado de la descolonizaci\u00f3n espa\u00f1ola en \u00c1frica. Tomo I: Procesos de descolonizaci\u00f3n y herencias pol\u00edticas<\/a> (Bellaterra, 2025).<\/li>\n\n\n\n<li>Coordinadores: Gonzalo \u00c1lvarez Chillida y Juan Ignacio Castien Maestro.<\/li>\n<\/ul>\n\n\n\n<h2 class=\"wp-block-heading\"><strong>Ciclo de Seminarios de Estudios Africanos<\/strong><\/h2>\n\n\n\n<p>Durante la vigencia del proyecto, se celebraron tres seminarios anuales en la Facultad de Ciencias Pol\u00edticas y Sociolog\u00eda de la UCM, disponibles \u00edntegramente en el canal de YouTube de dicha facultad:<\/p>\n\n\n\n<ul class=\"wp-block-list\">\n<li><a href=\"https:\/\/www.youtube.com\/watch?v=Tf1u0_sw5Yc&amp;list=PLo5bKz1SPdKAyODTDgcSS5wQJaL6PnSmt\">Tercera Edici\u00f3n<\/a> (2024)<\/li>\n\n\n\n<li><a href=\"https:\/\/www.youtube.com\/watch?v=M91b_-7e7mw&amp;list=PLo5bKz1SPdKCS4XyqWo9hqk9nwYzEdlKH\">Segunda Edici\u00f3n<\/a> (2023)<\/li>\n\n\n\n<li><a href=\"https:\/\/www.youtube.com\/watch?v=xK1DzTfg77Y&amp;list=PLo5bKz1SPdKDygunbRrKTgIOJ5hiwhMgl\">Primera Edici\u00f3n<\/a> (2022)<\/li>\n<\/ul>\n\n\n\n<figure class=\"wp-block-gallery has-nested-images columns-default is-cropped wp-block-gallery-1 is-layout-flex wp-block-gallery-is-layout-flex\">\n<figure class=\"wp-block-image size-large\"><img decoding=\"async\" width=\"724\" height=\"1024\" data-id=\"855\" src=\"https:\/\/blogs.uned.es\/ceah\/wp-content\/uploads\/sites\/629\/2026\/03\/476228108_1762646044586613_3890694936517462245_n-724x1024.jpg\" alt=\"\" class=\"wp-image-855\" srcset=\"https:\/\/blogs.uned.es\/ceah\/wp-content\/uploads\/sites\/629\/2026\/03\/476228108_1762646044586613_3890694936517462245_n-724x1024.jpg 724w, https:\/\/blogs.uned.es\/ceah\/wp-content\/uploads\/sites\/629\/2026\/03\/476228108_1762646044586613_3890694936517462245_n-212x300.jpg 212w, https:\/\/blogs.uned.es\/ceah\/wp-content\/uploads\/sites\/629\/2026\/03\/476228108_1762646044586613_3890694936517462245_n-768x1086.jpg 768w, https:\/\/blogs.uned.es\/ceah\/wp-content\/uploads\/sites\/629\/2026\/03\/476228108_1762646044586613_3890694936517462245_n-1086x1536.jpg 1086w, https:\/\/blogs.uned.es\/ceah\/wp-content\/uploads\/sites\/629\/2026\/03\/476228108_1762646044586613_3890694936517462245_n.jpg 1448w\" sizes=\"(max-width: 724px) 100vw, 724px\" \/><\/figure>\n\n\n\n<figure class=\"wp-block-image size-large\"><img decoding=\"async\" width=\"724\" height=\"1024\" data-id=\"857\" src=\"https:\/\/blogs.uned.es\/ceah\/wp-content\/uploads\/sites\/629\/2026\/03\/482986155_1788214552029762_6419192710281643980_n-724x1024.jpg\" alt=\"\" class=\"wp-image-857\" srcset=\"https:\/\/blogs.uned.es\/ceah\/wp-content\/uploads\/sites\/629\/2026\/03\/482986155_1788214552029762_6419192710281643980_n-724x1024.jpg 724w, https:\/\/blogs.uned.es\/ceah\/wp-content\/uploads\/sites\/629\/2026\/03\/482986155_1788214552029762_6419192710281643980_n-212x300.jpg 212w, https:\/\/blogs.uned.es\/ceah\/wp-content\/uploads\/sites\/629\/2026\/03\/482986155_1788214552029762_6419192710281643980_n-768x1086.jpg 768w, https:\/\/blogs.uned.es\/ceah\/wp-content\/uploads\/sites\/629\/2026\/03\/482986155_1788214552029762_6419192710281643980_n-1086x1536.jpg 1086w, https:\/\/blogs.uned.es\/ceah\/wp-content\/uploads\/sites\/629\/2026\/03\/482986155_1788214552029762_6419192710281643980_n.jpg 1448w\" sizes=\"(max-width: 724px) 100vw, 724px\" \/><\/figure>\n\n\n\n<figure class=\"wp-block-image size-large\"><img loading=\"lazy\" decoding=\"async\" width=\"958\" height=\"1024\" data-id=\"1037\" src=\"https:\/\/blogs.uned.es\/ceah\/wp-content\/uploads\/sites\/629\/2026\/03\/crop-III-489885077_1313748076905145_8360161631432022219_n-958x1024.jpeg\" alt=\"\" class=\"wp-image-1037\" srcset=\"https:\/\/blogs.uned.es\/ceah\/wp-content\/uploads\/sites\/629\/2026\/03\/crop-III-489885077_1313748076905145_8360161631432022219_n-958x1024.jpeg 958w, https:\/\/blogs.uned.es\/ceah\/wp-content\/uploads\/sites\/629\/2026\/03\/crop-III-489885077_1313748076905145_8360161631432022219_n-281x300.jpeg 281w, https:\/\/blogs.uned.es\/ceah\/wp-content\/uploads\/sites\/629\/2026\/03\/crop-III-489885077_1313748076905145_8360161631432022219_n-768x821.jpeg 768w, https:\/\/blogs.uned.es\/ceah\/wp-content\/uploads\/sites\/629\/2026\/03\/crop-III-489885077_1313748076905145_8360161631432022219_n.jpeg 1342w\" sizes=\"(max-width: 958px) 100vw, 958px\" \/><\/figure>\n<\/figure>\n\n\n\n<h2 class=\"wp-block-heading\"><strong>Seminario: Las \u00faltimas colonias espa\u00f1olas en \u00c1frica (Diciembre 2020)<\/strong><\/h2>\n\n\n<div class=\"wp-block-image\">\n<figure class=\"alignleft size-large is-resized\"><img loading=\"lazy\" decoding=\"async\" width=\"724\" height=\"1024\" src=\"https:\/\/blogs.uned.es\/ceah\/wp-content\/uploads\/sites\/629\/2026\/03\/cartel-seminario-internacional-ceah-uned-diciembre-2020-724x1024.jpg\" alt=\"\" class=\"wp-image-1031\" style=\"aspect-ratio:0.7070449120079942;width:139px;height:auto\" srcset=\"https:\/\/blogs.uned.es\/ceah\/wp-content\/uploads\/sites\/629\/2026\/03\/cartel-seminario-internacional-ceah-uned-diciembre-2020-724x1024.jpg 724w, https:\/\/blogs.uned.es\/ceah\/wp-content\/uploads\/sites\/629\/2026\/03\/cartel-seminario-internacional-ceah-uned-diciembre-2020-212x300.jpg 212w, https:\/\/blogs.uned.es\/ceah\/wp-content\/uploads\/sites\/629\/2026\/03\/cartel-seminario-internacional-ceah-uned-diciembre-2020-768x1086.jpg 768w, https:\/\/blogs.uned.es\/ceah\/wp-content\/uploads\/sites\/629\/2026\/03\/cartel-seminario-internacional-ceah-uned-diciembre-2020-1086x1536.jpg 1086w, https:\/\/blogs.uned.es\/ceah\/wp-content\/uploads\/sites\/629\/2026\/03\/cartel-seminario-internacional-ceah-uned-diciembre-2020-1448x2048.jpg 1448w, https:\/\/blogs.uned.es\/ceah\/wp-content\/uploads\/sites\/629\/2026\/03\/cartel-seminario-internacional-ceah-uned-diciembre-2020-scaled.jpg 1810w\" sizes=\"(max-width: 724px) 100vw, 724px\" \/><\/figure>\n<\/div>\n\n\n<p>Proyecto Asociado: HAR2016-79164-P. <em>Hacia un estudio comparativo del colonialismo espa\u00f1ol en \u00c1frica y de sus efectos en las poblaciones colonizadas de Guinea Ecuatorial y del Rif.<\/em> Investigadora Principal: Mar\u00eda Paz Moreno Feli\u00fa (UNED). Entidad Financiadora: Ministerio de Econom\u00eda y Competitividad (2017-2019).<\/p>\n\n\n\n<ul class=\"wp-block-list\">\n<li>Enlace: <a href=\"https:\/\/www.youtube.com\/playlist?list=PLFjcoEgiYocxi402I60v-V1gw1KgNk40S\" target=\"_blank\" rel=\"noreferrer noopener\">YouTube<\/a><\/li>\n<\/ul>\n\n\n\n<p><\/p>\n\n\n\n<p><\/p>\n\n\n\n<p><\/p>\n\n\n\n<h2 class=\"wp-block-heading\"><strong>Seminario: Guinea Ecuatorial, La Huella Colonial (Noviembre 2020) <\/strong><\/h2>\n\n\n<div class=\"wp-block-image\">\n<figure class=\"alignleft size-large is-resized\"><img loading=\"lazy\" decoding=\"async\" width=\"1024\" height=\"576\" src=\"https:\/\/blogs.uned.es\/ceah\/wp-content\/uploads\/sites\/629\/2026\/03\/2020-UB-1024x576.jpg\" alt=\"\" class=\"wp-image-1035\" style=\"width:288px;height:auto\" srcset=\"https:\/\/blogs.uned.es\/ceah\/wp-content\/uploads\/sites\/629\/2026\/03\/2020-UB-1024x576.jpg 1024w, https:\/\/blogs.uned.es\/ceah\/wp-content\/uploads\/sites\/629\/2026\/03\/2020-UB-300x169.jpg 300w, https:\/\/blogs.uned.es\/ceah\/wp-content\/uploads\/sites\/629\/2026\/03\/2020-UB-768x432.jpg 768w, https:\/\/blogs.uned.es\/ceah\/wp-content\/uploads\/sites\/629\/2026\/03\/2020-UB-1536x864.jpg 1536w, https:\/\/blogs.uned.es\/ceah\/wp-content\/uploads\/sites\/629\/2026\/03\/2020-UB-2048x1152.jpg 2048w\" sizes=\"(max-width: 1024px) 100vw, 1024px\" \/><\/figure>\n<\/div>\n\n\n<p>Organizado por la Universitat de Barcelona y Casa \u00c1frica, con el apoyo del CEAH y otras instituciones. Tuvo lugar los d\u00edas 23 y 24 de noviembre en formato online.<\/p>\n\n\n\n<ul class=\"wp-block-list\">\n<li>Enlace: <a href=\"https:\/\/www.youtube.com\/user\/CasaAfrica\" target=\"_blank\" rel=\"noreferrer noopener\">Retransmisi\u00f3n en Canal Casa \u00c1frica<\/a><\/li>\n\n\n\n<li><\/li>\n<\/ul>\n\n\n\n<h2 class=\"wp-block-heading\"><strong>Proyecto Fundacional del CEAH <\/strong><\/h2>\n\n\n\n<p>C\u00f3digo de Referencia: HAR2012-34599. T\u00edtulo: Lo que sabemos, ignoramos, inventamos y deformamos acerca del pasado y el presente de Guinea Ecuatorial. Revisi\u00f3n cr\u00edtica multidisciplinaria y nuevas v\u00edas de investigaci\u00f3n. Investigador Principal: Juan Aranzadi (UNED). Entidad Financiadora: Ministerio de Econom\u00eda y Competitividad (2013\u20132016)<\/p>\n\n\n\n<p>Este proyecto de investigaci\u00f3n fue el catalizador que culmin\u00f3 en la creaci\u00f3n formal del CEAH. Su objetivo fue realizar una revisi\u00f3n cr\u00edtica multidisciplinar de la historia y realidad guineana. Los resultados de este proyecto recibieron el Premio UNED-Banco Santander 2018 de Investigaci\u00f3n y Transparencia.<\/p>\n\n\n\n<figure class=\"wp-block-image size-full\"><a href=\"https:\/\/dialnet.unirioja.es\/servlet\/libro?codigo=795077\"><img loading=\"lazy\" decoding=\"async\" width=\"989\" height=\"700\" src=\"https:\/\/blogs.uned.es\/ceah\/wp-content\/uploads\/sites\/629\/2026\/03\/126949653_789365511914676_2756830594922236574_n.jpg\" alt=\"\" class=\"wp-image-853\" srcset=\"https:\/\/blogs.uned.es\/ceah\/wp-content\/uploads\/sites\/629\/2026\/03\/126949653_789365511914676_2756830594922236574_n.jpg 989w, https:\/\/blogs.uned.es\/ceah\/wp-content\/uploads\/sites\/629\/2026\/03\/126949653_789365511914676_2756830594922236574_n-300x212.jpg 300w, https:\/\/blogs.uned.es\/ceah\/wp-content\/uploads\/sites\/629\/2026\/03\/126949653_789365511914676_2756830594922236574_n-768x544.jpg 768w\" sizes=\"(max-width: 989px) 100vw, 989px\" \/><\/a><\/figure>\n\n\n\n<ul class=\"wp-block-list\">\n<li><a href=\"https:\/\/dialnet.unirioja.es\/servlet\/libro?codigo=795077\"><em>Guinea Ecuatorial (des)conocida: lo que sabemos, ignoramos, inventamos y deformamos acerca de su pasado y su presente<\/em> <\/a>(UNED, 2020).<\/li>\n\n\n\n<li>Coordinadores: Juan Aranzadi y Gonzalo \u00c1lvarez Chillida.<\/li>\n\n\n\n<li><a href=\"https:\/\/blogs.uned.es\/ceah\/2026\/03\/11\/sobre-guinea-ecuatorial-desconocida-lo-que-sabemos-ignoramos-inventamos-y-deformamos-acerca-del-pasado-y-presente-de-guinea-ecuatorial-editorial-uned-madrid-2020\/\">Entrevista<\/a> de Fernando Diaz de Quijano a Juan Aranzadi y Gonzalo Alvarez Chillida, coordinadores de los dos vol\u00famenes del libro.<\/li>\n<\/ul>\n\n\n\n<h2 class=\"wp-block-heading\">Videoteca de Seminarios Internacionales<\/h2>\n\n\n\n<p>Como parte de su misi\u00f3n de difusi\u00f3n cient\u00edfica, el CEAH ofrece acceso abierto a las grabaciones y materiales de sus seminarios internacionales, permitiendo consultar las ponencias y debates de especialistas de todo el mundo.<\/p>\n\n\n\n<p><strong>V Seminario Internacional (2018)<\/strong><\/p>\n\n\n\n<ul class=\"wp-block-list\">\n<li>T\u00edtulo: \u00ab<em><a href=\"https:\/\/blogs.uned.es\/ceah\/2026\/03\/11\/v-seminario-internacional-revisitando-las-descolonizaciones-africanas-50-anos-de-la-independencia-de-guinea-ecuatorial\/\">Revisitando las descolonizaciones africanas: 50 a\u00f1os de la independencia de Guinea Ecuatorial<\/a><\/em>\u00ab, Celebrado en Madrid del 2 al 13 de julio de 2018.<\/li>\n\n\n\n<li>Recursos:\n<ul class=\"wp-block-list\">\n<li><a href=\"https:\/\/canal.uned.es\/series\/5aa23c79b1111f267a8b456c\" target=\"_blank\" rel=\"noreferrer noopener\">Videoteca completa en Canal UNED<\/a>.<\/li>\n\n\n\n<li><a href=\"https:\/\/www.youtube.com\/playlist?list=PLhAiPdvptSgEv7RcYW_K83ZFWUKJ3kj5K\" target=\"_blank\" rel=\"noreferrer noopener\">YouTube<\/a>.<\/li>\n<\/ul>\n<\/li>\n<\/ul>\n\n\n\n<p><strong>III Seminario Internacional sobre Guinea Ecuatorial (2016)<\/strong><\/p>\n\n\n\n<ul class=\"wp-block-list\">\n<li>Contexto: Las sesiones y debates de este seminario constituyeron la base cient\u00edfica para la publicaci\u00f3n de la obra de referencia <em>Guinea Ecuatorial (des)conocida<\/em> (UNED, 2020).<\/li>\n\n\n\n<li>Recursos:\n<ul class=\"wp-block-list\">\n<li><a href=\"https:\/\/canal.uned.es\/series\/5a6f393eb1111ff1408b4569\" target=\"_blank\" rel=\"noreferrer noopener\">Conferencias y debates en Canal UNED<\/a>.<\/li>\n<\/ul>\n<\/li>\n<\/ul>\n\n\n\n<p><strong>I Seminarios del Proyecto sobre Guinea Ecuatorial (2014)<\/strong><\/p>\n\n\n\n<ul class=\"wp-block-list\">\n<li>Proyecto HAR2012-34599, 30 de junio al 5 de julio de 2014, en el Edificio de Humanidades de la UNED en Madrid.<\/li>\n\n\n\n<li>Estas sesiones marcaron el inicio de las actividades de investigaci\u00f3n multidisciplinar que dar\u00edan paso a la creaci\u00f3n formal del CEAH.<\/li>\n\n\n\n<li>Recursos:\n<ul class=\"wp-block-list\">\n<li><a href=\"https:\/\/estudiosafrohispanicos.wordpress.com\/wp-content\/uploads\/2013\/05\/seminarios-del-proyecto-sobre-guinea-ecuatorial-referencia-har2012-34599.pdf\" target=\"_blank\" rel=\"noreferrer noopener\">Orden del d\u00eda (PDF)<\/a>.<\/li>\n<\/ul>\n<\/li>\n<\/ul>\n\n\n\n<hr class=\"wp-block-separator has-alpha-channel-opacity\" \/>\n\n\n\n<h2 class=\"wp-block-heading\">N\u00famero Especial en Revista <em>ENDOXA<\/em> (2016):<\/h2>\n\n\n<div class=\"wp-block-image\">\n<figure class=\"alignleft size-full is-resized\"><img loading=\"lazy\" decoding=\"async\" width=\"134\" height=\"190\" src=\"https:\/\/blogs.uned.es\/ceah\/wp-content\/uploads\/sites\/629\/2026\/03\/endoxa-2016.jpeg\" alt=\"\" class=\"wp-image-1041\" style=\"width:109px;height:auto\" \/><\/figure>\n<\/div>\n\n\n<ul class=\"wp-block-list\">\n<li>T\u00edtulo: <em><a href=\"https:\/\/revistas.uned.es\/index.php\/endoxa\/issue\/view\/928\">Nuevas investigaciones sobre y desde Guinea Ecuatorial<\/a><\/em>.<\/li>\n\n\n\n<li>Introducci\u00f3n: Por Juan Aranzadi y Paz Moreno Feliu.<\/li>\n<\/ul>\n\n\n\n<p><\/p>\n\n\n\n<p><\/p>\n\n\n\n<h2 class=\"wp-block-heading\">Dossier en Revista <em>Ayer<\/em> (2018)<\/h2>\n\n\n<div class=\"wp-block-image\">\n<figure class=\"alignleft size-full is-resized\"><a href=\"https:\/\/www.revistasmarcialpons.es\/index.php\/revistaayer\/issue\/view\/la-colonizacion-espanola-en-el-golfo-de-guinea-una-perspectiva\"><img loading=\"lazy\" decoding=\"async\" width=\"500\" height=\"778\" src=\"https:\/\/blogs.uned.es\/ceah\/wp-content\/uploads\/sites\/629\/2026\/03\/cover_issue_123_es_ES.jpg\" alt=\"\" class=\"wp-image-1039\" style=\"aspect-ratio:0.642708557492289;width:114px;height:auto\" srcset=\"https:\/\/blogs.uned.es\/ceah\/wp-content\/uploads\/sites\/629\/2026\/03\/cover_issue_123_es_ES.jpg 500w, https:\/\/blogs.uned.es\/ceah\/wp-content\/uploads\/sites\/629\/2026\/03\/cover_issue_123_es_ES-193x300.jpg 193w\" sizes=\"(max-width: 500px) 100vw, 500px\" \/><\/a><\/figure>\n<\/div>\n\n\n<ul class=\"wp-block-list\">\n<li>T\u00edtulo: <a href=\"https:\/\/www.revistasmarcialpons.es\/index.php\/revistaayer\/issue\/view\/la-colonizacion-espanola-en-el-golfo-de-guinea-una-perspectiva\">La colonizaci\u00f3n espa\u00f1ola en el Golfo de Guinea: una perspectiva social<\/a>. <\/li>\n\n\n\n<li>Introducci\u00f3n: Gonzalo \u00c1lvarez Chillida y Gustau Ner\u00edn Abad.<\/li>\n<\/ul>\n\n\n\n<p><\/p>\n\n\n\n<p><\/p>\n\n\n\n<p><\/p>\n\n\n\n<hr class=\"wp-block-separator has-alpha-channel-opacity\" \/>\n\n\n\n<p><\/p>\n\n\n\n<h2 class=\"wp-block-heading\">Recursos relacionados:<\/h2>\n\n\n\n<ul class=\"wp-block-list\">\n<li>Multimedia: <a href=\"https:\/\/canal.uned.es\/video\/5a6f761ab1111fbc7d8b4683\" target=\"_blank\" rel=\"noreferrer noopener\">Podcast sobre la creaci\u00f3n y objetivos del CEAH (Canal UNED)<\/a><\/li>\n\n\n\n<li><a href=\"https:\/\/canal.uned.es\/video\/5bb5e4f9b1111f353c8b4568\" target=\"_blank\" rel=\"noreferrer noopener\">Documental TVE-2: 50 Aniversario<\/a>.<\/li>\n\n\n\n<li>Portal de Medios: <a href=\"https:\/\/portal.uned.es\/portal\/page?_pageid=93,63505824&amp;_dad=portal&amp;_schema=PORTAL\" target=\"_blank\" rel=\"noreferrer noopener\">Contenidos del CEAH en el portal de la UNED<\/a><\/li>\n<\/ul>\n\n\n\n<p><\/p>\n","protected":false},"excerpt":{"rendered":"<p>Esta secci\u00f3n detalla los proyectos de investigaci\u00f3n que constituyen el n\u00facleo cient\u00edfico de los miembros del CEAH. Estos proyectos, financiados por organismos p\u00fablicos de investigaci\u00f3n, han permitido consolidar una red internacional de especialistas y una producci\u00f3n bibliogr\u00e1fica de referencia en el \u00e1mbito de los estudios africanos y coloniales. Proyecto \u00abDesco\u00c1frica\u00bb (2021\u20132024) C\u00f3digo de Referencia: PID2020-115502GB-100. T\u00edtulo: Proceso y legado de la descolonizaci\u00f3n espa\u00f1ola en \u00c1frica. Investigadores Principales: Gonzalo \u00c1lvarez Chillida y Juan Ignacio Castien Maestro (Universidad Complutense de Madrid). Entidad Financiadora: Ministerio de Ciencia, Innovaci\u00f3n y Universidades. Este proyecto se concibi\u00f3 para profundizar en el conocimiento de la descolonizaci\u00f3n espa\u00f1ola en \u00c1frica. Re\u00fane a un amplio n\u00famero de investigadores de universidades espa\u00f1olas y extranjeras, integrando a una parte significativa de los miembros del CEAH en sus l\u00edneas de trabajo. Su objetivo es analizar este episodio hist\u00f3rico desde una perspectiva multidisciplinar. Publicaci\u00f3n Principal: Ciclo de Seminarios de Estudios Africanos Durante la&hellip;<\/p>\n<p> <a class=\"more-link\" href=\"https:\/\/blogs.uned.es\/ceah\/investigacion-multidisciplinar\/\">Leer m\u00e1s<\/a><\/p>\n","protected":false},"author":8081,"featured_media":0,"parent":0,"menu_order":0,"comment_status":"closed","ping_status":"closed","template":"","meta":{"footnotes":""},"class_list":["post-1073","page","type-page","status-publish"],"_links":{"self":[{"href":"https:\/\/blogs.uned.es\/ceah\/wp-json\/wp\/v2\/pages\/1073","targetHints":{"allow":["GET"]}}],"collection":[{"href":"https:\/\/blogs.uned.es\/ceah\/wp-json\/wp\/v2\/pages"}],"about":[{"href":"https:\/\/blogs.uned.es\/ceah\/wp-json\/wp\/v2\/types\/page"}],"author":[{"embeddable":true,"href":"https:\/\/blogs.uned.es\/ceah\/wp-json\/wp\/v2\/users\/8081"}],"replies":[{"embeddable":true,"href":"https:\/\/blogs.uned.es\/ceah\/wp-json\/wp\/v2\/comments?post=1073"}],"version-history":[{"count":8,"href":"https:\/\/blogs.uned.es\/ceah\/wp-json\/wp\/v2\/pages\/1073\/revisions"}],"predecessor-version":[{"id":1159,"href":"https:\/\/blogs.uned.es\/ceah\/wp-json\/wp\/v2\/pages\/1073\/revisions\/1159"}],"wp:attachment":[{"href":"https:\/\/blogs.uned.es\/ceah\/wp-json\/wp\/v2\/media?parent=1073"}],"curies":[{"name":"wp","href":"https:\/\/api.w.org\/{rel}","templated":true}]}}