{"id":67,"date":"2017-11-23T10:48:12","date_gmt":"2017-11-23T10:48:12","guid":{"rendered":"http:\/\/blogs.uned.es\/catedra-unesco\/?page_id=67"},"modified":"2024-11-11T09:01:29","modified_gmt":"2024-11-11T09:01:29","slug":"la-catedra","status":"publish","type":"page","link":"https:\/\/blogs.uned.es\/catedraunesco-aguaypaz\/la-catedra\/","title":{"rendered":"La C\u00e1tedra"},"content":{"rendered":"<div id=\"pl-67\"  class=\"panel-layout\" ><div id=\"pg-67-0\"  class=\"panel-grid panel-no-style\" ><div id=\"pgc-67-0-0\"  class=\"panel-grid-cell\" ><div id=\"panel-67-0-0-0\" class=\"so-panel widget widget_sow-editor panel-first-child panel-last-child\" data-index=\"0\" ><div\n\t\t\t\n\t\t\tclass=\"so-widget-sow-editor so-widget-sow-editor-base\"\n\t\t\t\n\t\t>\n<div class=\"siteorigin-widget-tinymce textwidget\">\n\t<p>En julio de 2020, la Directora General de la <strong>UNESCO<\/strong>, D.\u00aa Audrey Azoulay, el Rector de la Universidad Nacional de Educaci\u00f3n a Distancia (<strong>UNED<\/strong>), D. Ricardo Mairal, y el Rector de la Universidad Rey Juan Carlos (<strong>URJC<\/strong>), D. Javier Ramos, firmaron un acuerdo con una vigencia de cuatro a\u00f1os para la creaci\u00f3n de la <strong>C\u00e1tedra UNESCO en Agua y Paz<\/strong>.<\/p>\n<p>La <strong>C\u00e1tedra UNESCO en Agua y Paz<\/strong> est\u00e1 incluida en el <strong><a href=\"https:\/\/en.unesco.org\/themes\/higher-education\/unitwin\" target=\"_blank\" rel=\"noopener\">Programa UNITWIN y de C\u00e1tedras UNESCO<\/a><\/strong>, un programa iniciado en 1992 y enfocado en la promoci\u00f3n de la cooperaci\u00f3n internacional entre universidades y la creaci\u00f3n de redes, as\u00ed como en reforzar los centros de educaci\u00f3n superior en el mundo, reducir la brecha cognitiva, movilizar los conocimientos especializados y colaborar en la consecuci\u00f3n de los Objetivos de Desarrollo Sostenible de aqu\u00ed a 2030. Actualmente, la red cuenta con m\u00e1s de 830 C\u00e1tedras UNESCO y programas de cooperaci\u00f3n UNITWIN a lo largo de m\u00e1s de 110 Estados Miembros de la UNESCO.<\/p>\n<p>Bajo la codirecci\u00f3n de <strong>Amelia P\u00e9rez Zabaleta<\/strong>, Profesora Titular de Econom\u00eda Aplicada de la UNED, y de <strong>Pascual Fern\u00e1ndez Mart\u00ednez<\/strong>, Profesor Titular de Econometr\u00eda de la URJC, la <strong>C\u00e1tedra UNESCO en Agua y Paz<\/strong>\u00a0cuenta con la participaci\u00f3n de un equipo de investigadores y profesionales pertenecientes a la <a id=\"m_3802245253427570821OWA2b3a4460-241b-5407-7c9a-ce6a449edcee\" href=\"https:\/\/www.uned.es\/\" target=\"_blank\" rel=\"noopener\" data-saferedirecturl=\"https:\/\/www.google.com\/url?q=https:\/\/www.uned.es\/&amp;source=gmail&amp;ust=1731401052068000&amp;usg=AOvVaw1ud9MS4hc70rFLVKaBmPxW\">UNED<\/a>\u00a0y la <a id=\"m_3802245253427570821OWA4e0cd39a-acff-b607-89be-eb6299b00932\" href=\"https:\/\/www.urjc.es\/\" target=\"_blank\" rel=\"noopener\" data-saferedirecturl=\"https:\/\/www.google.com\/url?q=https:\/\/www.urjc.es\/&amp;source=gmail&amp;ust=1731401052068000&amp;usg=AOvVaw1oLz2WU-4AJVJzEtLJcaHq\">URJC<\/a>.<\/p>\n<\/div>\n<\/div><\/div><\/div><\/div><\/div>","protected":false},"excerpt":{"rendered":"<p>En julio de 2020, la Directora General de la UNESCO, D.\u00aa Audrey Azoulay, el Rector de la Universidad Nacional de Educaci\u00f3n a Distancia (UNED), D. Ricardo Mairal, y el Rector de la Universidad Rey Juan Carlos (URJC), D. Javier Ramos, firmaron un acuerdo con una vigencia de cuatro a\u00f1os para la creaci\u00f3n de la C\u00e1tedra [&hellip;]<\/p>\n","protected":false},"author":81,"featured_media":13467,"parent":0,"menu_order":0,"comment_status":"closed","ping_status":"closed","template":"page-banners.php","meta":{"_acf_changed":false,"footnotes":""},"class_list":["post-67","page","type-page","status-publish","has-post-thumbnail","hentry"],"acf":[],"yoast_head":"<!-- This site is optimized with the Yoast SEO plugin v27.2 - https:\/\/yoast.com\/product\/yoast-seo-wordpress\/ -->\n<title>La C\u00e1tedra - C\u00e1tedra UNESCO &quot;Agua y Paz&quot;<\/title>\n<meta name=\"robots\" content=\"index, follow, max-snippet:-1, max-image-preview:large, max-video-preview:-1\" \/>\n<link rel=\"canonical\" href=\"https:\/\/blogs.uned.es\/catedraunesco-aguaypaz\/la-catedra\/\" \/>\n<meta property=\"og:locale\" content=\"es_ES\" \/>\n<meta property=\"og:type\" content=\"article\" \/>\n<meta property=\"og:title\" content=\"La C\u00e1tedra - C\u00e1tedra UNESCO &quot;Agua y Paz&quot;\" \/>\n<meta property=\"og:description\" content=\"En julio de 2020, la Directora General de la UNESCO, D.\u00aa Audrey Azoulay, el Rector de la Universidad Nacional de Educaci\u00f3n a Distancia (UNED), D. Ricardo Mairal, y el Rector de la Universidad Rey Juan Carlos (URJC), D. Javier Ramos, firmaron un acuerdo con una vigencia de cuatro a\u00f1os para la creaci\u00f3n de la C\u00e1tedra [&hellip;]\" \/>\n<meta property=\"og:url\" content=\"https:\/\/blogs.uned.es\/catedraunesco-aguaypaz\/la-catedra\/\" \/>\n<meta property=\"og:site_name\" content=\"C\u00e1tedra UNESCO &quot;Agua y Paz&quot;\" \/>\n<meta property=\"article:modified_time\" content=\"2024-11-11T09:01:29+00:00\" \/>\n<meta property=\"og:image\" content=\"https:\/\/blogs.uned.es\/catedraunesco-aguaypaz\/wp-content\/uploads\/sites\/285\/2021\/04\/aguaypaz_banner_3.jpg\" \/>\n\t<meta property=\"og:image:width\" content=\"1400\" \/>\n\t<meta property=\"og:image:height\" content=\"400\" \/>\n\t<meta property=\"og:image:type\" content=\"image\/jpeg\" \/>\n<meta name=\"twitter:card\" content=\"summary_large_image\" \/>\n<meta name=\"twitter:label1\" content=\"Tiempo de lectura\" \/>\n\t<meta name=\"twitter:data1\" content=\"2 minutos\" \/>\n<script type=\"application\/ld+json\" class=\"yoast-schema-graph\">{\"@context\":\"https:\/\/schema.org\",\"@graph\":[{\"@type\":\"WebPage\",\"@id\":\"https:\/\/blogs.uned.es\/catedraunesco-aguaypaz\/la-catedra\/\",\"url\":\"https:\/\/blogs.uned.es\/catedraunesco-aguaypaz\/la-catedra\/\",\"name\":\"La C\u00e1tedra - C\u00e1tedra UNESCO &quot;Agua y Paz&quot;\",\"isPartOf\":{\"@id\":\"https:\/\/blogs.uned.es\/catedraunesco-aguaypaz\/#website\"},\"primaryImageOfPage\":{\"@id\":\"https:\/\/blogs.uned.es\/catedraunesco-aguaypaz\/la-catedra\/#primaryimage\"},\"image\":{\"@id\":\"https:\/\/blogs.uned.es\/catedraunesco-aguaypaz\/la-catedra\/#primaryimage\"},\"thumbnailUrl\":\"https:\/\/blogs.uned.es\/catedraunesco-aguaypaz\/wp-content\/uploads\/sites\/285\/2021\/04\/aguaypaz_banner_3.jpg\",\"datePublished\":\"2017-11-23T10:48:12+00:00\",\"dateModified\":\"2024-11-11T09:01:29+00:00\",\"breadcrumb\":{\"@id\":\"https:\/\/blogs.uned.es\/catedraunesco-aguaypaz\/la-catedra\/#breadcrumb\"},\"inLanguage\":\"es\",\"potentialAction\":[{\"@type\":\"ReadAction\",\"target\":[\"https:\/\/blogs.uned.es\/catedraunesco-aguaypaz\/la-catedra\/\"]}]},{\"@type\":\"ImageObject\",\"inLanguage\":\"es\",\"@id\":\"https:\/\/blogs.uned.es\/catedraunesco-aguaypaz\/la-catedra\/#primaryimage\",\"url\":\"https:\/\/blogs.uned.es\/catedraunesco-aguaypaz\/wp-content\/uploads\/sites\/285\/2021\/04\/aguaypaz_banner_3.jpg\",\"contentUrl\":\"https:\/\/blogs.uned.es\/catedraunesco-aguaypaz\/wp-content\/uploads\/sites\/285\/2021\/04\/aguaypaz_banner_3.jpg\",\"width\":1400,\"height\":400},{\"@type\":\"BreadcrumbList\",\"@id\":\"https:\/\/blogs.uned.es\/catedraunesco-aguaypaz\/la-catedra\/#breadcrumb\",\"itemListElement\":[{\"@type\":\"ListItem\",\"position\":1,\"name\":\"Portada\",\"item\":\"https:\/\/blogs.uned.es\/catedraunesco-aguaypaz\/\"},{\"@type\":\"ListItem\",\"position\":2,\"name\":\"La C\u00e1tedra\"}]},{\"@type\":\"WebSite\",\"@id\":\"https:\/\/blogs.uned.es\/catedraunesco-aguaypaz\/#website\",\"url\":\"https:\/\/blogs.uned.es\/catedraunesco-aguaypaz\/\",\"name\":\"C\u00e1tedra UNESCO &quot;Agua y Paz&quot;\",\"description\":\"de Econom\u00eda del Agua\",\"potentialAction\":[{\"@type\":\"SearchAction\",\"target\":{\"@type\":\"EntryPoint\",\"urlTemplate\":\"https:\/\/blogs.uned.es\/catedraunesco-aguaypaz\/?s={search_term_string}\"},\"query-input\":{\"@type\":\"PropertyValueSpecification\",\"valueRequired\":true,\"valueName\":\"search_term_string\"}}],\"inLanguage\":\"es\"}]}<\/script>\n<!-- \/ Yoast SEO plugin. -->","yoast_head_json":{"title":"La C\u00e1tedra - C\u00e1tedra UNESCO &quot;Agua y Paz&quot;","robots":{"index":"index","follow":"follow","max-snippet":"max-snippet:-1","max-image-preview":"max-image-preview:large","max-video-preview":"max-video-preview:-1"},"canonical":"https:\/\/blogs.uned.es\/catedraunesco-aguaypaz\/la-catedra\/","og_locale":"es_ES","og_type":"article","og_title":"La C\u00e1tedra - C\u00e1tedra UNESCO &quot;Agua y Paz&quot;","og_description":"En julio de 2020, la Directora General de la UNESCO, D.\u00aa Audrey Azoulay, el Rector de la Universidad Nacional de Educaci\u00f3n a Distancia (UNED), D. Ricardo Mairal, y el Rector de la Universidad Rey Juan Carlos (URJC), D. Javier Ramos, firmaron un acuerdo con una vigencia de cuatro a\u00f1os para la creaci\u00f3n de la C\u00e1tedra [&hellip;]","og_url":"https:\/\/blogs.uned.es\/catedraunesco-aguaypaz\/la-catedra\/","og_site_name":"C\u00e1tedra UNESCO &quot;Agua y Paz&quot;","article_modified_time":"2024-11-11T09:01:29+00:00","og_image":[{"width":1400,"height":400,"url":"https:\/\/blogs.uned.es\/catedraunesco-aguaypaz\/wp-content\/uploads\/sites\/285\/2021\/04\/aguaypaz_banner_3.jpg","type":"image\/jpeg"}],"twitter_card":"summary_large_image","twitter_misc":{"Tiempo de lectura":"2 minutos"},"schema":{"@context":"https:\/\/schema.org","@graph":[{"@type":"WebPage","@id":"https:\/\/blogs.uned.es\/catedraunesco-aguaypaz\/la-catedra\/","url":"https:\/\/blogs.uned.es\/catedraunesco-aguaypaz\/la-catedra\/","name":"La C\u00e1tedra - C\u00e1tedra UNESCO &quot;Agua y Paz&quot;","isPartOf":{"@id":"https:\/\/blogs.uned.es\/catedraunesco-aguaypaz\/#website"},"primaryImageOfPage":{"@id":"https:\/\/blogs.uned.es\/catedraunesco-aguaypaz\/la-catedra\/#primaryimage"},"image":{"@id":"https:\/\/blogs.uned.es\/catedraunesco-aguaypaz\/la-catedra\/#primaryimage"},"thumbnailUrl":"https:\/\/blogs.uned.es\/catedraunesco-aguaypaz\/wp-content\/uploads\/sites\/285\/2021\/04\/aguaypaz_banner_3.jpg","datePublished":"2017-11-23T10:48:12+00:00","dateModified":"2024-11-11T09:01:29+00:00","breadcrumb":{"@id":"https:\/\/blogs.uned.es\/catedraunesco-aguaypaz\/la-catedra\/#breadcrumb"},"inLanguage":"es","potentialAction":[{"@type":"ReadAction","target":["https:\/\/blogs.uned.es\/catedraunesco-aguaypaz\/la-catedra\/"]}]},{"@type":"ImageObject","inLanguage":"es","@id":"https:\/\/blogs.uned.es\/catedraunesco-aguaypaz\/la-catedra\/#primaryimage","url":"https:\/\/blogs.uned.es\/catedraunesco-aguaypaz\/wp-content\/uploads\/sites\/285\/2021\/04\/aguaypaz_banner_3.jpg","contentUrl":"https:\/\/blogs.uned.es\/catedraunesco-aguaypaz\/wp-content\/uploads\/sites\/285\/2021\/04\/aguaypaz_banner_3.jpg","width":1400,"height":400},{"@type":"BreadcrumbList","@id":"https:\/\/blogs.uned.es\/catedraunesco-aguaypaz\/la-catedra\/#breadcrumb","itemListElement":[{"@type":"ListItem","position":1,"name":"Portada","item":"https:\/\/blogs.uned.es\/catedraunesco-aguaypaz\/"},{"@type":"ListItem","position":2,"name":"La C\u00e1tedra"}]},{"@type":"WebSite","@id":"https:\/\/blogs.uned.es\/catedraunesco-aguaypaz\/#website","url":"https:\/\/blogs.uned.es\/catedraunesco-aguaypaz\/","name":"C\u00e1tedra UNESCO &quot;Agua y Paz&quot;","description":"de Econom\u00eda del Agua","potentialAction":[{"@type":"SearchAction","target":{"@type":"EntryPoint","urlTemplate":"https:\/\/blogs.uned.es\/catedraunesco-aguaypaz\/?s={search_term_string}"},"query-input":{"@type":"PropertyValueSpecification","valueRequired":true,"valueName":"search_term_string"}}],"inLanguage":"es"}]}},"_links":{"self":[{"href":"https:\/\/blogs.uned.es\/catedraunesco-aguaypaz\/wp-json\/wp\/v2\/pages\/67","targetHints":{"allow":["GET"]}}],"collection":[{"href":"https:\/\/blogs.uned.es\/catedraunesco-aguaypaz\/wp-json\/wp\/v2\/pages"}],"about":[{"href":"https:\/\/blogs.uned.es\/catedraunesco-aguaypaz\/wp-json\/wp\/v2\/types\/page"}],"author":[{"embeddable":true,"href":"https:\/\/blogs.uned.es\/catedraunesco-aguaypaz\/wp-json\/wp\/v2\/users\/81"}],"replies":[{"embeddable":true,"href":"https:\/\/blogs.uned.es\/catedraunesco-aguaypaz\/wp-json\/wp\/v2\/comments?post=67"}],"version-history":[{"count":25,"href":"https:\/\/blogs.uned.es\/catedraunesco-aguaypaz\/wp-json\/wp\/v2\/pages\/67\/revisions"}],"predecessor-version":[{"id":90477,"href":"https:\/\/blogs.uned.es\/catedraunesco-aguaypaz\/wp-json\/wp\/v2\/pages\/67\/revisions\/90477"}],"wp:featuredmedia":[{"embeddable":true,"href":"https:\/\/blogs.uned.es\/catedraunesco-aguaypaz\/wp-json\/wp\/v2\/media\/13467"}],"wp:attachment":[{"href":"https:\/\/blogs.uned.es\/catedraunesco-aguaypaz\/wp-json\/wp\/v2\/media?parent=67"}],"curies":[{"name":"wp","href":"https:\/\/api.w.org\/{rel}","templated":true}]}}