{"id":19,"date":"2019-10-09T10:30:03","date_gmt":"2019-10-09T08:30:03","guid":{"rendered":"http:\/\/blogs.uned.es\/catedraunedtomelloso\/?page_id=19"},"modified":"2023-11-07T14:24:47","modified_gmt":"2023-11-07T13:24:47","slug":"contacto","status":"publish","type":"page","link":"https:\/\/blogs.uned.es\/catedraunedtomelloso\/contacto\/","title":{"rendered":"Contacto"},"content":{"rendered":"\t\t<div data-elementor-type=\"wp-page\" data-elementor-id=\"19\" class=\"elementor elementor-19\">\n\t\t\t\t\t\t<section class=\"elementor-section elementor-top-section elementor-element elementor-element-2fd3db2 elementor-section-stretched elementor-section-full_width elementor-section-height-min-height elementor-section-height-default elementor-section-items-middle\" data-id=\"2fd3db2\" data-element_type=\"section\" data-e-type=\"section\" data-settings=\"{&quot;stretch_section&quot;:&quot;section-stretched&quot;,&quot;background_background&quot;:&quot;classic&quot;}\">\n\t\t\t\t\t\t<div class=\"elementor-container elementor-column-gap-default\">\n\t\t\t\t\t<div class=\"elementor-column elementor-col-100 elementor-top-column elementor-element elementor-element-9cf456b\" data-id=\"9cf456b\" data-element_type=\"column\" data-e-type=\"column\">\n\t\t\t<div class=\"elementor-widget-wrap elementor-element-populated\">\n\t\t\t\t\t\t<section class=\"elementor-section elementor-inner-section elementor-element elementor-element-fc0d28e elementor-section-full_width elementor-section-height-default elementor-section-height-default\" data-id=\"fc0d28e\" data-element_type=\"section\" data-e-type=\"section\">\n\t\t\t\t\t\t<div class=\"elementor-container elementor-column-gap-default\">\n\t\t\t\t\t<div class=\"elementor-column elementor-col-100 elementor-inner-column elementor-element elementor-element-f1a30af\" data-id=\"f1a30af\" data-element_type=\"column\" data-e-type=\"column\">\n\t\t\t<div class=\"elementor-widget-wrap elementor-element-populated\">\n\t\t\t\t\t\t<div class=\"elementor-element elementor-element-8ea7321 elementor-widget elementor-widget-heading\" data-id=\"8ea7321\" data-element_type=\"widget\" data-e-type=\"widget\" data-widget_type=\"heading.default\">\n\t\t\t\t<div class=\"elementor-widget-container\">\n\t\t\t\t\t<h2 class=\"elementor-heading-title elementor-size-default\">Contacto<\/h2>\t\t\t\t<\/div>\n\t\t\t\t<\/div>\n\t\t\t\t\t<\/div>\n\t\t<\/div>\n\t\t\t\t\t<\/div>\n\t\t<\/section>\n\t\t\t\t\t<\/div>\n\t\t<\/div>\n\t\t\t\t\t<\/div>\n\t\t<\/section>\n\t\t\t\t<section class=\"elementor-section elementor-top-section elementor-element elementor-element-eb9fff5 elementor-section-boxed elementor-section-height-default elementor-section-height-default\" data-id=\"eb9fff5\" data-element_type=\"section\" data-e-type=\"section\">\n\t\t\t\t\t\t<div class=\"elementor-container elementor-column-gap-default\">\n\t\t\t\t\t<div class=\"elementor-column elementor-col-50 elementor-top-column elementor-element elementor-element-72f7fe8\" data-id=\"72f7fe8\" data-element_type=\"column\" data-e-type=\"column\">\n\t\t\t<div class=\"elementor-widget-wrap elementor-element-populated\">\n\t\t\t\t\t\t<div class=\"elementor-element elementor-element-8c820a0 elementor-widget elementor-widget-text-editor\" data-id=\"8c820a0\" data-element_type=\"widget\" data-e-type=\"widget\" data-widget_type=\"text-editor.default\">\n\t\t\t\t<div class=\"elementor-widget-container\">\n\t\t\t\t\t\t\t\t\t<div class=\"TzHB6b cLjAic LMRCfc\" data-hveid=\"CEEQAA\" data-ved=\"2ahUKEwiU1tHGuoH2AhXK0KQKHawMBzMQy9oBKAB6BAhBEAA\"><div class=\"sATSHe\"><div class=\"LuVEUc XleQBd B03h3d P6OZi V14nKc i8qq8b ptcLIOszQJu__wholepage-card wp-ms\" data-hveid=\"CD8QAA\"><div class=\"UDZeY OTFaAf\"><div class=\"QsDR1c\"><div class=\"wDYxhc\" lang=\"es-ES\" data-attrid=\"kc:\/location\/location:address\" data-md=\"1002\" data-hveid=\"CDYQAA\" data-ved=\"2ahUKEwiU1tHGuoH2AhXK0KQKHawMBzMQkCl6BAg2EAA\"><div class=\"Z1hOCe\"><div class=\"zloOqf PZPZlf\" data-dtype=\"d3ifr\" data-local-attribute=\"d3adr\" data-ved=\"2ahUKEwiU1tHGuoH2AhXK0KQKHawMBzMQghwoAHoECDYQAQ\"><p><span class=\"w8qArf\"><a class=\"fl\" href=\"https:\/\/www.google.com\/search?rlz=1C1GIVA_enES742ES742&amp;sxsrf=APq-WBsmcoNFqoQw2DrmBcnNyFi5xvgm-g:1644919472296&amp;q=uned+tomelloso+direcci%C3%B3n&amp;ludocid=11923353648759819253&amp;sa=X&amp;ved=2ahUKEwiU1tHGuoH2AhXK0KQKHawMBzMQ6BN6BAg2EAI\" data-ved=\"2ahUKEwiU1tHGuoH2AhXK0KQKHawMBzMQ6BN6BAg2EAI\">Direcci\u00f3n<\/a><\/span><span class=\"w8qArf\">:<\/span><\/p><p><span class=\"LrzXr\">C. del Pintor Francisco Carretero, 8, 13700 Tomelloso, Cdad. Real<\/span><\/p><p><strong><a class=\"fl\" href=\"https:\/\/www.google.com\/search?rlz=1C1GIVA_enES742ES742&amp;sxsrf=APq-WBsmcoNFqoQw2DrmBcnNyFi5xvgm-g:1644919472296&amp;q=uned+tomelloso+horario&amp;ludocid=11923353648759819253&amp;sa=X&amp;ved=2ahUKEwiU1tHGuoH2AhXK0KQKHawMBzMQ6BN6BAg3EAI\" data-ved=\"2ahUKEwiU1tHGuoH2AhXK0KQKHawMBzMQ6BN6BAg3EAI\">Horario<\/a>:\u00a0<\/strong><\/p><\/div><\/div><\/div><\/div><div><div class=\"wDYxhc\" lang=\"es-ES\" data-attrid=\"kc:\/location\/location:hours\" data-md=\"1005\" data-hveid=\"CDcQAA\" data-ved=\"2ahUKEwiU1tHGuoH2AhXK0KQKHawMBzMQkCl6BAg3EAA\"><div class=\"zloOqf PZPZlf\"><div class=\"bJpcZ t-oh\"><div class=\"a-h\"><div class=\"vk_bk\" role=\"button\" data-ved=\"2ahUKEwiU1tHGuoH2AhXK0KQKHawMBzMQ5nF6BAg3EAQ\"><table class=\"WgFkxc\"><tbody><tr class=\"K7Ltle\"><td class=\"SKNSIb\">martes<\/td><td>18:00\u201320:00<\/td><\/tr><tr><td class=\"SKNSIb\">mi\u00e9rcoles<\/td><td>18:00\u201320:00<\/td><\/tr><tr><td class=\"SKNSIb\">jueves<\/td><td>18:00\u201320:00<\/td><\/tr><tr><td class=\"SKNSIb\">viernes<\/td><td>18:00\u201320:00<\/td><\/tr><tr><td class=\"SKNSIb\">s\u00e1bado<\/td><td>Cerrado<\/td><\/tr><tr><td class=\"SKNSIb\">domingo<\/td><td>Cerrado<\/td><\/tr><tr><td class=\"SKNSIb\">lunes<\/td><td>16:00\u201320:00<\/td><\/tr><\/tbody><\/table><\/div><\/div><\/div><\/div><\/div><\/div><div class=\"QsDR1c\"><div class=\"wDYxhc\" lang=\"es-ES\" data-attrid=\"kc:\/collection\/knowledge_panels\/has_phone:phone\" data-md=\"1006\" data-hveid=\"CDsQAA\" data-ved=\"2ahUKEwiU1tHGuoH2AhXK0KQKHawMBzMQkCl6BAg7EAA\"><div class=\"Z1hOCe\"><div class=\"zloOqf PZPZlf\" data-dtype=\"d3ifr\" data-local-attribute=\"d3ph\" data-ved=\"2ahUKEwiU1tHGuoH2AhXK0KQKHawMBzMQ8I0BKAB6BAg7EAE\"><p><span class=\"w8qArf\"><strong><a class=\"fl\" href=\"https:\/\/www.google.com\/search?rlz=1C1GIVA_enES742ES742&amp;sxsrf=APq-WBsmcoNFqoQw2DrmBcnNyFi5xvgm-g:1644919472296&amp;q=uned+tomelloso+tel%C3%A9fono&amp;ludocid=11923353648759819253&amp;sa=X&amp;ved=2ahUKEwiU1tHGuoH2AhXK0KQKHawMBzMQ6BN6BAg7EAI\" data-ved=\"2ahUKEwiU1tHGuoH2AhXK0KQKHawMBzMQ6BN6BAg7EAI\">Tel\u00e9fono<\/a>:<\/strong>\u00a0<\/span><span class=\"LrzXr zdqRlf kno-fv\"><a href=\"https:\/\/www.google.com\/search?q=uned+tomelloso&amp;rlz=1C1GIVA_enES742ES742&amp;oq=uned+tomelloso&amp;aqs=chrome..69i57j46i175i199i512j0i22i30j69i60j69i61j69i60j69i65l2.2494j0j7&amp;sourceid=chrome&amp;ie=UTF-8#\" data-dtype=\"d3ph\" data-local-attribute=\"d3ph\" data-ved=\"2ahUKEwiU1tHGuoH2AhXK0KQKHawMBzMQkAgoAHoECDsQAw\"><span aria-label=\"Llamar al n\u00famero de tel\u00e9fono 926 52 88 15\">926 52 88 15<\/span><\/a>\u00a0UNED\u00a0<\/span><\/p><p><span class=\"LrzXr zdqRlf kno-fv\"><strong>C\u00c1TEDRA UNED INCLUSI\u00d3N SOCIAL:<\/strong> 621 059 615 (Preguntar por Roc\u00edo\/\u00c1ngel Parre\u00f1o)<\/span><\/p><\/div><\/div><\/div><\/div><\/div><\/div><\/div><\/div><div class=\"TzHB6b cLjAic\" data-hveid=\"CEIQAA\" data-ved=\"2ahUKEwiU1tHGuoH2AhXK0KQKHawMBzMQ04gCKAB6BAhCEAA\"><div><div class=\"sATSHe\"><div><div class=\"LuVEUc B03h3d P6OZi V14nKc i8qq8b ptcLIOszQJu__wholepage-card wp-ms\" data-hveid=\"CEAQAA\"><div class=\"UDZeY OTFaAf\"><div class=\"noQ1ef Nhsae\"><div class=\"wDYxhc\" lang=\"es-ES\" data-attrid=\"kc:\/location\/location:province\" data-md=\"1001\" data-hveid=\"CCoQAA\" data-ved=\"2ahUKEwiU1tHGuoH2AhXK0KQKHawMBzMQkCl6BAgqEAA\"><div class=\"Z1hOCe\"><div class=\"zloOqf PZPZlf\" data-ved=\"2ahUKEwiU1tHGuoH2AhXK0KQKHawMBzMQyxMoAHoECCoQAQ\"><div class=\"rVusze\"><span class=\"w8qArf\"><strong><a class=\"fl\" href=\"https:\/\/www.google.com\/search?rlz=1C1GIVA_enES742ES742&amp;sxsrf=APq-WBsmcoNFqoQw2DrmBcnNyFi5xvgm-g:1644919472296&amp;q=uned+tomelloso+provincia&amp;stick=H4sIAAAAAAAAAOPgE-LVT9c3NEzLLjI2NS8p15LLTrbSz8lPTizJzM-DM6wKivLLMvOSUxexSpTmpaYolOTnpubk5BfnK0BlMhMBYxUiH0wAAAA&amp;sa=X&amp;ved=2ahUKEwiU1tHGuoH2AhXK0KQKHawMBzMQ6BMoAHoECCoQAg\" data-ved=\"2ahUKEwiU1tHGuoH2AhXK0KQKHawMBzMQ6BMoAHoECCoQAg\">Provincia<\/a>:<\/strong>\u00a0<\/span><span class=\"LrzXr kno-fv wHYlTd z8gr9e\"><a class=\"fl\" href=\"https:\/\/www.google.com\/search?rlz=1C1GIVA_enES742ES742&amp;sxsrf=APq-WBsmcoNFqoQw2DrmBcnNyFi5xvgm-g:1644919472296&amp;q=Provincia+de+Ciudad+Real&amp;stick=H4sIAAAAAAAAAOPgE-LVT9c3NEzLLjI2NS8pV-LUz9U3MDQysTTSkstOttLPyU9OLMnMz4MzrAqK8ssy85JTF7FKBECYmYkKKakKzpmlKYkpCkGpiTk7WBkBn0QuVFoAAAA&amp;sa=X&amp;ved=2ahUKEwiU1tHGuoH2AhXK0KQKHawMBzMQmxMoAXoECCoQAw\" data-ved=\"2ahUKEwiU1tHGuoH2AhXK0KQKHawMBzMQmxMoAXoECCoQAw\">Ciudad Real<\/a><\/span><\/div><\/div><\/div><\/div><\/div><\/div><\/div><\/div><\/div><\/div><\/div>\t\t\t\t\t\t\t\t<\/div>\n\t\t\t\t<\/div>\n\t\t\t\t\t<\/div>\n\t\t<\/div>\n\t\t\t\t<div class=\"elementor-column elementor-col-50 elementor-top-column elementor-element elementor-element-73f16dd\" data-id=\"73f16dd\" data-element_type=\"column\" data-e-type=\"column\">\n\t\t\t<div class=\"elementor-widget-wrap elementor-element-populated\">\n\t\t\t\t\t\t<div class=\"elementor-element elementor-element-6f48343 elementor-widget elementor-widget-google_maps\" data-id=\"6f48343\" data-element_type=\"widget\" data-e-type=\"widget\" data-widget_type=\"google_maps.default\">\n\t\t\t\t<div class=\"elementor-widget-container\">\n\t\t\t\t\t\t\t<div class=\"elementor-custom-embed\">\n\t\t\t<iframe loading=\"lazy\"\n\t\t\t\t\tsrc=\"https:\/\/maps.google.com\/maps?q=C.%20del%20Pintor%20Francisco%20Carretero%2C%208%2C%2013700%20Tomelloso%2C%20Cdad.%20Real&#038;t=m&#038;z=10&#038;output=embed&#038;iwloc=near\"\n\t\t\t\t\ttitle=\"C. del Pintor Francisco Carretero, 8, 13700 Tomelloso, Cdad. Real\"\n\t\t\t\t\taria-label=\"C. del Pintor Francisco Carretero, 8, 13700 Tomelloso, Cdad. Real\"\n\t\t\t><\/iframe>\n\t\t<\/div>\n\t\t\t\t\t\t<\/div>\n\t\t\t\t<\/div>\n\t\t\t\t\t<\/div>\n\t\t<\/div>\n\t\t\t\t\t<\/div>\n\t\t<\/section>\n\t\t\t\t<section class=\"elementor-section elementor-top-section elementor-element elementor-element-9085452 .infocontacto elementor-section-boxed elementor-section-height-default elementor-section-height-default\" data-id=\"9085452\" data-element_type=\"section\" data-e-type=\"section\" id=\"infocontacto\">\n\t\t\t\t\t\t<div class=\"elementor-container elementor-column-gap-default\">\n\t\t\t\t\t<div class=\"elementor-column elementor-col-100 elementor-top-column elementor-element elementor-element-f269bc4\" data-id=\"f269bc4\" data-element_type=\"column\" data-e-type=\"column\">\n\t\t\t<div class=\"elementor-widget-wrap elementor-element-populated\">\n\t\t\t\t\t\t<div class=\"elementor-element elementor-element-60311eb elementor-widget elementor-widget-heading\" data-id=\"60311eb\" data-element_type=\"widget\" data-e-type=\"widget\" data-widget_type=\"heading.default\">\n\t\t\t\t<div class=\"elementor-widget-container\">\n\t\t\t\t\t<h3 class=\"elementor-heading-title elementor-size-default\">Formulario de contacto<\/h3>\t\t\t\t<\/div>\n\t\t\t\t<\/div>\n\t\t\t\t<div class=\"elementor-element elementor-element-022a332 eael-contact-form-7-button-align-left eael-contact-form-7-button-custom elementor-widget elementor-widget-eael-contact-form-7\" data-id=\"022a332\" data-element_type=\"widget\" data-e-type=\"widget\" data-widget_type=\"eael-contact-form-7.default\">\n\t\t\t\t<div class=\"elementor-widget-container\">\n\t\t\t\t\t<div class=\"eael-contact-form-7-wrapper\">\n                <div class=\"eael-contact-form eael-contact-form-7 eael-contact-form-022a332 placeholder-show eael-contact-form-align-default\">\n<div class=\"wpcf7 no-js\" id=\"wpcf7-f297-o1\" lang=\"es-ES\" dir=\"ltr\" data-wpcf7-id=\"297\">\n<div class=\"screen-reader-response\"><p role=\"status\" aria-live=\"polite\" aria-atomic=\"true\"><\/p> <ul><\/ul><\/div>\n<form action=\"\/catedraunedtomelloso\/wp-json\/wp\/v2\/pages\/19#wpcf7-f297-o1\" method=\"post\" class=\"wpcf7-form init\" aria-label=\"Formulario de contacto\" novalidate=\"novalidate\" data-status=\"init\">\n<fieldset class=\"hidden-fields-container\"><input type=\"hidden\" name=\"_wpcf7\" value=\"297\" \/><input type=\"hidden\" name=\"_wpcf7_version\" value=\"6.1.5\" \/><input type=\"hidden\" name=\"_wpcf7_locale\" value=\"es_ES\" \/><input type=\"hidden\" name=\"_wpcf7_unit_tag\" value=\"wpcf7-f297-o1\" \/><input type=\"hidden\" name=\"_wpcf7_container_post\" value=\"0\" \/><input type=\"hidden\" name=\"_wpcf7_posted_data_hash\" value=\"\" \/>\n<\/fieldset>\n<p><label> Tu nombre<br \/>\n<span class=\"wpcf7-form-control-wrap\" data-name=\"your-name\"><input size=\"40\" maxlength=\"400\" class=\"wpcf7-form-control wpcf7-text wpcf7-validates-as-required\" aria-required=\"true\" aria-invalid=\"false\" value=\"\" type=\"text\" name=\"your-name\" \/><\/span> <\/label>\n<\/p>\n<p><label> Tu correo electr\u00f3nico<br \/>\n<span class=\"wpcf7-form-control-wrap\" data-name=\"your-email\"><input size=\"40\" maxlength=\"400\" class=\"wpcf7-form-control wpcf7-email wpcf7-validates-as-required wpcf7-text wpcf7-validates-as-email\" aria-required=\"true\" aria-invalid=\"false\" value=\"\" type=\"email\" name=\"your-email\" \/><\/span> <\/label>\n<\/p>\n<p><label> Tel\u00e9fono de contacto<br \/>\n<span class=\"wpcf7-form-control-wrap\" data-name=\"your-number\"><input size=\"40\" maxlength=\"400\" class=\"wpcf7-form-control wpcf7-email wpcf7-validates-as-required wpcf7-text wpcf7-validates-as-email\" aria-required=\"true\" aria-invalid=\"false\" value=\"\" type=\"email\" name=\"your-number\" \/><\/span> <\/label>\n<\/p>\n<p><label> Asunto<br \/>\n<span class=\"wpcf7-form-control-wrap\" data-name=\"your-subject\"><input size=\"40\" maxlength=\"400\" class=\"wpcf7-form-control wpcf7-text\" aria-invalid=\"false\" value=\"\" type=\"text\" name=\"your-subject\" \/><\/span> <\/label>\n<\/p>\n<p><label> Tu mensaje<br \/>\n<span class=\"wpcf7-form-control-wrap\" data-name=\"your-message\"><textarea cols=\"40\" rows=\"10\" maxlength=\"2000\" class=\"wpcf7-form-control wpcf7-textarea\" aria-invalid=\"false\" name=\"your-message\"><\/textarea><\/span> <\/label>\n<\/p>\n<p><input class=\"wpcf7-form-control wpcf7-submit has-spinner\" type=\"submit\" value=\"Enviar\" \/>\n<\/p><p style=\"display: none !important;\" class=\"akismet-fields-container\" data-prefix=\"_wpcf7_ak_\"><label>&#916;<textarea name=\"_wpcf7_ak_hp_textarea\" cols=\"45\" rows=\"8\" maxlength=\"100\"><\/textarea><\/label><input type=\"hidden\" id=\"ak_js_1\" name=\"_wpcf7_ak_js\" value=\"37\"\/><script>document.getElementById( \"ak_js_1\" ).setAttribute( \"value\", ( new Date() ).getTime() );<\/script><\/p><div class=\"wpcf7-response-output\" aria-hidden=\"true\"><\/div>\n<\/form>\n<\/div>\n<\/div>\n            <\/div>\t\t\t\t<\/div>\n\t\t\t\t<\/div>\n\t\t\t\t\t<\/div>\n\t\t<\/div>\n\t\t\t\t\t<\/div>\n\t\t<\/section>\n\t\t\t\t<\/div>\n\t\t","protected":false},"excerpt":{"rendered":"<p>Contacto Direcci\u00f3n: C. del Pintor Francisco Carretero, 8, 13700 Tomelloso, Cdad. Real Horario:\u00a0 martes 18:00\u201320:00 mi\u00e9rcoles 18:00\u201320:00 jueves 18:00\u201320:00 viernes 18:00\u201320:00 s\u00e1bado Cerrado domingo Cerrado lunes 16:00\u201320:00 Tel\u00e9fono:\u00a0926 52 88 15\u00a0UNED\u00a0 C\u00c1TEDRA UNED INCLUSI\u00d3N SOCIAL: 621 059 615 (Preguntar por Roc\u00edo\/\u00c1ngel Parre\u00f1o) Provincia:\u00a0Ciudad Real Formulario de contacto Tu nombre Tu correo electr\u00f3nico Tel\u00e9fono de contacto Asunto Tu mensaje &#916;<\/p>\n","protected":false},"author":1,"featured_media":0,"parent":0,"menu_order":0,"comment_status":"closed","ping_status":"closed","template":"","meta":{"footnotes":""},"class_list":["post-19","page","type-page","status-publish"],"_links":{"self":[{"href":"https:\/\/blogs.uned.es\/catedraunedtomelloso\/wp-json\/wp\/v2\/pages\/19","targetHints":{"allow":["GET"]}}],"collection":[{"href":"https:\/\/blogs.uned.es\/catedraunedtomelloso\/wp-json\/wp\/v2\/pages"}],"about":[{"href":"https:\/\/blogs.uned.es\/catedraunedtomelloso\/wp-json\/wp\/v2\/types\/page"}],"author":[{"embeddable":true,"href":"https:\/\/blogs.uned.es\/catedraunedtomelloso\/wp-json\/wp\/v2\/users\/1"}],"replies":[{"embeddable":true,"href":"https:\/\/blogs.uned.es\/catedraunedtomelloso\/wp-json\/wp\/v2\/comments?post=19"}],"version-history":[{"count":70,"href":"https:\/\/blogs.uned.es\/catedraunedtomelloso\/wp-json\/wp\/v2\/pages\/19\/revisions"}],"predecessor-version":[{"id":2721,"href":"https:\/\/blogs.uned.es\/catedraunedtomelloso\/wp-json\/wp\/v2\/pages\/19\/revisions\/2721"}],"wp:attachment":[{"href":"https:\/\/blogs.uned.es\/catedraunedtomelloso\/wp-json\/wp\/v2\/media?parent=19"}],"curies":[{"name":"wp","href":"https:\/\/api.w.org\/{rel}","templated":true}]}}