{"id":37,"date":"2021-03-24T12:00:12","date_gmt":"2021-03-24T11:00:12","guid":{"rendered":"https:\/\/blogs.uned.es\/catedra\/?page_id=37"},"modified":"2025-07-12T11:14:59","modified_gmt":"2025-07-12T10:14:59","slug":"catedra-uned-instituto-lincoln-de-politicas-de-suelo","status":"publish","type":"page","link":"https:\/\/blogs.uned.es\/catedraunedlincoln\/","title":{"rendered":"La C\u00e1tedra"},"content":{"rendered":"\t\t<div data-elementor-type=\"wp-page\" data-elementor-id=\"37\" class=\"elementor elementor-37\">\n\t\t\t\t\t\t<section class=\"elementor-section elementor-top-section elementor-element elementor-element-3b3df80 elementor-section-boxed elementor-section-height-default elementor-section-height-default\" data-id=\"3b3df80\" data-element_type=\"section\" data-e-type=\"section\">\n\t\t\t\t\t\t<div class=\"elementor-container elementor-column-gap-default\">\n\t\t\t\t\t<div class=\"elementor-column elementor-col-50 elementor-top-column elementor-element elementor-element-3a091bf\" data-id=\"3a091bf\" data-element_type=\"column\" data-e-type=\"column\">\n\t\t\t<div class=\"elementor-widget-wrap elementor-element-populated\">\n\t\t\t\t\t\t<div class=\"elementor-element elementor-element-90bae8f elementor-widget elementor-widget-image\" data-id=\"90bae8f\" data-element_type=\"widget\" data-e-type=\"widget\" data-widget_type=\"image.default\">\n\t\t\t\t<div class=\"elementor-widget-container\">\n\t\t\t\t\t\t\t\t\t\t\t\t\t\t\t\t<a href=\"https:\/\/canal.uned.es\/video\/61c04a43b6092369565ff122\">\n\t\t\t\t\t\t\t<img fetchpriority=\"high\" decoding=\"async\" width=\"800\" height=\"450\" src=\"https:\/\/blogs.uned.es\/catedraunedlincoln\/wp-content\/uploads\/sites\/291\/2025\/07\/Diseno-sin-titulo-1024x576.jpg\" class=\"attachment-large size-large wp-image-3287\" alt=\"\" srcset=\"https:\/\/blogs.uned.es\/catedraunedlincoln\/wp-content\/uploads\/sites\/291\/2025\/07\/Diseno-sin-titulo-1024x576.jpg 1024w, https:\/\/blogs.uned.es\/catedraunedlincoln\/wp-content\/uploads\/sites\/291\/2025\/07\/Diseno-sin-titulo-300x169.jpg 300w, https:\/\/blogs.uned.es\/catedraunedlincoln\/wp-content\/uploads\/sites\/291\/2025\/07\/Diseno-sin-titulo-768x432.jpg 768w, https:\/\/blogs.uned.es\/catedraunedlincoln\/wp-content\/uploads\/sites\/291\/2025\/07\/Diseno-sin-titulo.jpg 1280w\" sizes=\"(max-width: 800px) 100vw, 800px\" \/>\t\t\t\t\t\t\t\t<\/a>\n\t\t\t\t\t\t\t\t\t\t\t\t\t\t\t<\/div>\n\t\t\t\t<\/div>\n\t\t\t\t<div class=\"elementor-element elementor-element-2e42cb3 elementor-widget elementor-widget-spacer\" data-id=\"2e42cb3\" data-element_type=\"widget\" data-e-type=\"widget\" data-widget_type=\"spacer.default\">\n\t\t\t\t<div class=\"elementor-widget-container\">\n\t\t\t\t\t\t\t<div class=\"elementor-spacer\">\n\t\t\t<div class=\"elementor-spacer-inner\"><\/div>\n\t\t<\/div>\n\t\t\t\t\t\t<\/div>\n\t\t\t\t<\/div>\n\t\t\t\t\t<\/div>\n\t\t<\/div>\n\t\t\t\t<div class=\"elementor-column elementor-col-50 elementor-top-column elementor-element elementor-element-ea07c38\" data-id=\"ea07c38\" data-element_type=\"column\" data-e-type=\"column\">\n\t\t\t<div class=\"elementor-widget-wrap elementor-element-populated\">\n\t\t\t\t\t\t<div class=\"elementor-element elementor-element-96e3335 elementor-widget elementor-widget-heading\" data-id=\"96e3335\" data-element_type=\"widget\" data-e-type=\"widget\" data-widget_type=\"heading.default\">\n\t\t\t\t<div class=\"elementor-widget-container\">\n\t\t\t\t\t<h2 class=\"elementor-heading-title elementor-size-default\">\u00bfQu\u00e9 es la c\u00e1tedra uned Instituto Lincoln de pol\u00edticas de suelo?<\/h2>\t\t\t\t<\/div>\n\t\t\t\t<\/div>\n\t\t\t\t<div class=\"elementor-element elementor-element-1a557ee elementor-widget elementor-widget-text-editor\" data-id=\"1a557ee\" data-element_type=\"widget\" data-e-type=\"widget\" data-widget_type=\"text-editor.default\">\n\t\t\t\t<div class=\"elementor-widget-container\">\n\t\t\t\t\t\t\t\t\t<p>El director de iniciativas internacionales del Instituto Licoln de Pol\u00edticas de Suelo, Enrique Silva, te explica en este v\u00eddeo qu\u00e9 es la C\u00e1tedra Uned-Instituto Lincoln de Pol\u00edticas de Suelo<\/p>\t\t\t\t\t\t\t\t<\/div>\n\t\t\t\t<\/div>\n\t\t\t\t\t<\/div>\n\t\t<\/div>\n\t\t\t\t\t<\/div>\n\t\t<\/section>\n\t\t\t\t<section class=\"elementor-section elementor-top-section elementor-element elementor-element-3f6de159 elementor-section-boxed elementor-section-height-default elementor-section-height-default\" data-id=\"3f6de159\" data-element_type=\"section\" data-e-type=\"section\">\n\t\t\t\t\t\t<div class=\"elementor-container elementor-column-gap-default\">\n\t\t\t\t\t<div class=\"elementor-column elementor-col-100 elementor-top-column elementor-element elementor-element-379c67c4\" data-id=\"379c67c4\" data-element_type=\"column\" data-e-type=\"column\">\n\t\t\t<div class=\"elementor-widget-wrap elementor-element-populated\">\n\t\t\t\t\t\t<div class=\"elementor-element elementor-element-1a05314 elementor-widget elementor-widget-heading\" data-id=\"1a05314\" data-element_type=\"widget\" data-e-type=\"widget\" data-widget_type=\"heading.default\">\n\t\t\t\t<div class=\"elementor-widget-container\">\n\t\t\t\t\t<h2 class=\"elementor-heading-title elementor-size-default\">OBJETIVO<\/h2>\t\t\t\t<\/div>\n\t\t\t\t<\/div>\n\t\t\t\t<div class=\"elementor-element elementor-element-20b6e7b0 elementor-widget elementor-widget-text-editor\" data-id=\"20b6e7b0\" data-element_type=\"widget\" data-e-type=\"widget\" data-widget_type=\"text-editor.default\">\n\t\t\t\t<div class=\"elementor-widget-container\">\n\t\t\t\t\t\t\t\t\t<p><!-- \/wp:paragraph --><\/p>\n<p><!-- wp:html --><\/p>\n<p>Esta C\u00e1tedra pretende realizar actividades de investigaci\u00f3n, difusi\u00f3n, ense\u00f1anza e innovaci\u00f3n de inter\u00e9s com\u00fan relacionadas con temas de pol\u00edticas de suelo, en su relevancia social y cient\u00edfica para la misi\u00f3n y objetivos de la UNED y el Instituto Lincoln de Pol\u00edticas de Suelo, siendo esta \u00faltima una instituci\u00f3n privada sin \u00e1nimo de lucro, con sede en Cambridge, Massachusetts (USA), independiente y no partidista.<\/p>\n<p>Entre las actividades a realizar por LA C\u00c1TEDRA, recogidas en el convenio de creaci\u00f3n, est\u00e1n la creaci\u00f3n, colaboraci\u00f3n y realizaci\u00f3n de cursos a distancia, virtuales e h\u00edbridos de experto, m\u00e1ster y desarrollo profesional<\/p>\n<p><!-- \/wp:html --><\/p>\t\t\t\t\t\t\t\t<\/div>\n\t\t\t\t<\/div>\n\t\t\t\t<div class=\"elementor-element elementor-element-79fdfd7 elementor-widget elementor-widget-heading\" data-id=\"79fdfd7\" data-element_type=\"widget\" data-e-type=\"widget\" data-widget_type=\"heading.default\">\n\t\t\t\t<div class=\"elementor-widget-container\">\n\t\t\t\t\t<h2 class=\"elementor-heading-title elementor-size-default\">DESCUBRE LA C\u00c1TEDRA<\/h2>\t\t\t\t<\/div>\n\t\t\t\t<\/div>\n\t\t\t\t\t<\/div>\n\t\t<\/div>\n\t\t\t\t\t<\/div>\n\t\t<\/section>\n\t\t\t\t<section class=\"elementor-section elementor-top-section elementor-element elementor-element-2337168 elementor-section-boxed elementor-section-height-default elementor-section-height-default\" data-id=\"2337168\" data-element_type=\"section\" data-e-type=\"section\">\n\t\t\t\t\t\t<div class=\"elementor-container elementor-column-gap-default\">\n\t\t\t\t\t<div class=\"elementor-column elementor-col-33 elementor-top-column elementor-element elementor-element-c83b4aa\" data-id=\"c83b4aa\" data-element_type=\"column\" data-e-type=\"column\">\n\t\t\t<div class=\"elementor-widget-wrap elementor-element-populated\">\n\t\t\t\t\t\t<div class=\"elementor-element elementor-element-4f0b3fd elementor-widget elementor-widget-image\" data-id=\"4f0b3fd\" data-element_type=\"widget\" data-e-type=\"widget\" data-widget_type=\"image.default\">\n\t\t\t\t<div class=\"elementor-widget-container\">\n\t\t\t\t\t\t\t\t\t\t\t\t\t\t\t\t<a href=\"https:\/\/canal.uned.es\/video\/635bb2d8b9130f3c6c113b84\">\n\t\t\t\t\t\t\t<img decoding=\"async\" width=\"800\" height=\"394\" src=\"https:\/\/blogs.uned.es\/catedraunedlincoln\/wp-content\/uploads\/sites\/291\/2022\/11\/uned_lincoln_alianza-1024x504.png\" class=\"attachment-large size-large wp-image-1723\" alt=\"\" srcset=\"https:\/\/blogs.uned.es\/catedraunedlincoln\/wp-content\/uploads\/sites\/291\/2022\/11\/uned_lincoln_alianza-1024x504.png 1024w, https:\/\/blogs.uned.es\/catedraunedlincoln\/wp-content\/uploads\/sites\/291\/2022\/11\/uned_lincoln_alianza-300x148.png 300w, https:\/\/blogs.uned.es\/catedraunedlincoln\/wp-content\/uploads\/sites\/291\/2022\/11\/uned_lincoln_alianza-768x378.png 768w, https:\/\/blogs.uned.es\/catedraunedlincoln\/wp-content\/uploads\/sites\/291\/2022\/11\/uned_lincoln_alianza.png 1532w\" sizes=\"(max-width: 800px) 100vw, 800px\" \/>\t\t\t\t\t\t\t\t<\/a>\n\t\t\t\t\t\t\t\t\t\t\t\t\t\t\t<\/div>\n\t\t\t\t<\/div>\n\t\t\t\t<div class=\"elementor-element elementor-element-fa900c0 elementor-widget elementor-widget-text-editor\" data-id=\"fa900c0\" data-element_type=\"widget\" data-e-type=\"widget\" data-widget_type=\"text-editor.default\">\n\t\t\t\t<div class=\"elementor-widget-container\">\n\t\t\t\t\t\t\t\t\t<p><strong><span style=\"color: #99cc00\">ALIANZAS INTERNACIONALES PARA EL DESARROLLO URBANO SOSTENIBLE (ODS17)<\/span><\/strong><\/p>\t\t\t\t\t\t\t\t<\/div>\n\t\t\t\t<\/div>\n\t\t\t\t\t<\/div>\n\t\t<\/div>\n\t\t\t\t<div class=\"elementor-column elementor-col-33 elementor-top-column elementor-element elementor-element-fe278e8\" data-id=\"fe278e8\" data-element_type=\"column\" data-e-type=\"column\">\n\t\t\t<div class=\"elementor-widget-wrap elementor-element-populated\">\n\t\t\t\t\t\t<div class=\"elementor-element elementor-element-bead7da elementor-widget elementor-widget-image\" data-id=\"bead7da\" data-element_type=\"widget\" data-e-type=\"widget\" data-widget_type=\"image.default\">\n\t\t\t\t<div class=\"elementor-widget-container\">\n\t\t\t\t\t\t\t\t\t\t\t\t\t\t\t\t<a href=\"https:\/\/canal.uned.es\/video\/635bb2d8b9130f3c6c113b84\">\n\t\t\t\t\t\t\t<img decoding=\"async\" width=\"800\" height=\"450\" src=\"https:\/\/blogs.uned.es\/catedraunedlincoln\/wp-content\/uploads\/sites\/291\/2025\/05\/Diseno-sin-titulo-1-1024x576.jpg\" class=\"attachment-large size-large wp-image-2799\" alt=\"\" srcset=\"https:\/\/blogs.uned.es\/catedraunedlincoln\/wp-content\/uploads\/sites\/291\/2025\/05\/Diseno-sin-titulo-1-1024x576.jpg 1024w, https:\/\/blogs.uned.es\/catedraunedlincoln\/wp-content\/uploads\/sites\/291\/2025\/05\/Diseno-sin-titulo-1-300x169.jpg 300w, https:\/\/blogs.uned.es\/catedraunedlincoln\/wp-content\/uploads\/sites\/291\/2025\/05\/Diseno-sin-titulo-1-768x432.jpg 768w, https:\/\/blogs.uned.es\/catedraunedlincoln\/wp-content\/uploads\/sites\/291\/2025\/05\/Diseno-sin-titulo-1.jpg 1280w\" sizes=\"(max-width: 800px) 100vw, 800px\" \/>\t\t\t\t\t\t\t\t<\/a>\n\t\t\t\t\t\t\t\t\t\t\t\t\t\t\t<\/div>\n\t\t\t\t<\/div>\n\t\t\t\t<div class=\"elementor-element elementor-element-dcb3034 elementor-widget elementor-widget-text-editor\" data-id=\"dcb3034\" data-element_type=\"widget\" data-e-type=\"widget\" data-widget_type=\"text-editor.default\">\n\t\t\t\t<div class=\"elementor-widget-container\">\n\t\t\t\t\t\t\t\t\t<p><b>V ANIVERSARIO CATEDRA UNED INSTITUTO LINCOLN DE POLITICAS DE SUELO<\/b><\/p>\t\t\t\t\t\t\t\t<\/div>\n\t\t\t\t<\/div>\n\t\t\t\t\t<\/div>\n\t\t<\/div>\n\t\t\t\t<div class=\"elementor-column elementor-col-33 elementor-top-column elementor-element elementor-element-645cb98\" data-id=\"645cb98\" data-element_type=\"column\" data-e-type=\"column\">\n\t\t\t<div class=\"elementor-widget-wrap\">\n\t\t\t\t\t\t\t<\/div>\n\t\t<\/div>\n\t\t\t\t\t<\/div>\n\t\t<\/section>\n\t\t\t\t<section class=\"elementor-section elementor-top-section elementor-element elementor-element-3ed60d0 elementor-section-boxed elementor-section-height-default elementor-section-height-default\" data-id=\"3ed60d0\" data-element_type=\"section\" data-e-type=\"section\">\n\t\t\t\t\t\t<div class=\"elementor-container elementor-column-gap-default\">\n\t\t\t\t\t<div class=\"elementor-column elementor-col-100 elementor-top-column elementor-element elementor-element-64d6712\" data-id=\"64d6712\" data-element_type=\"column\" data-e-type=\"column\">\n\t\t\t<div class=\"elementor-widget-wrap elementor-element-populated\">\n\t\t\t\t\t\t<div class=\"elementor-element elementor-element-6a4563d elementor-widget elementor-widget-heading\" data-id=\"6a4563d\" data-element_type=\"widget\" data-e-type=\"widget\" data-widget_type=\"heading.default\">\n\t\t\t\t<div class=\"elementor-widget-container\">\n\t\t\t\t\t<h2 class=\"elementor-heading-title elementor-size-default\">DESCUBRE EL MASTER DE POL\u00cdTICAS DE SUELO<\/h2>\t\t\t\t<\/div>\n\t\t\t\t<\/div>\n\t\t\t\t<div class=\"elementor-element elementor-element-0dfd231 elementor-widget elementor-widget-image\" data-id=\"0dfd231\" data-element_type=\"widget\" data-e-type=\"widget\" data-widget_type=\"image.default\">\n\t\t\t\t<div class=\"elementor-widget-container\">\n\t\t\t\t\t\t\t\t\t\t\t\t\t\t\t\t<a href=\"https:\/\/canal.uned.es\/video\/60a24cb8b6092307fc2f3677\">\n\t\t\t\t\t\t\t<img loading=\"lazy\" decoding=\"async\" width=\"800\" height=\"454\" src=\"https:\/\/blogs.uned.es\/catedraunedlincoln\/wp-content\/uploads\/sites\/291\/2021\/05\/presenta_master-1.jpg\" class=\"attachment-large size-large wp-image-1141\" alt=\"\" \/>\t\t\t\t\t\t\t\t<\/a>\n\t\t\t\t\t\t\t\t\t\t\t\t\t\t\t<\/div>\n\t\t\t\t<\/div>\n\t\t\t\t\t<\/div>\n\t\t<\/div>\n\t\t\t\t\t<\/div>\n\t\t<\/section>\n\t\t\t\t<\/div>\n\t\t","protected":false},"excerpt":{"rendered":"<p>\u00bfQu\u00e9 es la c\u00e1tedra uned Instituto Lincoln de pol\u00edticas de suelo? El director de iniciativas internacionales del Instituto Licoln de Pol\u00edticas de Suelo, Enrique Silva, te explica en este v\u00eddeo qu\u00e9 es la C\u00e1tedra Uned-Instituto Lincoln de Pol\u00edticas de Suelo OBJETIVO Esta C\u00e1tedra pretende realizar actividades de investigaci\u00f3n, difusi\u00f3n, ense\u00f1anza e innovaci\u00f3n de inter\u00e9s com\u00fan relacionadas con temas de pol\u00edticas de suelo, en su relevancia social y cient\u00edfica para la misi\u00f3n y objetivos de la UNED y el Instituto Lincoln de Pol\u00edticas de Suelo, siendo esta \u00faltima una instituci\u00f3n privada sin \u00e1nimo de lucro, con sede en Cambridge, Massachusetts (USA), independiente y no partidista. Entre las actividades a&hellip;<\/p>\n<p> <a class=\"more-link\" href=\"https:\/\/blogs.uned.es\/catedraunedlincoln\/\">Leer m\u00e1s<\/a><\/p>\n","protected":false},"author":7433,"featured_media":1521,"parent":0,"menu_order":0,"comment_status":"closed","ping_status":"closed","template":"","meta":{"_uag_custom_page_level_css":"","footnotes":""},"class_list":["post-37","page","type-page","status-publish","has-post-thumbnail"],"uagb_featured_image_src":{"full":["https:\/\/blogs.uned.es\/catedraunedlincoln\/wp-content\/uploads\/sites\/291\/2022\/03\/IMG_20200723_194738.jpg",1980,1485,false],"thumbnail":["https:\/\/blogs.uned.es\/catedraunedlincoln\/wp-content\/uploads\/sites\/291\/2022\/03\/IMG_20200723_194738-150x150.jpg",150,150,true],"medium":["https:\/\/blogs.uned.es\/catedraunedlincoln\/wp-content\/uploads\/sites\/291\/2022\/03\/IMG_20200723_194738-300x225.jpg",300,225,true],"medium_large":["https:\/\/blogs.uned.es\/catedraunedlincoln\/wp-content\/uploads\/sites\/291\/2022\/03\/IMG_20200723_194738-768x576.jpg",768,576,true],"large":["https:\/\/blogs.uned.es\/catedraunedlincoln\/wp-content\/uploads\/sites\/291\/2022\/03\/IMG_20200723_194738-1024x768.jpg",800,600,true],"1536x1536":["https:\/\/blogs.uned.es\/catedraunedlincoln\/wp-content\/uploads\/sites\/291\/2022\/03\/IMG_20200723_194738-1536x1152.jpg",1536,1152,true],"2048x2048":["https:\/\/blogs.uned.es\/catedraunedlincoln\/wp-content\/uploads\/sites\/291\/2022\/03\/IMG_20200723_194738.jpg",1980,1485,false],"a13_navigation_image_size":["https:\/\/blogs.uned.es\/catedraunedlincoln\/wp-content\/uploads\/sites\/291\/2022\/03\/IMG_20200723_194738.jpg",133,100,false]},"uagb_author_info":{"display_name":"Marta Lora-Tamayo","author_link":"https:\/\/blogs.uned.es\/catedraunedlincoln\/author\/mlorat\/"},"uagb_comment_info":0,"uagb_excerpt":"\u00bfQu\u00e9 es la c\u00e1tedra uned Instituto Lincoln de pol\u00edticas de suelo? El director de iniciativas internacionales del Instituto Licoln de Pol\u00edticas de Suelo, Enrique Silva, te explica en este v\u00eddeo qu\u00e9 es la C\u00e1tedra Uned-Instituto Lincoln de Pol\u00edticas de Suelo OBJETIVO Esta C\u00e1tedra pretende realizar actividades de investigaci\u00f3n, difusi\u00f3n, ense\u00f1anza e innovaci\u00f3n de inter\u00e9s com\u00fan&hellip;","_links":{"self":[{"href":"https:\/\/blogs.uned.es\/catedraunedlincoln\/wp-json\/wp\/v2\/pages\/37","targetHints":{"allow":["GET"]}}],"collection":[{"href":"https:\/\/blogs.uned.es\/catedraunedlincoln\/wp-json\/wp\/v2\/pages"}],"about":[{"href":"https:\/\/blogs.uned.es\/catedraunedlincoln\/wp-json\/wp\/v2\/types\/page"}],"author":[{"embeddable":true,"href":"https:\/\/blogs.uned.es\/catedraunedlincoln\/wp-json\/wp\/v2\/users\/7433"}],"replies":[{"embeddable":true,"href":"https:\/\/blogs.uned.es\/catedraunedlincoln\/wp-json\/wp\/v2\/comments?post=37"}],"version-history":[{"count":90,"href":"https:\/\/blogs.uned.es\/catedraunedlincoln\/wp-json\/wp\/v2\/pages\/37\/revisions"}],"predecessor-version":[{"id":3301,"href":"https:\/\/blogs.uned.es\/catedraunedlincoln\/wp-json\/wp\/v2\/pages\/37\/revisions\/3301"}],"wp:featuredmedia":[{"embeddable":true,"href":"https:\/\/blogs.uned.es\/catedraunedlincoln\/wp-json\/wp\/v2\/media\/1521"}],"wp:attachment":[{"href":"https:\/\/blogs.uned.es\/catedraunedlincoln\/wp-json\/wp\/v2\/media?parent=37"}],"curies":[{"name":"wp","href":"https:\/\/api.w.org\/{rel}","templated":true}]}}