{"id":3467,"date":"2025-08-12T12:51:07","date_gmt":"2025-08-12T11:51:07","guid":{"rendered":"https:\/\/blogs.uned.es\/catedraunedlincoln\/?page_id=3467"},"modified":"2025-09-27T18:30:16","modified_gmt":"2025-09-27T17:30:16","slug":"publicaciones-de-nuestros-profesores","status":"publish","type":"page","link":"https:\/\/blogs.uned.es\/catedraunedlincoln\/publicaciones-de-nuestros-profesores\/","title":{"rendered":"PUBLICACIONES DE NUESTROS PROFESORES"},"content":{"rendered":"\t\t<div data-elementor-type=\"wp-page\" data-elementor-id=\"3467\" class=\"elementor elementor-3467\">\n\t\t\t\t\t\t<section class=\"elementor-section elementor-top-section elementor-element elementor-element-a9a6327 elementor-section-boxed elementor-section-height-default elementor-section-height-default\" data-id=\"a9a6327\" data-element_type=\"section\" data-e-type=\"section\">\n\t\t\t\t\t\t<div class=\"elementor-container elementor-column-gap-default\">\n\t\t\t\t\t<div class=\"elementor-column elementor-col-100 elementor-top-column elementor-element elementor-element-04fed01\" data-id=\"04fed01\" data-element_type=\"column\" data-e-type=\"column\">\n\t\t\t<div class=\"elementor-widget-wrap elementor-element-populated\">\n\t\t\t\t\t\t<div class=\"elementor-element elementor-element-b3a2e7c elementor-widget elementor-widget-heading\" data-id=\"b3a2e7c\" data-element_type=\"widget\" data-e-type=\"widget\" data-widget_type=\"heading.default\">\n\t\t\t\t<div class=\"elementor-widget-container\">\n\t\t\t\t\t<h2 class=\"elementor-heading-title elementor-size-default\">Pincha sobre la portada para descargar<\/h2>\t\t\t\t<\/div>\n\t\t\t\t<\/div>\n\t\t\t\t\t<\/div>\n\t\t<\/div>\n\t\t\t\t\t<\/div>\n\t\t<\/section>\n\t\t\t\t<section class=\"elementor-section elementor-top-section elementor-element elementor-element-37f140c elementor-section-boxed elementor-section-height-default elementor-section-height-default\" data-id=\"37f140c\" data-element_type=\"section\" data-e-type=\"section\">\n\t\t\t\t\t\t<div class=\"elementor-container elementor-column-gap-default\">\n\t\t\t\t\t<div class=\"elementor-column elementor-col-100 elementor-top-column elementor-element elementor-element-42a31bf\" data-id=\"42a31bf\" data-element_type=\"column\" data-e-type=\"column\">\n\t\t\t<div class=\"elementor-widget-wrap elementor-element-populated\">\n\t\t\t\t\t\t<div class=\"elementor-element elementor-element-68a9369 elementor-widget elementor-widget-heading\" data-id=\"68a9369\" data-element_type=\"widget\" data-e-type=\"widget\" data-widget_type=\"heading.default\">\n\t\t\t\t<div class=\"elementor-widget-container\">\n\t\t\t\t\t<h2 class=\"elementor-heading-title elementor-size-default\">maRTA lORA-tAMAYO vALLV\u00c9<\/h2>\t\t\t\t<\/div>\n\t\t\t\t<\/div>\n\t\t\t\t\t<\/div>\n\t\t<\/div>\n\t\t\t\t\t<\/div>\n\t\t<\/section>\n\t\t\t\t<section class=\"elementor-section elementor-top-section elementor-element elementor-element-ae233f9 elementor-section-boxed elementor-section-height-default elementor-section-height-default\" data-id=\"ae233f9\" data-element_type=\"section\" data-e-type=\"section\">\n\t\t\t\t\t\t<div class=\"elementor-container elementor-column-gap-default\">\n\t\t\t\t\t<div class=\"elementor-column elementor-col-25 elementor-top-column elementor-element elementor-element-4021f34\" data-id=\"4021f34\" data-element_type=\"column\" data-e-type=\"column\">\n\t\t\t<div class=\"elementor-widget-wrap elementor-element-populated\">\n\t\t\t\t\t\t<div class=\"elementor-element elementor-element-489f7b5 elementor-widget elementor-widget-image\" data-id=\"489f7b5\" data-element_type=\"widget\" data-e-type=\"widget\" data-widget_type=\"image.default\">\n\t\t\t\t<div class=\"elementor-widget-container\">\n\t\t\t\t\t\t\t\t\t\t\t\t\t\t\t\t<a href=\"https:\/\/blogs.uned.es\/catedraunedlincoln\/wp-content\/uploads\/sites\/291\/2025\/08\/EUROPEIZACION-1.pdf\">\n\t\t\t\t\t\t\t<img fetchpriority=\"high\" decoding=\"async\" width=\"683\" height=\"1024\" src=\"https:\/\/blogs.uned.es\/catedraunedlincoln\/wp-content\/uploads\/sites\/291\/2025\/09\/EUROPEIZACION-683x1024.png\" class=\"attachment-large size-large wp-image-3671\" alt=\"\" srcset=\"https:\/\/blogs.uned.es\/catedraunedlincoln\/wp-content\/uploads\/sites\/291\/2025\/09\/EUROPEIZACION-683x1024.png 683w, https:\/\/blogs.uned.es\/catedraunedlincoln\/wp-content\/uploads\/sites\/291\/2025\/09\/EUROPEIZACION-200x300.png 200w, https:\/\/blogs.uned.es\/catedraunedlincoln\/wp-content\/uploads\/sites\/291\/2025\/09\/EUROPEIZACION-768x1152.png 768w, https:\/\/blogs.uned.es\/catedraunedlincoln\/wp-content\/uploads\/sites\/291\/2025\/09\/EUROPEIZACION.png 1024w\" sizes=\"(max-width: 683px) 100vw, 683px\" \/>\t\t\t\t\t\t\t\t<\/a>\n\t\t\t\t\t\t\t\t\t\t\t\t\t\t\t<\/div>\n\t\t\t\t<\/div>\n\t\t\t\t<div class=\"elementor-element elementor-element-545741d elementor-widget elementor-widget-text-editor\" data-id=\"545741d\" data-element_type=\"widget\" data-e-type=\"widget\" data-widget_type=\"text-editor.default\">\n\t\t\t\t<div class=\"elementor-widget-container\">\n\t\t\t\t\t\t\t\t\t<p style=\"text-align: center\"><strong>LA EUROPEIZACI\u00d3N DEL TERRITORIO<\/strong><\/p>\t\t\t\t\t\t\t\t<\/div>\n\t\t\t\t<\/div>\n\t\t\t\t\t<\/div>\n\t\t<\/div>\n\t\t\t\t<div class=\"elementor-column elementor-col-25 elementor-top-column elementor-element elementor-element-cbaee87\" data-id=\"cbaee87\" data-element_type=\"column\" data-e-type=\"column\">\n\t\t\t<div class=\"elementor-widget-wrap elementor-element-populated\">\n\t\t\t\t\t\t<div class=\"elementor-element elementor-element-46ff3f8 elementor-widget elementor-widget-image\" data-id=\"46ff3f8\" data-element_type=\"widget\" data-e-type=\"widget\" data-widget_type=\"image.default\">\n\t\t\t\t<div class=\"elementor-widget-container\">\n\t\t\t\t\t\t\t\t\t\t\t\t\t\t\t\t<a href=\"https:\/\/blogs.uned.es\/catedraunedlincoln\/wp-content\/uploads\/sites\/291\/2025\/08\/DERECHOURBANISTICOYMEDIOAMBIENTE.pdf\">\n\t\t\t\t\t\t\t<img decoding=\"async\" width=\"683\" height=\"1024\" src=\"https:\/\/blogs.uned.es\/catedraunedlincoln\/wp-content\/uploads\/sites\/291\/2025\/09\/derecho-urban-683x1024.png\" class=\"attachment-large size-large wp-image-3667\" alt=\"\" srcset=\"https:\/\/blogs.uned.es\/catedraunedlincoln\/wp-content\/uploads\/sites\/291\/2025\/09\/derecho-urban-683x1024.png 683w, https:\/\/blogs.uned.es\/catedraunedlincoln\/wp-content\/uploads\/sites\/291\/2025\/09\/derecho-urban-200x300.png 200w, https:\/\/blogs.uned.es\/catedraunedlincoln\/wp-content\/uploads\/sites\/291\/2025\/09\/derecho-urban-768x1152.png 768w, https:\/\/blogs.uned.es\/catedraunedlincoln\/wp-content\/uploads\/sites\/291\/2025\/09\/derecho-urban.png 1024w\" sizes=\"(max-width: 683px) 100vw, 683px\" \/>\t\t\t\t\t\t\t\t<\/a>\n\t\t\t\t\t\t\t\t\t\t\t\t\t\t\t<\/div>\n\t\t\t\t<\/div>\n\t\t\t\t<div class=\"elementor-element elementor-element-fae5833 elementor-widget elementor-widget-text-editor\" data-id=\"fae5833\" data-element_type=\"widget\" data-e-type=\"widget\" data-widget_type=\"text-editor.default\">\n\t\t\t\t<div class=\"elementor-widget-container\">\n\t\t\t\t\t\t\t\t\t<p style=\"text-align: center\"><strong>DERECHO URBAN\u00cdSTICO Y\u00a0<\/strong><\/p><p style=\"text-align: center\"><strong>MEDIO AMBIENTE<\/strong><\/p>\t\t\t\t\t\t\t\t<\/div>\n\t\t\t\t<\/div>\n\t\t\t\t\t<\/div>\n\t\t<\/div>\n\t\t\t\t<div class=\"elementor-column elementor-col-25 elementor-top-column elementor-element elementor-element-09a6a78\" data-id=\"09a6a78\" data-element_type=\"column\" data-e-type=\"column\">\n\t\t\t<div class=\"elementor-widget-wrap elementor-element-populated\">\n\t\t\t\t\t\t<div class=\"elementor-element elementor-element-a668247 elementor-widget elementor-widget-image\" data-id=\"a668247\" data-element_type=\"widget\" data-e-type=\"widget\" data-widget_type=\"image.default\">\n\t\t\t\t<div class=\"elementor-widget-container\">\n\t\t\t\t\t\t\t\t\t\t\t\t\t\t\t\t<a href=\"https:\/\/blogs.uned.es\/catedraunedlincoln\/wp-content\/uploads\/sites\/291\/2025\/08\/PROYECTOS-SINGULARES-DE-REGENERACION-URBANA-OCR.pdf\">\n\t\t\t\t\t\t\t<img decoding=\"async\" width=\"683\" height=\"1024\" src=\"https:\/\/blogs.uned.es\/catedraunedlincoln\/wp-content\/uploads\/sites\/291\/2025\/09\/PROYECTOS-683x1024.png\" class=\"attachment-large size-large wp-image-3673\" alt=\"\" srcset=\"https:\/\/blogs.uned.es\/catedraunedlincoln\/wp-content\/uploads\/sites\/291\/2025\/09\/PROYECTOS-683x1024.png 683w, https:\/\/blogs.uned.es\/catedraunedlincoln\/wp-content\/uploads\/sites\/291\/2025\/09\/PROYECTOS-200x300.png 200w, https:\/\/blogs.uned.es\/catedraunedlincoln\/wp-content\/uploads\/sites\/291\/2025\/09\/PROYECTOS-768x1152.png 768w, https:\/\/blogs.uned.es\/catedraunedlincoln\/wp-content\/uploads\/sites\/291\/2025\/09\/PROYECTOS.png 1024w\" sizes=\"(max-width: 683px) 100vw, 683px\" \/>\t\t\t\t\t\t\t\t<\/a>\n\t\t\t\t\t\t\t\t\t\t\t\t\t\t\t<\/div>\n\t\t\t\t<\/div>\n\t\t\t\t<div class=\"elementor-element elementor-element-9306bb5 elementor-widget elementor-widget-text-editor\" data-id=\"9306bb5\" data-element_type=\"widget\" data-e-type=\"widget\" data-widget_type=\"text-editor.default\">\n\t\t\t\t<div class=\"elementor-widget-container\">\n\t\t\t\t\t\t\t\t\t<p style=\"text-align: center\"><strong>PROYECTOS SINGULARES DE REGENERACI\u00d3N URBANA<\/strong><\/p>\t\t\t\t\t\t\t\t<\/div>\n\t\t\t\t<\/div>\n\t\t\t\t\t<\/div>\n\t\t<\/div>\n\t\t\t\t<div class=\"elementor-column elementor-col-25 elementor-top-column elementor-element elementor-element-3a11f88\" data-id=\"3a11f88\" data-element_type=\"column\" data-e-type=\"column\">\n\t\t\t<div class=\"elementor-widget-wrap elementor-element-populated\">\n\t\t\t\t\t\t<div class=\"elementor-element elementor-element-cca6121 elementor-widget elementor-widget-image\" data-id=\"cca6121\" data-element_type=\"widget\" data-e-type=\"widget\" data-widget_type=\"image.default\">\n\t\t\t\t<div class=\"elementor-widget-container\">\n\t\t\t\t\t\t\t\t\t\t\t\t\t\t\t\t<a href=\"https:\/\/blogs.uned.es\/catedraunedlincoln\/wp-content\/uploads\/sites\/291\/2025\/08\/Urbanismo-de-obra-publica-y-derecho-a-urbanizar.pdf\">\n\t\t\t\t\t\t\t<img loading=\"lazy\" decoding=\"async\" width=\"683\" height=\"1024\" src=\"https:\/\/blogs.uned.es\/catedraunedlincoln\/wp-content\/uploads\/sites\/291\/2025\/09\/URBANISMO-683x1024.png\" class=\"attachment-large size-large wp-image-3677\" alt=\"\" srcset=\"https:\/\/blogs.uned.es\/catedraunedlincoln\/wp-content\/uploads\/sites\/291\/2025\/09\/URBANISMO-683x1024.png 683w, https:\/\/blogs.uned.es\/catedraunedlincoln\/wp-content\/uploads\/sites\/291\/2025\/09\/URBANISMO-200x300.png 200w, https:\/\/blogs.uned.es\/catedraunedlincoln\/wp-content\/uploads\/sites\/291\/2025\/09\/URBANISMO-768x1152.png 768w, https:\/\/blogs.uned.es\/catedraunedlincoln\/wp-content\/uploads\/sites\/291\/2025\/09\/URBANISMO.png 1024w\" sizes=\"(max-width: 683px) 100vw, 683px\" \/>\t\t\t\t\t\t\t\t<\/a>\n\t\t\t\t\t\t\t\t\t\t\t\t\t\t\t<\/div>\n\t\t\t\t<\/div>\n\t\t\t\t<div class=\"elementor-element elementor-element-032588a elementor-widget elementor-widget-text-editor\" data-id=\"032588a\" data-element_type=\"widget\" data-e-type=\"widget\" data-widget_type=\"text-editor.default\">\n\t\t\t\t<div class=\"elementor-widget-container\">\n\t\t\t\t\t\t\t\t\t<p style=\"text-align: center\"><strong>URBANISMO DE OBRA P\u00daBLICA Y DERECHO A URBANIZAR<\/strong><\/p>\t\t\t\t\t\t\t\t<\/div>\n\t\t\t\t<\/div>\n\t\t\t\t<div class=\"elementor-element elementor-element-02ed53e elementor-widget elementor-widget-spacer\" data-id=\"02ed53e\" data-element_type=\"widget\" data-e-type=\"widget\" data-widget_type=\"spacer.default\">\n\t\t\t\t<div class=\"elementor-widget-container\">\n\t\t\t\t\t\t\t<div class=\"elementor-spacer\">\n\t\t\t<div class=\"elementor-spacer-inner\"><\/div>\n\t\t<\/div>\n\t\t\t\t\t\t<\/div>\n\t\t\t\t<\/div>\n\t\t\t\t\t<\/div>\n\t\t<\/div>\n\t\t\t\t\t<\/div>\n\t\t<\/section>\n\t\t\t\t<section class=\"elementor-section elementor-top-section elementor-element elementor-element-04feae1 elementor-section-boxed elementor-section-height-default elementor-section-height-default\" data-id=\"04feae1\" data-element_type=\"section\" data-e-type=\"section\">\n\t\t\t\t\t\t<div class=\"elementor-container elementor-column-gap-default\">\n\t\t\t\t\t<div class=\"elementor-column elementor-col-25 elementor-top-column elementor-element elementor-element-81719bd\" data-id=\"81719bd\" data-element_type=\"column\" data-e-type=\"column\">\n\t\t\t<div class=\"elementor-widget-wrap elementor-element-populated\">\n\t\t\t\t\t\t<div class=\"elementor-element elementor-element-9b1e7d5 elementor-widget elementor-widget-image\" data-id=\"9b1e7d5\" data-element_type=\"widget\" data-e-type=\"widget\" data-widget_type=\"image.default\">\n\t\t\t\t<div class=\"elementor-widget-container\">\n\t\t\t\t\t\t\t\t\t\t\t\t\t\t\t\t<a href=\"https:\/\/blogs.uned.es\/catedraunedlincoln\/wp-content\/uploads\/sites\/291\/2025\/08\/Derecho-territorial-y-urbano-en-Latinoame\u0301rica.pdf\">\n\t\t\t\t\t\t\t<img loading=\"lazy\" decoding=\"async\" width=\"683\" height=\"1024\" src=\"https:\/\/blogs.uned.es\/catedraunedlincoln\/wp-content\/uploads\/sites\/291\/2025\/09\/APROXIMACION-683x1024.png\" class=\"attachment-large size-large wp-image-3689\" alt=\"\" srcset=\"https:\/\/blogs.uned.es\/catedraunedlincoln\/wp-content\/uploads\/sites\/291\/2025\/09\/APROXIMACION-683x1024.png 683w, https:\/\/blogs.uned.es\/catedraunedlincoln\/wp-content\/uploads\/sites\/291\/2025\/09\/APROXIMACION-200x300.png 200w, https:\/\/blogs.uned.es\/catedraunedlincoln\/wp-content\/uploads\/sites\/291\/2025\/09\/APROXIMACION-768x1152.png 768w, https:\/\/blogs.uned.es\/catedraunedlincoln\/wp-content\/uploads\/sites\/291\/2025\/09\/APROXIMACION.png 1024w\" sizes=\"(max-width: 683px) 100vw, 683px\" \/>\t\t\t\t\t\t\t\t<\/a>\n\t\t\t\t\t\t\t\t\t\t\t\t\t\t\t<\/div>\n\t\t\t\t<\/div>\n\t\t\t\t<div class=\"elementor-element elementor-element-6973de5 elementor-widget elementor-widget-text-editor\" data-id=\"6973de5\" data-element_type=\"widget\" data-e-type=\"widget\" data-widget_type=\"text-editor.default\">\n\t\t\t\t<div class=\"elementor-widget-container\">\n\t\t\t\t\t\t\t\t\t<p style=\"text-align: center\"><strong>EL DERECHO TERRITORIAL Y URBANO EN LATINOAM\u00c9RCIA<\/strong><\/p>\t\t\t\t\t\t\t\t<\/div>\n\t\t\t\t<\/div>\n\t\t\t\t\t<\/div>\n\t\t<\/div>\n\t\t\t\t<div class=\"elementor-column elementor-col-25 elementor-top-column elementor-element elementor-element-f0e8f62\" data-id=\"f0e8f62\" data-element_type=\"column\" data-e-type=\"column\">\n\t\t\t<div class=\"elementor-widget-wrap elementor-element-populated\">\n\t\t\t\t\t\t<div class=\"elementor-element elementor-element-61cdae5 elementor-widget elementor-widget-image\" data-id=\"61cdae5\" data-element_type=\"widget\" data-e-type=\"widget\" data-widget_type=\"image.default\">\n\t\t\t\t<div class=\"elementor-widget-container\">\n\t\t\t\t\t\t\t\t\t\t\t\t\t\t\t\t<a href=\"https:\/\/blogs.uned.es\/catedraunedlincoln\/wp-content\/uploads\/sites\/291\/2025\/09\/Urbanismo-y-derecho-de-propiedad-EE.UU-1_compressed.pdf\">\n\t\t\t\t\t\t\t<img loading=\"lazy\" decoding=\"async\" width=\"683\" height=\"1024\" src=\"https:\/\/blogs.uned.es\/catedraunedlincoln\/wp-content\/uploads\/sites\/291\/2025\/09\/eeuu-683x1024.png\" class=\"attachment-large size-large wp-image-3679\" alt=\"\" srcset=\"https:\/\/blogs.uned.es\/catedraunedlincoln\/wp-content\/uploads\/sites\/291\/2025\/09\/eeuu-683x1024.png 683w, https:\/\/blogs.uned.es\/catedraunedlincoln\/wp-content\/uploads\/sites\/291\/2025\/09\/eeuu-200x300.png 200w, https:\/\/blogs.uned.es\/catedraunedlincoln\/wp-content\/uploads\/sites\/291\/2025\/09\/eeuu-768x1152.png 768w, https:\/\/blogs.uned.es\/catedraunedlincoln\/wp-content\/uploads\/sites\/291\/2025\/09\/eeuu.png 1024w\" sizes=\"(max-width: 683px) 100vw, 683px\" \/>\t\t\t\t\t\t\t\t<\/a>\n\t\t\t\t\t\t\t\t\t\t\t\t\t\t\t<\/div>\n\t\t\t\t<\/div>\n\t\t\t\t<div class=\"elementor-element elementor-element-4718086 elementor-widget elementor-widget-text-editor\" data-id=\"4718086\" data-element_type=\"widget\" data-e-type=\"widget\" data-widget_type=\"text-editor.default\">\n\t\t\t\t<div class=\"elementor-widget-container\">\n\t\t\t\t\t\t\t\t\t<p style=\"text-align: center\"><strong>URBANISMO Y DERECHO DE PROPIEDAD EN EE.UU<\/strong><\/p>\t\t\t\t\t\t\t\t<\/div>\n\t\t\t\t<\/div>\n\t\t\t\t\t<\/div>\n\t\t<\/div>\n\t\t\t\t<div class=\"elementor-column elementor-col-25 elementor-top-column elementor-element elementor-element-fbe74e5\" data-id=\"fbe74e5\" data-element_type=\"column\" data-e-type=\"column\">\n\t\t\t<div class=\"elementor-widget-wrap elementor-element-populated\">\n\t\t\t\t\t\t<div class=\"elementor-element elementor-element-86284be elementor-widget elementor-widget-image\" data-id=\"86284be\" data-element_type=\"widget\" data-e-type=\"widget\" data-widget_type=\"image.default\">\n\t\t\t\t<div class=\"elementor-widget-container\">\n\t\t\t\t\t\t\t\t\t\t\t\t\t\t\t\t<a href=\"https:\/\/blogs.uned.es\/catedraunedlincoln\/wp-content\/uploads\/sites\/291\/2025\/08\/RETOS-Y-NUEVAS-PERSPECTIVAS-PARTICIPACION.pdf\">\n\t\t\t\t\t\t\t<img loading=\"lazy\" decoding=\"async\" width=\"683\" height=\"1024\" src=\"https:\/\/blogs.uned.es\/catedraunedlincoln\/wp-content\/uploads\/sites\/291\/2025\/09\/RETOS-683x1024.png\" class=\"attachment-large size-large wp-image-3675\" alt=\"\" srcset=\"https:\/\/blogs.uned.es\/catedraunedlincoln\/wp-content\/uploads\/sites\/291\/2025\/09\/RETOS-683x1024.png 683w, https:\/\/blogs.uned.es\/catedraunedlincoln\/wp-content\/uploads\/sites\/291\/2025\/09\/RETOS-200x300.png 200w, https:\/\/blogs.uned.es\/catedraunedlincoln\/wp-content\/uploads\/sites\/291\/2025\/09\/RETOS-768x1152.png 768w, https:\/\/blogs.uned.es\/catedraunedlincoln\/wp-content\/uploads\/sites\/291\/2025\/09\/RETOS.png 1024w\" sizes=\"(max-width: 683px) 100vw, 683px\" \/>\t\t\t\t\t\t\t\t<\/a>\n\t\t\t\t\t\t\t\t\t\t\t\t\t\t\t<\/div>\n\t\t\t\t<\/div>\n\t\t\t\t<div class=\"elementor-element elementor-element-bdf24f4 elementor-widget elementor-widget-text-editor\" data-id=\"bdf24f4\" data-element_type=\"widget\" data-e-type=\"widget\" data-widget_type=\"text-editor.default\">\n\t\t\t\t<div class=\"elementor-widget-container\">\n\t\t\t\t\t\t\t\t\t<p style=\"text-align: center\"><strong>RETOS Y NUEVAS PERSPECTIVAS DE LA PARTICIPACI\u00d3N P\u00daBLICA<\/strong><\/p>\t\t\t\t\t\t\t\t<\/div>\n\t\t\t\t<\/div>\n\t\t\t\t\t<\/div>\n\t\t<\/div>\n\t\t\t\t<div class=\"elementor-column elementor-col-25 elementor-top-column elementor-element elementor-element-37eae9d\" data-id=\"37eae9d\" data-element_type=\"column\" data-e-type=\"column\">\n\t\t\t<div class=\"elementor-widget-wrap elementor-element-populated\">\n\t\t\t\t\t\t<div class=\"elementor-element elementor-element-ca2f0f9 elementor-widget elementor-widget-image\" data-id=\"ca2f0f9\" data-element_type=\"widget\" data-e-type=\"widget\" data-widget_type=\"image.default\">\n\t\t\t\t<div class=\"elementor-widget-container\">\n\t\t\t\t\t\t\t\t\t\t\t\t\t\t\t\t<a href=\"https:\/\/blogs.uned.es\/catedraunedlincoln\/wp-content\/uploads\/sites\/291\/2025\/09\/9791370105006.pdf\">\n\t\t\t\t\t\t\t<img loading=\"lazy\" decoding=\"async\" width=\"683\" height=\"1024\" src=\"https:\/\/blogs.uned.es\/catedraunedlincoln\/wp-content\/uploads\/sites\/291\/2025\/09\/participacion-683x1024.png\" class=\"attachment-large size-large wp-image-3681\" alt=\"\" srcset=\"https:\/\/blogs.uned.es\/catedraunedlincoln\/wp-content\/uploads\/sites\/291\/2025\/09\/participacion-683x1024.png 683w, https:\/\/blogs.uned.es\/catedraunedlincoln\/wp-content\/uploads\/sites\/291\/2025\/09\/participacion-200x300.png 200w, https:\/\/blogs.uned.es\/catedraunedlincoln\/wp-content\/uploads\/sites\/291\/2025\/09\/participacion-768x1152.png 768w, https:\/\/blogs.uned.es\/catedraunedlincoln\/wp-content\/uploads\/sites\/291\/2025\/09\/participacion.png 1024w\" sizes=\"(max-width: 683px) 100vw, 683px\" \/>\t\t\t\t\t\t\t\t<\/a>\n\t\t\t\t\t\t\t\t\t\t\t\t\t\t\t<\/div>\n\t\t\t\t<\/div>\n\t\t\t\t<div class=\"elementor-element elementor-element-543affb elementor-widget elementor-widget-text-editor\" data-id=\"543affb\" data-element_type=\"widget\" data-e-type=\"widget\" data-widget_type=\"text-editor.default\">\n\t\t\t\t<div class=\"elementor-widget-container\">\n\t\t\t\t\t\t\t\t\t<p style=\"text-align: center\"><strong>LA PARTICIPACI\u00d3N CIUDADANA EN LA ORDENACI\u00d3N TERRITORIAL Y URBAN\u00cdSTICA<\/strong><\/p>\t\t\t\t\t\t\t\t<\/div>\n\t\t\t\t<\/div>\n\t\t\t\t\t<\/div>\n\t\t<\/div>\n\t\t\t\t\t<\/div>\n\t\t<\/section>\n\t\t\t\t<\/div>\n\t\t","protected":false},"excerpt":{"rendered":"<p>Pincha sobre la portada para descargar maRTA lORA-tAMAYO vALLV\u00c9 LA EUROPEIZACI\u00d3N DEL TERRITORIO DERECHO URBAN\u00cdSTICO Y\u00a0 MEDIO AMBIENTE PROYECTOS SINGULARES DE REGENERACI\u00d3N URBANA URBANISMO DE OBRA P\u00daBLICA Y DERECHO A URBANIZAR EL DERECHO TERRITORIAL Y URBANO EN LATINOAM\u00c9RCIA URBANISMO Y DERECHO DE PROPIEDAD EN EE.UU RETOS Y NUEVAS PERSPECTIVAS DE LA PARTICIPACI\u00d3N P\u00daBLICA LA PARTICIPACI\u00d3N CIUDADANA EN LA ORDENACI\u00d3N TERRITORIAL Y URBAN\u00cdSTICA<\/p>\n","protected":false},"author":7433,"featured_media":0,"parent":0,"menu_order":0,"comment_status":"closed","ping_status":"closed","template":"","meta":{"_uag_custom_page_level_css":"","footnotes":""},"class_list":["post-3467","page","type-page","status-publish"],"uagb_featured_image_src":{"full":false,"thumbnail":false,"medium":false,"medium_large":false,"large":false,"1536x1536":false,"2048x2048":false,"a13_navigation_image_size":false},"uagb_author_info":{"display_name":"Marta Lora-Tamayo","author_link":"https:\/\/blogs.uned.es\/catedraunedlincoln\/author\/mlorat\/"},"uagb_comment_info":0,"uagb_excerpt":"Pincha sobre la portada para descargar maRTA lORA-tAMAYO vALLV\u00c9 LA EUROPEIZACI\u00d3N DEL TERRITORIO DERECHO URBAN\u00cdSTICO Y\u00a0 MEDIO AMBIENTE PROYECTOS SINGULARES DE REGENERACI\u00d3N URBANA URBANISMO DE OBRA P\u00daBLICA Y DERECHO A URBANIZAR EL DERECHO TERRITORIAL Y URBANO EN LATINOAM\u00c9RCIA URBANISMO Y DERECHO DE PROPIEDAD EN EE.UU RETOS Y NUEVAS PERSPECTIVAS DE LA PARTICIPACI\u00d3N P\u00daBLICA LA PARTICIPACI\u00d3N&hellip;","_links":{"self":[{"href":"https:\/\/blogs.uned.es\/catedraunedlincoln\/wp-json\/wp\/v2\/pages\/3467","targetHints":{"allow":["GET"]}}],"collection":[{"href":"https:\/\/blogs.uned.es\/catedraunedlincoln\/wp-json\/wp\/v2\/pages"}],"about":[{"href":"https:\/\/blogs.uned.es\/catedraunedlincoln\/wp-json\/wp\/v2\/types\/page"}],"author":[{"embeddable":true,"href":"https:\/\/blogs.uned.es\/catedraunedlincoln\/wp-json\/wp\/v2\/users\/7433"}],"replies":[{"embeddable":true,"href":"https:\/\/blogs.uned.es\/catedraunedlincoln\/wp-json\/wp\/v2\/comments?post=3467"}],"version-history":[{"count":19,"href":"https:\/\/blogs.uned.es\/catedraunedlincoln\/wp-json\/wp\/v2\/pages\/3467\/revisions"}],"predecessor-version":[{"id":3711,"href":"https:\/\/blogs.uned.es\/catedraunedlincoln\/wp-json\/wp\/v2\/pages\/3467\/revisions\/3711"}],"wp:attachment":[{"href":"https:\/\/blogs.uned.es\/catedraunedlincoln\/wp-json\/wp\/v2\/media?parent=3467"}],"curies":[{"name":"wp","href":"https:\/\/api.w.org\/{rel}","templated":true}]}}