{"id":3191,"date":"2025-07-11T19:53:09","date_gmt":"2025-07-11T18:53:09","guid":{"rendered":"https:\/\/blogs.uned.es\/catedraunedlincoln\/?page_id=3191"},"modified":"2025-07-12T10:40:03","modified_gmt":"2025-07-12T09:40:03","slug":"actividades-2","status":"publish","type":"page","link":"https:\/\/blogs.uned.es\/catedraunedlincoln\/actividades-2\/","title":{"rendered":"ACTIVIDADES"},"content":{"rendered":"\t\t<div data-elementor-type=\"wp-page\" data-elementor-id=\"3191\" class=\"elementor elementor-3191\">\n\t\t\t\t\t\t<section class=\"elementor-section elementor-top-section elementor-element elementor-element-e3e2b45 elementor-section-boxed elementor-section-height-default elementor-section-height-default\" data-id=\"e3e2b45\" data-element_type=\"section\" data-e-type=\"section\">\n\t\t\t\t\t\t<div class=\"elementor-container elementor-column-gap-default\">\n\t\t\t\t\t<div class=\"elementor-column elementor-col-100 elementor-top-column elementor-element elementor-element-c440108\" data-id=\"c440108\" data-element_type=\"column\" data-e-type=\"column\">\n\t\t\t<div class=\"elementor-widget-wrap elementor-element-populated\">\n\t\t\t\t\t\t<div class=\"elementor-element elementor-element-efd4108 elementor-widget elementor-widget-heading\" data-id=\"efd4108\" data-element_type=\"widget\" data-e-type=\"widget\" data-widget_type=\"heading.default\">\n\t\t\t\t<div class=\"elementor-widget-container\">\n\t\t\t\t\t<h2 class=\"elementor-heading-title elementor-size-default\">Curso de verano: herramientas para la participaci\u00f3n ciudadana; claves pr\u00e1cticas y marco conceptual<\/h2>\t\t\t\t<\/div>\n\t\t\t\t<\/div>\n\t\t\t\t\t<\/div>\n\t\t<\/div>\n\t\t\t\t\t<\/div>\n\t\t<\/section>\n\t\t\t\t<section class=\"elementor-section elementor-top-section elementor-element elementor-element-a28f5ef elementor-section-boxed elementor-section-height-default elementor-section-height-default\" data-id=\"a28f5ef\" data-element_type=\"section\" data-e-type=\"section\">\n\t\t\t\t\t\t<div class=\"elementor-container elementor-column-gap-default\">\n\t\t\t\t\t<div class=\"elementor-column elementor-col-50 elementor-top-column elementor-element elementor-element-11cbae9\" data-id=\"11cbae9\" data-element_type=\"column\" data-e-type=\"column\">\n\t\t\t<div class=\"elementor-widget-wrap elementor-element-populated\">\n\t\t\t\t\t\t<div class=\"elementor-element elementor-element-ad28ed7 elementor-widget elementor-widget-image\" data-id=\"ad28ed7\" data-element_type=\"widget\" data-e-type=\"widget\" data-widget_type=\"image.default\">\n\t\t\t\t<div class=\"elementor-widget-container\">\n\t\t\t\t\t\t\t\t\t\t\t\t\t\t\t<img fetchpriority=\"high\" decoding=\"async\" width=\"631\" height=\"893\" src=\"https:\/\/blogs.uned.es\/catedraunedlincoln\/wp-content\/uploads\/sites\/291\/2025\/07\/1751648593137.jpg\" class=\"attachment-medium_large size-medium_large wp-image-3209\" alt=\"\" srcset=\"https:\/\/blogs.uned.es\/catedraunedlincoln\/wp-content\/uploads\/sites\/291\/2025\/07\/1751648593137.jpg 631w, https:\/\/blogs.uned.es\/catedraunedlincoln\/wp-content\/uploads\/sites\/291\/2025\/07\/1751648593137-212x300.jpg 212w\" sizes=\"(max-width: 631px) 100vw, 631px\" \/>\t\t\t\t\t\t\t\t\t\t\t\t\t\t\t<\/div>\n\t\t\t\t<\/div>\n\t\t\t\t\t<\/div>\n\t\t<\/div>\n\t\t\t\t<div class=\"elementor-column elementor-col-50 elementor-top-column elementor-element elementor-element-35264b0\" data-id=\"35264b0\" data-element_type=\"column\" data-e-type=\"column\">\n\t\t\t<div class=\"elementor-widget-wrap elementor-element-populated\">\n\t\t\t\t\t\t<div class=\"elementor-element elementor-element-d80ab79 elementor-widget elementor-widget-text-editor\" data-id=\"d80ab79\" data-element_type=\"widget\" data-e-type=\"widget\" data-widget_type=\"text-editor.default\">\n\t\t\t\t<div class=\"elementor-widget-container\">\n\t\t\t\t\t\t\t\t\t<p data-start=\"184\" data-end=\"411\">Del 7 al 9 de julio de 2025, la UNED celebra en su sede de Rivas (Madrid) el curso de verano <strong data-start=\"277\" data-end=\"364\">\u201cHerramientas para la participaci\u00f3n ciudadana: claves pr\u00e1cticas y marco conceptual\u201d<\/strong>, disponible tanto presencialmente como online.<\/p><p data-start=\"413\" data-end=\"851\">Este curso, dirigido por Marta Lora-Tamayo Vallv\u00e9 y coordinado por Inmaculada Escudero Dom\u00ednguez, est\u00e1 dise\u00f1ado para explorar las mejores herramientas y m\u00e9todos actuales para fomentar la participaci\u00f3n ciudadana en las pol\u00edticas p\u00fablicas. Incluye sesiones pr\u00e1cticas y talleres de co-creaci\u00f3n, junto con an\u00e1lisis de casos reales que ayudan a comprender por qu\u00e9 ciertos procesos participativos tienen \u00e9xito o fracasan en distintos contextos.<\/p><p data-start=\"853\" data-end=\"888\">Entre los temas destacados figuran:<\/p><ul><li data-start=\"891\" data-end=\"963\"><strong data-start=\"891\" data-end=\"919\">Modelos de participaci\u00f3n<\/strong>: participaci\u00f3n \u201ccon\u201d o \u201ccontra\u201d el sistema.<\/li><li data-start=\"966\" data-end=\"1042\"><strong data-start=\"966\" data-end=\"985\">Agendas Urbanas<\/strong>: elaboraci\u00f3n, planes de acci\u00f3n y experiencias pr\u00e1cticas.<\/li><li data-start=\"1045\" data-end=\"1156\"><strong data-start=\"1045\" data-end=\"1076\">Presupuestos Participativos<\/strong>: historia, regulaci\u00f3n y casos de \u00e9xito y fracaso, como el de Rivas Vaciamadrid.<\/li><\/ul><p data-start=\"1158\" data-end=\"1330\">Contar\u00e1 con la participaci\u00f3n de expertos universitarios, t\u00e9cnicos municipales y representantes del Ayuntamiento de Rivas, un referente en procesos participativos en Espa\u00f1a.<\/p><p data-start=\"1332\" data-end=\"1459\"><strong data-start=\"1332\" data-end=\"1345\">Modalidad<\/strong>: presencial, streaming o diferido.<br data-start=\"1380\" data-end=\"1383\" \/><strong data-start=\"1383\" data-end=\"1395\">Cr\u00e9ditos<\/strong>: 1 ECTS.<br data-start=\"1404\" data-end=\"1407\" \/><strong data-start=\"1407\" data-end=\"1418\">Precios<\/strong>: desde 32 \u20ac (con descuentos aplicables).<\/p><p>\u00a0<\/p><p data-start=\"1461\" data-end=\"1559\">M\u00e1s informaci\u00f3n e inscripciones: <a class=\"\" href=\"https:\/\/extension.uned.es\/cursosdeverano\" target=\"_new\" rel=\"noopener\" data-start=\"1494\" data-end=\"1559\">Cursos de Verano UNED<\/a><\/p>\t\t\t\t\t\t\t\t<\/div>\n\t\t\t\t<\/div>\n\t\t\t\t\t<\/div>\n\t\t<\/div>\n\t\t\t\t\t<\/div>\n\t\t<\/section>\n\t\t\t\t<section class=\"elementor-section elementor-top-section elementor-element elementor-element-1265a8e elementor-section-boxed elementor-section-height-default elementor-section-height-default\" data-id=\"1265a8e\" data-element_type=\"section\" data-e-type=\"section\">\n\t\t\t\t\t\t<div class=\"elementor-container elementor-column-gap-default\">\n\t\t\t\t\t<div class=\"elementor-column elementor-col-100 elementor-top-column elementor-element elementor-element-b1fdc35\" data-id=\"b1fdc35\" data-element_type=\"column\" data-e-type=\"column\">\n\t\t\t<div class=\"elementor-widget-wrap elementor-element-populated\">\n\t\t\t\t\t\t<div class=\"elementor-element elementor-element-22e789e elementor-widget-divider--view-line elementor-widget elementor-widget-divider\" data-id=\"22e789e\" data-element_type=\"widget\" data-e-type=\"widget\" data-widget_type=\"divider.default\">\n\t\t\t\t<div class=\"elementor-widget-container\">\n\t\t\t\t\t\t\t<div class=\"elementor-divider\">\n\t\t\t<span class=\"elementor-divider-separator\">\n\t\t\t\t\t\t<\/span>\n\t\t<\/div>\n\t\t\t\t\t\t<\/div>\n\t\t\t\t<\/div>\n\t\t\t\t\t<\/div>\n\t\t<\/div>\n\t\t\t\t\t<\/div>\n\t\t<\/section>\n\t\t\t\t<section class=\"elementor-section elementor-top-section elementor-element elementor-element-68e95e8 elementor-section-boxed elementor-section-height-default elementor-section-height-default\" data-id=\"68e95e8\" data-element_type=\"section\" data-e-type=\"section\">\n\t\t\t\t\t\t<div class=\"elementor-container elementor-column-gap-default\">\n\t\t\t\t\t<div class=\"elementor-column elementor-col-100 elementor-top-column elementor-element elementor-element-be26817\" data-id=\"be26817\" data-element_type=\"column\" data-e-type=\"column\">\n\t\t\t<div class=\"elementor-widget-wrap elementor-element-populated\">\n\t\t\t\t\t\t<div class=\"elementor-element elementor-element-50a0d40 elementor-widget elementor-widget-heading\" data-id=\"50a0d40\" data-element_type=\"widget\" data-e-type=\"widget\" data-widget_type=\"heading.default\">\n\t\t\t\t<div class=\"elementor-widget-container\">\n\t\t\t\t\t<h2 class=\"elementor-heading-title elementor-size-default\">Evento 75 aniversario instituto Lincoln de pol\u00edticas de suelo - 50 aniversario uned<\/h2>\t\t\t\t<\/div>\n\t\t\t\t<\/div>\n\t\t\t\t\t<\/div>\n\t\t<\/div>\n\t\t\t\t\t<\/div>\n\t\t<\/section>\n\t\t\t\t<section class=\"elementor-section elementor-top-section elementor-element elementor-element-e8ace1c elementor-section-boxed elementor-section-height-default elementor-section-height-default\" data-id=\"e8ace1c\" data-element_type=\"section\" data-e-type=\"section\">\n\t\t\t\t\t\t<div class=\"elementor-container elementor-column-gap-default\">\n\t\t\t\t\t<div class=\"elementor-column elementor-col-50 elementor-top-column elementor-element elementor-element-7d8bdc7\" data-id=\"7d8bdc7\" data-element_type=\"column\" data-e-type=\"column\">\n\t\t\t<div class=\"elementor-widget-wrap elementor-element-populated\">\n\t\t\t\t\t\t<div class=\"elementor-element elementor-element-64219bf elementor-widget elementor-widget-spacer\" data-id=\"64219bf\" data-element_type=\"widget\" data-e-type=\"widget\" data-widget_type=\"spacer.default\">\n\t\t\t\t<div class=\"elementor-widget-container\">\n\t\t\t\t\t\t\t<div class=\"elementor-spacer\">\n\t\t\t<div class=\"elementor-spacer-inner\"><\/div>\n\t\t<\/div>\n\t\t\t\t\t\t<\/div>\n\t\t\t\t<\/div>\n\t\t\t\t<div class=\"elementor-element elementor-element-75fb1b2 elementor-align-center elementor-widget elementor-widget-button\" data-id=\"75fb1b2\" data-element_type=\"widget\" data-e-type=\"widget\" data-widget_type=\"button.default\">\n\t\t\t\t<div class=\"elementor-widget-container\">\n\t\t\t\t\t\t\t\t\t<div class=\"elementor-button-wrapper\">\n\t\t\t\t\t<a class=\"elementor-button elementor-button-link elementor-size-sm\" href=\"https:\/\/canal.uned.es\/series\/62fed9fc6f3c003d70717c4e\">\n\t\t\t\t\t\t<span class=\"elementor-button-content-wrapper\">\n\t\t\t\t\t\t\t\t\t<span class=\"elementor-button-text\">VER EL EVENTO ONLINE<\/span>\n\t\t\t\t\t<\/span>\n\t\t\t\t\t<\/a>\n\t\t\t\t<\/div>\n\t\t\t\t\t\t\t\t<\/div>\n\t\t\t\t<\/div>\n\t\t\t\t\t<\/div>\n\t\t<\/div>\n\t\t\t\t<div class=\"elementor-column elementor-col-50 elementor-top-column elementor-element elementor-element-80c9637\" data-id=\"80c9637\" data-element_type=\"column\" data-e-type=\"column\">\n\t\t\t<div class=\"elementor-widget-wrap elementor-element-populated\">\n\t\t\t\t\t\t<div class=\"elementor-element elementor-element-927d90c elementor-widget elementor-widget-text-editor\" data-id=\"927d90c\" data-element_type=\"widget\" data-e-type=\"widget\" data-widget_type=\"text-editor.default\">\n\t\t\t\t<div class=\"elementor-widget-container\">\n\t\t\t\t\t\t\t\t\t<p>\u00a0 La UNED y Lincoln Institute of Land Policy han creado la C\u00e1tedra UNED INSTITUTO LINCOLN DE POL\u00cdTICAS DE SUELO para la realizaci\u00f3n continua de actividades de investigaci\u00f3n, transferencia, divulgaci\u00f3n, docencia e innovaci\u00f3n sobre Pol\u00edticas de Suelo y temas de inter\u00e9s com\u00fan. En este marco de colaboraci\u00f3n mutua y dada la coincidencia temporal del 75 Aniversario del Instituto Lincoln de Pol\u00edticas de Suelo y el 50 Aniversario de la Universidad Nacional de Educaci\u00f3n a Distancia se organiz\u00f3 un evento conjunto.<\/p>\t\t\t\t\t\t\t\t<\/div>\n\t\t\t\t<\/div>\n\t\t\t\t\t<\/div>\n\t\t<\/div>\n\t\t\t\t\t<\/div>\n\t\t<\/section>\n\t\t\t\t<\/div>\n\t\t","protected":false},"excerpt":{"rendered":"<p>Curso de verano: herramientas para la participaci\u00f3n ciudadana; claves pr\u00e1cticas y marco conceptual Del 7 al 9 de julio de 2025, la UNED celebra en su sede de Rivas (Madrid) el curso de verano \u201cHerramientas para la participaci\u00f3n ciudadana: claves pr\u00e1cticas y marco conceptual\u201d, disponible tanto presencialmente como online. Este curso, dirigido por Marta Lora-Tamayo Vallv\u00e9 y coordinado por Inmaculada Escudero Dom\u00ednguez, est\u00e1 dise\u00f1ado para explorar las mejores herramientas y m\u00e9todos actuales para fomentar la participaci\u00f3n ciudadana en las pol\u00edticas p\u00fablicas. Incluye sesiones pr\u00e1cticas y talleres de co-creaci\u00f3n, junto con an\u00e1lisis de casos reales que ayudan a comprender por qu\u00e9 ciertos procesos participativos tienen \u00e9xito o fracasan en&hellip;<\/p>\n<p> <a class=\"more-link\" href=\"https:\/\/blogs.uned.es\/catedraunedlincoln\/actividades-2\/\">Leer m\u00e1s<\/a><\/p>\n","protected":false},"author":7433,"featured_media":0,"parent":0,"menu_order":0,"comment_status":"closed","ping_status":"closed","template":"","meta":{"_uag_custom_page_level_css":"","footnotes":""},"class_list":["post-3191","page","type-page","status-publish"],"uagb_featured_image_src":{"full":false,"thumbnail":false,"medium":false,"medium_large":false,"large":false,"1536x1536":false,"2048x2048":false,"a13_navigation_image_size":false},"uagb_author_info":{"display_name":"Marta Lora-Tamayo","author_link":"https:\/\/blogs.uned.es\/catedraunedlincoln\/author\/mlorat\/"},"uagb_comment_info":0,"uagb_excerpt":"Curso de verano: herramientas para la participaci\u00f3n ciudadana; claves pr\u00e1cticas y marco conceptual Del 7 al 9 de julio de 2025, la UNED celebra en su sede de Rivas (Madrid) el curso de verano \u201cHerramientas para la participaci\u00f3n ciudadana: claves pr\u00e1cticas y marco conceptual\u201d, disponible tanto presencialmente como online. Este curso, dirigido por Marta Lora-Tamayo&hellip;","_links":{"self":[{"href":"https:\/\/blogs.uned.es\/catedraunedlincoln\/wp-json\/wp\/v2\/pages\/3191","targetHints":{"allow":["GET"]}}],"collection":[{"href":"https:\/\/blogs.uned.es\/catedraunedlincoln\/wp-json\/wp\/v2\/pages"}],"about":[{"href":"https:\/\/blogs.uned.es\/catedraunedlincoln\/wp-json\/wp\/v2\/types\/page"}],"author":[{"embeddable":true,"href":"https:\/\/blogs.uned.es\/catedraunedlincoln\/wp-json\/wp\/v2\/users\/7433"}],"replies":[{"embeddable":true,"href":"https:\/\/blogs.uned.es\/catedraunedlincoln\/wp-json\/wp\/v2\/comments?post=3191"}],"version-history":[{"count":17,"href":"https:\/\/blogs.uned.es\/catedraunedlincoln\/wp-json\/wp\/v2\/pages\/3191\/revisions"}],"predecessor-version":[{"id":3253,"href":"https:\/\/blogs.uned.es\/catedraunedlincoln\/wp-json\/wp\/v2\/pages\/3191\/revisions\/3253"}],"wp:attachment":[{"href":"https:\/\/blogs.uned.es\/catedraunedlincoln\/wp-json\/wp\/v2\/media?parent=3191"}],"curies":[{"name":"wp","href":"https:\/\/api.w.org\/{rel}","templated":true}]}}