{"id":2357,"date":"2025-06-16T16:24:32","date_gmt":"2025-06-16T15:24:32","guid":{"rendered":"https:\/\/blogs.uned.es\/catedraunedlincoln\/?page_id=2357"},"modified":"2025-07-11T20:01:29","modified_gmt":"2025-07-11T19:01:29","slug":"0el-instituto-lincoln","status":"publish","type":"page","link":"https:\/\/blogs.uned.es\/catedraunedlincoln\/0el-instituto-lincoln\/","title":{"rendered":"El Instituto Lincoln de pol\u00edticas de suelo"},"content":{"rendered":"\t\t<div data-elementor-type=\"wp-page\" data-elementor-id=\"2357\" class=\"elementor elementor-2357\">\n\t\t\t\t\t\t<section class=\"elementor-section elementor-top-section elementor-element elementor-element-326e136 elementor-section-boxed elementor-section-height-default elementor-section-height-default\" data-id=\"326e136\" data-element_type=\"section\" data-e-type=\"section\">\n\t\t\t\t\t\t<div class=\"elementor-container elementor-column-gap-default\">\n\t\t\t\t\t<div class=\"elementor-column elementor-col-100 elementor-top-column elementor-element elementor-element-ce9d5c2\" data-id=\"ce9d5c2\" data-element_type=\"column\" data-e-type=\"column\">\n\t\t\t<div class=\"elementor-widget-wrap elementor-element-populated\">\n\t\t\t\t\t\t<div class=\"elementor-element elementor-element-134778c elementor-widget elementor-widget-text-editor\" data-id=\"134778c\" data-element_type=\"widget\" data-e-type=\"widget\" data-widget_type=\"text-editor.default\">\n\t\t\t\t<div class=\"elementor-widget-container\">\n\t\t\t\t\t\t\t\t\t<p data-start=\"201\" data-end=\"646\">El Instituto Lincoln de Pol\u00edticas de Suelo tiene sus or\u00edgenes en la Fundaci\u00f3n Lincoln, creada en 1946 por John C. Lincoln, un industrial de Cleveland profundamente influido por las ideas de Henry George sobre la propiedad del suelo y la tributaci\u00f3n, tal como se exponen en <em data-start=\"474\" data-end=\"494\">Progreso y pobreza<\/em> (1879). La fundaci\u00f3n se dedic\u00f3 durante d\u00e9cadas a apoyar programas educativos y de investigaci\u00f3n en econom\u00eda, planificaci\u00f3n urbana y pol\u00edticas p\u00fablicas.<\/p><p data-start=\"648\" data-end=\"1208\">En 1974, David C. Lincoln, hijo del fundador, estableci\u00f3 formalmente el Instituto Lincoln como una instituci\u00f3n dedicada a la investigaci\u00f3n, la educaci\u00f3n y la publicaci\u00f3n en temas relacionados con el uso del suelo. A lo largo de los a\u00f1os, el Instituto ha trabajado en \u00e1reas clave como la valuaci\u00f3n inmobiliaria, la tributaci\u00f3n del suelo, el desarrollo urbano, los derechos de propiedad y la econom\u00eda del suelo. Su labor se ha extendido a nivel internacional, con la creaci\u00f3n del Programa para Am\u00e9rica Latina y el Caribe en 1993 y el Programa para China en 2003.<\/p><p data-start=\"1210\" data-end=\"1437\">En 2006, la Fundaci\u00f3n Lincoln y el Instituto se fusionaron en una fundaci\u00f3n operativa privada, lo que permiti\u00f3 una integraci\u00f3n total de sus actividades y una participaci\u00f3n m\u00e1s activa en las discusiones sobre pol\u00edticas p\u00fablicas.<\/p><p data-start=\"1439\" data-end=\"1633\">Para celebrar sus 75 a\u00f1os de trayectoria, en 2021 el Instituto produjo el cortometraje <em data-start=\"1526\" data-end=\"1549\">\u201cLa vida de una idea\u201d<\/em>, que narra su historia y sus aportes innovadores en materia de pol\u00edticas del suelo.<\/p><p data-start=\"1635\" data-end=\"1991\">Desde 1989, el Instituto tiene su sede en la hist\u00f3rica Casa Lincoln, una mansi\u00f3n de estilo renacimiento colonial shingle ubicada en Cambridge, Massachusetts. Construida en 1887 para Edith Longfellow y Richard Henry Dana, descendientes de reconocidas familias literarias, la casa fue restaurada por el Instituto respetando su estilo y decoraci\u00f3n originales.<\/p>\t\t\t\t\t\t\t\t<\/div>\n\t\t\t\t<\/div>\n\t\t\t\t<div class=\"elementor-element elementor-element-149f799 elementor-align-center elementor-widget elementor-widget-button\" data-id=\"149f799\" data-element_type=\"widget\" data-e-type=\"widget\" data-widget_type=\"button.default\">\n\t\t\t\t<div class=\"elementor-widget-container\">\n\t\t\t\t\t\t\t\t\t<div class=\"elementor-button-wrapper\">\n\t\t\t\t\t<a class=\"elementor-button elementor-button-link elementor-size-sm\" href=\"https:\/\/www.lincolninst.edu\/es\/\">\n\t\t\t\t\t\t<span class=\"elementor-button-content-wrapper\">\n\t\t\t\t\t\t\t\t\t<span class=\"elementor-button-text\">Conoce el Instituto Lincoln<\/span>\n\t\t\t\t\t<\/span>\n\t\t\t\t\t<\/a>\n\t\t\t\t<\/div>\n\t\t\t\t\t\t\t\t<\/div>\n\t\t\t\t<\/div>\n\t\t\t\t\t<\/div>\n\t\t<\/div>\n\t\t\t\t\t<\/div>\n\t\t<\/section>\n\t\t\t\t<\/div>\n\t\t","protected":false},"excerpt":{"rendered":"<p>El Instituto Lincoln de Pol\u00edticas de Suelo tiene sus or\u00edgenes en la Fundaci\u00f3n Lincoln, creada en 1946 por John C. Lincoln, un industrial de Cleveland profundamente influido por las ideas de Henry George sobre la propiedad del suelo y la tributaci\u00f3n, tal como se exponen en Progreso y pobreza (1879). La fundaci\u00f3n se dedic\u00f3 durante d\u00e9cadas a apoyar programas educativos y de investigaci\u00f3n en econom\u00eda, planificaci\u00f3n urbana y pol\u00edticas p\u00fablicas. En 1974, David C. Lincoln, hijo del fundador, estableci\u00f3 formalmente el Instituto Lincoln como una instituci\u00f3n dedicada a la investigaci\u00f3n, la educaci\u00f3n y la publicaci\u00f3n en temas relacionados con el uso del suelo. A lo largo de los&hellip;<\/p>\n<p> <a class=\"more-link\" href=\"https:\/\/blogs.uned.es\/catedraunedlincoln\/0el-instituto-lincoln\/\">Leer m\u00e1s<\/a><\/p>\n","protected":false},"author":7433,"featured_media":3029,"parent":0,"menu_order":0,"comment_status":"closed","ping_status":"closed","template":"","meta":{"_uag_custom_page_level_css":"","footnotes":""},"class_list":["post-2357","page","type-page","status-publish","has-post-thumbnail"],"uagb_featured_image_src":{"full":["https:\/\/blogs.uned.es\/catedraunedlincoln\/wp-content\/uploads\/sites\/291\/2025\/06\/lincoln-house-1600.jpg",1600,1200,false],"thumbnail":["https:\/\/blogs.uned.es\/catedraunedlincoln\/wp-content\/uploads\/sites\/291\/2025\/06\/lincoln-house-1600-150x150.jpg",150,150,true],"medium":["https:\/\/blogs.uned.es\/catedraunedlincoln\/wp-content\/uploads\/sites\/291\/2025\/06\/lincoln-house-1600-300x225.jpg",300,225,true],"medium_large":["https:\/\/blogs.uned.es\/catedraunedlincoln\/wp-content\/uploads\/sites\/291\/2025\/06\/lincoln-house-1600-768x576.jpg",768,576,true],"large":["https:\/\/blogs.uned.es\/catedraunedlincoln\/wp-content\/uploads\/sites\/291\/2025\/06\/lincoln-house-1600-1024x768.jpg",800,600,true],"1536x1536":["https:\/\/blogs.uned.es\/catedraunedlincoln\/wp-content\/uploads\/sites\/291\/2025\/06\/lincoln-house-1600-1536x1152.jpg",1536,1152,true],"2048x2048":["https:\/\/blogs.uned.es\/catedraunedlincoln\/wp-content\/uploads\/sites\/291\/2025\/06\/lincoln-house-1600.jpg",1600,1200,false],"a13_navigation_image_size":["https:\/\/blogs.uned.es\/catedraunedlincoln\/wp-content\/uploads\/sites\/291\/2025\/06\/lincoln-house-1600-245x100.jpg",245,100,true]},"uagb_author_info":{"display_name":"Marta Lora-Tamayo","author_link":"https:\/\/blogs.uned.es\/catedraunedlincoln\/author\/mlorat\/"},"uagb_comment_info":0,"uagb_excerpt":"El Instituto Lincoln de Pol\u00edticas de Suelo tiene sus or\u00edgenes en la Fundaci\u00f3n Lincoln, creada en 1946 por John C. Lincoln, un industrial de Cleveland profundamente influido por las ideas de Henry George sobre la propiedad del suelo y la tributaci\u00f3n, tal como se exponen en Progreso y pobreza (1879). La fundaci\u00f3n se dedic\u00f3 durante&hellip;","_links":{"self":[{"href":"https:\/\/blogs.uned.es\/catedraunedlincoln\/wp-json\/wp\/v2\/pages\/2357","targetHints":{"allow":["GET"]}}],"collection":[{"href":"https:\/\/blogs.uned.es\/catedraunedlincoln\/wp-json\/wp\/v2\/pages"}],"about":[{"href":"https:\/\/blogs.uned.es\/catedraunedlincoln\/wp-json\/wp\/v2\/types\/page"}],"author":[{"embeddable":true,"href":"https:\/\/blogs.uned.es\/catedraunedlincoln\/wp-json\/wp\/v2\/users\/7433"}],"replies":[{"embeddable":true,"href":"https:\/\/blogs.uned.es\/catedraunedlincoln\/wp-json\/wp\/v2\/comments?post=2357"}],"version-history":[{"count":22,"href":"https:\/\/blogs.uned.es\/catedraunedlincoln\/wp-json\/wp\/v2\/pages\/2357\/revisions"}],"predecessor-version":[{"id":3233,"href":"https:\/\/blogs.uned.es\/catedraunedlincoln\/wp-json\/wp\/v2\/pages\/2357\/revisions\/3233"}],"wp:featuredmedia":[{"embeddable":true,"href":"https:\/\/blogs.uned.es\/catedraunedlincoln\/wp-json\/wp\/v2\/media\/3029"}],"wp:attachment":[{"href":"https:\/\/blogs.uned.es\/catedraunedlincoln\/wp-json\/wp\/v2\/media?parent=2357"}],"curies":[{"name":"wp","href":"https:\/\/api.w.org\/{rel}","templated":true}]}}