{"id":273,"date":"2019-10-09T18:18:30","date_gmt":"2019-10-09T16:18:30","guid":{"rendered":"http:\/\/blogs.uned.es\/catedraunedfuenlabrada\/?page_id=273"},"modified":"2024-10-25T11:42:40","modified_gmt":"2024-10-25T09:42:40","slug":"publicaciones","status":"publish","type":"page","link":"https:\/\/blogs.uned.es\/catedraunedfuenlabrada\/publicaciones\/","title":{"rendered":"Investigaci\u00f3n"},"content":{"rendered":"\n<p class=\"has-text-color\" style=\"color:#055615;font-size:30px\"><strong>Informes, Proyectos, Documentos &#8230;<\/strong><\/p>\n\n\n\n<p class=\"has-text-color has-medium-font-size\" style=\"color:#055615\"><strong>Informes<\/strong><\/p>\n\n\n\n<p><\/p>\n\n\n\n<p>UN MODELO INNOVADOR DE AYUDA A DOMICILIO AVANZADA <strong>&#8211; AYUNTAMIENTO DE FUENLABRADA<\/strong><\/p>\n\n\n<a href=\"https:\/\/blogs.uned.es\/catedraunedfuenlabrada\/wp-content\/uploads\/sites\/313\/2022\/11\/UN-MODELO-INNOVADOR-DE-AYUDA-A-DOMICILIO-AVANZADO-Canva-4.pdf\" class=\"pdfemb-viewer\" style=\"\" data-width=\"max\" data-height=\"max\" data-toolbar=\"bottom\" data-toolbar-fixed=\"off\">UN-MODELO-INNOVADOR-DE-AYUDA-A-DOMICILIO-AVANZADO-Canva-4<\/a>\n<p class=\"wp-block-pdfemb-pdf-embedder-viewer\"><\/p>\n\n\n\n<p><strong><a href=\"https:\/\/directoressociales.com\/project\/dictamen-xxii\/\">XXII DICTAMEN DEL OBSERVATORIO<\/a> &#8211; ASOCIACI\u00d3N ESTATAL DE DIRECTORES Y GERENTES EN SERVICIOS SOCIALES<\/strong><\/p>\n\n\n<a href=\"https:\/\/blogs.uned.es\/catedraunedfuenlabrada\/wp-content\/uploads\/sites\/313\/2022\/11\/INFO-GLOBAL-XXI-DICTAMEN-2022-Def-3-1.pdf\" class=\"pdfemb-viewer\" style=\"\" data-width=\"max\" data-height=\"max\" data-toolbar=\"bottom\" data-toolbar-fixed=\"off\">INFO-GLOBAL-XXI-DICTAMEN-2022-Def-3-1<\/a>\n<p class=\"wp-block-pdfemb-pdf-embedder-viewer\"><\/p>\n\n\n\n<p><strong><a href=\"https:\/\/blogs.uned.es\/catedraunedfuenlabrada\/articulo-05\/\">XXI DICTAMEN DEL OBSERVATORIO<\/a> &#8211; ASOCIACI\u00d3N ESTATAL DE DIRECTORES Y GERENTES EN SERVICIOS SOCIALES<\/strong><\/p>\n\n\n<a href=\"https:\/\/blogs.uned.es\/catedraunedfuenlabrada\/wp-content\/uploads\/sites\/313\/2021\/07\/XXI-DICTAMEN-DEL-OBSERVATORIO-DE-LA-DEPENDENCIA.pdf\" class=\"pdfemb-viewer\" style=\"\" data-width=\"max\" data-height=\"max\" data-toolbar=\"bottom\" data-toolbar-fixed=\"off\">XXI-DICTAMEN-DEL-OBSERVATORIO-DE-LA-DEPENDENCIA<\/a>\n<p class=\"wp-block-pdfemb-pdf-embedder-viewer\"><\/p>\n\n\n\n<p class=\"has-text-color has-medium-font-size\" style=\"color:#055615\"><strong>Proyectos<\/strong><\/p>\n\n\n\n<ul class=\"wp-block-list\">\n<li><strong>Innovation in Humanitarian Response<\/strong>. Proyecto Erasmus+, KA2 \u2013 Cooperation for innovation and the exchange of good practices. Proyecto financiado por la UE (2020\/11\/hasta 2023\/08\/31). Investigador principal (IP) del equipo espa\u00f1ol, Antonio L\u00f3pez Pel\u00e1ez.<\/li>\n\n\n\n<li><strong>Experiences of caring and sharing good practices under COVID-19: new approaches for teaching and learning through remote means<\/strong>. Proyecto financiado por la International Association of Schools of Social Work (2020-2021). Investigador Principal (IP) del equipo de investigaci\u00f3n, Antonio L\u00f3pez Pel\u00e1ez.<\/li>\n\n\n\n<li><strong>Creating Global Social Work Visionaries through PhotoVoice development<\/strong>. Proyecto financiado por la International Association of Schools of Social Work (2019-2020). Miembro del equipo de investigaci\u00f3n, Antonio L\u00f3pez Pel\u00e1ez.<\/li>\n<\/ul>\n\n\n\n<p class=\"has-text-color has-medium-font-size\" style=\"color:#055615\"><strong>Otras publicaciones<\/strong><\/p>\n\n\n<ul>\n<li><strong>Lopez Pel\u00e1ez, A., G\u00f3mez Ciriano<\/strong>, E.J. 2020. <strong><a href=\"https:\/\/www.cambridge.org\/core\/books\/cambridge-handbook-of-intercultural-communication\/intercultural-communication-in-social-work-practice\/B25099934743971BE92FA3F9082EC724#\">Intercultural comunication in Social Work Practice<\/a>.<\/strong> Pp. 319-334. In: Guido, R. and Rasinger, S. (eds.), The Cambridge Handbook of Intercultural Communication. Cambridge: Cambridge University Press.<\/li>\n<\/ul>\n\n<ul>\n<li><b>L\u00f3pez Pel\u00e1ez, A.,<\/b>\u00a0Marcuello Serv\u00f3s, Ch. 2019. <a href=\"https:\/\/universitas.es\/product\/la-ciencia-del-trabajo-social-conocimiento-profesional-e-identidad\/\"><strong>Teor\u00eda y ciencia del Trabajo Social en el siglo XXI: fundamentos cient\u00edficos y metodol\u00f3gicos<\/strong><\/a>. Pp. 9-32. En: Brekke, J., Anastas, J. (eds.), La ciencia del Trabajo Social. Conocimiento profesional e identidad. Madrid: Universitas<\/li>\n<\/ul>\n\n\n<p class=\"has-text-color has-medium-font-size\" style=\"color:#055615\"><\/p>\n\n\n\n\n\n<p><\/p>\n","protected":false},"excerpt":{"rendered":"<p>Informes, Proyectos, Documentos &#8230; Informes UN MODELO INNOVADOR DE AYUDA A DOMICILIO AVANZADA &#8211; AYUNTAMIENTO DE FUENLABRADA XXII DICTAMEN DEL OBSERVATORIO &#8211; ASOCIACI\u00d3N ESTATAL DE DIRECTORES Y GERENTES EN SERVICIOS SOCIALES XXI DICTAMEN DEL OBSERVATORIO &#8211; ASOCIACI\u00d3N ESTATAL DE DIRECTORES Y GERENTES EN SERVICIOS SOCIALES Proyectos Otras publicaciones Lopez Pel\u00e1ez, A., G\u00f3mez Ciriano, E.J. 2020. Intercultural comunication in Social Work Practice. Pp. 319-334. In: Guido, R. and Rasinger, S. (eds.), The Cambridge Handbook of Intercultural Communication. Cambridge: Cambridge University Press. L\u00f3pez Pel\u00e1ez, A.,\u00a0Marcuello Serv\u00f3s, Ch. 2019. Teor\u00eda y ciencia del Trabajo Social en el siglo XXI: fundamentos cient\u00edficos y metodol\u00f3gicos.&hellip;<\/p>\n<p> <a class=\"more-link\" href=\"https:\/\/blogs.uned.es\/catedraunedfuenlabrada\/publicaciones\/\">Leer m\u00e1s<\/a><\/p>\n","protected":false},"author":1,"featured_media":953,"parent":0,"menu_order":0,"comment_status":"closed","ping_status":"closed","template":"","meta":{"footnotes":""},"class_list":["post-273","page","type-page","status-publish","has-post-thumbnail"],"_links":{"self":[{"href":"https:\/\/blogs.uned.es\/catedraunedfuenlabrada\/wp-json\/wp\/v2\/pages\/273","targetHints":{"allow":["GET"]}}],"collection":[{"href":"https:\/\/blogs.uned.es\/catedraunedfuenlabrada\/wp-json\/wp\/v2\/pages"}],"about":[{"href":"https:\/\/blogs.uned.es\/catedraunedfuenlabrada\/wp-json\/wp\/v2\/types\/page"}],"author":[{"embeddable":true,"href":"https:\/\/blogs.uned.es\/catedraunedfuenlabrada\/wp-json\/wp\/v2\/users\/1"}],"replies":[{"embeddable":true,"href":"https:\/\/blogs.uned.es\/catedraunedfuenlabrada\/wp-json\/wp\/v2\/comments?post=273"}],"version-history":[{"count":34,"href":"https:\/\/blogs.uned.es\/catedraunedfuenlabrada\/wp-json\/wp\/v2\/pages\/273\/revisions"}],"predecessor-version":[{"id":4467,"href":"https:\/\/blogs.uned.es\/catedraunedfuenlabrada\/wp-json\/wp\/v2\/pages\/273\/revisions\/4467"}],"wp:featuredmedia":[{"embeddable":true,"href":"https:\/\/blogs.uned.es\/catedraunedfuenlabrada\/wp-json\/wp\/v2\/media\/953"}],"wp:attachment":[{"href":"https:\/\/blogs.uned.es\/catedraunedfuenlabrada\/wp-json\/wp\/v2\/media?parent=273"}],"curies":[{"name":"wp","href":"https:\/\/api.w.org\/{rel}","templated":true}]}}