{"id":1021,"date":"2021-07-16T21:48:25","date_gmt":"2021-07-16T19:48:25","guid":{"rendered":"https:\/\/blogs.uned.es\/catedraunedfuenlabrada\/?page_id=1021"},"modified":"2023-01-16T11:08:55","modified_gmt":"2023-01-16T10:08:55","slug":"formacion-2","status":"publish","type":"page","link":"https:\/\/blogs.uned.es\/catedraunedfuenlabrada\/formacion-2\/","title":{"rendered":"Formaci\u00f3n"},"content":{"rendered":"<h2>Formaci\u00f3n<\/h2>\n<figure><a href=\"https:\/\/blogs.uned.es\/catedraunedfuenlabrada\/?page_id=1979\" target=\"_blank\" rel=\"noopener\"><img loading=\"lazy\" decoding=\"async\" width=\"2560\" height=\"923\" src=\"https:\/\/blogs.uned.es\/catedraunedfuenlabrada\/wp-content\/uploads\/sites\/313\/2021\/09\/seminario_trabajo_social-scaled.jpg\" alt=\"\" loading=\"lazy\" \/><\/a><\/figure>\n<h3><a href=\"https:\/\/blogs.uned.es\/catedraunedfuenlabrada\/?page_id=1979\" target=\"_blank\" rel=\"noopener\">Seminario- Programa<\/a><\/h3>\n<figure><a href=\"https:\/\/www.fundacion.uned.es\/actividad\/idactividad\/25052\" target=\"_blank\" rel=\"noopener\"><img loading=\"lazy\" decoding=\"async\" width=\"3224\" height=\"798\" src=\"https:\/\/blogs.uned.es\/catedraunedfuenlabrada\/wp-content\/uploads\/sites\/313\/2021\/08\/9septiembre.jpg\" alt=\"\" loading=\"lazy\" \/><\/a><\/figure>\n<h3><a href=\"https:\/\/www.fundacion.uned.es\/actividad\/idactividad\/25052\" target=\"_blank\" rel=\"noopener\">Seminario<\/a><\/h3>\n<table id=\"LPContainer649592\" role=\"presentation\">\n<tbody>\n<tr valign=\"top\">\n<td>Online conference:&nbsp;\u201c<strong>Addressing food insecurity in Africa: strategies for ensuring child-sensitive social protection<\/strong>\u201d \u00ab<em><strong><a href=\"http:\/\/blogs.uned.es\/catedraunedfuenlabrada\/wp-content\/uploads\/sites\/313\/2021\/08\/Onlineconference_Africa.pdf\">Programa<\/a><\/strong><\/em>\u00bb&nbsp;<\/p>\n<p>Date 9 September, 8 am -11.30 am, EST (NY time)<\/p>\n<p>Organizers: <strong>ICSW<\/strong> in cooperation with FAO, ILO, UNICEF, IASSW, UNED, KNCSW and African Platform for&nbsp;social protection<\/td>\n<\/tr>\n<\/tbody>\n<\/table>\n<figure><a href=\"https:\/\/extension.uned.es\/actividad\/idactividad\/24409\"><img loading=\"lazy\" decoding=\"async\" width=\"210\" height=\"210\" src=\"https:\/\/blogs.uned.es\/catedraunedfuenlabrada\/wp-content\/uploads\/sites\/313\/2021\/07\/uned_logo.png\" alt=\"\" loading=\"lazy\" \/><\/a><\/figure>\n<h3><a href=\"https:\/\/extension.uned.es\/actividad\/idactividad\/24409\">Curso de verano<\/a><\/h3>\n<table id=\"LPContainer649592\" role=\"presentation\">\n<tbody>\n<tr valign=\"top\">\n<td>\n<a href=\"https:\/\/extension.uned.es\/actividad\/idactividad\/24409\">\u00bfPuedo decir lo que me d\u00e9 la gana? \/ La libertad de expresi\u00f3n y sus l\u00edmites<\/a><br \/>\nEl debate sobre la libertad de expresi\u00f3n y sus l\u00edmites ha estado siempre presente en las sociedades democr\u00e1ticas. En nuestro contexto actual, caracterizado por los procesos de desinformaci\u00f3n, la polarizaci\u00f3n social y pol\u00edtica, y las redes sociales digitales, se reformula el debate sobre la libertad de expresi\u00f3n.<\/td>\n<\/tr>\n<\/tbody>\n<\/table>\n<figure><a href=\"https:\/\/www.fundacion.uned.es\/actividad\/idactividad\/24645\"><img loading=\"lazy\" decoding=\"async\" width=\"630\" height=\"320\" src=\"https:\/\/blogs.uned.es\/catedraunedfuenlabrada\/wp-content\/uploads\/sites\/313\/2021\/07\/logo-vector-fundacion-uned.jpg\" alt=\"\" loading=\"lazy\" \/><\/a><\/figure>\n<h3><a href=\"https:\/\/www.fundacion.uned.es\/actividad\/idactividad\/24645\">Seminario<\/a><\/h3>\n<table id=\"LPContainer649592\" role=\"presentation\">\n<tbody>\n<tr valign=\"top\">\n<td>\n<a href=\"https:\/\/www.fundacion.uned.es\/actividad\/idactividad\/24645\">ICSW International Seminar: The role of ICTs for social inclusion and social welfare.<\/a><br \/>\nMay 2021, 12 and 19. The purpose of the international seminar \u201cThe rol of ICTs for social inclusion and social welfare\u201d is to explore a key phenomenon that has been accelerated by the COVID-19 crisis: the digitalization of our societies.And also one of its effects: the need to design inclusive social policies in a digital environment.<\/td>\n<\/tr>\n<\/tbody>\n<\/table>\n<figure><a href=\"https:\/\/www.fundacion.uned.es\/actividad\/idactividad\/23963\" target=\"_blank\" rel=\"noopener\"><img loading=\"lazy\" decoding=\"async\" width=\"630\" height=\"320\" src=\"https:\/\/blogs.uned.es\/catedraunedfuenlabrada\/wp-content\/uploads\/sites\/313\/2021\/07\/logo-vector-fundacion-uned.jpg\" alt=\"\" loading=\"lazy\" \/><\/a><\/figure>\n<h3><a href=\"https:\/\/www.fundacion.uned.es\/actividad\/idactividad\/23963\" target=\"_blank\" rel=\"noopener\">Seminario<\/a><\/h3>\n<figure><a href=\"https:\/\/www.uma.es\/fest\/noticias\/vi-seminario-internacional-de-politicas-sociales-issp-2020\/\" target=\"_blank\" rel=\"noopener\"><img loading=\"lazy\" decoding=\"async\" width=\"1270\" height=\"904\" src=\"https:\/\/blogs.uned.es\/catedraunedfuenlabrada\/wp-content\/uploads\/sites\/313\/2021\/07\/VISeminario_2020.jpg\" alt=\"\" loading=\"lazy\" \/><\/a><\/figure>\n<h3><a href=\"https:\/\/www.uma.es\/fest\/noticias\/vi-seminario-internacional-de-politicas-sociales-issp-2020\/\" target=\"_blank\" rel=\"noopener\">Seminario<\/a><\/h3>\n<table id=\"LPContainer649592\" role=\"presentation\">\n<tbody>\n<tr valign=\"top\">\n<td>\n<a href=\"https:\/\/www.fundacion.uned.es\/actividad\/idactividad\/23963\">Social inclusion through digital inclusion in the context of sustainable development: trends and challenges.<\/a><br \/>\nAimed at promoting the social, economic and political inclusion of all members of society, the 2030 Agenda (target 10.2) emphasized the importance of social inclusion \u201dirrespective of age, sex, disability, race, ethnicity, origin, religion or economic or other status\u201d.<\/td>\n<\/tr>\n<\/tbody>\n<\/table>\n<table id=\"LPContainer649592\" role=\"presentation\">\n<tbody>\n<tr valign=\"top\">\n<td><strong>VI Seminario Internacional de Pol\u00edticas Sociales (ISSP 2020)<\/strong><\/p>\n<p>Desde el &nbsp;9 de marzo al 25 de noviembre de 2020, la Universidad de Ma\u0301laga, situada en el sur de Espan\u0303a, acogera\u0301 el VI Seminario Internacional sobre Poli\u0301ticas Sociales y Estado de Bienestar, el cual pretende llegar a ser una de las citas ma\u0301s importantes para investigadores, disen\u0303adores y desarrolladores de poli\u0301ticas sociales<\/td>\n<\/tr>\n<\/tbody>\n<\/table>\n<figure><a href=\"http:\/\/www.trabajosocial.unam.mx\/amiets\/doc\/congreso_AMIETS_cartel_programa_1dic_ok1.pdf\" target=\"_blank\" rel=\"noopener\"><img loading=\"lazy\" decoding=\"async\" width=\"1898\" height=\"854\" src=\"https:\/\/blogs.uned.es\/catedraunedfuenlabrada\/wp-content\/uploads\/sites\/313\/2021\/07\/trabajo_social_unam.jpg\" alt=\"\" loading=\"lazy\" \/><\/a><\/figure>\n<h3><a href=\"http:\/\/www.trabajosocial.unam.mx\/amiets\/doc\/congreso_AMIETS_cartel_programa_1dic_ok1.pdf\" target=\"_blank\" rel=\"noopener\">Congreso<\/a><\/h3>\n<table id=\"LPContainer649592\" role=\"presentation\">\n<tbody>\n<tr valign=\"top\">\n<td><strong>Nuevos paradigmas y desaf\u00edos de Trabajo Social ante realidades complejas. Investigaci\u00f3n y modelos de intervenci\u00f3n social<\/strong><\/p>\n<p>Promover un espacio de encuentro y reflexi\u00f3n sobre los nuevos paradigmas y desaf\u00edos de Trabajo Social ante realidades nacionales e internacionales comple- jas, de investigaci\u00f3n y modelos de intervenci\u00f3n social.<\/td>\n<\/tr>\n<\/tbody>\n<\/table>\n<figure><a href=\"https:\/\/www.comecso.com\/wp-content\/uploads\/2020\/09\/seminario_COVID-19_transformacion_comunidades_siglo_XXI_.pdf\" target=\"_blank\" rel=\"noopener\"><img loading=\"lazy\" decoding=\"async\" width=\"3142\" height=\"1712\" src=\"https:\/\/blogs.uned.es\/catedraunedfuenlabrada\/wp-content\/uploads\/sites\/313\/2021\/07\/unam_covid19.jpg\" alt=\"\" loading=\"lazy\" \/><\/a><\/figure>\n<h3><a href=\"https:\/\/www.comecso.com\/wp-content\/uploads\/2020\/09\/seminario_COVID-19_transformacion_comunidades_siglo_XXI_.pdf\" target=\"_blank\" rel=\"noopener\">Seminario<\/a><\/h3>\n<table id=\"LPContainer649592\" role=\"presentation\">\n<tbody>\n<tr valign=\"top\">\n<td><strong>El Covid-19 y la transformaci\u00f3n de las comunidades en el siglo XXI<\/strong><\/p>\n<p>Reflexionar desde las disciplinas cient\u00edfico sociales y human\u00edsticas, diagn\u00f3sticos emp\u00edricos y prospectivas de profesionales de la investigaci\u00f3n interdisciplinar y el dise\u00f1o de proyectos sociales, sobre el estado actual y futuro de las pol\u00edticas p\u00fablicas y sociales as\u00ed como de las intervenciones sociales, orientados a procesos de desarrollo social, pacificaci\u00f3n social y comunitario as\u00ed como a valorar metodo- log\u00edas innovadoras para enfrentar las diversas consecuencias de la emergencia pand\u00e9mica a escala mundial y en M\u00e9xico.<\/td>\n<\/tr>\n<\/tbody>\n<\/table>\n<figure><a href=\"https:\/\/fguma.es\/curso-verano\/servicios-sociales-crisis-social\/\" target=\"_blank\" rel=\"noopener\"><img loading=\"lazy\" decoding=\"async\" width=\"700\" height=\"400\" src=\"https:\/\/blogs.uned.es\/catedraunedfuenlabrada\/wp-content\/uploads\/sites\/313\/2021\/07\/cabeceraCV21-velez-servicios-sociales.png\" alt=\"\" loading=\"lazy\" \/><\/a><\/figure>\n<h3><a href=\"https:\/\/fguma.es\/curso-verano\/servicios-sociales-crisis-social\/\" target=\"_blank\" rel=\"noopener\">Seminario<\/a><\/h3>\n<table id=\"LPContainer649592\" role=\"presentation\">\n<tbody>\n<tr valign=\"top\">\n<td><strong><a id=\"LPUrlAnchor649592\" href=\"https:\/\/fguma.es\/curso-verano\/servicios-sociales-crisis-social\/\" target=\"_blank\" rel=\"noopener\">Los servicios sociales ante la crisis social (CURSOS VERANO 2021) \u2013 FGUMA<\/a><\/strong>&nbsp;V\u00c9LEZ-M\u00c1LAGA, 8 Y 9 DE JULIO DE 2021 Los servicios sociales ante la crisis social. Duraci\u00f3n: 10 horas Sede: Palacio Marqu\u00e9s de Beniel. Plaza Palacio, 1, CP 29700. V\u00e9lez-M\u00e1laga. &nbsp;<\/td>\n<\/tr>\n<\/tbody>\n<\/table>\n<figure><a href=\"https:\/\/extension.uned.es\/actividad\/idactividad\/20441&amp;idioma=es\" target=\"_blank\" rel=\"noopener\"><img loading=\"lazy\" decoding=\"async\" width=\"2490\" height=\"1080\" src=\"https:\/\/blogs.uned.es\/catedraunedfuenlabrada\/wp-content\/uploads\/sites\/313\/2021\/07\/isocial_uned.jpg\" alt=\"\" loading=\"lazy\" \/><\/a><\/figure>\n<h3><a href=\"https:\/\/extension.uned.es\/actividad\/idactividad\/20441&amp;idioma=es\" target=\"_blank\" rel=\"noopener\">Curso<\/a><\/h3>\n<table id=\"LPContainer649592\" role=\"presentation\">\n<tbody>\n<tr valign=\"top\">\n<td><strong>Intervenci\u00f3n social, nuevas tecnolog\u00edas y comunicaci\u00f3n. Centro Uned Illes Balears<\/strong>&nbsp;Las nuevas tecnolog\u00edas est\u00e1n cambiando nuestra forma de relacionarnos. Afrontamos nuevos retos, derivadosde la confidencialidad y los derechos digitales de las personas, a la vez que las administraciones, asociacionese incluso las relaciones se digitalizan aceleradamente.&nbsp;<\/td>\n<\/tr>\n<\/tbody>\n<\/table>\n","protected":false},"excerpt":{"rendered":"<p>Formaci\u00f3n Seminario- Programa Seminario Online conference:&nbsp;\u201cAddressing food insecurity in Africa: strategies for ensuring child-sensitive social protection\u201d \u00abPrograma\u00bb&nbsp; Date 9 September, 8 am -11.30 am, EST (NY time) Organizers: ICSW in cooperation with FAO, ILO, UNICEF, IASSW, UNED, KNCSW and African Platform for&nbsp;social protection Curso de verano \u00bfPuedo decir lo que me d\u00e9 la gana? \/ La libertad de expresi\u00f3n y sus l\u00edmites El debate sobre la libertad de expresi\u00f3n y sus l\u00edmites ha estado siempre presente en las sociedades democr\u00e1ticas. En nuestro contexto actual, caracterizado por los procesos de desinformaci\u00f3n, la polarizaci\u00f3n social y pol\u00edtica, y las redes sociales digitales,&hellip;<\/p>\n<p> <a class=\"more-link\" href=\"https:\/\/blogs.uned.es\/catedraunedfuenlabrada\/formacion-2\/\">Leer m\u00e1s<\/a><\/p>\n","protected":false},"author":7479,"featured_media":0,"parent":0,"menu_order":0,"comment_status":"closed","ping_status":"closed","template":"","meta":{"footnotes":""},"class_list":["post-1021","page","type-page","status-publish"],"_links":{"self":[{"href":"https:\/\/blogs.uned.es\/catedraunedfuenlabrada\/wp-json\/wp\/v2\/pages\/1021","targetHints":{"allow":["GET"]}}],"collection":[{"href":"https:\/\/blogs.uned.es\/catedraunedfuenlabrada\/wp-json\/wp\/v2\/pages"}],"about":[{"href":"https:\/\/blogs.uned.es\/catedraunedfuenlabrada\/wp-json\/wp\/v2\/types\/page"}],"author":[{"embeddable":true,"href":"https:\/\/blogs.uned.es\/catedraunedfuenlabrada\/wp-json\/wp\/v2\/users\/7479"}],"replies":[{"embeddable":true,"href":"https:\/\/blogs.uned.es\/catedraunedfuenlabrada\/wp-json\/wp\/v2\/comments?post=1021"}],"version-history":[{"count":65,"href":"https:\/\/blogs.uned.es\/catedraunedfuenlabrada\/wp-json\/wp\/v2\/pages\/1021\/revisions"}],"predecessor-version":[{"id":3695,"href":"https:\/\/blogs.uned.es\/catedraunedfuenlabrada\/wp-json\/wp\/v2\/pages\/1021\/revisions\/3695"}],"wp:attachment":[{"href":"https:\/\/blogs.uned.es\/catedraunedfuenlabrada\/wp-json\/wp\/v2\/media?parent=1021"}],"curies":[{"name":"wp","href":"https:\/\/api.w.org\/{rel}","templated":true}]}}