{"id":67,"date":"2017-11-23T10:48:12","date_gmt":"2017-11-23T10:48:12","guid":{"rendered":"http:\/\/blogs.uned.es\/catedra-aquae\/?page_id=67"},"modified":"2024-11-11T08:58:18","modified_gmt":"2024-11-11T08:58:18","slug":"la-catedra","status":"publish","type":"page","link":"https:\/\/blogs.uned.es\/catedra-aquae\/la-catedra\/","title":{"rendered":"La C\u00e1tedra"},"content":{"rendered":"<div id=\"pl-67\" class=\"panel-layout\">\n<div id=\"pg-67-0\" class=\"panel-grid panel-no-style\">\n<div id=\"pgc-67-0-0\" class=\"panel-grid-cell\" data-weight=\"1\">\n<div id=\"panel-67-0-0-0\" class=\"so-panel widget widget_sow-editor panel-first-child\" data-index=\"0\">\n<div class=\"so-widget-sow-editor so-widget-sow-editor-base\">\n<p>La <b>C\u00e1tedra AQUAE de Econom\u00eda del agua<\/b>\u00a0nace como c\u00e1tedra universidad-empresa por el convenio firmado entre la UNED y la Fundaci\u00f3n Aquae en octubre de 2013. Dirigida por la Profesora Titular de la Facultad de Ciencias Econ\u00f3micas y Empresariales de la UNED, Amelia P\u00e9rez Zabaleta, la <b>C\u00e1tedra\u00a0AQUAE <\/b>tiene como fin la investigaci\u00f3n, la transferencia, y la divulgaci\u00f3n del conocimiento, as\u00ed como la docencia e innovaci\u00f3n sobre la econom\u00eda del agua.<\/p>\n<p class=\"siteorigin-widget-tinymce textwidget\">Desde sus or\u00edgenes ha centrado sus esfuerzos en avanzar en la investigaci\u00f3n sobre la gesti\u00f3n sostenible del agua, a trav\u00e9s de la publicaci\u00f3n de art\u00edculos, el desarrollo de proyectos de investigaci\u00f3n nacionales y europeos y la participaci\u00f3n en congresos de investigaci\u00f3n. A su vez, ha fomentado la investigaci\u00f3n a trav\u00e9s de la concesi\u00f3n de premios anuales a estudiantes de Grado, M\u00e1ster y Doctorado por sus investigaciones en materia de econom\u00eda del agua. Desde la\u00a0<strong>C\u00e1tedra AQUAE<\/strong> se abordan tareas de formaci\u00f3n en programas de postgrado y de colaboraci\u00f3n en programas de formaci\u00f3n continua.<\/p>\n<p class=\"siteorigin-widget-tinymce textwidget\">El buen avance de las actividades llevadas a cabo desde la<strong>\u00a0C\u00e1tedra AQUAE<\/strong>\u00a0y los importantes retos que aborda, unido al \u00e9xito de la colaboraci\u00f3n entre los equipos de la\u00a0<a href=\"https:\/\/www.fundacionaquae.org\/\" target=\"_blank\" rel=\"noopener\"><strong>Fundaci\u00f3n AQUAE<\/strong><\/a>\u00a0y la\u00a0<a href=\"https:\/\/www.uned.es\/universidad\/inicio.html\" target=\"_blank\" rel=\"noopener\"><strong>UNED<\/strong><\/a>, han resultado en la renovaci\u00f3n del convenio anualmente, facilitando as\u00ed cosechar m\u00e1s resultados en pro de la mejora en la gesti\u00f3n sostenible del agua.<\/p>\n<p>En 2023, se incorpora a esta C\u00e1tedra la empresa <b><u><a id=\"m_3802245253427570821OWAfc1ff67b-2b42-0c69-19c3-c4b1607f42e6\" href=\"https:\/\/www.veolia.es\/aquambiente\" target=\"_blank\" rel=\"noopener\" data-saferedirecturl=\"https:\/\/www.google.com\/url?q=https:\/\/www.veolia.es\/aquambiente&amp;source=gmail&amp;ust=1731401052068000&amp;usg=AOvVaw3WkFlvDqUZOr7cXeM8FUtr\">Aquambiente<\/a><\/u><\/b>. Su experiencia y conocimiento aporta un valor a\u00f1adido ya que le facilita seguir avanzando en la investigaci\u00f3n de soluciones sostenibles, en un momento en el que el aprovechamiento del agua en el ciclo urbano y su reutilizaci\u00f3n cobran m\u00e1s peso que nunca a fin de garantizar la disponibilidad de este recurso a largo plazo.<\/p>\n<p>La C\u00e1tedra forma parte de la <u><a id=\"m_3802245253427570821OWAa92677fb-d796-53d4-54ab-e12af14bd382\" href=\"https:\/\/www.agbar.es\/innovacion\/red-de-catedras\/\" target=\"_blank\" rel=\"noopener\" data-saferedirecturl=\"https:\/\/www.google.com\/url?q=https:\/\/www.agbar.es\/innovacion\/red-de-catedras\/&amp;source=gmail&amp;ust=1731401052068000&amp;usg=AOvVaw2AQpBMPRkLldKdqtB0Fw9X\">Red de C\u00e1tedras del Agua<\/a><\/u>\u00a0del grupo Agbar, para contribuir a la transici\u00f3n ecol\u00f3gica, y de la Red de C\u00e1tedras Universitarias de Sostenibilidad.<\/p>\n<\/div>\n<\/div>\n<\/div>\n<\/div>\n<\/div>\n","protected":false},"excerpt":{"rendered":"<p>La C\u00e1tedra AQUAE de Econom\u00eda del agua\u00a0nace como c\u00e1tedra universidad-empresa por el convenio firmado entre la UNED y la Fundaci\u00f3n Aquae en octubre de 2013. Dirigida por la Profesora Titular de la Facultad de Ciencias Econ\u00f3micas y Empresariales de la UNED, Amelia P\u00e9rez Zabaleta, la C\u00e1tedra\u00a0AQUAE tiene como fin la investigaci\u00f3n, la transferencia, y la [&hellip;]<\/p>\n","protected":false},"author":81,"featured_media":137,"parent":0,"menu_order":0,"comment_status":"closed","ping_status":"closed","template":"page-banners.php","meta":{"_acf_changed":false,"footnotes":""},"class_list":["post-67","page","type-page","status-publish","has-post-thumbnail","hentry"],"acf":[],"_links":{"self":[{"href":"https:\/\/blogs.uned.es\/catedra-aquae\/wp-json\/wp\/v2\/pages\/67","targetHints":{"allow":["GET"]}}],"collection":[{"href":"https:\/\/blogs.uned.es\/catedra-aquae\/wp-json\/wp\/v2\/pages"}],"about":[{"href":"https:\/\/blogs.uned.es\/catedra-aquae\/wp-json\/wp\/v2\/types\/page"}],"author":[{"embeddable":true,"href":"https:\/\/blogs.uned.es\/catedra-aquae\/wp-json\/wp\/v2\/users\/81"}],"replies":[{"embeddable":true,"href":"https:\/\/blogs.uned.es\/catedra-aquae\/wp-json\/wp\/v2\/comments?post=67"}],"version-history":[{"count":18,"href":"https:\/\/blogs.uned.es\/catedra-aquae\/wp-json\/wp\/v2\/pages\/67\/revisions"}],"predecessor-version":[{"id":125035,"href":"https:\/\/blogs.uned.es\/catedra-aquae\/wp-json\/wp\/v2\/pages\/67\/revisions\/125035"}],"wp:featuredmedia":[{"embeddable":true,"href":"https:\/\/blogs.uned.es\/catedra-aquae\/wp-json\/wp\/v2\/media\/137"}],"wp:attachment":[{"href":"https:\/\/blogs.uned.es\/catedra-aquae\/wp-json\/wp\/v2\/media?parent=67"}],"curies":[{"name":"wp","href":"https:\/\/api.w.org\/{rel}","templated":true}]}}