{"id":1937,"date":"2019-05-21T08:50:17","date_gmt":"2019-05-21T08:50:17","guid":{"rendered":"http:\/\/blogs.uned.es\/catedra-aquae\/?page_id=1937"},"modified":"2019-05-21T08:52:06","modified_gmt":"2019-05-21T08:52:06","slug":"proyectos","status":"publish","type":"page","link":"https:\/\/blogs.uned.es\/catedra-aquae\/proyectos\/","title":{"rendered":"Proyectos"},"content":{"rendered":"<div id=\"pl-1937\"  class=\"panel-layout\" ><div id=\"pg-1937-0\"  class=\"panel-grid panel-no-style\" ><div id=\"pgc-1937-0-0\"  class=\"panel-grid-cell\" ><div id=\"panel-1937-0-0-0\" class=\"so-panel widget widget_sow-post-carousel panel-first-child panel-last-child\" data-index=\"0\" ><div\n\t\t\t\n\t\t\tclass=\"so-widget-sow-post-carousel so-widget-sow-post-carousel-base-ad93eedad001-1937\"\n\t\t\t\n\t\t>\t<div\n\t\tclass=\"sow-post-carousel-wrapper sow-post-carousel-theme-base\"\n\t\tstyle=\"overflow: hidden; max-width: 100%; min-height: 182px\"\n\t>\n\t\t<div class=\"sow-carousel-title\">\n\t\t\t<div class=\"sow-carousel-navigation \">\n\t\t\t\t\t\t<a href=\"#\" class=\"sow-carousel-next\" title=\"Siguiente\" aria-label=\"Entradas siguientes\" role=\"button\"><\/a>\n\t\t\t\t\t\t<a href=\"#\" class=\"sow-carousel-previous\" title=\"Anterior\" aria-label=\"Entradas anteriores\" role=\"button\"><\/a>\n\t\t\t\t\t<\/div>\n\t<\/div>\n\n<div class=\"sow-carousel-container \">\n\t\t<div class=\"sow-carousel-wrapper\"\n\t\tdata-dir=\"ltr\"\n\t\tstyle=\"opacity: 0;\"\n\t\tdata-widget=\"post\" data-fetching=\"false\" data-page=\"1\" data-ajax-url=\"https:\/\/blogs.uned.es\/catedra-aquae\/wp-admin\/admin-ajax.php?_widgets_nonce=43fac7fe2b\" data-item_count=\"6\" data-carousel_settings=\"{&quot;loop&quot;:true,&quot;animation&quot;:&quot;Ease&quot;,&quot;animation_speed&quot;:400,&quot;autoplay&quot;:&quot;&quot;,&quot;pauseOnHover&quot;:&quot;&quot;,&quot;autoplaySpeed&quot;:8000,&quot;item_overflow&quot;:true,&quot;autoplay_continuous_scroll&quot;:false}\" data-responsive=\"{&quot;desktop_slides_to_scroll&quot;:1,&quot;tablet_landscape_breakpoint&quot;:1366,&quot;tablet_landscape_slides_to_scroll&quot;:2,&quot;tablet_portrait_breakpoint&quot;:1025,&quot;tablet_portrait_slides_to_scroll&quot;:2,&quot;mobile_breakpoint&quot;:480,&quot;mobile_slides_to_scroll&quot;:1}\" data-variable_width=\"true\" \t>\n\t\t<div\n\t\t\tclass=\"sow-carousel-items\"\n\t\t\t\t\t>\n\t\t\t\t<div class=\"sow-carousel-item\" tabindex=\"-1\" style=\"float: left;\">\n\t\t<div class=\"sow-carousel-thumbnail\">\n\t\t\t\t\t\t\t<a\n\t\t\t\t\thref=\"https:\/\/blogs.uned.es\/catedra-aquae\/azucena-martin-jurado-premio-al-mejor-trabajo-de-fin-de-grado-2025-de-la-catedra-aquae\/\"\n\t\t\t\t\t\t\t\t\t\tstyle=\"background-image: url( https:\/\/blogs.uned.es\/catedra-aquae\/wp-content\/uploads\/sites\/111\/2026\/03\/Portada-TFG-2025-vertical-272x182.jpg )\"\n\t\t\t\t\taria-labelledby=\"sow-carousel-id-125363\"\n\t\t\t\t\ttabindex=\"-1\"\n\t\t\t\t>\n\t\t\t\t\t<span class=\"overlay\"><\/span>\n\t\t\t\t<\/a>\n\t\t\t\t\t<\/div>\n\t\t<h3 class=\"sow-carousel-item-title\">\n\t\t\t<a\n\t\t\t\thref=\"https:\/\/blogs.uned.es\/catedra-aquae\/azucena-martin-jurado-premio-al-mejor-trabajo-de-fin-de-grado-2025-de-la-catedra-aquae\/\"\n\t\t\t\tid=\"sow-carousel-id-125363\"\n\t\t\t\t\t\t\t\ttabindex=\"-1\"\n\t\t\t>\n\n\t\t\t\tAzucena Mart\u00edn Jurado, premio al Mejor Trabajo de Fin de Grado 2025 de la C\u00e1tedra Aquae\t\t\t<\/a>\n\t\t<\/h3>\n\t<\/div>\n\t\t<div class=\"sow-carousel-item\" tabindex=\"-1\" style=\"float: left;\">\n\t\t<div class=\"sow-carousel-thumbnail\">\n\t\t\t\t\t\t\t<a\n\t\t\t\t\thref=\"https:\/\/blogs.uned.es\/catedra-aquae\/marilyn-ishikawa-muchotrigo-galardonada-con-el-premio-al-mejor-trabajo-de-fin-de-master-2025-de-la-catedra-aquae\/\"\n\t\t\t\t\t\t\t\t\t\tstyle=\"background-image: url( https:\/\/blogs.uned.es\/catedra-aquae\/wp-content\/uploads\/sites\/111\/2026\/03\/Portada-TFM-2025-vertical-272x182.jpg )\"\n\t\t\t\t\taria-labelledby=\"sow-carousel-id-125343\"\n\t\t\t\t\ttabindex=\"-1\"\n\t\t\t\t>\n\t\t\t\t\t<span class=\"overlay\"><\/span>\n\t\t\t\t<\/a>\n\t\t\t\t\t<\/div>\n\t\t<h3 class=\"sow-carousel-item-title\">\n\t\t\t<a\n\t\t\t\thref=\"https:\/\/blogs.uned.es\/catedra-aquae\/marilyn-ishikawa-muchotrigo-galardonada-con-el-premio-al-mejor-trabajo-de-fin-de-master-2025-de-la-catedra-aquae\/\"\n\t\t\t\tid=\"sow-carousel-id-125343\"\n\t\t\t\t\t\t\t\ttabindex=\"-1\"\n\t\t\t>\n\n\t\t\t\tMarilyn Ishikawa Muchotrigo, galardonada con el Premio al Mejor Trabajo de Fin de M\u00e1ster 2025 de la C\u00e1tedra Aquae\t\t\t<\/a>\n\t\t<\/h3>\n\t<\/div>\n\t\t<div class=\"sow-carousel-item\" tabindex=\"-1\" style=\"float: left;\">\n\t\t<div class=\"sow-carousel-thumbnail\">\n\t\t\t\t\t\t\t<a\n\t\t\t\t\thref=\"https:\/\/blogs.uned.es\/catedra-aquae\/b-watersmart-un-proyecto-europeo-para-la-gestion-inteligente-del-agua\/\"\n\t\t\t\t\t\t\t\t\t\tstyle=\"background-image: url( https:\/\/blogs.uned.es\/catedra-aquae\/wp-content\/uploads\/sites\/111\/2021\/03\/PortadaBWS_Web_edit2_640.jpg )\"\n\t\t\t\t\taria-labelledby=\"sow-carousel-id-14209\"\n\t\t\t\t\ttabindex=\"-1\"\n\t\t\t\t>\n\t\t\t\t\t<span class=\"overlay\"><\/span>\n\t\t\t\t<\/a>\n\t\t\t\t\t<\/div>\n\t\t<h3 class=\"sow-carousel-item-title\">\n\t\t\t<a\n\t\t\t\thref=\"https:\/\/blogs.uned.es\/catedra-aquae\/b-watersmart-un-proyecto-europeo-para-la-gestion-inteligente-del-agua\/\"\n\t\t\t\tid=\"sow-carousel-id-14209\"\n\t\t\t\t\t\t\t\ttabindex=\"-1\"\n\t\t\t>\n\n\t\t\t\tB-WaterSmart, un proyecto europeo para la gesti\u00f3n inteligente del agua\t\t\t<\/a>\n\t\t<\/h3>\n\t<\/div>\n\t\t<div class=\"sow-carousel-item\" tabindex=\"-1\" style=\"float: left;\">\n\t\t<div class=\"sow-carousel-thumbnail\">\n\t\t\t\t\t\t\t<a\n\t\t\t\t\thref=\"https:\/\/blogs.uned.es\/catedra-aquae\/inversiones\/\"\n\t\t\t\t\t\t\t\t\t\tstyle=\"background-image: url( https:\/\/blogs.uned.es\/catedra-aquae\/wp-content\/uploads\/sites\/111\/2018\/03\/40952636531_98894c3d51_z.jpg )\"\n\t\t\t\t\taria-labelledby=\"sow-carousel-id-1941\"\n\t\t\t\t\ttabindex=\"-1\"\n\t\t\t\t>\n\t\t\t\t\t<span class=\"overlay\"><\/span>\n\t\t\t\t<\/a>\n\t\t\t\t\t<\/div>\n\t\t<h3 class=\"sow-carousel-item-title\">\n\t\t\t<a\n\t\t\t\thref=\"https:\/\/blogs.uned.es\/catedra-aquae\/inversiones\/\"\n\t\t\t\tid=\"sow-carousel-id-1941\"\n\t\t\t\t\t\t\t\ttabindex=\"-1\"\n\t\t\t>\n\n\t\t\t\tAn\u00e1lisis de la necesidades de inversi\u00f3n en el ciclo urbano del agua\t\t\t<\/a>\n\t\t<\/h3>\n\t<\/div>\n\t\t<div class=\"sow-carousel-item\" tabindex=\"-1\" style=\"float: left;\">\n\t\t<div class=\"sow-carousel-thumbnail\">\n\t\t\t\t\t\t\t<a\n\t\t\t\t\thref=\"https:\/\/blogs.uned.es\/catedra-aquae\/ods\/\"\n\t\t\t\t\t\t\t\t\t\tstyle=\"background-image: url( https:\/\/blogs.uned.es\/catedra-aquae\/wp-content\/uploads\/sites\/111\/2018\/11\/Captura-de-pantalla-2018-11-29-a-las-12.59.22.png )\"\n\t\t\t\t\taria-labelledby=\"sow-carousel-id-1945\"\n\t\t\t\t\ttabindex=\"-1\"\n\t\t\t\t>\n\t\t\t\t\t<span class=\"overlay\"><\/span>\n\t\t\t\t<\/a>\n\t\t\t\t\t<\/div>\n\t\t<h3 class=\"sow-carousel-item-title\">\n\t\t\t<a\n\t\t\t\thref=\"https:\/\/blogs.uned.es\/catedra-aquae\/ods\/\"\n\t\t\t\tid=\"sow-carousel-id-1945\"\n\t\t\t\t\t\t\t\ttabindex=\"-1\"\n\t\t\t>\n\n\t\t\t\tLogro de los ODS en la UNED y sus centros asociados\t\t\t<\/a>\n\t\t<\/h3>\n\t<\/div>\n\t\t<div class=\"sow-carousel-item\" tabindex=\"-1\" style=\"float: left;\">\n\t\t<div class=\"sow-carousel-thumbnail\">\n\t\t\t\t\t\t\t<a\n\t\t\t\t\thref=\"https:\/\/blogs.uned.es\/catedra-aquae\/el-agua-en-la-economia-cicular\/\"\n\t\t\t\t\t\t\t\t\t\tstyle=\"background-image: url( https:\/\/blogs.uned.es\/catedra-aquae\/wp-content\/uploads\/sites\/111\/2019\/07\/eco-circular-272x182.png )\"\n\t\t\t\t\taria-labelledby=\"sow-carousel-id-2191\"\n\t\t\t\t\ttabindex=\"-1\"\n\t\t\t\t>\n\t\t\t\t\t<span class=\"overlay\"><\/span>\n\t\t\t\t<\/a>\n\t\t\t\t\t<\/div>\n\t\t<h3 class=\"sow-carousel-item-title\">\n\t\t\t<a\n\t\t\t\thref=\"https:\/\/blogs.uned.es\/catedra-aquae\/el-agua-en-la-economia-cicular\/\"\n\t\t\t\tid=\"sow-carousel-id-2191\"\n\t\t\t\t\t\t\t\ttabindex=\"-1\"\n\t\t\t>\n\n\t\t\t\tEl agua en la econom\u00eda cicular\t\t\t<\/a>\n\t\t<\/h3>\n\t<\/div>\n\t\t\t<\/div>\n\t\t\t<\/div>\n\n\t<\/div>\n\t\t<input type=\"hidden\" name=\"instance_hash\" value=\"25e1f0f0\"\/>\n\t<\/div>\n<\/div><\/div><\/div><\/div><\/div>","protected":false},"excerpt":{"rendered":"<p>Azucena Mart\u00edn Jurado, premio al Mejor Trabajo de Fin de Grado 2025 de la C\u00e1tedra Aquae Marilyn Ishikawa Muchotrigo, galardonada con el Premio al Mejor Trabajo de Fin de M\u00e1ster 2025 de la C\u00e1tedra Aquae B-WaterSmart, un proyecto europeo para la gesti\u00f3n inteligente del agua An\u00e1lisis de la necesidades de inversi\u00f3n en el ciclo urbano [&hellip;]<\/p>\n","protected":false},"author":1,"featured_media":0,"parent":0,"menu_order":0,"comment_status":"closed","ping_status":"closed","template":"","meta":{"_acf_changed":false,"footnotes":""},"class_list":["post-1937","page","type-page","status-publish","hentry"],"acf":[],"_links":{"self":[{"href":"https:\/\/blogs.uned.es\/catedra-aquae\/wp-json\/wp\/v2\/pages\/1937","targetHints":{"allow":["GET"]}}],"collection":[{"href":"https:\/\/blogs.uned.es\/catedra-aquae\/wp-json\/wp\/v2\/pages"}],"about":[{"href":"https:\/\/blogs.uned.es\/catedra-aquae\/wp-json\/wp\/v2\/types\/page"}],"author":[{"embeddable":true,"href":"https:\/\/blogs.uned.es\/catedra-aquae\/wp-json\/wp\/v2\/users\/1"}],"replies":[{"embeddable":true,"href":"https:\/\/blogs.uned.es\/catedra-aquae\/wp-json\/wp\/v2\/comments?post=1937"}],"version-history":[{"count":3,"href":"https:\/\/blogs.uned.es\/catedra-aquae\/wp-json\/wp\/v2\/pages\/1937\/revisions"}],"predecessor-version":[{"id":62187,"href":"https:\/\/blogs.uned.es\/catedra-aquae\/wp-json\/wp\/v2\/pages\/1937\/revisions\/62187"}],"wp:attachment":[{"href":"https:\/\/blogs.uned.es\/catedra-aquae\/wp-json\/wp\/v2\/media?parent=1937"}],"curies":[{"name":"wp","href":"https:\/\/api.w.org\/{rel}","templated":true}]}}