{"id":808,"date":"2017-03-13T17:01:24","date_gmt":"2017-03-13T17:01:24","guid":{"rendered":"https:\/\/bibliounedabierta.wordpress.com\/?page_id=808"},"modified":"2017-03-13T17:01:24","modified_gmt":"2017-03-13T17:01:24","slug":"quienes-somos-2","status":"publish","type":"page","link":"https:\/\/blogs.uned.es\/bibliounedabierta\/quienes-somos-2\/","title":{"rendered":"Qui\u00e9nes somos"},"content":{"rendered":"<p>Somos un centro de recursos para el aprendizaje, la docencia, la investigaci\u00f3n y la formaci\u00f3n continua, al servicio de la comunidad universitaria. Para ello ponemos a disposici\u00f3n de nuestros usuarios nuestras instalaciones y nuestro portal en Internet, desde el cual podr\u00e9is acceder a una amplia selecci\u00f3n de recursos, muchos de ellos en acceso abierto, y servicios que satisfagan vuestras\u00a0necesidades de informaci\u00f3n. Formamos un equipo de ochenta\u00a0profesionales comprometidos con nuestro trabajo, a los que nos mueven valores como:<\/p>\n<ul>\n<li><strong>Calidad<\/strong>: Trabajamos en la calidad para la mejora continua de los servicios, como certifica el Sello de Excelencia Europea 400+.<\/li>\n<li><strong>Cooperaci\u00f3n:<\/strong> Promocionamos el trabajo en equipo y la colaboraci\u00f3n con otros agentes de nuestra comunidad.<\/li>\n<li><strong>Innovaci\u00f3n<\/strong>: Adaptamos nuestros servicios a las nuevas necesidades sociales y cambios tecnol\u00f3gicos, con esp\u00edritu creativo e innovador.<\/li>\n<li><strong>Participaci\u00f3n:<\/strong> Con una actitud abierta y dialogante, promovemos la participaci\u00f3n de la comunidad universitaria en la mejora de la gesti\u00f3n y los servicios de la Biblioteca.<\/li>\n<li><strong>Sello de Calidad<\/strong> <strong>Excelencia Europea 400+<\/strong><\/li>\n<li><strong>Responsabilidad social:<\/strong> Como servicio p\u00fablico que somos, nos implicamos activa y voluntariamente en la mejora de la sociedad y del planeta, atendiendo a colectivos con necesidades diferentes y con programas como <em>Biblioteca Sostenible<\/em>, que promueve pr\u00e1cticas de trabajo que no da\u00f1en el medio ambiente.<\/li>\n<\/ul>\n<figure id=\"attachment_1121\" aria-describedby=\"caption-attachment-1121\" style=\"width: 300px\" class=\"wp-caption alignright\"><img fetchpriority=\"high\" decoding=\"async\" class=\"wp-image-1121 size-medium\" src=\"https:\/\/bibliounedabierta.files.wordpress.com\/2017\/03\/alex_elo_carol_flora_maite_susana_anal.jpg?w=300\" alt=\"\" width=\"300\" height=\"200\" \/><figcaption id=\"caption-attachment-1121\" class=\"wp-caption-text\">Alexis, Elodia, Carolina, Susana, Flora, Ana, Maite<\/figcaption><\/figure>\n<p>En la prestaci\u00f3n del servicio hemos adquirido una serie de compromisos con la comunidad universitaria recogidos en nuestra <a href=\"http:\/\/www2.uned.es\/biblioteca\/carta\/carta_16.html\" target=\"_blank\" rel=\"noopener noreferrer\">Carta de Servicios<\/a>, de la que realizamos un seguimiento de los indicadores para garantizar su cumplimiento.<\/p>\n<p>Os invitamos a venir a conocernos y a visitar la biblioteca para que pod\u00e1is comprobar todo lo que os ofrecemos.<\/p>\n","protected":false},"excerpt":{"rendered":"<p>Somos un centro de recursos para el aprendizaje, la docencia, la investigaci\u00f3n y la formaci\u00f3n continua, al servicio de la comunidad universitaria. Para ello ponemos a disposici\u00f3n de nuestros usuarios nuestras instalaciones y nuestro portal en Internet, desde el cual podr\u00e9is acceder a una amplia selecci\u00f3n de recursos, muchos de ellos en acceso abierto, y [&hellip;]<\/p>\n","protected":false},"author":7853,"featured_media":0,"parent":0,"menu_order":0,"comment_status":"closed","ping_status":"closed","template":"","meta":{"site-sidebar-layout":"default","site-content-layout":"","ast-site-content-layout":"default","site-content-style":"default","site-sidebar-style":"default","ast-global-header-display":"","ast-banner-title-visibility":"","ast-main-header-display":"","ast-hfb-above-header-display":"","ast-hfb-below-header-display":"","ast-hfb-mobile-header-display":"","site-post-title":"","ast-breadcrumbs-content":"","ast-featured-img":"","footer-sml-layout":"","ast-disable-related-posts":"","theme-transparent-header-meta":"","adv-header-id-meta":"","stick-header-meta":"","header-above-stick-meta":"","header-main-stick-meta":"","header-below-stick-meta":"","astra-migrate-meta-layouts":"default","ast-page-background-enabled":"default","ast-page-background-meta":{"desktop":{"background-color":"var(--ast-global-color-4)","background-image":"","background-repeat":"repeat","background-position":"center center","background-size":"auto","background-attachment":"scroll","background-type":"","background-media":"","overlay-type":"","overlay-color":"","overlay-opacity":"","overlay-gradient":""},"tablet":{"background-color":"","background-image":"","background-repeat":"repeat","background-position":"center center","background-size":"auto","background-attachment":"scroll","background-type":"","background-media":"","overlay-type":"","overlay-color":"","overlay-opacity":"","overlay-gradient":""},"mobile":{"background-color":"","background-image":"","background-repeat":"repeat","background-position":"center center","background-size":"auto","background-attachment":"scroll","background-type":"","background-media":"","overlay-type":"","overlay-color":"","overlay-opacity":"","overlay-gradient":""}},"ast-content-background-meta":{"desktop":{"background-color":"var(--ast-global-color-5)","background-image":"","background-repeat":"repeat","background-position":"center center","background-size":"auto","background-attachment":"scroll","background-type":"","background-media":"","overlay-type":"","overlay-color":"","overlay-opacity":"","overlay-gradient":""},"tablet":{"background-color":"var(--ast-global-color-5)","background-image":"","background-repeat":"repeat","background-position":"center center","background-size":"auto","background-attachment":"scroll","background-type":"","background-media":"","overlay-type":"","overlay-color":"","overlay-opacity":"","overlay-gradient":""},"mobile":{"background-color":"var(--ast-global-color-5)","background-image":"","background-repeat":"repeat","background-position":"center center","background-size":"auto","background-attachment":"scroll","background-type":"","background-media":"","overlay-type":"","overlay-color":"","overlay-opacity":"","overlay-gradient":""}},"footnotes":""},"class_list":["post-808","page","type-page","status-publish","hentry"],"_links":{"self":[{"href":"https:\/\/blogs.uned.es\/bibliounedabierta\/wp-json\/wp\/v2\/pages\/808","targetHints":{"allow":["GET"]}}],"collection":[{"href":"https:\/\/blogs.uned.es\/bibliounedabierta\/wp-json\/wp\/v2\/pages"}],"about":[{"href":"https:\/\/blogs.uned.es\/bibliounedabierta\/wp-json\/wp\/v2\/types\/page"}],"author":[{"embeddable":true,"href":"https:\/\/blogs.uned.es\/bibliounedabierta\/wp-json\/wp\/v2\/users\/7853"}],"replies":[{"embeddable":true,"href":"https:\/\/blogs.uned.es\/bibliounedabierta\/wp-json\/wp\/v2\/comments?post=808"}],"version-history":[{"count":0,"href":"https:\/\/blogs.uned.es\/bibliounedabierta\/wp-json\/wp\/v2\/pages\/808\/revisions"}],"wp:attachment":[{"href":"https:\/\/blogs.uned.es\/bibliounedabierta\/wp-json\/wp\/v2\/media?parent=808"}],"curies":[{"name":"wp","href":"https:\/\/api.w.org\/{rel}","templated":true}]}}