{"id":7437,"date":"2024-07-08T13:27:12","date_gmt":"2024-07-08T11:27:12","guid":{"rendered":"https:\/\/blogs.uned.es\/bibliounedabierta\/?page_id=7437"},"modified":"2024-07-08T13:40:01","modified_gmt":"2024-07-08T11:40:01","slug":"quienes-somos","status":"publish","type":"page","link":"https:\/\/blogs.uned.es\/bibliounedabierta\/quienes-somos\/","title":{"rendered":"\u00bfQui\u00e9nes somos?"},"content":{"rendered":"\n<p>BiblioUNED Abierta es un blog orientado a la difusi\u00f3n de noticias, novedades, horarios y actividades de la Biblioteca. Es un espacio para dar a conocer nuevos recursos, herramientas, servicios y productos desarrollados por la Biblioteca.<\/p>\n\n\n\n<p> Asimismo, se incluir\u00e1n informaciones sobre encuestas, cert\u00e1menes, etc. de inter\u00e9s para la comunidad universitaria de la UNED. En definitiva, es un canal de comunicaci\u00f3n entre la Biblioteca y la comunidad UNED.<\/p>\n\n\n\n<p><\/p>\n\n\n\n<p><\/p>\n","protected":false},"excerpt":{"rendered":"<p>BiblioUNED Abierta es un blog orientado a la difusi\u00f3n de noticias, novedades, horarios y actividades de la Biblioteca. Es un espacio para dar a conocer nuevos recursos, herramientas, servicios y productos desarrollados por la Biblioteca. Asimismo, se incluir\u00e1n informaciones sobre encuestas, cert\u00e1menes, etc. de inter\u00e9s para la comunidad universitaria de la UNED. En definitiva, es [&hellip;]<\/p>\n","protected":false},"author":7853,"featured_media":0,"parent":0,"menu_order":0,"comment_status":"closed","ping_status":"closed","template":"","meta":{"site-sidebar-layout":"default","site-content-layout":"","ast-site-content-layout":"default","site-content-style":"default","site-sidebar-style":"default","ast-global-header-display":"","ast-banner-title-visibility":"","ast-main-header-display":"","ast-hfb-above-header-display":"","ast-hfb-below-header-display":"","ast-hfb-mobile-header-display":"","site-post-title":"","ast-breadcrumbs-content":"","ast-featured-img":"","footer-sml-layout":"","ast-disable-related-posts":"","theme-transparent-header-meta":"","adv-header-id-meta":"","stick-header-meta":"","header-above-stick-meta":"","header-main-stick-meta":"","header-below-stick-meta":"","astra-migrate-meta-layouts":"default","ast-page-background-enabled":"default","ast-page-background-meta":{"desktop":{"background-color":"var(--ast-global-color-4)","background-image":"","background-repeat":"repeat","background-position":"center center","background-size":"auto","background-attachment":"scroll","background-type":"","background-media":"","overlay-type":"","overlay-color":"","overlay-opacity":"","overlay-gradient":""},"tablet":{"background-color":"","background-image":"","background-repeat":"repeat","background-position":"center center","background-size":"auto","background-attachment":"scroll","background-type":"","background-media":"","overlay-type":"","overlay-color":"","overlay-opacity":"","overlay-gradient":""},"mobile":{"background-color":"","background-image":"","background-repeat":"repeat","background-position":"center center","background-size":"auto","background-attachment":"scroll","background-type":"","background-media":"","overlay-type":"","overlay-color":"","overlay-opacity":"","overlay-gradient":""}},"ast-content-background-meta":{"desktop":{"background-color":"var(--ast-global-color-5)","background-image":"","background-repeat":"repeat","background-position":"center center","background-size":"auto","background-attachment":"scroll","background-type":"","background-media":"","overlay-type":"","overlay-color":"","overlay-opacity":"","overlay-gradient":""},"tablet":{"background-color":"var(--ast-global-color-5)","background-image":"","background-repeat":"repeat","background-position":"center center","background-size":"auto","background-attachment":"scroll","background-type":"","background-media":"","overlay-type":"","overlay-color":"","overlay-opacity":"","overlay-gradient":""},"mobile":{"background-color":"var(--ast-global-color-5)","background-image":"","background-repeat":"repeat","background-position":"center center","background-size":"auto","background-attachment":"scroll","background-type":"","background-media":"","overlay-type":"","overlay-color":"","overlay-opacity":"","overlay-gradient":""}},"footnotes":""},"class_list":["post-7437","page","type-page","status-publish","hentry"],"_links":{"self":[{"href":"https:\/\/blogs.uned.es\/bibliounedabierta\/wp-json\/wp\/v2\/pages\/7437","targetHints":{"allow":["GET"]}}],"collection":[{"href":"https:\/\/blogs.uned.es\/bibliounedabierta\/wp-json\/wp\/v2\/pages"}],"about":[{"href":"https:\/\/blogs.uned.es\/bibliounedabierta\/wp-json\/wp\/v2\/types\/page"}],"author":[{"embeddable":true,"href":"https:\/\/blogs.uned.es\/bibliounedabierta\/wp-json\/wp\/v2\/users\/7853"}],"replies":[{"embeddable":true,"href":"https:\/\/blogs.uned.es\/bibliounedabierta\/wp-json\/wp\/v2\/comments?post=7437"}],"version-history":[{"count":2,"href":"https:\/\/blogs.uned.es\/bibliounedabierta\/wp-json\/wp\/v2\/pages\/7437\/revisions"}],"predecessor-version":[{"id":7449,"href":"https:\/\/blogs.uned.es\/bibliounedabierta\/wp-json\/wp\/v2\/pages\/7437\/revisions\/7449"}],"wp:attachment":[{"href":"https:\/\/blogs.uned.es\/bibliounedabierta\/wp-json\/wp\/v2\/media?parent=7437"}],"curies":[{"name":"wp","href":"https:\/\/api.w.org\/{rel}","templated":true}]}}