{"id":360,"date":"2013-12-11T14:44:00","date_gmt":"2013-12-11T14:44:00","guid":{"rendered":"https:\/\/marcapaginasuned.wordpress.com\/?page_id=360"},"modified":"2013-12-11T14:44:00","modified_gmt":"2013-12-11T14:44:00","slug":"publica-en-el-marcapaginas","status":"publish","type":"page","link":"https:\/\/blogs.uned.es\/bibliounedabierta\/publica-en-el-marcapaginas\/","title":{"rendered":"Publica en El Marcap\u00e1ginas"},"content":{"rendered":"<p><i><img fetchpriority=\"high\" decoding=\"async\" class=\"size-medium wp-image-385 alignleft\" src=\"https:\/\/marcapaginasuned.files.wordpress.com\/2013\/12\/47edd-woman-writerconfiltrocc3a1lido.jpg?w=300\" alt=\"\" width=\"300\" height=\"235\" \/>El marcap\u00e1ginas<\/i> es un blog de animaci\u00f3n a la lectura mantenido por el Servicio de Entornos Virtuales, Marketing y Comunicaci\u00f3n de la <a href=\"http:\/\/portal.uned.es\/portal\/page?_pageid=93,505432&amp;_dad=portal&amp;_schema=PORTAL\" target=\"_blank\" rel=\"noopener\">Biblioteca UNED<\/a>. Abierto a la colaboraci\u00f3n de la comunidad universitaria, es un espacio en el que compartir lecturas y reflexiones, descubrir nuevos autores o regresar a los viejos conocidos y explorar las joyas ocultas que albergan nuestras estanter\u00edas.<\/p>\n<p><i>El marcap\u00e1ginas<\/i> quiere dar la oportunidad a todos sus lectores de convertirse en cr\u00edticos literarios. Todos aquellos que no s\u00f3lo quieran leer, sino tambi\u00e9n escribir, pueden enviar su propuesta a leirefrisuelos@pas.uned.es.\u00a0 Se recomienda que la rese\u00f1a posea entre 300 y 500 palabras y que hable de cualquier libro publicado por una editorial comercial. El texto ser\u00e1 revisado por los responsables de <i>El marcap\u00e1ginas<\/i>, quienes se pondr\u00e1n en contacto con el autor.<br \/>\nEsperamos que el viaje sea de vuestro agrado.<\/p>\n","protected":false},"excerpt":{"rendered":"<p>El marcap\u00e1ginas es un blog de animaci\u00f3n a la lectura mantenido por el Servicio de Entornos Virtuales, Marketing y Comunicaci\u00f3n de la Biblioteca UNED. Abierto a la colaboraci\u00f3n de la comunidad universitaria, es un espacio en el que compartir lecturas y reflexiones, descubrir nuevos autores o regresar a los viejos conocidos y explorar las joyas [&hellip;]<\/p>\n","protected":false},"author":111,"featured_media":0,"parent":0,"menu_order":0,"comment_status":"closed","ping_status":"closed","template":"","meta":{"site-sidebar-layout":"default","site-content-layout":"","ast-site-content-layout":"default","site-content-style":"default","site-sidebar-style":"default","ast-global-header-display":"","ast-banner-title-visibility":"","ast-main-header-display":"","ast-hfb-above-header-display":"","ast-hfb-below-header-display":"","ast-hfb-mobile-header-display":"","site-post-title":"","ast-breadcrumbs-content":"","ast-featured-img":"","footer-sml-layout":"","ast-disable-related-posts":"","theme-transparent-header-meta":"","adv-header-id-meta":"","stick-header-meta":"","header-above-stick-meta":"","header-main-stick-meta":"","header-below-stick-meta":"","astra-migrate-meta-layouts":"default","ast-page-background-enabled":"default","ast-page-background-meta":{"desktop":{"background-color":"var(--ast-global-color-4)","background-image":"","background-repeat":"repeat","background-position":"center center","background-size":"auto","background-attachment":"scroll","background-type":"","background-media":"","overlay-type":"","overlay-color":"","overlay-opacity":"","overlay-gradient":""},"tablet":{"background-color":"","background-image":"","background-repeat":"repeat","background-position":"center center","background-size":"auto","background-attachment":"scroll","background-type":"","background-media":"","overlay-type":"","overlay-color":"","overlay-opacity":"","overlay-gradient":""},"mobile":{"background-color":"","background-image":"","background-repeat":"repeat","background-position":"center center","background-size":"auto","background-attachment":"scroll","background-type":"","background-media":"","overlay-type":"","overlay-color":"","overlay-opacity":"","overlay-gradient":""}},"ast-content-background-meta":{"desktop":{"background-color":"var(--ast-global-color-5)","background-image":"","background-repeat":"repeat","background-position":"center center","background-size":"auto","background-attachment":"scroll","background-type":"","background-media":"","overlay-type":"","overlay-color":"","overlay-opacity":"","overlay-gradient":""},"tablet":{"background-color":"var(--ast-global-color-5)","background-image":"","background-repeat":"repeat","background-position":"center center","background-size":"auto","background-attachment":"scroll","background-type":"","background-media":"","overlay-type":"","overlay-color":"","overlay-opacity":"","overlay-gradient":""},"mobile":{"background-color":"var(--ast-global-color-5)","background-image":"","background-repeat":"repeat","background-position":"center center","background-size":"auto","background-attachment":"scroll","background-type":"","background-media":"","overlay-type":"","overlay-color":"","overlay-opacity":"","overlay-gradient":""}},"footnotes":""},"class_list":["post-360","page","type-page","status-publish","hentry"],"_links":{"self":[{"href":"https:\/\/blogs.uned.es\/bibliounedabierta\/wp-json\/wp\/v2\/pages\/360","targetHints":{"allow":["GET"]}}],"collection":[{"href":"https:\/\/blogs.uned.es\/bibliounedabierta\/wp-json\/wp\/v2\/pages"}],"about":[{"href":"https:\/\/blogs.uned.es\/bibliounedabierta\/wp-json\/wp\/v2\/types\/page"}],"author":[{"embeddable":true,"href":"https:\/\/blogs.uned.es\/bibliounedabierta\/wp-json\/wp\/v2\/users\/111"}],"replies":[{"embeddable":true,"href":"https:\/\/blogs.uned.es\/bibliounedabierta\/wp-json\/wp\/v2\/comments?post=360"}],"version-history":[{"count":0,"href":"https:\/\/blogs.uned.es\/bibliounedabierta\/wp-json\/wp\/v2\/pages\/360\/revisions"}],"wp:attachment":[{"href":"https:\/\/blogs.uned.es\/bibliounedabierta\/wp-json\/wp\/v2\/media?parent=360"}],"curies":[{"name":"wp","href":"https:\/\/api.w.org\/{rel}","templated":true}]}}