{"id":1911,"date":"2023-10-03T13:19:53","date_gmt":"2023-10-03T11:19:53","guid":{"rendered":"https:\/\/blogs.uned.es\/arena\/?page_id=1911"},"modified":"2025-10-23T17:56:12","modified_gmt":"2025-10-23T15:56:12","slug":"vi-seminario-arena-2023-2","status":"publish","type":"page","link":"https:\/\/blogs.uned.es\/arena\/vi-seminario-arena-2023-2\/","title":{"rendered":"Seminarios del grupo ARENA"},"content":{"rendered":"\t\t<div data-elementor-type=\"wp-page\" data-elementor-id=\"1911\" class=\"elementor elementor-1911\">\n\t\t\t\t\t\t<section class=\"elementor-section elementor-top-section elementor-element elementor-element-31f7da4 elementor-section-boxed elementor-section-height-default elementor-section-height-default\" data-id=\"31f7da4\" data-element_type=\"section\" data-e-type=\"section\">\n\t\t\t\t\t\t<div class=\"elementor-container elementor-column-gap-default\">\n\t\t\t\t\t<div class=\"elementor-column elementor-col-100 elementor-top-column elementor-element elementor-element-fcdec33\" data-id=\"fcdec33\" data-element_type=\"column\" data-e-type=\"column\">\n\t\t\t<div class=\"elementor-widget-wrap elementor-element-populated\">\n\t\t\t\t\t\t<div class=\"elementor-element elementor-element-af1498f elementor-widget elementor-widget-text-editor\" data-id=\"af1498f\" data-element_type=\"widget\" data-e-type=\"widget\" data-widget_type=\"text-editor.default\">\n\t\t\t\t<div class=\"elementor-widget-container\">\n\t\t\t\t\t\t\t\t\t<ul class=\"vinetas3\"><li><a href=\"https:\/\/canal.uned.es\/series\/5a6f8ebeb1111ff9028b4569\">Seminario Cero del Grupo de Innovaci\u00f3n Docente ARENA. Accesibilidad y traducci\u00f3n audiovisual<\/a><\/li><li><a href=\"https:\/\/canal.uned.es\/series\/5badc825b1111f0f0d8b456a\">I Seminario del Grupo de Innovaci\u00f3n Docente ARENA. Accesibilidad audiovisual: perspectiva acad\u00e9mica y profesional<\/a><\/li><li><a href=\"https:\/\/canal.uned.es\/series\/5d773e01a3eeb0a97e8b4569\">II Seminario del Grupo de Innovaci\u00f3n Docente ARENA. La Integraci\u00f3n de la Traducci\u00f3n Audiovisual en el Proceso Creativo de las Obras Audiovisuales<\/a><\/li><li><a href=\"https:\/\/canal.uned.es\/series\/5f718dae5578f2065732e373\">III Seminario del Grupo de Innovaci\u00f3n Docente ARENA. Accesibilidad y traducci\u00f3n audiovisual: investigaci\u00f3n, aplicaciones y tecnolog\u00eda<\/a><\/li><li><a href=\"https:\/\/canal.uned.es\/series\/615419a7b609237a1a2f38a5\">IV Seminario del Grupo de Innovaci\u00f3n Docente ARENA. Cruce de miradas en la traducci\u00f3n audiovisual y accesibilidad: did\u00e1ctica, intertextualidad, g\u00e9nero y artes esc\u00e9nicas<\/a><\/li><li><a href=\"https:\/\/canal.uned.es\/series\/6322fff56f3c0008bb1bb804\">V Seminario del Grupo de Innovaci\u00f3n Docente ARENA: Traducci\u00f3n y accesibilidad audiovisual: did\u00e1ctica e innovaci\u00f3n<\/a><\/li><li><a href=\"https:\/\/canal.uned.es\/series\/65126dd032e2ca4f805f1ec7\">VI Seminario del Grupo de Innovaci\u00f3n Docente ARENA: Traducci\u00f3n Audiovisual Did\u00e1ctica, G\u00e9nero e Identidad<\/a><\/li><li><a href=\"https:\/\/canal.uned.es\/series\/671b37e9f315c5692907ad93\">VII Seminario del Grupo de Innovaci\u00f3n Docente ARENA: La traducci\u00f3n audiovisual did\u00e1ctica (TAD): pasado, presente y futuro<\/a><\/li><li><a href=\"https:\/\/canal.uned.es\/series\/68f7e7e8426afda72c09fe83\" target=\"_blank\" rel=\"noopener\">VIII Seminario del Grupo de Innovaci\u00f3n Docente ARENA \u00bfQu\u00e9 sabemos de la traducci\u00f3n audiovisual (TAV) y de la accesibilidad? Propuesta para una puesta al d\u00eda<\/a><\/li><\/ul>\t\t\t\t\t\t\t\t<\/div>\n\t\t\t\t<\/div>\n\t\t\t\t\t<\/div>\n\t\t<\/div>\n\t\t\t\t\t<\/div>\n\t\t<\/section>\n\t\t\t\t<\/div>\n\t\t","protected":false},"excerpt":{"rendered":"<p>Seminario Cero del Grupo de Innovaci\u00f3n Docente ARENA. Accesibilidad y traducci\u00f3n audiovisual I Seminario del Grupo de Innovaci\u00f3n Docente ARENA. Accesibilidad audiovisual: perspectiva acad\u00e9mica y profesional II Seminario del Grupo de Innovaci\u00f3n Docente ARENA. La Integraci\u00f3n de la Traducci\u00f3n Audiovisual en el Proceso Creativo de las Obras Audiovisuales III Seminario del Grupo de Innovaci\u00f3n Docente ARENA. Accesibilidad y traducci\u00f3n audiovisual: investigaci\u00f3n, aplicaciones y tecnolog\u00eda IV Seminario del Grupo de Innovaci\u00f3n Docente ARENA. Cruce de miradas en la traducci\u00f3n audiovisual y accesibilidad: did\u00e1ctica, intertextualidad, g\u00e9nero y artes esc\u00e9nicas V Seminario del Grupo de Innovaci\u00f3n Docente ARENA: Traducci\u00f3n y accesibilidad audiovisual: did\u00e1ctica e innovaci\u00f3n VI Seminario del Grupo de Innovaci\u00f3n Docente ARENA: Traducci\u00f3n Audiovisual Did\u00e1ctica, G\u00e9nero e Identidad VII Seminario del Grupo de Innovaci\u00f3n Docente ARENA: La traducci\u00f3n audiovisual did\u00e1ctica (TAD): pasado, presente y futuro VIII Seminario del Grupo de Innovaci\u00f3n Docente ARENA \u00bfQu\u00e9 sabemos de la traducci\u00f3n audiovisual (TAV) y de&hellip;<\/p>\n<p> <a class=\"more-link\" href=\"https:\/\/blogs.uned.es\/arena\/vi-seminario-arena-2023-2\/\">Leer m\u00e1s<\/a><\/p>\n","protected":false},"author":7211,"featured_media":0,"parent":0,"menu_order":0,"comment_status":"closed","ping_status":"closed","template":"","meta":{"footnotes":""},"class_list":["post-1911","page","type-page","status-publish"],"_links":{"self":[{"href":"https:\/\/blogs.uned.es\/arena\/wp-json\/wp\/v2\/pages\/1911","targetHints":{"allow":["GET"]}}],"collection":[{"href":"https:\/\/blogs.uned.es\/arena\/wp-json\/wp\/v2\/pages"}],"about":[{"href":"https:\/\/blogs.uned.es\/arena\/wp-json\/wp\/v2\/types\/page"}],"author":[{"embeddable":true,"href":"https:\/\/blogs.uned.es\/arena\/wp-json\/wp\/v2\/users\/7211"}],"replies":[{"embeddable":true,"href":"https:\/\/blogs.uned.es\/arena\/wp-json\/wp\/v2\/comments?post=1911"}],"version-history":[{"count":73,"href":"https:\/\/blogs.uned.es\/arena\/wp-json\/wp\/v2\/pages\/1911\/revisions"}],"predecessor-version":[{"id":4375,"href":"https:\/\/blogs.uned.es\/arena\/wp-json\/wp\/v2\/pages\/1911\/revisions\/4375"}],"wp:attachment":[{"href":"https:\/\/blogs.uned.es\/arena\/wp-json\/wp\/v2\/media?parent=1911"}],"curies":[{"name":"wp","href":"https:\/\/api.w.org\/{rel}","templated":true}]}}