{"id":1603,"date":"2023-04-24T19:15:35","date_gmt":"2023-04-24T17:15:35","guid":{"rendered":"https:\/\/blogs.uned.es\/arena\/?page_id=1603"},"modified":"2023-04-24T19:25:51","modified_gmt":"2023-04-24T17:25:51","slug":"proyecto-adas-audiodescripcion-en-la-didactica-de-lenguasproyecto-adas","status":"publish","type":"page","link":"https:\/\/blogs.uned.es\/arena\/proyecto-adas-audiodescripcion-en-la-didactica-de-lenguasproyecto-adas\/","title":{"rendered":"Proyecto ADAS: Audiodescripci\u00f3n en la Did\u00e1ctica de lenguas"},"content":{"rendered":"\t\t<div data-elementor-type=\"wp-page\" data-elementor-id=\"1603\" class=\"elementor elementor-1603\">\n\t\t\t\t\t\t<section class=\"elementor-section elementor-top-section elementor-element elementor-element-2a7e782 elementor-section-boxed elementor-section-height-default elementor-section-height-default\" data-id=\"2a7e782\" data-element_type=\"section\" data-e-type=\"section\">\n\t\t\t\t\t\t<div class=\"elementor-container elementor-column-gap-default\">\n\t\t\t\t\t<div class=\"elementor-column elementor-col-50 elementor-top-column elementor-element elementor-element-6aa7a26\" data-id=\"6aa7a26\" data-element_type=\"column\" data-e-type=\"column\">\n\t\t\t<div class=\"elementor-widget-wrap elementor-element-populated\">\n\t\t\t\t\t\t<div class=\"elementor-element elementor-element-8c72fd1 elementor-widget elementor-widget-heading\" data-id=\"8c72fd1\" data-element_type=\"widget\" data-e-type=\"widget\" data-widget_type=\"heading.default\">\n\t\t\t\t<div class=\"elementor-widget-container\">\n\t\t\t\t\t<h2 class=\"elementor-heading-title elementor-size-default\">A la vanguardia educativa<\/h2>\t\t\t\t<\/div>\n\t\t\t\t<\/div>\n\t\t\t\t<div class=\"elementor-element elementor-element-0e0eb2e elementor-widget elementor-widget-text-editor\" data-id=\"0e0eb2e\" data-element_type=\"widget\" data-e-type=\"widget\" data-widget_type=\"text-editor.default\">\n\t\t\t\t<div class=\"elementor-widget-container\">\n\t\t\t\t\t\t\t\t\t<p>El proyecto ADAS (Audiodescripci\u00f3n en la Did\u00e1ctica de lenguas) es un proyecto de investigaci\u00f3n llevado a cabo en la UNED (GID-ARENA) con el objetivo de investigar el uso de la Audiodescripci\u00f3n\u00a0 (AD) como recurso did\u00e1ctico para el aprendizaje del idioma ingl\u00e9s en un entorno virtual.<\/p><p>El proyecto tiene como objetivo principal investigar si la Audiodescripci\u00f3n es un recurso eficaz para mejorar las habilidades ling\u00fc\u00edsticas de los estudiantes de ingl\u00e9s y si puede ser utilizada como un recurso did\u00e1ctico efectivo en la ense\u00f1anza de idiomas en entornos virtuales.<\/p><p>En el proyecto se utiliz\u00f3 el test ITIS (Couto-Cantero et al., 2022) y el test FITIS para medir las habilidades ling\u00fc\u00edsticas de los estudiantes en ingl\u00e9s antes y despu\u00e9s de la intervenci\u00f3n. La intervenci\u00f3n se bas\u00f3 en 6 lesson plans de contenido social, basados en la metodolog\u00eda de Talav\u00e1n y Lertola (2022), en los que los estudiantes deb\u00edan producir versiones audiodescritas de una serie de clips contextualizados en dichas lecciones.<\/p>\t\t\t\t\t\t\t\t<\/div>\n\t\t\t\t<\/div>\n\t\t\t\t\t<\/div>\n\t\t<\/div>\n\t\t\t\t<div class=\"elementor-column elementor-col-50 elementor-top-column elementor-element elementor-element-0526828\" data-id=\"0526828\" data-element_type=\"column\" data-e-type=\"column\">\n\t\t\t<div class=\"elementor-widget-wrap elementor-element-populated\">\n\t\t\t\t\t\t<div class=\"elementor-element elementor-element-68ca265 elementor-widget elementor-widget-video\" data-id=\"68ca265\" data-element_type=\"widget\" data-e-type=\"widget\" data-settings=\"{&quot;youtube_url&quot;:&quot;https:\\\/\\\/youtu.be\\\/SqDr6lSlgdM&quot;,&quot;video_type&quot;:&quot;youtube&quot;,&quot;controls&quot;:&quot;yes&quot;}\" data-widget_type=\"video.default\">\n\t\t\t\t<div class=\"elementor-widget-container\">\n\t\t\t\t\t\t\t<div class=\"elementor-wrapper elementor-open-inline\">\n\t\t\t<div class=\"elementor-video\"><\/div>\t\t<\/div>\n\t\t\t\t\t\t<\/div>\n\t\t\t\t<\/div>\n\t\t\t\t<div class=\"elementor-element elementor-element-d6bc77c elementor-widget elementor-widget-testimonial\" data-id=\"d6bc77c\" data-element_type=\"widget\" data-e-type=\"widget\" data-widget_type=\"testimonial.default\">\n\t\t\t\t<div class=\"elementor-widget-container\">\n\t\t\t\t\t\t\t<div class=\"elementor-testimonial-wrapper\">\n\t\t\t\t\t\t\t<div class=\"elementor-testimonial-content\">\"El curso me ha gustado mucho y ahora me encantar\u00eda poder aprender m\u00e1s sobre la audiodescripci\u00f3n y el doblaje. He descubierto un campo totalmente nuevo para mi que me apasiona. Estoy muy agradecida por la oportunidad porque no veo como podr\u00eda haberlo descubierto de no ser por este curso\".<\/div>\n\t\t\t\n\t\t\t\t\t\t<div class=\"elementor-testimonial-meta elementor-has-image elementor-testimonial-image-position-aside\">\n\t\t\t\t<div class=\"elementor-testimonial-meta-inner\">\n\t\t\t\t\t\t\t\t\t\t\t<div class=\"elementor-testimonial-image\">\n\t\t\t\t\t\t\t<img fetchpriority=\"high\" decoding=\"async\" width=\"1300\" height=\"1300\" src=\"https:\/\/blogs.uned.es\/arena\/wp-content\/uploads\/sites\/211\/2021\/06\/ARENALOGO.png\" class=\"attachment-full size-full wp-image-785\" alt=\"\" \/>\t\t\t\t\t\t<\/div>\n\t\t\t\t\t\n\t\t\t\t\t\t\t\t\t\t<div class=\"elementor-testimonial-details\">\n\t\t\t\t\t\t\t\t\t\t\t\t\t\t<div class=\"elementor-testimonial-name\">Participante ADAS<\/div>\n\t\t\t\t\t\t\t\t\t\t\t\t\t\t\t\t\t\t\t\t\t\t<div class=\"elementor-testimonial-job\">Testimonios de nuestro alumnado<\/div>\n\t\t\t\t\t\t\t\t\t\t\t\t\t<\/div>\n\t\t\t\t\t\t\t\t\t<\/div>\n\t\t\t<\/div>\n\t\t\t\t\t<\/div>\n\t\t\t\t\t\t<\/div>\n\t\t\t\t<\/div>\n\t\t\t\t\t<\/div>\n\t\t<\/div>\n\t\t\t\t\t<\/div>\n\t\t<\/section>\n\t\t\t\t<section class=\"elementor-section elementor-top-section elementor-element elementor-element-16112be elementor-section-boxed elementor-section-height-default elementor-section-height-default\" data-id=\"16112be\" data-element_type=\"section\" data-e-type=\"section\">\n\t\t\t\t\t\t<div class=\"elementor-container elementor-column-gap-default\">\n\t\t\t\t\t<div class=\"elementor-column elementor-col-100 elementor-top-column elementor-element elementor-element-9399519\" data-id=\"9399519\" data-element_type=\"column\" data-e-type=\"column\">\n\t\t\t<div class=\"elementor-widget-wrap elementor-element-populated\">\n\t\t\t\t\t\t<div class=\"elementor-element elementor-element-b8aa761 elementor-widget elementor-widget-heading\" data-id=\"b8aa761\" data-element_type=\"widget\" data-e-type=\"widget\" data-widget_type=\"heading.default\">\n\t\t\t\t<div class=\"elementor-widget-container\">\n\t\t\t\t\t<h2 class=\"elementor-heading-title elementor-size-default\">Secuencia did\u00e1ctica<\/h2>\t\t\t\t<\/div>\n\t\t\t\t<\/div>\n\t\t\t\t\t<\/div>\n\t\t<\/div>\n\t\t\t\t\t<\/div>\n\t\t<\/section>\n\t\t\t\t<section class=\"elementor-section elementor-top-section elementor-element elementor-element-45f3c3d elementor-section-boxed elementor-section-height-default elementor-section-height-default\" data-id=\"45f3c3d\" data-element_type=\"section\" data-e-type=\"section\">\n\t\t\t\t\t\t<div class=\"elementor-container elementor-column-gap-default\">\n\t\t\t\t\t<div class=\"elementor-column elementor-col-100 elementor-top-column elementor-element elementor-element-3d657cb\" data-id=\"3d657cb\" data-element_type=\"column\" data-e-type=\"column\">\n\t\t\t<div class=\"elementor-widget-wrap elementor-element-populated\">\n\t\t\t\t\t\t<div class=\"elementor-element elementor-element-4f038d4 elementor-widget elementor-widget-toggle\" data-id=\"4f038d4\" data-element_type=\"widget\" data-e-type=\"widget\" data-widget_type=\"toggle.default\">\n\t\t\t\t<div class=\"elementor-widget-container\">\n\t\t\t\t\t\t\t<div class=\"elementor-toggle\">\n\t\t\t\t\t\t\t<div class=\"elementor-toggle-item\">\n\t\t\t\t\t<div id=\"elementor-tab-title-8281\" class=\"elementor-tab-title\" data-tab=\"1\" role=\"button\" aria-controls=\"elementor-tab-content-8281\" aria-expanded=\"false\">\n\t\t\t\t\t\t\t\t\t\t\t\t<span class=\"elementor-toggle-icon elementor-toggle-icon-left\" aria-hidden=\"true\">\n\t\t\t\t\t\t\t\t\t\t\t\t\t\t\t<span class=\"elementor-toggle-icon-closed\"><i class=\"fas fa-caret-right\"><\/i><\/span>\n\t\t\t\t\t\t\t\t<span class=\"elementor-toggle-icon-opened\"><i class=\"elementor-toggle-icon-opened fas fa-caret-up\"><\/i><\/span>\n\t\t\t\t\t\t\t\t\t\t\t\t\t<\/span>\n\t\t\t\t\t\t\t\t\t\t\t\t<a class=\"elementor-toggle-title\" tabindex=\"0\">Lesson Plan on AD 1: Eggs Change (1 hour)<\/a>\n\t\t\t\t\t<\/div>\n\n\t\t\t\t\t<div id=\"elementor-tab-content-8281\" class=\"elementor-tab-content elementor-clearfix\" data-tab=\"1\" role=\"region\" aria-labelledby=\"elementor-tab-title-8281\"><table><tbody><tr><td><p><b>Lesson number<\/b><\/p><\/td><td><p><span style=\"font-weight: 400\"> LPAD1 B2<\/span><\/p><\/td><\/tr><tr><td><p><b>Video fragment<\/b><\/p><\/td><td><p><span style=\"font-weight: 400\">\u00a0<\/span><a href=\"https:\/\/youtu.be\/B8eBmqNyxBg\"><span style=\"font-weight: 400\">Eggs change\u00a0<\/span><\/a><\/p><\/td><\/tr><tr><td><p><b>Function<\/b><\/p><\/td><td><p><span style=\"font-weight: 400\">\u00a0Imparting and seeking factual information: relaying specific information and reporting actions<\/span><\/p><\/td><\/tr><tr><td><p><b>Didactic AVT mode<\/b><\/p><\/td><td><p><span style=\"font-weight: 400\">AD (no dialogues in the original)<\/span><\/p><\/td><\/tr><tr><td><p><b>Aims of the lesson<\/b><\/p><\/td><td><p><span style=\"font-weight: 400\">To introduce students to the basics of audio description\u00a0<\/span><\/p><br \/><p><span style=\"font-weight: 400\">To practise descriptions and reporting actions<\/span><\/p><\/td><\/tr><\/tbody><\/table><\/div>\n\t\t\t\t<\/div>\n\t\t\t\t\t\t\t<div class=\"elementor-toggle-item\">\n\t\t\t\t\t<div id=\"elementor-tab-title-8282\" class=\"elementor-tab-title\" data-tab=\"2\" role=\"button\" aria-controls=\"elementor-tab-content-8282\" aria-expanded=\"false\">\n\t\t\t\t\t\t\t\t\t\t\t\t<span class=\"elementor-toggle-icon elementor-toggle-icon-left\" aria-hidden=\"true\">\n\t\t\t\t\t\t\t\t\t\t\t\t\t\t\t<span class=\"elementor-toggle-icon-closed\"><i class=\"fas fa-caret-right\"><\/i><\/span>\n\t\t\t\t\t\t\t\t<span class=\"elementor-toggle-icon-opened\"><i class=\"elementor-toggle-icon-opened fas fa-caret-up\"><\/i><\/span>\n\t\t\t\t\t\t\t\t\t\t\t\t\t<\/span>\n\t\t\t\t\t\t\t\t\t\t\t\t<a class=\"elementor-toggle-title\" tabindex=\"0\">Lesson Plan on AD 2:  PIP (1 hour)<\/a>\n\t\t\t\t\t<\/div>\n\n\t\t\t\t\t<div id=\"elementor-tab-content-8282\" class=\"elementor-tab-content elementor-clearfix\" data-tab=\"2\" role=\"region\" aria-labelledby=\"elementor-tab-title-8282\"><table><tbody><tr><td><p><b>Lesson number<\/b><\/p><\/td><td><p><span style=\"font-weight: 400\"> LPAD2 B2<\/span><\/p><\/td><\/tr><tr><td><p><b>Video fragment<\/b><\/p><\/td><td><p><a href=\"https:\/\/youtu.be\/07d2dXHYb94\"><span style=\"font-weight: 400\">PIP\u00a0<\/span><\/a><\/p><\/td><\/tr><tr><td><p><b>Function<\/b><\/p><\/td><td><p><span style=\"font-weight: 400\">Imparting and seeking factual information: describing\u00a0<\/span><\/p><\/td><\/tr><tr><td><p><b>Didactic AVT mode<\/b><\/p><\/td><td><p><span style=\"font-weight: 400\">AD (no dialogues in the original)<\/span><\/p><\/td><\/tr><tr><td><p><b>Aims of the lesson<\/b><\/p><\/td><td><p><span style=\"font-weight: 400\">To practise narrations and descriptions<\/span><\/p><p><span style=\"font-weight: 400\">To practise narrations and descriptions<\/span><\/p><p><span style=\"font-weight: 400\">To write short stories<\/span><\/p><\/td><\/tr><\/tbody><\/table><\/div>\n\t\t\t\t<\/div>\n\t\t\t\t\t\t\t<div class=\"elementor-toggle-item\">\n\t\t\t\t\t<div id=\"elementor-tab-title-8283\" class=\"elementor-tab-title\" data-tab=\"3\" role=\"button\" aria-controls=\"elementor-tab-content-8283\" aria-expanded=\"false\">\n\t\t\t\t\t\t\t\t\t\t\t\t<span class=\"elementor-toggle-icon elementor-toggle-icon-left\" aria-hidden=\"true\">\n\t\t\t\t\t\t\t\t\t\t\t\t\t\t\t<span class=\"elementor-toggle-icon-closed\"><i class=\"fas fa-caret-right\"><\/i><\/span>\n\t\t\t\t\t\t\t\t<span class=\"elementor-toggle-icon-opened\"><i class=\"elementor-toggle-icon-opened fas fa-caret-up\"><\/i><\/span>\n\t\t\t\t\t\t\t\t\t\t\t\t\t<\/span>\n\t\t\t\t\t\t\t\t\t\t\t\t<a class=\"elementor-toggle-title\" tabindex=\"0\">Lesson Plan on AD 3: Too Quick To Judge (1 hour)<\/a>\n\t\t\t\t\t<\/div>\n\n\t\t\t\t\t<div id=\"elementor-tab-content-8283\" class=\"elementor-tab-content elementor-clearfix\" data-tab=\"3\" role=\"region\" aria-labelledby=\"elementor-tab-title-8283\"><table><tbody><tr><td><p><b>Lesson number<\/b><\/p><\/td><td><p><span style=\"font-weight: 400\"> LPAD3 B2<\/span><\/p><\/td><\/tr><tr><td><p><b>Video fragment<\/b><\/p><\/td><td><p><span style=\"font-weight: 400\">\u00a0<\/span><a href=\"https:\/\/youtu.be\/Fzn_AKN67oI\"><span style=\"font-weight: 400\">Too Quick to Judge (Touching Short-Film)<\/span><\/a><\/p><\/td><\/tr><tr><td><p><b>Function<\/b><\/p><\/td><td><p><span style=\"font-weight: 400\">Expressing and finding out attitudes: emotions (disappointment)<\/span><\/p><\/td><\/tr><tr><td><p><b>Didactic AVT mode<\/b><\/p><\/td><td><p><span style=\"font-weight: 400\">AD (a few dialogues in the original)<\/span><\/p><\/td><\/tr><tr><td><p><b>Aims of the lesson<\/b><\/p><\/td><td><p><span style=\"font-weight: 400\">To learn to describe emotions<\/span><\/p><p><span style=\"font-weight: 400\">To review physical descriptions descriptions\u00a0<\/span><\/p><\/td><\/tr><\/tbody><\/table><\/div>\n\t\t\t\t<\/div>\n\t\t\t\t\t\t\t<div class=\"elementor-toggle-item\">\n\t\t\t\t\t<div id=\"elementor-tab-title-8284\" class=\"elementor-tab-title\" data-tab=\"4\" role=\"button\" aria-controls=\"elementor-tab-content-8284\" aria-expanded=\"false\">\n\t\t\t\t\t\t\t\t\t\t\t\t<span class=\"elementor-toggle-icon elementor-toggle-icon-left\" aria-hidden=\"true\">\n\t\t\t\t\t\t\t\t\t\t\t\t\t\t\t<span class=\"elementor-toggle-icon-closed\"><i class=\"fas fa-caret-right\"><\/i><\/span>\n\t\t\t\t\t\t\t\t<span class=\"elementor-toggle-icon-opened\"><i class=\"elementor-toggle-icon-opened fas fa-caret-up\"><\/i><\/span>\n\t\t\t\t\t\t\t\t\t\t\t\t\t<\/span>\n\t\t\t\t\t\t\t\t\t\t\t\t<a class=\"elementor-toggle-title\" tabindex=\"0\">Lesson Plan on AD 4: The Choice  (1 hour)<\/a>\n\t\t\t\t\t<\/div>\n\n\t\t\t\t\t<div id=\"elementor-tab-content-8284\" class=\"elementor-tab-content elementor-clearfix\" data-tab=\"4\" role=\"region\" aria-labelledby=\"elementor-tab-title-8284\"><table><tbody><tr><td><p><b>Lesson number<\/b><\/p><\/td><td><p><span style=\"font-weight: 400\"> LPAD4 B2<\/span><\/p><\/td><\/tr><tr><td><p><b>Video fragment<\/b><\/p><\/td><td><p><a href=\"https:\/\/www.youtube.com\/embed\/qr_G4mCUSJ0?feature=oembed\"><span style=\"font-weight: 400\">The Choice<\/span><\/a><\/p><\/td><\/tr><tr><td><p><b>Function<\/b><\/p><\/td><td><p><span style=\"font-weight: 400\">Expressing and finding out attitudes: knowledge<\/span><\/p><\/td><\/tr><tr><td><p><b>Didactic AVT mode<\/b><\/p><\/td><td><p><span style=\"font-weight: 400\">AD \u2013 creative (dialogues in the original)<\/span><\/p><\/td><\/tr><tr><td><p><b>Aims of the lesson<\/b><\/p><\/td><td><p><span style=\"font-weight: 400\">To write a creative AD\u00a0<\/span><\/p><p><span style=\"font-weight: 400\">To distinguish between providing objective\/subjective information<\/span><\/p><\/td><\/tr><\/tbody><\/table><\/div>\n\t\t\t\t<\/div>\n\t\t\t\t\t\t\t<div class=\"elementor-toggle-item\">\n\t\t\t\t\t<div id=\"elementor-tab-title-8285\" class=\"elementor-tab-title\" data-tab=\"5\" role=\"button\" aria-controls=\"elementor-tab-content-8285\" aria-expanded=\"false\">\n\t\t\t\t\t\t\t\t\t\t\t\t<span class=\"elementor-toggle-icon elementor-toggle-icon-left\" aria-hidden=\"true\">\n\t\t\t\t\t\t\t\t\t\t\t\t\t\t\t<span class=\"elementor-toggle-icon-closed\"><i class=\"fas fa-caret-right\"><\/i><\/span>\n\t\t\t\t\t\t\t\t<span class=\"elementor-toggle-icon-opened\"><i class=\"elementor-toggle-icon-opened fas fa-caret-up\"><\/i><\/span>\n\t\t\t\t\t\t\t\t\t\t\t\t\t<\/span>\n\t\t\t\t\t\t\t\t\t\t\t\t<a class=\"elementor-toggle-title\" tabindex=\"0\">Lesson Plan on AD 5: Blind Devotion (1 hour)<\/a>\n\t\t\t\t\t<\/div>\n\n\t\t\t\t\t<div id=\"elementor-tab-content-8285\" class=\"elementor-tab-content elementor-clearfix\" data-tab=\"5\" role=\"region\" aria-labelledby=\"elementor-tab-title-8285\"><table><tbody><tr><td><p><b>Lesson number<\/b><\/p><\/td><td><p><span style=\"font-weight: 400\"> \u00a0LPDA5 B2<\/span><\/p><\/td><\/tr><tr><td><p><b>Video fragment<\/b><\/p><\/td><td><p><a href=\"https:\/\/www.youtube.com\/watch?v=_99ySDoC1fw\"><span style=\"font-weight: 400\">Blind Devotion | Jubilee Media Short Film &#8211; YouTube<\/span><\/a><\/p><\/td><\/tr><tr><td><p><b>Function<\/b><\/p><\/td><td><p><span style=\"font-weight: 400\">Imparting and seeking factual information: reporting<\/span><\/p><\/td><\/tr><tr><td><p><b>Didactic AVT mode<\/b><\/p><\/td><td><p><span style=\"font-weight: 400\">AD (dialogues in the original)<\/span><\/p><\/td><\/tr><tr><td><p><b>Aims of the lesson<\/b><\/p><\/td><td><p><span style=\"font-weight: 400\">To review descriptions about feelings and emotions<\/span><\/p><p><span style=\"font-weight: 400\">To practise descriptions about routines<\/span><\/p><\/td><\/tr><\/tbody><\/table><\/div>\n\t\t\t\t<\/div>\n\t\t\t\t\t\t\t<div class=\"elementor-toggle-item\">\n\t\t\t\t\t<div id=\"elementor-tab-title-8286\" class=\"elementor-tab-title\" data-tab=\"6\" role=\"button\" aria-controls=\"elementor-tab-content-8286\" aria-expanded=\"false\">\n\t\t\t\t\t\t\t\t\t\t\t\t<span class=\"elementor-toggle-icon elementor-toggle-icon-left\" aria-hidden=\"true\">\n\t\t\t\t\t\t\t\t\t\t\t\t\t\t\t<span class=\"elementor-toggle-icon-closed\"><i class=\"fas fa-caret-right\"><\/i><\/span>\n\t\t\t\t\t\t\t\t<span class=\"elementor-toggle-icon-opened\"><i class=\"elementor-toggle-icon-opened fas fa-caret-up\"><\/i><\/span>\n\t\t\t\t\t\t\t\t\t\t\t\t\t<\/span>\n\t\t\t\t\t\t\t\t\t\t\t\t<a class=\"elementor-toggle-title\" tabindex=\"0\">Lesson Plan on AD 6: Partly Cloudy (1 hour)<\/a>\n\t\t\t\t\t<\/div>\n\n\t\t\t\t\t<div id=\"elementor-tab-content-8286\" class=\"elementor-tab-content elementor-clearfix\" data-tab=\"6\" role=\"region\" aria-labelledby=\"elementor-tab-title-8286\"><table><tbody><tr><td><p><b>Lesson number<\/b><\/p><\/td><td><p><span style=\"font-weight: 400\">\u00a0LPAD6 B2<\/span><\/p><\/td><\/tr><tr><td><p><b>Video fragment<\/b><\/p><\/td><td><p><a href=\"https:\/\/www.youtube.com\/watch?v=h1cFYctfO7s\"><span style=\"font-weight: 400\">Partly cloudy<\/span><\/a><\/p><\/td><\/tr><tr><td><p><b>Function<\/b><\/p><\/td><td><p><span style=\"font-weight: 400\">Imparting and seeking factual information: narrating<\/span><\/p><\/td><\/tr><tr><td><p><b>Didactic AVT mode<\/b><\/p><\/td><td><p><span style=\"font-weight: 400\">AD \u2013 creative (no dialogues in the original)<\/span><\/p><\/td><\/tr><tr><td><p><b>Aims of the lesson<\/b><\/p><\/td><td><p><span style=\"font-weight: 400\">To promote creativity and imagination<\/span><\/p><p><span style=\"font-weight: 400\">To practise idioms related to birth\/animals<\/span><\/p><\/td><\/tr><\/tbody><\/table><\/div>\n\t\t\t\t<\/div>\n\t\t\t\t\t\t\t\t<\/div>\n\t\t\t\t\t\t<\/div>\n\t\t\t\t<\/div>\n\t\t\t\t\t<\/div>\n\t\t<\/div>\n\t\t\t\t\t<\/div>\n\t\t<\/section>\n\t\t\t\t<section class=\"elementor-section elementor-top-section elementor-element elementor-element-31d906f elementor-section-boxed elementor-section-height-default elementor-section-height-default\" data-id=\"31d906f\" data-element_type=\"section\" data-e-type=\"section\">\n\t\t\t\t\t\t<div class=\"elementor-container elementor-column-gap-default\">\n\t\t\t\t\t<div class=\"elementor-column elementor-col-100 elementor-top-column elementor-element elementor-element-f970405\" data-id=\"f970405\" data-element_type=\"column\" data-e-type=\"column\">\n\t\t\t<div class=\"elementor-widget-wrap elementor-element-populated\">\n\t\t\t\t\t\t<div class=\"elementor-element elementor-element-d3577bf elementor-widget elementor-widget-heading\" data-id=\"d3577bf\" data-element_type=\"widget\" data-e-type=\"widget\" data-widget_type=\"heading.default\">\n\t\t\t\t<div class=\"elementor-widget-container\">\n\t\t\t\t\t<h2 class=\"elementor-heading-title elementor-size-default\">Difusi\u00f3n y transferencia<\/h2>\t\t\t\t<\/div>\n\t\t\t\t<\/div>\n\t\t\t\t<div class=\"elementor-element elementor-element-255b5b7 elementor-widget elementor-widget-text-editor\" data-id=\"255b5b7\" data-element_type=\"widget\" data-e-type=\"widget\" data-widget_type=\"text-editor.default\">\n\t\t\t\t<div class=\"elementor-widget-container\">\n\t\t\t\t\t\t\t\t\t<p>Conferencia de la Dra. Mar\u00eda del Mar Ogea Pozo sobre AD y experiencias de transferencia sobre ADAS en el <a href=\"https:\/\/canal.uned.es\/series\/642737343056d546b33c8d28\">Seminario sobre Traducci\u00f3n Audiovisual Did\u00e1ctica e Inclusi\u00f3n Educativa: Construyendo un Aula de Idiomas Multimodal e Inclusiva (Humanidades a Corta Distancia: Centro Asociado de C\u00f3rdoba)<\/a><\/p>\t\t\t\t\t\t\t\t<\/div>\n\t\t\t\t<\/div>\n\t\t\t\t<div class=\"elementor-element elementor-element-d27692a elementor-widget elementor-widget-heading\" data-id=\"d27692a\" data-element_type=\"widget\" data-e-type=\"widget\" data-widget_type=\"heading.default\">\n\t\t\t\t<div class=\"elementor-widget-container\">\n\t\t\t\t\t<h2 class=\"elementor-heading-title elementor-size-default\">Publicaciones derivadas<\/h2>\t\t\t\t<\/div>\n\t\t\t\t<\/div>\n\t\t\t\t<div class=\"elementor-element elementor-element-cd42a02 elementor-widget elementor-widget-text-editor\" data-id=\"cd42a02\" data-element_type=\"widget\" data-e-type=\"widget\" data-widget_type=\"text-editor.default\">\n\t\t\t\t<div class=\"elementor-widget-container\">\n\t\t\t\t\t\t\t\t\t<p>Ogea Pozo, M. del M. (2022). EN LA PIEL DE LOS ESPECTADORES CON DISCAPACIDAD VISUAL. UN EXPERIMENTO DID\u00c1CTICO PARA MEJORAR LAS COMPETENCIAS EN TRADUCCI\u00d3N AUDIOVISUAL, AUDIODESCRIPCI\u00d3N E INGL\u00c9S.\u00a0<i>International Journal for 21st Century Education<\/i>,\u00a0<i>9<\/i>(1). https:\/\/doi.org\/10.21071\/ij21ce.v9i1.15169<\/p>\t\t\t\t\t\t\t\t<\/div>\n\t\t\t\t<\/div>\n\t\t\t\t\t<\/div>\n\t\t<\/div>\n\t\t\t\t\t<\/div>\n\t\t<\/section>\n\t\t\t\t<\/div>\n\t\t","protected":false},"excerpt":{"rendered":"<p>A la vanguardia educativa El proyecto ADAS (Audiodescripci\u00f3n en la Did\u00e1ctica de lenguas) es un proyecto de investigaci\u00f3n llevado a cabo en la UNED (GID-ARENA) con el objetivo de investigar el uso de la Audiodescripci\u00f3n\u00a0 (AD) como recurso did\u00e1ctico para el aprendizaje del idioma ingl\u00e9s en un entorno virtual. El proyecto tiene como objetivo principal investigar si la Audiodescripci\u00f3n es un recurso eficaz para mejorar las habilidades ling\u00fc\u00edsticas de los estudiantes de ingl\u00e9s y si puede ser utilizada como un recurso did\u00e1ctico efectivo en la ense\u00f1anza de idiomas en entornos virtuales. En el proyecto se utiliz\u00f3 el test ITIS (Couto-Cantero et al., 2022) y el test FITIS para medir las habilidades ling\u00fc\u00edsticas de los estudiantes en ingl\u00e9s antes y despu\u00e9s de la intervenci\u00f3n. La intervenci\u00f3n se bas\u00f3 en 6 lesson plans de contenido social, basados en la metodolog\u00eda de Talav\u00e1n y Lertola (2022), en los que los estudiantes deb\u00edan producir&hellip;<\/p>\n<p> <a class=\"more-link\" href=\"https:\/\/blogs.uned.es\/arena\/proyecto-adas-audiodescripcion-en-la-didactica-de-lenguasproyecto-adas\/\">Leer m\u00e1s<\/a><\/p>\n","protected":false},"author":7211,"featured_media":0,"parent":0,"menu_order":0,"comment_status":"closed","ping_status":"closed","template":"","meta":{"footnotes":""},"class_list":["post-1603","page","type-page","status-publish"],"_links":{"self":[{"href":"https:\/\/blogs.uned.es\/arena\/wp-json\/wp\/v2\/pages\/1603","targetHints":{"allow":["GET"]}}],"collection":[{"href":"https:\/\/blogs.uned.es\/arena\/wp-json\/wp\/v2\/pages"}],"about":[{"href":"https:\/\/blogs.uned.es\/arena\/wp-json\/wp\/v2\/types\/page"}],"author":[{"embeddable":true,"href":"https:\/\/blogs.uned.es\/arena\/wp-json\/wp\/v2\/users\/7211"}],"replies":[{"embeddable":true,"href":"https:\/\/blogs.uned.es\/arena\/wp-json\/wp\/v2\/comments?post=1603"}],"version-history":[{"count":10,"href":"https:\/\/blogs.uned.es\/arena\/wp-json\/wp\/v2\/pages\/1603\/revisions"}],"predecessor-version":[{"id":1627,"href":"https:\/\/blogs.uned.es\/arena\/wp-json\/wp\/v2\/pages\/1603\/revisions\/1627"}],"wp:attachment":[{"href":"https:\/\/blogs.uned.es\/arena\/wp-json\/wp\/v2\/media?parent=1603"}],"curies":[{"name":"wp","href":"https:\/\/api.w.org\/{rel}","templated":true}]}}