{"id":61,"date":"2019-07-29T11:57:46","date_gmt":"2019-07-29T09:57:46","guid":{"rendered":"http:\/\/blogs.uned.es\/aps\/?page_id=61"},"modified":"2019-11-28T11:36:00","modified_gmt":"2019-11-28T10:36:00","slug":"identidad","status":"publish","type":"page","link":"https:\/\/blogs.uned.es\/aps\/identidad\/","title":{"rendered":"Equipo"},"content":{"rendered":"<div id=\"pl-61\"  class=\"panel-layout\" ><div id=\"pg-61-0\"  class=\"panel-grid panel-has-style\" ><div class=\"panel-row-style panel-row-style-for-61-0\" ><div id=\"pgc-61-0-0\"  class=\"panel-grid-cell\" ><div id=\"panel-61-0-0-0\" class=\"so-panel widget widget_sow-editor panel-first-child panel-last-child\" data-index=\"0\" ><div\n\t\t\t\n\t\t\tclass=\"so-widget-sow-editor so-widget-sow-editor-base\"\n\t\t\t\n\t\t>\n<div class=\"siteorigin-widget-tinymce textwidget\">\n\t<p>La UNED, de acuerdo con sus <a href=\"http:\/\/portal.uned.es\/pls\/portal\/docs\/PAGE\/UNED_MAIN\/LAUNIVERSIDAD\/VICERRECTORADOS\/SECRETARIA\/NORMATIVA_OLD\/NORMATIVA%20GENERAL%20UNED\/BOE-A-2011-14987_0.PDF\">Estatutos<\/a> y fiel a su vocaci\u00f3n social y de servicio p\u00fablico ha mostrado un importante compromiso con el desarrollo e implantaci\u00f3n del Aprendizaje-Servicio (APS) en la educaci\u00f3n superior.<\/p>\n<p>En 2017 se firm\u00f3 el <a href=\"https:\/\/www.europapress.es\/madrid\/noticia-ayuntamiento-ocho-universidades-firman-convenio-integra-aprendizaje-servicios-comunidad-20170704144755.html\">Convenio de colaboraci\u00f3n<\/a> con el Ayuntamiento de Madrid para la puesta en marcha de proyectos de APS y se inici\u00f3 el grupo APS de la UNED, participando activamente en las Jornadas de Primavera de aprendizaje-servicio promovidas desde la Alcald\u00eda. \u00a0Adem\u00e1s, tambi\u00e9n en el curso 2017\/18, desde el COIE (UNED) se impuls\u00f3 el grupo de trabajo en APS y diversas acciones dentro del proyecto \u201cPromoci\u00f3n del aprendizaje-servicio en del APS en la UNED\u201d (financiado por el Consejo Social).<\/p>\n<p>En septiembre de 2018 el Rector de la UNED <a href=\"https:\/\/canal.uned.es\/video\/5bb4a14bb1111f73348b4567\">inaugura<\/a> el I Congreso Europeo de APS en la educaci\u00f3n superior organizado por la Universidad Aut\u00f3noma de Madrid, la Universidad Pontificia de Comillas y la UNED.<\/p>\n<\/div>\n<\/div><\/div><\/div><\/div><\/div><div id=\"pg-61-1\"  class=\"panel-grid panel-no-style\" ><div id=\"pgc-61-1-0\"  class=\"panel-grid-cell\" ><div id=\"panel-61-1-0-0\" class=\"so-panel widget widget_sow-editor panel-first-child panel-last-child\" data-index=\"1\" ><div class=\"panel-widget-style panel-widget-style-for-61-1-0-0\" ><div\n\t\t\t\n\t\t\tclass=\"so-widget-sow-editor so-widget-sow-editor-base\"\n\t\t\t\n\t\t><h3 class=\"widget-title\">Visi\u00f3n<\/h3>\n<div class=\"siteorigin-widget-tinymce textwidget\">\n\t<ul>\n<li>Impulsar el proceso de institucionalizaci\u00f3n del aprendizaje-servicio en la actividad docente e investigadora de la UNED;<\/li>\n<li>Realizar actividades de formaci\u00f3n y difusi\u00f3n en la metodolog\u00eda APS dirigida al profesorado y al alumnado de la Universidad;<\/li>\n<li>Conectar los proyectos APS con los Objetivos de Desarrollo Sostenible (ODS);<\/li>\n<li>Establecer sinergias de trabajo positivas entre diversos Vicerectorados, Facultades y Escuelas, as\u00ed como los Centros Asociados y otras administraciones p\u00fablicas para promover el aprendizaje-servicio en la UNED;<\/li>\n<li>Realizar el seguimiento de las Colaboraciones entre organizaciones, administraciones p\u00fablicas y la UNED para el impulso del APS;<\/li>\n<li>Participar y representar institucionalmente\u00a0a la Universidad en redes cient\u00edficas y acad\u00e9micas, congresos y dem\u00e1s eventos que se consideren relevantes en el campo del APS.<\/li>\n<\/ul>\n<\/div>\n<\/div><\/div><\/div><\/div><div id=\"pgc-61-1-1\"  class=\"panel-grid-cell\" ><div id=\"panel-61-1-1-0\" class=\"so-panel widget widget_sow-editor panel-first-child panel-last-child\" data-index=\"2\" ><div class=\"panel-widget-style panel-widget-style-for-61-1-1-0\" ><div\n\t\t\t\n\t\t\tclass=\"so-widget-sow-editor so-widget-sow-editor-base\"\n\t\t\t\n\t\t><h3 class=\"widget-title\">Misi\u00f3n<\/h3>\n<div class=\"siteorigin-widget-tinymce textwidget\">\n\t<ul>\n<li>Impulsar iniciativas innovadoras que faciliten la puesta en marcha de proyectos de APS en la Universidad;<\/li>\n<li>Coordinaci\u00f3n del \u00a0Grupo APS en la UNED;<\/li>\n<li>Mantenimiento del sitio web\u00a0de la Oficina de APS, as\u00ed como las redes sociales\u00a0asociadas a la oficina;<\/li>\n<li>Acompa\u00f1amiento y la coordinaci\u00f3n\u00a0de los proyectos de APS desarrollados en la UNED;<\/li>\n<li>Establecer sinergias y alianzas institucionales\u00a0entre la Universidad y otras instituciones, organizaciones sociales y Administraciones p\u00fablicas para el desarrollo del APS;<\/li>\n<li>Desarrollar acciones formativas y de difusi\u00f3npara dar a conocer la metodolog\u00eda del aprendizaje-servicio en la comunidad universitaria;<\/li>\n<li>Desarrollar investigaciones para mejorar la innovaci\u00f3n y la calidad de los proyectos de\u00a0APS;<\/li>\n<\/ul>\n<\/div>\n<\/div><\/div><\/div><\/div><div id=\"pgc-61-1-2\"  class=\"panel-grid-cell\" ><div id=\"panel-61-1-2-0\" class=\"so-panel widget widget_sow-editor panel-first-child panel-last-child\" data-index=\"3\" ><div class=\"panel-widget-style panel-widget-style-for-61-1-2-0\" ><div\n\t\t\t\n\t\t\tclass=\"so-widget-sow-editor so-widget-sow-editor-base\"\n\t\t\t\n\t\t><h3 class=\"widget-title\">Equipo<\/h3>\n<div class=\"siteorigin-widget-tinymce textwidget\">\n\t<p style=\"text-align: center\">Juan Garc\u00eda Guti\u00e9rrez<br \/>\nDirector<br \/>\nDelegado del Rector para el Proyecto de Aprendizaje-Servicio de la UNED<\/p>\n<p>&nbsp;<\/p>\n<p style=\"text-align: center\">\u00c1ngeles Manjarr\u00e9s Riesco<\/p>\n<p style=\"text-align: center\">Profesora de la ETS de Inform\u00e1tica|\u00a0Colaboradora<\/p>\n<p>&nbsp;<\/p>\n<p style=\"text-align: center\">Marta Ruiz Corbella<\/p>\n<p style=\"text-align: center\">Profesora de la Facultad de Educaci\u00f3n |\u00a0Colaboradora<\/p>\n<p>&nbsp;<\/p>\n<p style=\"text-align: center\">Alberto Izquierdo Montero<\/p>\n<p style=\"text-align: center\">Becario, Departamento MIDE I |\u00a0Colaborador<\/p>\n<\/div>\n<\/div><\/div><\/div><\/div><\/div><\/div>","protected":false},"excerpt":{"rendered":"<p>La UNED, de acuerdo con sus Estatutos y fiel a su vocaci\u00f3n social y de servicio p\u00fablico ha mostrado un importante compromiso con el desarrollo e implantaci\u00f3n del Aprendizaje-Servicio (APS) en la educaci\u00f3n superior. En 2017 se firm\u00f3 el Convenio de colaboraci\u00f3n con el Ayuntamiento de Madrid para la puesta en marcha de proyectos de APS y se inici\u00f3 el grupo APS de la UNED, participando activamente en las Jornadas de Primavera de aprendizaje-servicio promovidas desde la Alcald\u00eda. \u00a0Adem\u00e1s, tambi\u00e9n en el curso 2017\/18, desde el COIE (UNED) se impuls\u00f3 el grupo de trabajo en APS y diversas acciones dentro del proyecto \u201cPromoci\u00f3n del aprendizaje-servicio en del APS en la UNED\u201d (financiado por el Consejo Social). En septiembre de 2018 el Rector de la UNED inaugura el I Congreso Europeo de APS en la educaci\u00f3n superior organizado por la Universidad Aut\u00f3noma de Madrid, la Universidad Pontificia de Comillas y la UNED. Impulsar el proceso de institucionalizaci\u00f3n del aprendizaje-servicio en la actividad docente e investigadora de la UNED; Realizar actividades de formaci\u00f3n y difusi\u00f3n en la metodolog\u00eda APS dirigida al profesorado y al alumnado de la Universidad; Conectar los proyectos APS con los Objetivos de Desarrollo Sostenible (ODS); Establecer sinergias de trabajo positivas entre diversos Vicerectorados, Facultades y Escuelas, as\u00ed como los Centros Asociados y otras administraciones p\u00fablicas para promover el aprendizaje-servicio en la UNED; Realizar el seguimiento de las Colaboraciones entre organizaciones, administraciones p\u00fablicas y la UNED para el impulso del APS; Participar y representar institucionalmente\u00a0a la Universidad en redes cient\u00edficas y acad\u00e9micas, congresos y dem\u00e1s eventos que se consideren relevantes en el campo del APS. Impulsar iniciativas innovadoras que faciliten la puesta en marcha de proyectos de APS en la Universidad; Coordinaci\u00f3n del \u00a0Grupo APS en la UNED; Mantenimiento del sitio web\u00a0de la Oficina de APS, as\u00ed como las redes sociales\u00a0asociadas a la oficina; Acompa\u00f1amiento y la coordinaci\u00f3n\u00a0de los proyectos de APS desarrollados en la UNED; Establecer sinergias y alianzas institucionales\u00a0entre la Universidad y otras instituciones, organizaciones sociales y Administraciones p\u00fablicas para el desarrollo del APS; Desarrollar acciones formativas y de difusi\u00f3npara dar a conocer la metodolog\u00eda del aprendizaje-servicio en la comunidad universitaria; Desarrollar investigaciones para mejorar la innovaci\u00f3n y la calidad de los proyectos de\u00a0APS; Juan Garc\u00eda Guti\u00e9rrez Director Delegado del Rector para el Proyecto de Aprendizaje-Servicio de la UNED &nbsp; \u00c1ngeles Manjarr\u00e9s Riesco Profesora de la ETS de Inform\u00e1tica|\u00a0Colaboradora &nbsp; Marta Ruiz Corbella Profesora de la Facultad de Educaci\u00f3n |\u00a0Colaboradora &nbsp; Alberto Izquierdo Montero Becario, Departamento MIDE I |\u00a0Colaborador<\/p>\n","protected":false},"author":73,"featured_media":0,"parent":0,"menu_order":0,"comment_status":"closed","ping_status":"closed","template":"","meta":{"footnotes":""},"class_list":["post-61","page","type-page","status-publish","hentry"],"_links":{"self":[{"href":"https:\/\/blogs.uned.es\/aps\/wp-json\/wp\/v2\/pages\/61","targetHints":{"allow":["GET"]}}],"collection":[{"href":"https:\/\/blogs.uned.es\/aps\/wp-json\/wp\/v2\/pages"}],"about":[{"href":"https:\/\/blogs.uned.es\/aps\/wp-json\/wp\/v2\/types\/page"}],"author":[{"embeddable":true,"href":"https:\/\/blogs.uned.es\/aps\/wp-json\/wp\/v2\/users\/73"}],"replies":[{"embeddable":true,"href":"https:\/\/blogs.uned.es\/aps\/wp-json\/wp\/v2\/comments?post=61"}],"version-history":[{"count":25,"href":"https:\/\/blogs.uned.es\/aps\/wp-json\/wp\/v2\/pages\/61\/revisions"}],"predecessor-version":[{"id":289,"href":"https:\/\/blogs.uned.es\/aps\/wp-json\/wp\/v2\/pages\/61\/revisions\/289"}],"wp:attachment":[{"href":"https:\/\/blogs.uned.es\/aps\/wp-json\/wp\/v2\/media?parent=61"}],"curies":[{"name":"wp","href":"https:\/\/api.w.org\/{rel}","templated":true}]}}