{"id":789,"date":"2019-11-19T09:52:10","date_gmt":"2019-11-19T08:52:10","guid":{"rendered":"http:\/\/blogs.uned.es\/alumni\/?page_id=789"},"modified":"2021-01-29T13:07:02","modified_gmt":"2021-01-29T12:07:02","slug":"hazte-alumniuned-2","status":"publish","type":"page","link":"https:\/\/blogs.uned.es\/alumni\/hazte-alumniuned-2\/","title":{"rendered":"Hazte AlumniUNED"},"content":{"rendered":"<div id=\"pl-789\"  class=\"panel-layout\" ><div id=\"pg-789-0\"  class=\"panel-grid panel-no-style\" ><div id=\"pgc-789-0-0\"  class=\"panel-grid-cell\" ><div id=\"panel-789-0-0-0\" class=\"so-panel widget widget_rev-slider-widget widget_revslider panel-first-child panel-last-child\" data-index=\"0\" >\n\t\t\t<!-- START HazteAlumni REVOLUTION SLIDER 6.4.2 --><p class=\"rs-p-wp-fix\"><\/p>\n\t\t\t<rs-module-wrap id=\"rev_slider_19_1_wrapper\" data-source=\"gallery\" style=\"background:transparent;padding:0;margin:0px auto;margin-top:0;margin-bottom:0;\">\n\t\t\t\t<rs-module id=\"rev_slider_19_1\" style=\"\" data-version=\"6.4.2\">\n\t\t\t\t\t<rs-slides>\n\t\t\t\t\t\t<rs-slide data-key=\"rs-19\" data-title=\"Slide\" data-anim=\"ms:600;\" data-in=\"o:0;\" data-out=\"a:false;\">\n\t\t\t\t\t\t\t<img decoding=\"async\" src=\"\/\/blogs.uned.es\/alumni\/wp-content\/uploads\/sites\/179\/2019\/11\/friends-using-laptop-outdoors-PUY98JL.jpg\" title=\"Hazte AlumniUNED\" class=\"rev-slidebg\" data-no-retina>\n<!--\n\t\t\t\t\t\t\t--><rs-layer\n\t\t\t\t\t\t\t\tid=\"slider-19-slide-19-layer-2\" \n\t\t\t\t\t\t\t\tclass=\"Gym-Menuitem\"\n\t\t\t\t\t\t\t\tdata-type=\"text\"\n\t\t\t\t\t\t\t\tdata-color=\"rgba(255,255,255,1)\"\n\t\t\t\t\t\t\t\tdata-rsp_ch=\"on\"\n\t\t\t\t\t\t\t\tdata-xy=\"x:r;xo:39px;y:237px;\"\n\t\t\t\t\t\t\t\tdata-text=\"w:normal;s:30;l:45;fw:300;a:right;\"\n\t\t\t\t\t\t\t\tdata-dim=\"w:530px;\"\n\t\t\t\t\t\t\t\tdata-padding=\"t:10;r:10;b:18;l:10;\"\n\t\t\t\t\t\t\t\tdata-border=\"bow:2px,2px,2px,2px;\"\n\t\t\t\t\t\t\t\tdata-frame_0=\"tp:600;\"\n\t\t\t\t\t\t\t\tdata-frame_1=\"tp:600;e:power2.inOut;st:500;\"\n\t\t\t\t\t\t\t\tdata-frame_999=\"o:0;tp:600;e:nothing;st:w;\"\n\t\t\t\t\t\t\t\tstyle=\"z-index:5;background-color:rgba(0,13,45,0.50);font-family:Raleway;letter-spacing:2px;\"\n\t\t\t\t\t\t\t>M\u00e1s de tres millones de estudiantes han pasado por la UNED \n\t\t\t\t\t\t\t<\/rs-layer><!--\n-->\t\t\t\t\t\t<\/rs-slide>\n\t\t\t\t\t<\/rs-slides>\n\t\t\t\t<\/rs-module>\n\t\t\t\t<script type=\"text\/javascript\">\n\t\t\t\t\tsetREVStartSize({c: 'rev_slider_19_1',rl:[1240,1024,778,480],el:[],gw:[1240],gh:[500],type:'hero',justify:'',layout:'fullwidth',mh:\"0\"});\n\t\t\t\t\tvar\trevapi19,\n\t\t\t\t\t\ttpj;\n\t\t\t\t\tfunction revinit_revslider191() {\n\t\t\t\t\tjQuery(function() {\n\t\t\t\t\t\ttpj = jQuery;\n\t\t\t\t\t\trevapi19 = tpj(\"#rev_slider_19_1\");\n\t\t\t\t\t\tif(revapi19==undefined || revapi19.revolution == undefined){\n\t\t\t\t\t\t\trevslider_showDoubleJqueryError(\"rev_slider_19_1\");\n\t\t\t\t\t\t}else{\n\t\t\t\t\t\t\trevapi19.revolution({\n\t\t\t\t\t\t\t\tsliderType:\"hero\",\n\t\t\t\t\t\t\t\tsliderLayout:\"fullwidth\",\n\t\t\t\t\t\t\t\tvisibilityLevels:\"1240,1024,778,480\",\n\t\t\t\t\t\t\t\tgridwidth:1240,\n\t\t\t\t\t\t\t\tgridheight:500,\n\t\t\t\t\t\t\t\tspinner:\"spinner0\",\n\t\t\t\t\t\t\t\tperspectiveType:\"local\",\n\t\t\t\t\t\t\t\tresponsiveLevels:\"1240,1024,778,480\",\n\t\t\t\t\t\t\t\tprogressBar:{disableProgressBar:true},\n\t\t\t\t\t\t\t\tnavigation: {\n\t\t\t\t\t\t\t\t\tonHoverStop:false\n\t\t\t\t\t\t\t\t},\n\t\t\t\t\t\t\t\tfallbacks: {\n\t\t\t\t\t\t\t\t\tallowHTML5AutoPlayOnAndroid:true\n\t\t\t\t\t\t\t\t},\n\t\t\t\t\t\t\t});\n\t\t\t\t\t\t}\n\t\t\t\t\t\t\n\t\t\t\t\t});\n\t\t\t\t\t} \/\/ End of RevInitScript\n\t\t\t\tvar once_revslider191 = false;\n\t\t\t\tif (document.readyState === \"loading\") {document.addEventListener('readystatechange',function() { if((document.readyState === \"interactive\" || document.readyState === \"complete\") && !once_revslider191 ) { once_revslider191 = true; revinit_revslider191();}});} else {once_revslider191 = true; revinit_revslider191();}\n\t\t\t\t<\/script>\n\t\t\t<\/rs-module-wrap>\n\t\t\t<!-- END REVOLUTION SLIDER -->\n<\/div><\/div><\/div><div id=\"pg-789-1\"  class=\"panel-grid panel-has-style\" ><div class=\"siteorigin-panels-stretch panel-row-style panel-row-style-for-789-1\" style=\"padding-top: 30px; padding-bottom: 20px; \" data-stretch-type=\"full\" ><div id=\"pgc-789-1-0\"  class=\"panel-grid-cell\" ><div id=\"panel-789-1-0-0\" class=\"so-panel widget widget_sow-editor panel-first-child panel-last-child\" data-index=\"1\" ><div\n\t\t\t\n\t\t\tclass=\"so-widget-sow-editor so-widget-sow-editor-base\"\n\t\t\t\n\t\t>\n<div class=\"siteorigin-widget-tinymce textwidget\">\n\t<h2 style=\"text-align: center\"><span style=\"color: #5e5e5e\">Reg\u00edstrate como\u00a0<\/span><a href=\"https:\/\/app.uned.es\/alumni\/\"><span style=\"color: #5e5e5e\"><span style=\"color: #1d6336\">alumniUNED aqu\u00ed<\/span><\/span><\/a><\/h2>\n<\/div>\n<\/div><\/div><\/div><\/div><\/div><div id=\"pg-789-2\"  class=\"panel-grid panel-has-style\" ><div class=\"siteorigin-panels-stretch panel-row-style panel-row-style-for-789-2\" style=\"padding-top: 30px; padding-bottom: 20px; \" data-stretch-type=\"full\" ><div id=\"pgc-789-2-0\"  class=\"panel-grid-cell\" ><div id=\"panel-789-2-0-0\" class=\"so-panel widget widget_sow-editor panel-first-child panel-last-child\" data-index=\"2\" ><div\n\t\t\t\n\t\t\tclass=\"so-widget-sow-editor so-widget-sow-editor-base\"\n\t\t\t\n\t\t>\n<div class=\"siteorigin-widget-tinymce textwidget\">\n\t<h2 style=\"text-align: center\"><span style=\"color: #5e5e5e\">\u00bfPor qu\u00e9 ser <span style=\"color: #1d6336\">alumniUNED<\/span>?<\/span><\/h2>\n<\/div>\n<\/div><\/div><\/div><\/div><\/div><div id=\"pg-789-3\"  class=\"panel-grid panel-no-style\" ><div id=\"pgc-789-3-0\"  class=\"panel-grid-cell\" ><div id=\"panel-789-3-0-0\" class=\"so-panel widget widget_sow-editor panel-first-child\" data-index=\"3\" ><div\n\t\t\t\n\t\t\tclass=\"so-widget-sow-editor so-widget-sow-editor-base\"\n\t\t\t\n\t\t>\n<div class=\"siteorigin-widget-tinymce textwidget\">\n\t<p>&nbsp;<\/p>\n<ul>\n<li><span style=\"font-size: 21px;color: #000000\">Porque conseguiste tu sue\u00f1o<\/span><\/li>\n<li><span style=\"font-size: 21px;color: #000000\">Porque luchaste por tus objetivos y los lograste<\/span><\/li>\n<li><span style=\"font-size: 21px;color: #000000\">Porque deseas ayudar a otros a alcanzar sus metas<\/span><\/li>\n<li><span style=\"font-size: 21px;color: #000000\">Porque deseas contribuir a que la UNED siga cumpliendo su misi\u00f3n.<\/span><\/li>\n<li><span style=\"font-size: 21px;color: #000000\">Porque valoras la constancia, la decisi\u00f3n, la ilusi\u00f3n y el esfuerzo de los estudiantes de la UNED y quieres ACOMPA\u00d1ARLOS EN SU CAMINO A LA META \u2026<\/span><\/li>\n<\/ul>\n<\/div>\n<\/div><\/div><div id=\"panel-789-3-0-1\" class=\"so-panel widget widget_sow-editor panel-last-child\" data-index=\"4\" ><div\n\t\t\t\n\t\t\tclass=\"so-widget-sow-editor so-widget-sow-editor-base\"\n\t\t\t\n\t\t>\n<div class=\"siteorigin-widget-tinymce textwidget\">\n\t<h1 style=\"text-align: center\"><span style=\"color: #000000;font-size: 30px\">\u00bfQui\u00e9nes puede formar parte de la Comunidad <span style=\"color: #1d6336\">alumniUNED<\/span>?<\/span><\/h1>\n<ul>\n<li><span style=\"font-size: 21px;color: #000000\">Los alumni: egresados de t\u00edtulos oficiales y t\u00edtulos propios de la UNED\u00a0de m\u00e1s de 30 cr\u00e9ditos<\/span><\/li>\n<li><span style=\"font-size: 21px;color: #000000\">El personal de la UNED: PDI, PAS, Tutores, trabajadores de la UNED<\/span><\/li>\n<li><span style=\"font-size: 21px;color: #000000\">Antiguos estudiantes que no han finalizado su titulaci\u00f3n y han cursado m\u00e1s de 30 cr\u00e9ditos<\/span><\/li>\n<li><span style=\"font-size: 21px;color: #000000\">Amigos de la UNED: resto de antiguos estudiantes con menos de 30 cr\u00e9ditos cursados y empresas y entidades que han tenido relaci\u00f3n acreditable con nuestra universidad y quieren seguir en contacto con ella, participar de sus actividades y contribuir a su desarrollo.<\/span><\/li>\n<\/ul>\n<p style=\"font-size: 21px;color: #000000\"><strong><span style=\"color: #1d6336\">alumniUNED<\/span><\/strong> es un proyecto de todos y para todos a quienes la UNED nos importa. S\u00f3lo nosotros podemos hacerlo realidad.<\/p>\n<p style=\"font-size: 21px;color: #000000;text-align: center\"><span style=\"font-size: 24px\"><strong>\u00a1Ay\u00fadanos y participa activamente!<\/strong><\/span><\/p>\n<\/div>\n<\/div><\/div><\/div><\/div><div id=\"pg-789-4\"  class=\"panel-grid panel-no-style\" ><div id=\"pgc-789-4-0\"  class=\"panel-grid-cell\" ><div id=\"panel-789-4-0-0\" class=\"so-panel widget widget_sow-editor panel-first-child panel-last-child\" data-index=\"5\" ><div\n\t\t\t\n\t\t\tclass=\"so-widget-sow-editor so-widget-sow-editor-base\"\n\t\t\t\n\t\t>\n<div class=\"siteorigin-widget-tinymce textwidget\">\n\t<div><\/div>\n<div><div class=\"su-button-center\"><a href=\"http:\/\/blogs.uned.es\/alumni\/contacto\/\" class=\"su-button su-button-style-padding15pxline-height1\" style=\"color:#FFFFFF;background-color:#077651;border-color:#065f41;border-radius:222px\" target=\"_self\"><span style=\"color:#FFFFFF;padding:0px 36px;font-size:26px;line-height:52px;border-color:#52a086;border-radius:222px;text-shadow:none\"> Cont\u00e1ctanos<\/span><\/a><\/div><\/div>\n<div><\/div>\n<div><\/div>\n<div><\/div>\n<div><\/div>\n<div><\/div>\n<\/div>\n<\/div><\/div><\/div><\/div><div id=\"pg-789-5\"  class=\"panel-grid panel-no-style\" ><div id=\"pgc-789-5-0\"  class=\"panel-grid-cell\" ><div id=\"panel-789-5-0-0\" class=\"so-panel widget widget_rev-slider-widget widget_revslider panel-first-child panel-last-child\" data-index=\"6\" >\n\t\t\t<!-- START ctaSuscribete REVOLUTION SLIDER 6.4.2 --><p class=\"rs-p-wp-fix\"><\/p>\n\t\t\t<rs-module-wrap id=\"rev_slider_31_2_wrapper\" data-source=\"gallery\" style=\"background:transparent;padding:0;margin:0px auto;margin-top:0;margin-bottom:0;\">\n\t\t\t\t<rs-module id=\"rev_slider_31_2\" style=\"\" data-version=\"6.4.2\">\n\t\t\t\t\t<rs-slides>\n\t\t\t\t\t\t<rs-slide data-key=\"rs-31\" data-title=\"Slide\" data-anim=\"ms:600;\" data-in=\"o:0;\" data-out=\"a:false;\">\n\t\t\t\t\t\t\t<img decoding=\"async\" src=\"\/\/blogs.uned.es\/alumni\/wp-content\/uploads\/sites\/179\/2020\/01\/notificaciones.jpg\" title=\"Hazte AlumniUNED\" class=\"rev-slidebg\" data-no-retina>\n<!--\n\t\t\t\t\t\t\t--><rs-layer\n\t\t\t\t\t\t\t\tid=\"slider-31-slide-31-layer-2\" \n\t\t\t\t\t\t\t\tclass=\"Gym-Menuitem\"\n\t\t\t\t\t\t\t\tdata-type=\"text\"\n\t\t\t\t\t\t\t\tdata-color=\"rgba(255,255,255,1)\"\n\t\t\t\t\t\t\t\tdata-rsp_ch=\"on\"\n\t\t\t\t\t\t\t\tdata-xy=\"x:r;xo:93px;y:c;yo:70px;\"\n\t\t\t\t\t\t\t\tdata-text=\"w:normal;s:37;l:45;fw:300;a:right;\"\n\t\t\t\t\t\t\t\tdata-dim=\"w:689px;\"\n\t\t\t\t\t\t\t\tdata-padding=\"t:10;r:10;b:18;l:10;\"\n\t\t\t\t\t\t\t\tdata-border=\"bow:2px,2px,2px,2px;\"\n\t\t\t\t\t\t\t\tdata-frame_0=\"tp:600;\"\n\t\t\t\t\t\t\t\tdata-frame_1=\"tp:600;e:power2.inOut;st:500;\"\n\t\t\t\t\t\t\t\tdata-frame_999=\"o:0;tp:600;e:nothing;st:w;\"\n\t\t\t\t\t\t\t\tstyle=\"z-index:5;background-color:rgba(0,13,45,0.50);font-family:Raleway;letter-spacing:2px;\"\n\t\t\t\t\t\t\t>A nuestro blog  y ent\u00e9rate de todo \n\t\t\t\t\t\t\t<\/rs-layer><!--\n\n\t\t\t\t\t\t\t--><rs-layer\n\t\t\t\t\t\t\t\tid=\"slider-31-slide-31-layer-3\" \n\t\t\t\t\t\t\t\tclass=\"Gym-Display\"\n\t\t\t\t\t\t\t\tdata-type=\"text\"\n\t\t\t\t\t\t\t\tdata-color=\"rgba(255,255,255,1)\"\n\t\t\t\t\t\t\t\tdata-rsp_ch=\"on\"\n\t\t\t\t\t\t\t\tdata-xy=\"x:r;xo:97px;y:c;yo:-33px;\"\n\t\t\t\t\t\t\t\tdata-text=\"w:normal;s:72;l:70;a:right;\"\n\t\t\t\t\t\t\t\tdata-dim=\"w:348px;h:71px;\"\n\t\t\t\t\t\t\t\tdata-frame_0=\"tp:600;\"\n\t\t\t\t\t\t\t\tdata-frame_1=\"tp:600;e:power2.inOut;st:500;\"\n\t\t\t\t\t\t\t\tdata-frame_999=\"o:0;tp:600;e:nothing;st:w;\"\n\t\t\t\t\t\t\t\tstyle=\"z-index:6;font-family:Raleway;text-shadow:4px 4px 5px rgb(69,98,127);\"\n\t\t\t\t\t\t\t>Suscr\u00edbete \n\t\t\t\t\t\t\t<\/rs-layer><!--\n\n\t\t\t\t\t\t\t--><rs-layer\n\t\t\t\t\t\t\t\tid=\"slider-31-slide-31-layer-6\" \n\t\t\t\t\t\t\t\tclass=\"tp-shape tp-shapewrapper\"\n\t\t\t\t\t\t\t\tdata-type=\"shape\"\n\t\t\t\t\t\t\t\tdata-rsp_ch=\"on\"\n\t\t\t\t\t\t\t\tdata-xy=\"x:c;y:-4px;\"\n\t\t\t\t\t\t\t\tdata-text=\"w:normal;fw:500;\"\n\t\t\t\t\t\t\t\tdata-dim=\"w:1693px;h:417px;\"\n\t\t\t\t\t\t\t\tdata-actions='o:click;a:simplelink;target:_self;url:http:\/\/blogs.uned.es\/alumni\/suscripcion\/;'\n\t\t\t\t\t\t\t\tdata-frame_0=\"tp:600;\"\n\t\t\t\t\t\t\t\tdata-frame_1=\"tp:600;e:power2.inOut;st:500;\"\n\t\t\t\t\t\t\t\tdata-frame_999=\"o:0;tp:600;e:nothing;st:w;\"\n\t\t\t\t\t\t\t\tstyle=\"z-index:7;\"\n\t\t\t\t\t\t\t> \n\t\t\t\t\t\t\t<\/rs-layer><!--\n-->\t\t\t\t\t\t<\/rs-slide>\n\t\t\t\t\t<\/rs-slides>\n\t\t\t\t<\/rs-module>\n\t\t\t\t<script type=\"text\/javascript\">\n\t\t\t\t\tsetREVStartSize({c: 'rev_slider_31_2',rl:[1240,1024,778,480],el:[],gw:[1240],gh:[400],type:'hero',justify:'',layout:'fullwidth',mh:\"0\"});\n\t\t\t\t\tvar\trevapi31,\n\t\t\t\t\t\ttpj;\n\t\t\t\t\tfunction revinit_revslider312() {\n\t\t\t\t\tjQuery(function() {\n\t\t\t\t\t\ttpj = jQuery;\n\t\t\t\t\t\trevapi31 = tpj(\"#rev_slider_31_2\");\n\t\t\t\t\t\tif(revapi31==undefined || revapi31.revolution == undefined){\n\t\t\t\t\t\t\trevslider_showDoubleJqueryError(\"rev_slider_31_2\");\n\t\t\t\t\t\t}else{\n\t\t\t\t\t\t\trevapi31.revolution({\n\t\t\t\t\t\t\t\tsliderType:\"hero\",\n\t\t\t\t\t\t\t\tsliderLayout:\"fullwidth\",\n\t\t\t\t\t\t\t\tvisibilityLevels:\"1240,1024,778,480\",\n\t\t\t\t\t\t\t\tgridwidth:1240,\n\t\t\t\t\t\t\t\tgridheight:400,\n\t\t\t\t\t\t\t\tspinner:\"spinner0\",\n\t\t\t\t\t\t\t\tperspectiveType:\"local\",\n\t\t\t\t\t\t\t\tresponsiveLevels:\"1240,1024,778,480\",\n\t\t\t\t\t\t\t\tprogressBar:{disableProgressBar:true},\n\t\t\t\t\t\t\t\tnavigation: {\n\t\t\t\t\t\t\t\t\tonHoverStop:false\n\t\t\t\t\t\t\t\t},\n\t\t\t\t\t\t\t\tfallbacks: {\n\t\t\t\t\t\t\t\t\tallowHTML5AutoPlayOnAndroid:true\n\t\t\t\t\t\t\t\t},\n\t\t\t\t\t\t\t});\n\t\t\t\t\t\t}\n\t\t\t\t\t\t\n\t\t\t\t\t});\n\t\t\t\t\t} \/\/ End of RevInitScript\n\t\t\t\tvar once_revslider312 = false;\n\t\t\t\tif (document.readyState === \"loading\") {document.addEventListener('readystatechange',function() { if((document.readyState === \"interactive\" || document.readyState === \"complete\") && !once_revslider312 ) { once_revslider312 = true; revinit_revslider312();}});} else {once_revslider312 = true; revinit_revslider312();}\n\t\t\t\t<\/script>\n\t\t\t<\/rs-module-wrap>\n\t\t\t<!-- END REVOLUTION SLIDER -->\n<\/div><\/div><\/div><\/div>","protected":false},"excerpt":{"rendered":"<p>Reg\u00edstrate como\u00a0alumniUNED aqu\u00ed<\/p>\n","protected":false},"author":1,"featured_media":0,"parent":0,"menu_order":0,"comment_status":"closed","ping_status":"closed","template":"","meta":{"footnotes":""},"class_list":["post-789","page","type-page","status-publish","hentry"],"_links":{"self":[{"href":"https:\/\/blogs.uned.es\/alumni\/wp-json\/wp\/v2\/pages\/789","targetHints":{"allow":["GET"]}}],"collection":[{"href":"https:\/\/blogs.uned.es\/alumni\/wp-json\/wp\/v2\/pages"}],"about":[{"href":"https:\/\/blogs.uned.es\/alumni\/wp-json\/wp\/v2\/types\/page"}],"author":[{"embeddable":true,"href":"https:\/\/blogs.uned.es\/alumni\/wp-json\/wp\/v2\/users\/1"}],"replies":[{"embeddable":true,"href":"https:\/\/blogs.uned.es\/alumni\/wp-json\/wp\/v2\/comments?post=789"}],"version-history":[{"count":72,"href":"https:\/\/blogs.uned.es\/alumni\/wp-json\/wp\/v2\/pages\/789\/revisions"}],"predecessor-version":[{"id":1443,"href":"https:\/\/blogs.uned.es\/alumni\/wp-json\/wp\/v2\/pages\/789\/revisions\/1443"}],"wp:attachment":[{"href":"https:\/\/blogs.uned.es\/alumni\/wp-json\/wp\/v2\/media?parent=789"}],"curies":[{"name":"wp","href":"https:\/\/api.w.org\/{rel}","templated":true}]}}