{"id":773,"date":"2019-11-19T09:47:22","date_gmt":"2019-11-19T08:47:22","guid":{"rendered":"http:\/\/blogs.uned.es\/alumni\/?page_id=773"},"modified":"2023-11-24T08:23:43","modified_gmt":"2023-11-24T07:23:43","slug":"mentoria","status":"publish","type":"page","link":"https:\/\/blogs.uned.es\/alumni\/mentoria\/","title":{"rendered":"Mentor\u00eda"},"content":{"rendered":"<div id=\"pl-773\"  class=\"panel-layout\" ><div id=\"pg-773-0\"  class=\"panel-grid panel-has-style\" ><div class=\"siteorigin-panels-stretch panel-row-style panel-row-style-for-773-0\" data-stretch-type=\"full\" ><div id=\"pgc-773-0-0\"  class=\"panel-grid-cell\" ><div id=\"panel-773-0-0-0\" class=\"so-panel widget widget_rev-slider-widget widget_revslider panel-first-child panel-last-child\" data-index=\"0\" >\n\t\t\t<!-- START avanza REVOLUTION SLIDER 6.4.2 --><p class=\"rs-p-wp-fix\"><\/p>\n\t\t\t<rs-module-wrap id=\"rev_slider_11_1_wrapper\" data-source=\"gallery\" style=\"background:transparent;padding:0;margin:0px auto;margin-top:0;margin-bottom:0;\">\n\t\t\t\t<rs-module id=\"rev_slider_11_1\" style=\"\" data-version=\"6.4.2\">\n\t\t\t\t\t<rs-slides>\n\t\t\t\t\t\t<rs-slide data-key=\"rs-11\" data-title=\"Slide\" data-anim=\"ms:600;\" data-in=\"o:0;\" data-out=\"a:false;\">\n\t\t\t\t\t\t\t<img decoding=\"async\" src=\"\/\/blogs.uned.es\/alumni\/wp-content\/uploads\/sites\/179\/2019\/10\/avanza.jpg\" title=\"Mentor\u00eda\" class=\"rev-slidebg\" data-no-retina>\n<!--\n\t\t\t\t\t\t\t--><rs-layer\n\t\t\t\t\t\t\t\tid=\"slider-11-slide-11-layer-2\" \n\t\t\t\t\t\t\t\tclass=\"Gym-Menuitem\"\n\t\t\t\t\t\t\t\tdata-type=\"text\"\n\t\t\t\t\t\t\t\tdata-color=\"rgba(255,255,255,1)\"\n\t\t\t\t\t\t\t\tdata-rsp_ch=\"on\"\n\t\t\t\t\t\t\t\tdata-xy=\"x:r;xo:34px;y:240px;\"\n\t\t\t\t\t\t\t\tdata-text=\"w:normal;s:30;l:45;fw:300;a:right;\"\n\t\t\t\t\t\t\t\tdata-dim=\"w:480px;h:125px;\"\n\t\t\t\t\t\t\t\tdata-padding=\"t:10;r:10;b:18;l:10;\"\n\t\t\t\t\t\t\t\tdata-border=\"bow:2px,2px,2px,2px;\"\n\t\t\t\t\t\t\t\tdata-frame_0=\"tp:600;\"\n\t\t\t\t\t\t\t\tdata-frame_1=\"tp:600;e:power2.inOut;st:500;\"\n\t\t\t\t\t\t\t\tdata-frame_999=\"o:0;tp:600;e:nothing;st:w;\"\n\t\t\t\t\t\t\t\tstyle=\"z-index:5;background-color:rgba(0,13,45,0.50);font-family:Raleway;letter-spacing:2px;\"\n\t\t\t\t\t\t\t>En tu carrera y desarrollo como profesional \n\t\t\t\t\t\t\t<\/rs-layer><!--\n\n\t\t\t\t\t\t\t--><rs-layer\n\t\t\t\t\t\t\t\tid=\"slider-11-slide-11-layer-4\" \n\t\t\t\t\t\t\t\tclass=\"Sports-Display\"\n\t\t\t\t\t\t\t\tdata-type=\"text\"\n\t\t\t\t\t\t\t\tdata-color=\"rgba(255,255,255,1)\"\n\t\t\t\t\t\t\t\tdata-rsp_ch=\"on\"\n\t\t\t\t\t\t\t\tdata-xy=\"x:r;xo:35px;y:c;yo:-89px;\"\n\t\t\t\t\t\t\t\tdata-text=\"s:77;l:130;\"\n\t\t\t\t\t\t\t\tdata-frame_0=\"tp:600;\"\n\t\t\t\t\t\t\t\tdata-frame_1=\"tp:600;e:power2.inOut;st:500;\"\n\t\t\t\t\t\t\t\tdata-frame_999=\"o:0;tp:600;e:nothing;st:w;\"\n\t\t\t\t\t\t\t\tstyle=\"z-index:6;font-family:Raleway;letter-spacing:0px;text-shadow:5px 3px 10px rgba(0,0,0,0.5);\"\n\t\t\t\t\t\t\t>Evoluciona \n\t\t\t\t\t\t\t<\/rs-layer><!--\n-->\t\t\t\t\t\t<\/rs-slide>\n\t\t\t\t\t<\/rs-slides>\n\t\t\t\t<\/rs-module>\n\t\t\t\t<script type=\"text\/javascript\">\n\t\t\t\t\tsetREVStartSize({c: 'rev_slider_11_1',rl:[1240,1024,778,480],el:[],gw:[1240],gh:[500],type:'hero',justify:'',layout:'fullwidth',mh:\"0\"});\n\t\t\t\t\tvar\trevapi11,\n\t\t\t\t\t\ttpj;\n\t\t\t\t\tfunction revinit_revslider111() {\n\t\t\t\t\tjQuery(function() {\n\t\t\t\t\t\ttpj = jQuery;\n\t\t\t\t\t\trevapi11 = tpj(\"#rev_slider_11_1\");\n\t\t\t\t\t\tif(revapi11==undefined || revapi11.revolution == undefined){\n\t\t\t\t\t\t\trevslider_showDoubleJqueryError(\"rev_slider_11_1\");\n\t\t\t\t\t\t}else{\n\t\t\t\t\t\t\trevapi11.revolution({\n\t\t\t\t\t\t\t\tsliderType:\"hero\",\n\t\t\t\t\t\t\t\tsliderLayout:\"fullwidth\",\n\t\t\t\t\t\t\t\tvisibilityLevels:\"1240,1024,778,480\",\n\t\t\t\t\t\t\t\tgridwidth:1240,\n\t\t\t\t\t\t\t\tgridheight:500,\n\t\t\t\t\t\t\t\tspinner:\"spinner0\",\n\t\t\t\t\t\t\t\tperspectiveType:\"local\",\n\t\t\t\t\t\t\t\tresponsiveLevels:\"1240,1024,778,480\",\n\t\t\t\t\t\t\t\tprogressBar:{disableProgressBar:true},\n\t\t\t\t\t\t\t\tnavigation: {\n\t\t\t\t\t\t\t\t\tonHoverStop:false\n\t\t\t\t\t\t\t\t},\n\t\t\t\t\t\t\t\tfallbacks: {\n\t\t\t\t\t\t\t\t\tallowHTML5AutoPlayOnAndroid:true\n\t\t\t\t\t\t\t\t},\n\t\t\t\t\t\t\t});\n\t\t\t\t\t\t}\n\t\t\t\t\t\t\n\t\t\t\t\t});\n\t\t\t\t\t} \/\/ End of RevInitScript\n\t\t\t\tvar once_revslider111 = false;\n\t\t\t\tif (document.readyState === \"loading\") {document.addEventListener('readystatechange',function() { if((document.readyState === \"interactive\" || document.readyState === \"complete\") && !once_revslider111 ) { once_revslider111 = true; revinit_revslider111();}});} else {once_revslider111 = true; revinit_revslider111();}\n\t\t\t\t<\/script>\n\t\t\t<\/rs-module-wrap>\n\t\t\t<!-- END REVOLUTION SLIDER -->\n<\/div><\/div><\/div><\/div><div id=\"pg-773-1\"  class=\"panel-grid panel-has-style\" ><div class=\"siteorigin-panels-stretch panel-row-style panel-row-style-for-773-1\" data-stretch-type=\"full-stretched-padded\" ><div id=\"pgc-773-1-0\"  class=\"panel-grid-cell\" ><div id=\"panel-773-1-0-0\" class=\"so-panel widget widget_sow-image panel-first-child panel-last-child\" data-index=\"1\" ><div\n\t\t\t\n\t\t\tclass=\"so-widget-sow-image so-widget-sow-image-default-113ccd71f3e6-773\"\n\t\t\t\n\t\t>\n<div class=\"sow-image-container\">\n\t\t<img \n\tsrc=\"https:\/\/blogs.uned.es\/alumni\/wp-content\/uploads\/sites\/179\/2020\/03\/Mentor\u00eda-Freepik.jpg\" width=\"626\" height=\"417\" srcset=\"https:\/\/blogs.uned.es\/alumni\/wp-content\/uploads\/sites\/179\/2020\/03\/Mentor\u00eda-Freepik.jpg 626w, https:\/\/blogs.uned.es\/alumni\/wp-content\/uploads\/sites\/179\/2020\/03\/Mentor\u00eda-Freepik-300x200.jpg 300w, https:\/\/blogs.uned.es\/alumni\/wp-content\/uploads\/sites\/179\/2020\/03\/Mentor\u00eda-Freepik-272x182.jpg 272w\" sizes=\"(max-width: 626px) 100vw, 626px\" title=\"Mentor\u00eda Freepik\" alt=\"\" \t\tclass=\"so-widget-image\"\/>\n\t<\/div>\n\n<\/div><\/div><\/div><div id=\"pgc-773-1-1\"  class=\"panel-grid-cell\" ><div id=\"panel-773-1-1-0\" class=\"so-panel widget widget_sow-editor panel-first-child panel-last-child\" data-index=\"2\" ><div class=\"panel-widget-style panel-widget-style-for-773-1-1-0\" ><div\n\t\t\t\n\t\t\tclass=\"so-widget-sow-editor so-widget-sow-editor-base\"\n\t\t\t\n\t\t>\n<div class=\"siteorigin-widget-tinymce textwidget\">\n\t<h1 style=\"text-align: left\"><span style=\"font-size: 32px;color: #000000\">\u00bfQu\u00e9 es un mentor?<\/span><\/h1>\n<p><span style=\"color: #000000\"><strong>\u00a0<span style=\"font-size: 18px\">\u201cUn mentor es una versi\u00f3n m\u00e1s experimentada y exitosa de ti mismo en acci\u00f3n\u201d<\/span><\/strong><\/span><\/p>\n<p><span style=\"font-size: 18px;color: #000000\">Es una persona que ha logrado lo que t\u00fa buscas conseguir. Tambi\u00e9n debe ser alguien que te agrade y con quien establezcas una relaci\u00f3n de confianza porque en alg\u00fan momento le har\u00e1s preguntas complicadas y tambi\u00e9n debe ser alguien capaz de hacerte cr\u00edticas constructivas.<\/span><\/p>\n<\/div>\n<\/div><\/div><\/div><\/div><\/div><\/div><div id=\"pg-773-2\"  class=\"panel-grid panel-has-style\" ><div class=\"siteorigin-panels-stretch panel-row-style panel-row-style-for-773-2\" data-stretch-type=\"full-stretched-padded\" ><div id=\"pgc-773-2-0\"  class=\"panel-grid-cell\" ><div id=\"panel-773-2-0-0\" class=\"so-panel widget widget_sow-editor panel-first-child panel-last-child\" data-index=\"3\" ><div\n\t\t\t\n\t\t\tclass=\"so-widget-sow-editor so-widget-sow-editor-base\"\n\t\t\t\n\t\t>\n<div class=\"siteorigin-widget-tinymce textwidget\">\n\t<p>&nbsp;<\/p>\n<p>&nbsp;<\/p>\n<p style=\"text-align: right\"><span style=\"font-size: 18px;color: #000000\">Desde el programa\u00a0<span style=\"color: #1d6336\"><strong>alumniUNED<\/strong><\/span>\u00a0entendemos que la mentor\u00eda es una herramienta de gran utilidad para favorecer el desarrollo personal y profesional de nuestros alumni, tanto en etapas tempranas de la vida profesional como en per\u00edodos de transici\u00f3n o reorientaci\u00f3n profesional.\u00a0<\/span><\/p>\n<p style=\"text-align: right\"><span style=\"font-size: 18px;color: #000000\">Para muchos profesionales, admitir que necesitan un mentor es el primer paso para darle a su carrera un buen impulso.<\/span><\/p>\n<p style=\"text-align: right\"><span style=\"font-size: 18px;color: #000000\">En la mentor\u00eda se establece una relaci\u00f3n muy especial. Es importante que el experto que te apoya tambi\u00e9n reciba algo positivo de la experiencia.<\/span><\/p>\n<p style=\"text-align: right\"><span style=\"font-size: 18px;color: #000000\">Pretendemos dar un impulso a nuestro programa de mentor\u00eda como un servicio de asesoramiento y estamos buscando mentores que hayan sido antiguos alumnos UNED que se ofrezcan de manera voluntaria a aconsejar a otros alumni en sus \u00e1mbitos profesionales.<\/span><\/p>\n<\/div>\n<\/div><\/div><\/div><div id=\"pgc-773-2-1\"  class=\"panel-grid-cell\" ><div id=\"panel-773-2-1-0\" class=\"so-panel widget widget_sow-image panel-first-child panel-last-child\" data-index=\"4\" ><div\n\t\t\t\n\t\t\tclass=\"so-widget-sow-image so-widget-sow-image-default-113ccd71f3e6-773\"\n\t\t\t\n\t\t>\n<div class=\"sow-image-container\">\n\t\t<img \n\tsrc=\"https:\/\/blogs.uned.es\/alumni\/wp-content\/uploads\/sites\/179\/2020\/03\/Mentor\u00eda-2.jpeg\" width=\"717\" height=\"697\" srcset=\"https:\/\/blogs.uned.es\/alumni\/wp-content\/uploads\/sites\/179\/2020\/03\/Mentor\u00eda-2.jpeg 717w, https:\/\/blogs.uned.es\/alumni\/wp-content\/uploads\/sites\/179\/2020\/03\/Mentor\u00eda-2-300x292.jpeg 300w\" sizes=\"(max-width: 717px) 100vw, 717px\" title=\"Mentor\u00eda 2\" alt=\"\" \t\tclass=\"so-widget-image\"\/>\n\t<\/div>\n\n<\/div><\/div><\/div><\/div><\/div><div id=\"pg-773-3\"  class=\"panel-grid panel-has-style\" ><div class=\"siteorigin-panels-stretch panel-row-style panel-row-style-for-773-3\" data-stretch-type=\"full\" ><div id=\"pgc-773-3-0\"  class=\"panel-grid-cell\" ><div id=\"panel-773-3-0-0\" class=\"so-panel widget widget_sow-editor panel-first-child panel-last-child\" data-index=\"5\" ><div class=\"panel-widget-style panel-widget-style-for-773-3-0-0\" ><div\n\t\t\t\n\t\t\tclass=\"so-widget-sow-editor so-widget-sow-editor-base\"\n\t\t\t\n\t\t>\n<div class=\"siteorigin-widget-tinymce textwidget\">\n\t<h3 style=\"text-align: center\"><a href=\"http:\/\/blogs.uned.es\/alumni\/asesora\/\"><span style=\"font-size: 36px;color: #000000\"><span style=\"color: #1d6336\">\u00bfQuieres ser mentor?<\/span><\/span><\/a><\/h3>\n<pre style=\"text-align: center\"><span style=\"font-size: 18px;font-family: georgia, palatino, serif;color: #000000\">Puedes ser:<\/span>\n\n<span style=\"font-size: 18px;font-family: georgia, palatino, serif;color: #000000\">Mentor de egresados<\/span>\n<span style=\"font-size: 18px;font-family: georgia, palatino, serif;color: #000000\">Mentor acad\u00e9mico<\/span>\n<span style=\"font-size: 18px;font-family: georgia, palatino, serif;color: #000000\">Mentor de emprendedores<\/span>\n<span style=\"font-size: 18px;font-family: georgia, palatino, serif;color: #000000\">Mentor de doctorado<\/span><\/pre>\n<\/div>\n<\/div><\/div><\/div><\/div><div id=\"pgc-773-3-1\"  class=\"panel-grid-cell\" ><div id=\"panel-773-3-1-0\" class=\"so-panel widget widget_sow-editor panel-first-child panel-last-child\" data-index=\"6\" ><div class=\"panel-widget-style panel-widget-style-for-773-3-1-0\" ><div\n\t\t\t\n\t\t\tclass=\"so-widget-sow-editor so-widget-sow-editor-base\"\n\t\t\t\n\t\t>\n<div class=\"siteorigin-widget-tinymce textwidget\">\n\t<h3 style=\"text-align: center\"><a href=\"http:\/\/blogs.uned.es\/alumni\/solicitas-mentoria\/\"><span style=\"font-size: 36px;color: #000000\"><span style=\"color: #1d6336\">\u00bfNecesitas un mentor?<\/span><\/span><\/a><\/h3>\n<pre style=\"text-align: center\"><span style=\"font-size: 18px;color: #000000;font-family: georgia, palatino, serif\">Para enfocar tu desarrollo curricular<\/span>\n<span style=\"font-size: 18px;color: #000000;font-family: georgia, palatino, serif\">Para enfocar tus practicas<\/span>\n<span style=\"font-size: 18px;color: #000000;font-family: georgia, palatino, serif\">Para montar tu negocio<\/span>\n<span style=\"font-size: 18px;color: #000000;font-family: georgia, palatino, serif\">Para buscar trabajo<\/span>\n<span style=\"font-size: 18px;color: #000000;font-family: georgia, palatino, serif\">Para retomar tus estudios<\/span>\n<span style=\"font-size: 18px;color: #000000;font-family: georgia, palatino, serif\">Para acompa\u00f1arte en tu doctorado<\/span><\/pre>\n<\/div>\n<\/div><\/div><\/div><\/div><\/div><\/div><div id=\"pg-773-4\"  class=\"panel-grid panel-has-style\" ><div class=\"siteorigin-panels-stretch panel-row-style panel-row-style-for-773-4\" data-stretch-type=\"full\" ><div id=\"pgc-773-4-0\"  class=\"panel-grid-cell panel-grid-cell-empty\" ><\/div><div id=\"pgc-773-4-1\"  class=\"panel-grid-cell panel-grid-cell-mobile-last\" ><div id=\"panel-773-4-1-0\" class=\"so-panel widget widget_rev-slider-widget widget_revslider panel-first-child\" data-index=\"7\" ><div class=\"panel-widget-style panel-widget-style-for-773-4-1-0\" >\n\t\t\t<!-- START Mentor REVOLUTION SLIDER 6.4.2 --><p class=\"rs-p-wp-fix\"><\/p>\n\t\t\t<rs-module-wrap id=\"rev_slider_39_2_wrapper\" data-source=\"gallery\" style=\"background:transparent;padding:0;margin:0px auto;margin-top:0;margin-bottom:0;\">\n\t\t\t\t<rs-module id=\"rev_slider_39_2\" style=\"\" data-version=\"6.4.2\">\n\t\t\t\t\t<rs-slides>\n\t\t\t\t\t\t<rs-slide data-key=\"rs-39\" data-title=\"Slide\" data-anim=\"ms:600;\" data-in=\"o:0;\" data-out=\"a:false;\">\n\t\t\t\t\t\t\t<img decoding=\"async\" src=\"\/\/blogs.uned.es\/alumni\/wp-content\/uploads\/sites\/179\/2020\/03\/GettyImages-1148108170_414279.jpg\" title=\"Mentor\u00eda\" class=\"rev-slidebg\" data-no-retina>\n<!--\n\t\t\t\t\t\t\t--><rs-layer\n\t\t\t\t\t\t\t\tid=\"slider-39-slide-39-layer-3\" \n\t\t\t\t\t\t\t\tclass=\"News-Title\"\n\t\t\t\t\t\t\t\tdata-type=\"text\"\n\t\t\t\t\t\t\t\tdata-color=\"rgba(247,247,247,1)\"\n\t\t\t\t\t\t\t\tdata-rsp_ch=\"on\"\n\t\t\t\t\t\t\t\tdata-xy=\"x:c;xo:-13px;y:c;yo:111px;\"\n\t\t\t\t\t\t\t\tdata-text=\"s:60;l:60;fw:100;\"\n\t\t\t\t\t\t\t\tdata-actions='o:click;a:simplelink;target:_self;url:http:\/\/blogs.uned.es\/alumni\/4-razones\/;'\n\t\t\t\t\t\t\t\tdata-frame_0=\"tp:600;\"\n\t\t\t\t\t\t\t\tdata-frame_1=\"tp:600;e:power2.inOut;st:500;\"\n\t\t\t\t\t\t\t\tdata-frame_999=\"o:0;tp:600;e:nothing;st:8900;\"\n\t\t\t\t\t\t\t\tstyle=\"z-index:5;font-family:Arial, Helvetica, sans-serif;text-shadow:3px 3px 18px rgba(0,0,0,0.4);\"\n\t\t\t\t\t\t\t>4 razones para disfrutar de este lujo \n\t\t\t\t\t\t\t<\/rs-layer><!--\n-->\t\t\t\t\t\t<\/rs-slide>\n\t\t\t\t\t<\/rs-slides>\n\t\t\t\t<\/rs-module>\n\t\t\t\t<script type=\"text\/javascript\">\n\t\t\t\t\tsetREVStartSize({c: 'rev_slider_39_2',rl:[1240,1024,778,480],el:[],gw:[1240],gh:[400],type:'hero',justify:'',layout:'fullwidth',mh:\"0\"});\n\t\t\t\t\tvar\trevapi39,\n\t\t\t\t\t\ttpj;\n\t\t\t\t\tfunction revinit_revslider392() {\n\t\t\t\t\tjQuery(function() {\n\t\t\t\t\t\ttpj = jQuery;\n\t\t\t\t\t\trevapi39 = tpj(\"#rev_slider_39_2\");\n\t\t\t\t\t\tif(revapi39==undefined || revapi39.revolution == undefined){\n\t\t\t\t\t\t\trevslider_showDoubleJqueryError(\"rev_slider_39_2\");\n\t\t\t\t\t\t}else{\n\t\t\t\t\t\t\trevapi39.revolution({\n\t\t\t\t\t\t\t\tsliderType:\"hero\",\n\t\t\t\t\t\t\t\tsliderLayout:\"fullwidth\",\n\t\t\t\t\t\t\t\tvisibilityLevels:\"1240,1024,778,480\",\n\t\t\t\t\t\t\t\tgridwidth:1240,\n\t\t\t\t\t\t\t\tgridheight:400,\n\t\t\t\t\t\t\t\tspinner:\"spinner0\",\n\t\t\t\t\t\t\t\tperspectiveType:\"local\",\n\t\t\t\t\t\t\t\tresponsiveLevels:\"1240,1024,778,480\",\n\t\t\t\t\t\t\t\tprogressBar:{disableProgressBar:true},\n\t\t\t\t\t\t\t\tnavigation: {\n\t\t\t\t\t\t\t\t\tonHoverStop:false\n\t\t\t\t\t\t\t\t},\n\t\t\t\t\t\t\t\tfallbacks: {\n\t\t\t\t\t\t\t\t\tallowHTML5AutoPlayOnAndroid:true\n\t\t\t\t\t\t\t\t},\n\t\t\t\t\t\t\t});\n\t\t\t\t\t\t}\n\t\t\t\t\t\t\n\t\t\t\t\t});\n\t\t\t\t\t} \/\/ End of RevInitScript\n\t\t\t\tvar once_revslider392 = false;\n\t\t\t\tif (document.readyState === \"loading\") {document.addEventListener('readystatechange',function() { if((document.readyState === \"interactive\" || document.readyState === \"complete\") && !once_revslider392 ) { once_revslider392 = true; revinit_revslider392();}});} else {once_revslider392 = true; revinit_revslider392();}\n\t\t\t\t<\/script>\n\t\t\t<\/rs-module-wrap>\n\t\t\t<!-- END REVOLUTION SLIDER -->\n<\/div><\/div><div id=\"panel-773-4-1-1\" class=\"so-panel widget widget_sow-editor panel-last-child\" data-index=\"8\" ><div class=\"panel-widget-style panel-widget-style-for-773-4-1-1\" ><div\n\t\t\t\n\t\t\tclass=\"so-widget-sow-editor so-widget-sow-editor-base\"\n\t\t\t\n\t\t>\n<div class=\"siteorigin-widget-tinymce textwidget\">\n\t<p><span style=\"color: #ffffff;font-size: 18px;font-family: georgia, palatino, serif\"><strong>1. Un mentor es un asesor estrat\u00e9gico<\/strong><\/span><br \/>\n<span style=\"color: #ffffff;font-size: 18px;font-family: georgia, palatino, serif\"><strong>2. Reconoce nuestras habilidades y virtudes<\/strong><\/span><br \/>\n<span style=\"color: #ffffff;font-size: 18px;font-family: georgia, palatino, serif\"><strong>3. Es un l\u00edder y una fuente de inspiraci\u00f3n<\/strong><\/span><br \/>\n<span style=\"color: #ffffff;font-size: 18px;font-family: georgia, palatino, serif\"><strong>4. Supone una oportunidad de hacer networking<\/strong><\/span><\/p>\n<\/div>\n<\/div><\/div><\/div><\/div><div id=\"pgc-773-4-2\"  class=\"panel-grid-cell panel-grid-cell-empty\" ><\/div><\/div><\/div><div id=\"pg-773-5\"  class=\"panel-grid panel-has-style\" ><div class=\"siteorigin-panels-stretch panel-row-style panel-row-style-for-773-5\" data-stretch-type=\"full\" ><div id=\"pgc-773-5-0\"  class=\"panel-grid-cell panel-grid-cell-empty\" ><\/div><div id=\"pgc-773-5-1\"  class=\"panel-grid-cell panel-grid-cell-empty panel-grid-cell-mobile-last\" ><\/div><div id=\"pgc-773-5-2\"  class=\"panel-grid-cell panel-grid-cell-empty\" ><\/div><\/div><\/div><div id=\"pg-773-6\"  class=\"panel-grid panel-no-style\" ><div id=\"pgc-773-6-0\"  class=\"panel-grid-cell\" ><div id=\"panel-773-6-0-0\" class=\"so-panel widget widget_sow-editor panel-first-child\" data-index=\"9\" ><div\n\t\t\t\n\t\t\tclass=\"so-widget-sow-editor so-widget-sow-editor-base\"\n\t\t\t\n\t\t>\n<div class=\"siteorigin-widget-tinymce textwidget\">\n\t<p>&nbsp;<\/p>\n<div class=\"su-button-center\"><a href=\"https:\/\/www.uned.es\/universidad\/inicio\/unidad\/coie\/empleo.html\" class=\"su-button su-button-style-padding15pxline-height1\" style=\"color:#FFFFFF;background-color:#077651;border-color:#065f41;border-radius:222px\" target=\"_self\"><span style=\"color:#FFFFFF;padding:0px 36px;font-size:26px;line-height:52px;border-color:#52a086;border-radius:222px;text-shadow:none\"> Bolsa de empleo<\/span><\/a><\/div>\n<p>&nbsp;<\/p>\n<p>&nbsp;<\/p>\n<\/div>\n<\/div><\/div><div id=\"panel-773-6-0-1\" class=\"so-panel widget widget_rev-slider-widget widget_revslider\" data-index=\"10\" >\n\t\t\t<!-- START ctaContacto REVOLUTION SLIDER 6.4.2 --><p class=\"rs-p-wp-fix\"><\/p>\n\t\t\t<rs-module-wrap id=\"rev_slider_29_3_wrapper\" data-source=\"gallery\" style=\"background:transparent;padding:0;margin:0px auto;margin-top:0;margin-bottom:0;\">\n\t\t\t\t<rs-module id=\"rev_slider_29_3\" style=\"\" data-version=\"6.4.2\">\n\t\t\t\t\t<rs-slides>\n\t\t\t\t\t\t<rs-slide data-key=\"rs-29\" data-title=\"Slide\" data-anim=\"ms:600;\" data-in=\"o:0;\" data-out=\"a:false;\">\n\t\t\t\t\t\t\t<img decoding=\"async\" src=\"\/\/blogs.uned.es\/alumni\/wp-content\/uploads\/sites\/179\/2020\/01\/contacta.jpg\" title=\"Mentor\u00eda\" data-bg=\"p:center top;\" class=\"rev-slidebg\" data-no-retina>\n<!--\n\t\t\t\t\t\t\t--><rs-layer\n\t\t\t\t\t\t\t\tid=\"slider-29-slide-29-layer-3\" \n\t\t\t\t\t\t\t\tclass=\"News-Title\"\n\t\t\t\t\t\t\t\tdata-type=\"text\"\n\t\t\t\t\t\t\t\tdata-color=\"rgba(255,255,255,1)\"\n\t\t\t\t\t\t\t\tdata-rsp_ch=\"on\"\n\t\t\t\t\t\t\t\tdata-xy=\"x:63px;y:c;yo:-31px;\"\n\t\t\t\t\t\t\t\tdata-text=\"s:44;l:60;\"\n\t\t\t\t\t\t\t\tdata-frame_0=\"tp:600;\"\n\t\t\t\t\t\t\t\tdata-frame_1=\"tp:600;e:power2.inOut;st:500;\"\n\t\t\t\t\t\t\t\tdata-frame_999=\"o:0;tp:600;e:nothing;st:w;\"\n\t\t\t\t\t\t\t\tstyle=\"z-index:5;font-family:Arial, Helvetica, sans-serif;text-shadow:3px 3px 18px rgba(0,0,0,0.4);\"\n\t\t\t\t\t\t\t>Estamos aqu\u00ed para lo que necesites \n\t\t\t\t\t\t\t<\/rs-layer><!--\n\n\t\t\t\t\t\t\t--><rs-layer\n\t\t\t\t\t\t\t\tid=\"slider-29-slide-29-layer-5\" \n\t\t\t\t\t\t\t\tclass=\"rev-btn rev-hiddenicon\"\n\t\t\t\t\t\t\t\tdata-type=\"button\"\n\t\t\t\t\t\t\t\tdata-color=\"rgba(255,255,255,1)\"\n\t\t\t\t\t\t\t\tdata-rsp_ch=\"on\"\n\t\t\t\t\t\t\t\tdata-xy=\"x:56px;y:c;yo:64px;\"\n\t\t\t\t\t\t\t\tdata-text=\"s:28;l:28;fw:900;\"\n\t\t\t\t\t\t\t\tdata-actions='o:click;a:simplelink;target:_self;url:contacto;'\n\t\t\t\t\t\t\t\tdata-padding=\"t:12;r:35;b:12;l:35;\"\n\t\t\t\t\t\t\t\tdata-border=\"bor:30px,30px,30px,30px;\"\n\t\t\t\t\t\t\t\tdata-frame_0=\"tp:600;\"\n\t\t\t\t\t\t\t\tdata-frame_1=\"tp:600;e:power2.inOut;st:500;\"\n\t\t\t\t\t\t\t\tdata-frame_999=\"o:0;tp:600;e:nothing;st:w;\"\n\t\t\t\t\t\t\t\tdata-frame_hover=\"c:#000;bgc:#fff;boc:#000;bor:30px,30px,30px,30px;bos:solid;oX:50;oY:50;sp:0;e:none;\"\n\t\t\t\t\t\t\t\tstyle=\"z-index:6;background-color:rgba(0,0,0,0.75);font-family:Roboto;cursor:pointer;outline:none;box-shadow:none;box-sizing:border-box;-moz-box-sizing:border-box;-webkit-box-sizing:border-box;text-transform:uppercase;letter-spacing:1px;\"\n\t\t\t\t\t\t\t>Cont\u00e1ctanos <i class=\"fa-chevron-right\"><\/i> \n\t\t\t\t\t\t\t<\/rs-layer><!--\n-->\t\t\t\t\t\t<\/rs-slide>\n\t\t\t\t\t<\/rs-slides>\n\t\t\t\t<\/rs-module>\n\t\t\t\t<script type=\"text\/javascript\">\n\t\t\t\t\tsetREVStartSize({c: 'rev_slider_29_3',rl:[1240,1024,778,480],el:[],gw:[1240],gh:[300],type:'hero',justify:'',layout:'fullwidth',mh:\"0\"});\n\t\t\t\t\tvar\trevapi29,\n\t\t\t\t\t\ttpj;\n\t\t\t\t\tfunction revinit_revslider293() {\n\t\t\t\t\tjQuery(function() {\n\t\t\t\t\t\ttpj = jQuery;\n\t\t\t\t\t\trevapi29 = tpj(\"#rev_slider_29_3\");\n\t\t\t\t\t\tif(revapi29==undefined || revapi29.revolution == undefined){\n\t\t\t\t\t\t\trevslider_showDoubleJqueryError(\"rev_slider_29_3\");\n\t\t\t\t\t\t}else{\n\t\t\t\t\t\t\trevapi29.revolution({\n\t\t\t\t\t\t\t\tsliderType:\"hero\",\n\t\t\t\t\t\t\t\tsliderLayout:\"fullwidth\",\n\t\t\t\t\t\t\t\tvisibilityLevels:\"1240,1024,778,480\",\n\t\t\t\t\t\t\t\tgridwidth:1240,\n\t\t\t\t\t\t\t\tgridheight:300,\n\t\t\t\t\t\t\t\tspinner:\"spinner0\",\n\t\t\t\t\t\t\t\tperspectiveType:\"local\",\n\t\t\t\t\t\t\t\tresponsiveLevels:\"1240,1024,778,480\",\n\t\t\t\t\t\t\t\tprogressBar:{disableProgressBar:true},\n\t\t\t\t\t\t\t\tnavigation: {\n\t\t\t\t\t\t\t\t\tonHoverStop:false\n\t\t\t\t\t\t\t\t},\n\t\t\t\t\t\t\t\tfallbacks: {\n\t\t\t\t\t\t\t\t\tallowHTML5AutoPlayOnAndroid:true\n\t\t\t\t\t\t\t\t},\n\t\t\t\t\t\t\t});\n\t\t\t\t\t\t}\n\t\t\t\t\t\t\n\t\t\t\t\t});\n\t\t\t\t\t} \/\/ End of RevInitScript\n\t\t\t\tvar once_revslider293 = false;\n\t\t\t\tif (document.readyState === \"loading\") {document.addEventListener('readystatechange',function() { if((document.readyState === \"interactive\" || document.readyState === \"complete\") && !once_revslider293 ) { once_revslider293 = true; revinit_revslider293();}});} else {once_revslider293 = true; revinit_revslider293();}\n\t\t\t\t<\/script>\n\t\t\t<\/rs-module-wrap>\n\t\t\t<!-- END REVOLUTION SLIDER -->\n<\/div><div id=\"panel-773-6-0-2\" class=\"so-panel widget widget_sow-image\" data-index=\"11\" ><div\n\t\t\t\n\t\t\tclass=\"so-widget-sow-image so-widget-sow-image-default-8b5b6f678277-773\"\n\t\t\t\n\t\t><\/div><\/div><div id=\"panel-773-6-0-3\" class=\"so-panel widget widget_sow-image panel-last-child\" data-index=\"12\" ><div\n\t\t\t\n\t\t\tclass=\"so-widget-sow-image so-widget-sow-image-default-8b5b6f678277-773\"\n\t\t\t\n\t\t><\/div><\/div><\/div><\/div><\/div>","protected":false},"excerpt":{"rendered":"<p>\u00bfQu\u00e9 es un mentor? \u00a0\u201cUn mentor es una versi\u00f3n m\u00e1s experimentada y exitosa de ti mismo en acci\u00f3n\u201d Es una persona que ha logrado lo que t\u00fa buscas conseguir. Tambi\u00e9n &hellip; <a href=\"https:\/\/blogs.uned.es\/alumni\/mentoria\/\" title=\"Mentor\u00eda\" class=\"read-more\">Read More<\/a><\/p>\n","protected":false},"author":1,"featured_media":0,"parent":0,"menu_order":0,"comment_status":"closed","ping_status":"closed","template":"","meta":{"footnotes":""},"class_list":["post-773","page","type-page","status-publish","hentry"],"_links":{"self":[{"href":"https:\/\/blogs.uned.es\/alumni\/wp-json\/wp\/v2\/pages\/773","targetHints":{"allow":["GET"]}}],"collection":[{"href":"https:\/\/blogs.uned.es\/alumni\/wp-json\/wp\/v2\/pages"}],"about":[{"href":"https:\/\/blogs.uned.es\/alumni\/wp-json\/wp\/v2\/types\/page"}],"author":[{"embeddable":true,"href":"https:\/\/blogs.uned.es\/alumni\/wp-json\/wp\/v2\/users\/1"}],"replies":[{"embeddable":true,"href":"https:\/\/blogs.uned.es\/alumni\/wp-json\/wp\/v2\/comments?post=773"}],"version-history":[{"count":118,"href":"https:\/\/blogs.uned.es\/alumni\/wp-json\/wp\/v2\/pages\/773\/revisions"}],"predecessor-version":[{"id":5813,"href":"https:\/\/blogs.uned.es\/alumni\/wp-json\/wp\/v2\/pages\/773\/revisions\/5813"}],"wp:attachment":[{"href":"https:\/\/blogs.uned.es\/alumni\/wp-json\/wp\/v2\/media?parent=773"}],"curies":[{"name":"wp","href":"https:\/\/api.w.org\/{rel}","templated":true}]}}