{"id":4873,"date":"2022-05-12T21:01:03","date_gmt":"2022-05-12T19:01:03","guid":{"rendered":"https:\/\/blogs.uned.es\/alumni\/?page_id=4873"},"modified":"2022-09-14T20:29:58","modified_gmt":"2022-09-14T18:29:58","slug":"xxvi-encuentro-alumni-espana","status":"publish","type":"page","link":"https:\/\/blogs.uned.es\/alumni\/xxvi-encuentro-alumni-espana\/","title":{"rendered":"XXVI ENCUENTRO ALUMNI ESPA\u00d1A"},"content":{"rendered":"<div id=\"pl-4873\"  class=\"panel-layout\" ><div id=\"pg-4873-0\"  class=\"panel-grid panel-no-style\" ><div id=\"pgc-4873-0-0\"  class=\"panel-grid-cell\" ><div id=\"panel-4873-0-0-0\" class=\"so-panel widget widget_rev-slider-widget widget_revslider panel-first-child panel-last-child\" data-index=\"0\" >\n\t\t\t<!-- START XXVI ENCUENTRO ALUMNI ESPA\u00d1A REVOLUTION SLIDER 6.4.2 --><p class=\"rs-p-wp-fix\"><\/p>\n\t\t\t<rs-module-wrap id=\"rev_slider_63_1_wrapper\" data-source=\"gallery\" style=\"background:transparent;padding:0;margin:0px auto;margin-top:0;margin-bottom:0;\">\n\t\t\t\t<rs-module id=\"rev_slider_63_1\" style=\"\" data-version=\"6.4.2\">\n\t\t\t\t\t<rs-slides>\n\t\t\t\t\t\t<rs-slide data-key=\"rs-67\" data-title=\"Slide\" data-in=\"o:0;\" data-out=\"a:false;\">\n\t\t\t\t\t\t\t<img loading=\"lazy\" decoding=\"async\" src=\"\/\/blogs.uned.es\/alumni\/wp-content\/uploads\/sites\/179\/2022\/04\/8.png\" title=\"8\" width=\"1400\" height=\"500\" class=\"rev-slidebg\" data-no-retina>\n<!--\n\t\t\t\t\t\t\t--><rs-layer\n\t\t\t\t\t\t\t\tid=\"slider-63-slide-67-layer-3\" \n\t\t\t\t\t\t\t\tclass=\"rev-btn rev-withicon\"\n\t\t\t\t\t\t\t\tdata-type=\"button\"\n\t\t\t\t\t\t\t\tdata-color=\"rgba(255,255,255,1)\"\n\t\t\t\t\t\t\t\tdata-rsp_ch=\"on\"\n\t\t\t\t\t\t\t\tdata-xy=\"x:r;xo:189px;y:b;yo:28px;\"\n\t\t\t\t\t\t\t\tdata-text=\"w:normal;s:27;l:17;fw:700;a:center;\"\n\t\t\t\t\t\t\t\tdata-dim=\"w:183px;\"\n\t\t\t\t\t\t\t\tdata-actions='o:click;a:simplelink;target:_self;url:https:\/\/www.fundacion.uned.es\/actividad\/idactividad\/27066&codigo=XEAE;'\n\t\t\t\t\t\t\t\tdata-padding=\"t:19;r:10;b:16;l:40;\"\n\t\t\t\t\t\t\t\tdata-border=\"bor:30px,30px,30px,30px;\"\n\t\t\t\t\t\t\t\tdata-frame_1=\"e:power2.inOut;st:500;\"\n\t\t\t\t\t\t\t\tdata-frame_999=\"o:0;e:nothing;st:w;\"\n\t\t\t\t\t\t\t\tdata-frame_hover=\"bgc:#006c42;boc:#000;bor:30px,30px,30px,30px;bos:solid;oX:50;oY:50;sp:0;e:none;\"\n\t\t\t\t\t\t\t\tstyle=\"z-index:6;background-color:rgba(0,108,66,1);font-family:Roboto;cursor:pointer;outline:none;box-shadow:none;box-sizing:border-box;-moz-box-sizing:border-box;-webkit-box-sizing:border-box;\"\n\t\t\t\t\t\t\t>Ap\u00fantate \n\t\t\t\t\t\t\t<\/rs-layer><!--\n\n\t\t\t\t\t\t\t--><a\n\t\t\t\t\t\t\t\tid=\"slider-63-slide-67-layer-4\" \n\t\t\t\t\t\t\t\tclass=\"rs-layer rev-btn\"\n\t\t\t\t\t\t\t\thref=\"https:\/\/blogs.uned.es\/alumni\/xxvi-encuentro-alumni-espana\/\" target=\"_self\"\n\t\t\t\t\t\t\t\tdata-type=\"button\"\n\t\t\t\t\t\t\t\tdata-color=\"#005901\"\n\t\t\t\t\t\t\t\tdata-rsp_ch=\"on\"\n\t\t\t\t\t\t\t\tdata-xy=\"x:208px;y:189px;\"\n\t\t\t\t\t\t\t\tdata-text=\"w:normal;s:38;l:94;fw:900;a:center;\"\n\t\t\t\t\t\t\t\tdata-dim=\"w:871;h:94;\"\n\t\t\t\t\t\t\t\tdata-actions='o:click;a:menulink;target:_self;url:https:\/\/blogs.uned.es\/alumni\/xxvi-encuentro-alumni-espana\/;sp:300;e:none;'\n\t\t\t\t\t\t\t\tdata-basealign=\"slide\"\n\t\t\t\t\t\t\t\tdata-padding=\"r:107;l:107;\"\n\t\t\t\t\t\t\t\tdata-border=\"boc:rgba(255,255,255,0.35);bow:1px,1px,1px,1px;\"\n\t\t\t\t\t\t\t\tdata-frame_999=\"o:0;st:w;\"\n\t\t\t\t\t\t\t\tdata-frame_hover=\"c:#fff;bgc:#000;boc:rgba(255,255,255,0.75);bor:0px,0px,0px,0px;bow:1px,1px,1px,1px;\"\n\t\t\t\t\t\t\t\tstyle=\"z-index:7;background-color:rgba(255,255,255,0.46);font-family:Roboto;\"\n\t\t\t\t\t\t\t>XXVI ENCUENTRO ALUMNI ESPA\u00d1A \n\t\t\t\t\t\t\t<\/a><!--\n-->\t\t\t\t\t\t<\/rs-slide>\n\t\t\t\t\t<\/rs-slides>\n\t\t\t\t<\/rs-module>\n\t\t\t\t<script type=\"text\/javascript\">\n\t\t\t\t\tsetREVStartSize({c: 'rev_slider_63_1',rl:[1240,1024,778,480],el:[400],gw:[1240],gh:[400],type:'hero',justify:'',layout:'fullwidth',mh:\"0\"});\n\t\t\t\t\tvar\trevapi63,\n\t\t\t\t\t\ttpj;\n\t\t\t\t\tfunction revinit_revslider631() {\n\t\t\t\t\tjQuery(function() {\n\t\t\t\t\t\ttpj = jQuery;\n\t\t\t\t\t\trevapi63 = tpj(\"#rev_slider_63_1\");\n\t\t\t\t\t\tif(revapi63==undefined || revapi63.revolution == undefined){\n\t\t\t\t\t\t\trevslider_showDoubleJqueryError(\"rev_slider_63_1\");\n\t\t\t\t\t\t}else{\n\t\t\t\t\t\t\trevapi63.revolution({\n\t\t\t\t\t\t\t\tsliderType:\"hero\",\n\t\t\t\t\t\t\t\tsliderLayout:\"fullwidth\",\n\t\t\t\t\t\t\t\tvisibilityLevels:\"1240,1024,778,480\",\n\t\t\t\t\t\t\t\tgridwidth:1240,\n\t\t\t\t\t\t\t\tgridheight:400,\n\t\t\t\t\t\t\t\tspinner:\"spinner0\",\n\t\t\t\t\t\t\t\tperspective:600,\n\t\t\t\t\t\t\t\tperspectiveType:\"local\",\n\t\t\t\t\t\t\t\teditorheight:\"400,768,960,720\",\n\t\t\t\t\t\t\t\tresponsiveLevels:\"1240,1024,778,480\",\n\t\t\t\t\t\t\t\tprogressBar:{disableProgressBar:true},\n\t\t\t\t\t\t\t\tnavigation: {\n\t\t\t\t\t\t\t\t\tonHoverStop:false\n\t\t\t\t\t\t\t\t},\n\t\t\t\t\t\t\t\tfallbacks: {\n\t\t\t\t\t\t\t\t\tallowHTML5AutoPlayOnAndroid:true\n\t\t\t\t\t\t\t\t},\n\t\t\t\t\t\t\t});\n\t\t\t\t\t\t}\n\t\t\t\t\t\t\n\t\t\t\t\t});\n\t\t\t\t\t} \/\/ End of RevInitScript\n\t\t\t\tvar once_revslider631 = false;\n\t\t\t\tif (document.readyState === \"loading\") {document.addEventListener('readystatechange',function() { if((document.readyState === \"interactive\" || document.readyState === \"complete\") && !once_revslider631 ) { once_revslider631 = true; revinit_revslider631();}});} else {once_revslider631 = true; revinit_revslider631();}\n\t\t\t\t<\/script>\n\t\t\t<\/rs-module-wrap>\n\t\t\t<!-- END REVOLUTION SLIDER -->\n<\/div><\/div><\/div><div id=\"pg-4873-1\"  class=\"panel-grid panel-has-style\" ><div class=\"siteorigin-panels-stretch panel-row-style panel-row-style-for-4873-1\" style=\"padding-top: 20px; padding-bottom: 20px; padding-left: 0px; padding-right: 0px; \" data-stretch-type=\"full\" ><div id=\"pgc-4873-1-0\"  class=\"panel-grid-cell\" ><div class=\"iconosSubcabecera panel-cell-style panel-cell-style-for-4873-1-0\" ><div id=\"panel-4873-1-0-0\" class=\"so-panel widget widget_sow-editor panel-first-child\" data-index=\"1\" ><div\n\t\t\t\n\t\t\tclass=\"so-widget-sow-editor so-widget-sow-editor-base\"\n\t\t\t\n\t\t>\n<div class=\"siteorigin-widget-tinymce textwidget\">\n\t<\/div>\n<\/div><\/div><div id=\"panel-4873-1-0-1\" class=\"so-panel widget widget_sow-features panel-last-child\" data-index=\"2\" ><div class=\"panel-widget-style panel-widget-style-for-4873-1-0-1\" ><div\n\t\t\t\n\t\t\tclass=\"so-widget-sow-features so-widget-sow-features-default-f9abe917f65f-4873\"\n\t\t\t\n\t\t><ul\n\tclass=\"sow-features-list\n\tsow-features-responsive\">\n\n\t\t\t<li\n\t\t\tclass=\"sow-features-feature sow-icon-container-position-top\"\n\t\t\tstyle=\"display: flex; flex-direction: column; width: calc(12.5% - 25px);\"\n\t\t>\n\t\t\t\t\t\t\t<a\n\t\t\t\t\thref=\"https:\/\/blogs.uned.es\/alumni\/programa-xxvi-encuentro\/\"\n\t\t\t\t\t\t\t\t\t\tclass=\"sow-features-feature-linked-column\"\n\t\t\t\t>\n\t\t\t\t\t<span class=\"so-sr-only\">\n\t\t\t\t\t\t\t\t\t\t\t<\/span>\n\t\t\t\t<\/a>\n\t\t\t\n\t\t\t\t\t\t<a\t\t\t\tclass=\"sow-icon-container sow-container-none\"\n\t\t\t\tstyle=\"color: #404040; \"\n\t\t\t\t\n\t\t\t\t\t\t\t\t\thref=\"https:\/\/blogs.uned.es\/alumni\/programa-xxvi-encuentro\/\"\n\t\t\t\t\t\t\t\t>\n\t\t\t\t<span class=\"sow-icon-fontawesome sow-fas\" data-sow-icon=\"&#xf518;\"\n\t\tstyle=\"font-size: 40px; color: #FFFFFF\" \n\t\taria-hidden=\"true\"><\/span>\t\t\t<\/a>\n\n\t\t\t<div class=\"textwidget\">\n\t\t\t\t\n\t\t\t\t\t\t\t\t\t<h5 class=\"sow-features-feature-title\">\n\t\t\t\t\t\tPrograma\t\t\t\t\t<\/h5>\n\t\t\t\t\n\t\t\t\t\t\t\t<\/div>\n\t\t\t\t\t\t\t\t<\/li>\n\n\t\t\t<li\n\t\t\tclass=\"sow-features-feature sow-icon-container-position-top\"\n\t\t\tstyle=\"display: flex; flex-direction: column; width: calc(12.5% - 25px);\"\n\t\t>\n\t\t\t\t\t\t\t<a\n\t\t\t\t\thref=\"https:\/\/blogs.uned.es\/alumni\/mapa-xxvi-encuentro\/\"\n\t\t\t\t\t\t\t\t\t\tclass=\"sow-features-feature-linked-column\"\n\t\t\t\t>\n\t\t\t\t\t<span class=\"so-sr-only\">\n\t\t\t\t\t\t\t\t\t\t\t<\/span>\n\t\t\t\t<\/a>\n\t\t\t\n\t\t\t\t\t\t<a\t\t\t\tclass=\"sow-icon-container sow-container-none\"\n\t\t\t\tstyle=\"color: #404040; \"\n\t\t\t\t\n\t\t\t\t\t\t\t\t\thref=\"https:\/\/blogs.uned.es\/alumni\/mapa-xxvi-encuentro\/\"\n\t\t\t\t\t\t\t\t>\n\t\t\t\t<span class=\"sow-icon-fontawesome sow-fas\" data-sow-icon=\"&#xf59f;\"\n\t\tstyle=\"font-size: 40px; color: #ffffff\" \n\t\taria-hidden=\"true\"><\/span>\t\t\t<\/a>\n\n\t\t\t<div class=\"textwidget\">\n\t\t\t\t\n\t\t\t\t\t\t\t\t\t<h5 class=\"sow-features-feature-title\">\n\t\t\t\t\t\tMapa\t\t\t\t\t<\/h5>\n\t\t\t\t\n\t\t\t\t\t\t\t<\/div>\n\t\t\t\t\t\t\t\t<\/li>\n\n\t\t\t<li\n\t\t\tclass=\"sow-features-feature sow-icon-container-position-top\"\n\t\t\tstyle=\"display: flex; flex-direction: column; width: calc(12.5% - 25px);\"\n\t\t>\n\t\t\t\t\t\t\t<a\n\t\t\t\t\thref=\"https:\/\/blogs.uned.es\/alumni\/hotel-xxvi-encuentro\/\"\n\t\t\t\t\t\t\t\t\t\tclass=\"sow-features-feature-linked-column\"\n\t\t\t\t>\n\t\t\t\t\t<span class=\"so-sr-only\">\n\t\t\t\t\t\t\t\t\t\t\t<\/span>\n\t\t\t\t<\/a>\n\t\t\t\n\t\t\t\t\t\t<a\t\t\t\tclass=\"sow-icon-container sow-container-none\"\n\t\t\t\tstyle=\"color: #404040; \"\n\t\t\t\t\n\t\t\t\t\t\t\t\t\thref=\"https:\/\/blogs.uned.es\/alumni\/hotel-xxvi-encuentro\/\"\n\t\t\t\t\t\t\t\t>\n\t\t\t\t<span class=\"sow-icon-fontawesome sow-fas\" data-sow-icon=\"&#xf236;\"\n\t\tstyle=\"font-size: 40px; color: #ffffff\" \n\t\taria-hidden=\"true\"><\/span>\t\t\t<\/a>\n\n\t\t\t<div class=\"textwidget\">\n\t\t\t\t\n\t\t\t\t\t\t\t\t\t<h5 class=\"sow-features-feature-title\">\n\t\t\t\t\t\tHotel\t\t\t\t\t<\/h5>\n\t\t\t\t\n\t\t\t\t\t\t\t<\/div>\n\t\t\t\t\t\t\t\t<\/li>\n\n\t\t\t<li\n\t\t\tclass=\"sow-features-feature sow-icon-container-position-top\"\n\t\t\tstyle=\"display: flex; flex-direction: column; width: calc(12.5% - 25px);\"\n\t\t>\n\t\t\t\t\t\t\t<a\n\t\t\t\t\thref=\"https:\/\/blogs.uned.es\/alumni\/visita-xxvi-encuentro\/\"\n\t\t\t\t\t\t\t\t\t\tclass=\"sow-features-feature-linked-column\"\n\t\t\t\t>\n\t\t\t\t\t<span class=\"so-sr-only\">\n\t\t\t\t\t\t\t\t\t\t\t<\/span>\n\t\t\t\t<\/a>\n\t\t\t\n\t\t\t\t\t\t<a\t\t\t\tclass=\"sow-icon-container sow-container-none\"\n\t\t\t\tstyle=\"color: #404040; \"\n\t\t\t\t\n\t\t\t\t\t\t\t\t\thref=\"https:\/\/blogs.uned.es\/alumni\/visita-xxvi-encuentro\/\"\n\t\t\t\t\t\t\t\t>\n\t\t\t\t<span class=\"sow-icon-fontawesome sow-fas\" data-sow-icon=\"&#xf277;\"\n\t\tstyle=\"font-size: 40px; color: #ffffff\" \n\t\taria-hidden=\"true\"><\/span>\t\t\t<\/a>\n\n\t\t\t<div class=\"textwidget\">\n\t\t\t\t\n\t\t\t\t\t\t\t\t\t<h5 class=\"sow-features-feature-title\">\n\t\t\t\t\t\t\u00bfQu\u00e9 visitar en Madrid?\t\t\t\t\t<\/h5>\n\t\t\t\t\n\t\t\t\t\t\t\t<\/div>\n\t\t\t\t\t\t\t\t<\/li>\n\n\t\t\t<li\n\t\t\tclass=\"sow-features-feature sow-icon-container-position-top\"\n\t\t\tstyle=\"display: flex; flex-direction: column; width: calc(12.5% - 25px);\"\n\t\t>\n\t\t\t\t\t\t\t<a\n\t\t\t\t\thref=\"https:\/\/blogs.uned.es\/alumni\/contacto-xxvi-encuentro\/\"\n\t\t\t\t\t\t\t\t\t\tclass=\"sow-features-feature-linked-column\"\n\t\t\t\t>\n\t\t\t\t\t<span class=\"so-sr-only\">\n\t\t\t\t\t\t\t\t\t\t\t<\/span>\n\t\t\t\t<\/a>\n\t\t\t\n\t\t\t\t\t\t<a\t\t\t\tclass=\"sow-icon-container sow-container-none\"\n\t\t\t\tstyle=\"color: #404040; \"\n\t\t\t\t\n\t\t\t\t\t\t\t\t\thref=\"https:\/\/blogs.uned.es\/alumni\/contacto-xxvi-encuentro\/\"\n\t\t\t\t\t\t\t\t>\n\t\t\t\t<span class=\"sow-icon-ionicons\" data-sow-icon=\"&#xf2d9;\"\n\t\tstyle=\"font-size: 40px; color: #FFFFFF\" \n\t\taria-hidden=\"true\"><\/span>\t\t\t<\/a>\n\n\t\t\t<div class=\"textwidget\">\n\t\t\t\t\n\t\t\t\t\t\t\t\t\t<h5 class=\"sow-features-feature-title\">\n\t\t\t\t\t\tContacto\t\t\t\t\t<\/h5>\n\t\t\t\t\n\t\t\t\t\t\t\t<\/div>\n\t\t\t\t\t\t\t\t<\/li>\n\n\t\t\t<li\n\t\t\tclass=\"sow-features-feature sow-icon-container-position-top\"\n\t\t\tstyle=\"display: flex; flex-direction: column; width: calc(12.5% - 25px);\"\n\t\t>\n\t\t\t\t\t\t\t<a\n\t\t\t\t\thref=\"https:\/\/blogs.uned.es\/alumni\/fotos-xxvi-encuentro\/\"\n\t\t\t\t\t\t\t\t\t\tclass=\"sow-features-feature-linked-column\"\n\t\t\t\t>\n\t\t\t\t\t<span class=\"so-sr-only\">\n\t\t\t\t\t\t\t\t\t\t\t<\/span>\n\t\t\t\t<\/a>\n\t\t\t\n\t\t\t\t\t\t<a\t\t\t\tclass=\"sow-icon-container sow-container-none\"\n\t\t\t\tstyle=\"color: #404040; \"\n\t\t\t\t\n\t\t\t\t\t\t\t\t\thref=\"https:\/\/blogs.uned.es\/alumni\/fotos-xxvi-encuentro\/\"\n\t\t\t\t\t\t\t\t>\n\t\t\t\t<span class=\"sow-icon-fontawesome sow-far\" data-sow-icon=\"&#xf2c1;\"\n\t\tstyle=\"font-size: 40px; color: #FFFFFF\" \n\t\taria-hidden=\"true\"><\/span>\t\t\t<\/a>\n\n\t\t\t<div class=\"textwidget\">\n\t\t\t\t\n\t\t\t\t\t\t\t\t\t<h5 class=\"sow-features-feature-title\">\n\t\t\t\t\t\tFotos\t\t\t\t\t<\/h5>\n\t\t\t\t\n\t\t\t\t\t\t\t<\/div>\n\t\t\t\t\t\t\t\t<\/li>\n\n\t\t\t<li\n\t\t\tclass=\"sow-features-feature sow-icon-container-position-top\"\n\t\t\tstyle=\"display: flex; flex-direction: column; width: calc(12.5% - 25px);\"\n\t\t>\n\t\t\t\t\t\t\t<a\n\t\t\t\t\thref=\"https:\/\/blogs.uned.es\/alumni\/colaboraciones-xxvi-encuentro-2\/\"\n\t\t\t\t\t\t\t\t\t\tclass=\"sow-features-feature-linked-column\"\n\t\t\t\t>\n\t\t\t\t\t<span class=\"so-sr-only\">\n\t\t\t\t\t\t\t\t\t\t\t<\/span>\n\t\t\t\t<\/a>\n\t\t\t\n\t\t\t\t\t\t<a\t\t\t\tclass=\"sow-icon-container sow-container-none\"\n\t\t\t\tstyle=\"color: #404040; \"\n\t\t\t\t\n\t\t\t\t\t\t\t\t\thref=\"https:\/\/blogs.uned.es\/alumni\/colaboraciones-xxvi-encuentro-2\/\"\n\t\t\t\t\t\t\t\t>\n\t\t\t\t<span class=\"sow-icon-ionicons\" data-sow-icon=\"&#xf38f;\"\n\t\tstyle=\"font-size: 40px; color: #fff\" \n\t\taria-hidden=\"true\"><\/span>\t\t\t<\/a>\n\n\t\t\t<div class=\"textwidget\">\n\t\t\t\t\n\t\t\t\t\t\t\t\t\t<h5 class=\"sow-features-feature-title\">\n\t\t\t\t\t\tColaboraciones\t\t\t\t\t<\/h5>\n\t\t\t\t\n\t\t\t\t\t\t\t<\/div>\n\t\t\t\t\t\t\t\t<\/li>\n\n\t<\/ul>\n<\/div><\/div><\/div><\/div><\/div><\/div><\/div><div id=\"pg-4873-2\"  class=\"panel-grid panel-has-style\" ><div class=\"siteorigin-panels-stretch panel-row-style panel-row-style-for-4873-2\" style=\"padding-top: 20px; padding-bottom: 20px; padding-left: 0px; padding-right: 0px; \" data-stretch-type=\"full\" ><div id=\"pgc-4873-2-0\"  class=\"panel-grid-cell\" ><div class=\"iconosSubcabecera panel-cell-style panel-cell-style-for-4873-2-0\" ><div id=\"panel-4873-2-0-0\" class=\"so-panel widget widget_sow-editor panel-first-child panel-last-child\" data-index=\"3\" ><div\n\t\t\t\n\t\t\tclass=\"so-widget-sow-editor so-widget-sow-editor-base\"\n\t\t\t\n\t\t>\n<div class=\"siteorigin-widget-tinymce textwidget\">\n\t<p><span style=\"font-size: 21px;color: #000000\"><strong>El XXVI Encuentro de Asociaciones de Antiguos Alumnos y Amigos de las Universidades Espa\u00f1olas<\/strong> tendr\u00e1 lugar durante los d\u00edas 17 y 18 de octubre de 2022.<\/span><\/p>\n<p><span style=\"font-size: 21px;color: #000000\">Este encuentro lo convoca cada a\u00f1o la Federaci\u00f3n de Asociaciones de Antiguos Alumnos y Amigos de las Universidades Espa\u00f1olas (Alumni Espa\u00f1a) y lo organiza una de las asociaciones federadas. En esta ocasi\u00f3n, es la Comunidad de Antiguos Alumnos y Amigos de la UNED, denominada <strong>AlumniUNED<\/strong>, la encargada de la organizaci\u00f3n de este evento, en el marco de la <strong>celebraci\u00f3n del 50 aniversario de la creaci\u00f3n de la UNED<\/strong>.<\/span><\/p>\n<p><span style=\"font-size: 21px;color: #000000\">El XXVI Encuentro tiene una vertiente acad\u00e9mica e institucional, pero sobre todo pr\u00e1ctica para las entidades que agrupamos a los antiguos alumnos y amigos de las universidades espa\u00f1olas, sin olvidar la dimensi\u00f3n de relaci\u00f3n personal y cultural que siempre facilitan este tipo de reuniones.<\/span><\/p>\n<p><span style=\"font-size: 21px;color: #000000\">Creemos que puede ser un foro valioso para vuestra empresa o entidad alumni en donde podr\u00e1n formarse, intercambiar experiencias, establecer relaciones personales e institucionales y encontrar apoyos para el desarrollo de proyectos.<\/span><\/p>\n<p><span style=\"font-size: 21px;color: #000000\">Para la Federaci\u00f3n ser\u00eda un verdadero honor poder contar con la presencia en dicho evento de todo aquel que se encuentre relacionado con el Mundo Alumni.<\/span><\/p>\n<p><span style=\"font-size: 21px;color: #000000\">Tanto para la Comunidad AlumniUNED como para la Federaci\u00f3n Alumni Espa\u00f1a es una satisfacci\u00f3n contar con vuestra presencia<\/span><\/p>\n<\/div>\n<\/div><\/div><\/div><\/div><div id=\"pgc-4873-2-1\"  class=\"panel-grid-cell\" ><div class=\"iconosSubcabecera panel-cell-style panel-cell-style-for-4873-2-1\" ><div id=\"panel-4873-2-1-0\" class=\"so-panel widget widget_sow-image panel-first-child panel-last-child\" data-index=\"4\" ><div\n\t\t\t\n\t\t\tclass=\"so-widget-sow-image so-widget-sow-image-default-113ccd71f3e6-4873\"\n\t\t\t\n\t\t>\n<div class=\"sow-image-container\">\n\t\t<img \n\tsrc=\"https:\/\/blogs.uned.es\/alumni\/wp-content\/uploads\/sites\/179\/2022\/09\/Modificacion-Programa-Encuentro-Alumni-Espana.jpg\" width=\"1414\" height=\"2000\" srcset=\"https:\/\/blogs.uned.es\/alumni\/wp-content\/uploads\/sites\/179\/2022\/09\/Modificacion-Programa-Encuentro-Alumni-Espana.jpg 1414w, https:\/\/blogs.uned.es\/alumni\/wp-content\/uploads\/sites\/179\/2022\/09\/Modificacion-Programa-Encuentro-Alumni-Espana-212x300.jpg 212w, https:\/\/blogs.uned.es\/alumni\/wp-content\/uploads\/sites\/179\/2022\/09\/Modificacion-Programa-Encuentro-Alumni-Espana-724x1024.jpg 724w, https:\/\/blogs.uned.es\/alumni\/wp-content\/uploads\/sites\/179\/2022\/09\/Modificacion-Programa-Encuentro-Alumni-Espana-768x1086.jpg 768w, https:\/\/blogs.uned.es\/alumni\/wp-content\/uploads\/sites\/179\/2022\/09\/Modificacion-Programa-Encuentro-Alumni-Espana-1086x1536.jpg 1086w\" sizes=\"(max-width: 1414px) 100vw, 1414px\" title=\"Modificaci\u00f3n Programa Encuentro Alumni Espa\u00f1a\" alt=\"\" \t\tclass=\"so-widget-image\"\/>\n\t<\/div>\n\n<\/div><\/div><\/div><\/div><\/div><\/div><div id=\"pg-4873-3\"  class=\"panel-grid panel-has-style\" ><div class=\"siteorigin-panels-stretch panel-row-style panel-row-style-for-4873-3\" style=\"padding-top: 20px; padding-bottom: 20px; padding-left: 0px; padding-right: 0px; \" data-stretch-type=\"full\" ><div id=\"pgc-4873-3-0\"  class=\"panel-grid-cell panel-grid-cell-empty\" ><div class=\"iconosSubcabecera panel-cell-style panel-cell-style-for-4873-3-0\" ><\/div><\/div><\/div><\/div><div id=\"pg-4873-4\"  class=\"panel-grid panel-has-style\" ><div class=\"siteorigin-panels-stretch panel-row-style panel-row-style-for-4873-4\" style=\"padding-top: 20px; padding-bottom: 20px; padding-left: 0px; padding-right: 0px; \" data-stretch-type=\"full\" ><div id=\"pgc-4873-4-0\"  class=\"panel-grid-cell panel-grid-cell-empty\" ><div class=\"iconosSubcabecera panel-cell-style panel-cell-style-for-4873-4-0\" ><\/div><\/div><\/div><\/div><\/div>","protected":false},"excerpt":{"rendered":"<p>Ap\u00fantate XXVI ENCUENTRO ALUMNI ESPA\u00d1A Programa Mapa Hotel \u00bfQu\u00e9 visitar en Madrid? Contacto Fotos Colaboraciones El XXVI Encuentro de Asociaciones de Antiguos Alumnos y Amigos de las Universidades Espa\u00f1olas tendr\u00e1 &hellip; <a href=\"https:\/\/blogs.uned.es\/alumni\/xxvi-encuentro-alumni-espana\/\" title=\"XXVI ENCUENTRO ALUMNI ESPA\u00d1A\" class=\"read-more\">Read More<\/a><\/p>\n","protected":false},"author":7191,"featured_media":341,"parent":0,"menu_order":0,"comment_status":"closed","ping_status":"closed","template":"","meta":{"footnotes":""},"class_list":["post-4873","page","type-page","status-publish","has-post-thumbnail","hentry"],"_links":{"self":[{"href":"https:\/\/blogs.uned.es\/alumni\/wp-json\/wp\/v2\/pages\/4873","targetHints":{"allow":["GET"]}}],"collection":[{"href":"https:\/\/blogs.uned.es\/alumni\/wp-json\/wp\/v2\/pages"}],"about":[{"href":"https:\/\/blogs.uned.es\/alumni\/wp-json\/wp\/v2\/types\/page"}],"author":[{"embeddable":true,"href":"https:\/\/blogs.uned.es\/alumni\/wp-json\/wp\/v2\/users\/7191"}],"replies":[{"embeddable":true,"href":"https:\/\/blogs.uned.es\/alumni\/wp-json\/wp\/v2\/comments?post=4873"}],"version-history":[{"count":20,"href":"https:\/\/blogs.uned.es\/alumni\/wp-json\/wp\/v2\/pages\/4873\/revisions"}],"predecessor-version":[{"id":7145,"href":"https:\/\/blogs.uned.es\/alumni\/wp-json\/wp\/v2\/pages\/4873\/revisions\/7145"}],"wp:featuredmedia":[{"embeddable":true,"href":"https:\/\/blogs.uned.es\/alumni\/wp-json\/wp\/v2\/media\/341"}],"wp:attachment":[{"href":"https:\/\/blogs.uned.es\/alumni\/wp-json\/wp\/v2\/media?parent=4873"}],"curies":[{"name":"wp","href":"https:\/\/api.w.org\/{rel}","templated":true}]}}