{"id":2921,"date":"2020-04-06T18:41:39","date_gmt":"2020-04-06T16:41:39","guid":{"rendered":"http:\/\/blogs.uned.es\/adenu\/?page_id=2921"},"modified":"2020-09-11T10:27:42","modified_gmt":"2020-09-11T08:27:42","slug":"publications","status":"publish","type":"page","link":"https:\/\/blogs.uned.es\/adenu\/publications\/","title":{"rendered":"Publications"},"content":{"rendered":"<div class=\"teachpress_pub_list\"><form name=\"tppublistform\" method=\"get\"><a name=\"tppubs\" id=\"tppubs\"><\/a><div class=\"tp_search_input\"><input name=\"tsr\" id=\"tp_search_input_field\" type=\"search\" placeholder=\"Enter search word\" value=\"\" tabindex=\"1\"\/><\/div><div class=\"teachpress_filter\"><select class=\"block\" title=\"All years\" name=\"yr\" id=\"yr\" tabindex=\"2\">\r\n                   <option value=\"\">All years<\/option>\r\n                   <option value=\"2019\" >2019<\/option><option value=\"2018\" >2018<\/option><option value=\"2017\" >2017<\/option><option value=\"2016\" >2016<\/option><option value=\"2011\" >2011<\/option><option value=\"2010\" >2010<\/option><option value=\"2009\" >2009<\/option><option value=\"2008\" >2008<\/option><option value=\"2007\" >2007<\/option><option value=\"2006\" >2006<\/option><option value=\"2005\" >2005<\/option><option value=\"2004\" >2004<\/option><option value=\"2003\" >2003<\/option><option value=\"2002\" >2002<\/option><option value=\"2001\" >2001<\/option><option value=\"2000\" >2000<\/option><option value=\"1999\" >1999<\/option><option value=\"1998\" >1998<\/option><option value=\"1997\" >1997<\/option><option value=\"1996\" >1996<\/option><option value=\"1995\" >1995<\/option><option value=\"1994\" >1994<\/option><option value=\"1993\" >1993<\/option><option value=\"1992\" >1992<\/option><option value=\"1989\" >1989<\/option><option value=\"1988\" >1988<\/option><option value=\"0000\" >0000<\/option>\r\n                <\/select><select class=\"block\" title=\"All types\" name=\"type\" id=\"type\" tabindex=\"3\">\r\n                   <option value=\"\">All types<\/option>\r\n                   <option value=\"article\" >Journal Articles<\/option><option value=\"book\" >Books<\/option><option value=\"conference\" >Conferences<\/option><option value=\"inbook\" >Book Chapters<\/option><option value=\"incollection\" >Book Sections<\/option><option value=\"inproceedings\" >Proceedings Articles<\/option><option value=\"mastersthesis\" >Masters Theses<\/option><option value=\"misc\" >Miscellaneous<\/option><option value=\"proceedings\" >Proceedings<\/option><option value=\"techreport\" >Technical Reports<\/option>\r\n                <\/select><select class=\"block\" title=\"All authors\" name=\"auth\" id=\"auth\" tabindex=\"5\">\r\n                   <option value=\"\">All authors<\/option>\r\n                   <option value=\"385\" > Aguado, M<\/option><option value=\"177\" > Aguilar, M J<\/option><option value=\"401\" > Alejo, A<\/option><option value=\"69\" > Penalba, Francisco Alpiste<\/option><option value=\"225\" > Anaya, A R<\/option><option value=\"441\" > Aranda, J<\/option><option value=\"379\" > Herr\u00e1ez, M Arevalillo<\/option><option value=\"19\" > Arevalillo-Herr\u00e1ez, M<\/option><option value=\"61\" > Arevalillo-Herr\u00e1ez, Miguel<\/option><option value=\"297\" > Arias, J D<\/option><option value=\"287\" > Armengol, E<\/option><option value=\"59\" > Arnau, David<\/option><option value=\"83\" > Arnau-Gonz\u00e1alez, Pablo<\/option><option value=\"489\" > Arnau-Gonz\u00e1lez, P<\/option><option value=\"415\" > Arroyo, D<\/option><option value=\"499\" > Ayesh, A J<\/option><option value=\"81\" > Ayesh, Aladdin<\/option><option value=\"325\" > Baccus, D<\/option><option value=\"51\" > Baker, Ryan S<\/option><option value=\"227\" > Baldiris, S<\/option><option value=\"201\" > Barrera, C<\/option><option value=\"265\" > Bay\u00f3n, A<\/option><option value=\"101\" > Bielikova, Maria<\/option><option value=\"319\" > Blesius, C R<\/option><option value=\"469\" > Boggs, W M<\/option><option value=\"299\" > Borrajo, D<\/option><option value=\"15\" > Boticario,<\/option><option value=\"27\" > Boticario, J G<\/option><option value=\"47\" > Boticario, Jesus G<\/option><option value=\"213\" > Buendia, F<\/option><option value=\"239\" > Burgos, D<\/option><option value=\"5\" > Burgos, Daniel<\/option><option value=\"383\" > Burton, D R<\/option><option value=\"495\" > Cabestrero, Ra\u00fal<\/option><option value=\"155\" > Calder\u00f3n, Dora In\u00e9s<\/option><option value=\"161\" > Calder\u00f3n, Mar\u00eda Eugenia<\/option><option value=\"351\" >de la C\u00e1mara, S<\/option><option value=\"199\" >del Campo, E<\/option><option value=\"395\" > Carmona, G<\/option><option value=\"411\" > Salas, Rosa Carro<\/option><option value=\"207\" > Casas, R<\/option><option value=\"285\" > Castillo, L<\/option><option value=\"425\" > Catalina, C<\/option><option value=\"497\" > Chicote-Huete, G<\/option><option value=\"357\" > Cooper, M<\/option><option value=\"1\" > Corbi, Alberto<\/option><option value=\"417\" > Cordova, M A<\/option><option value=\"231\" > Couchet, J<\/option><option value=\"311\" > Cuartero, A<\/option><option value=\"431\" > D$backslash$'$backslash$iez, J<\/option><option value=\"143\" > Ser, Javier Del<\/option><option value=\"453\" > Delgado, A E<\/option><option value=\"337\" > Delgado, C<\/option><option value=\"443\" > Delgado, M<\/option><option value=\"455\" > Dent, L<\/option><option value=\"361\" >van Dorp, K-J<\/option><option value=\"39\" > Santos, Augusto Dias Pereira Dos<\/option><option value=\"91\" > Driessens, Kurt<\/option><option value=\"37\" > Echeverria, Vanessa<\/option><option value=\"85\" > Eddy, Martha H<\/option><option value=\"125\" > Exp\u00f3sito, Pilar Quir\u00f3s<\/option><option value=\"229\" > Fabregat, R<\/option><option value=\"369\" > Murias, T Feliz<\/option><option value=\"433\" > Fern\u00e1ndez, M A<\/option><option value=\"295\" > Fern\u00e1ndez, S<\/option><option value=\"429\" > Gal\u00e1n, S Fern\u00e1ndez<\/option><option value=\"71\" > S\u00e1nchez, Joaqu\u00edn Fern\u00e1ndez<\/option><option value=\"427\" > Vindel, J L Fern\u00e1ndez<\/option><option value=\"279\" > Fern\u00e1ndez-Guerrero, D<\/option><option value=\"133\" > Ferreira, Fernando<\/option><option value=\"23\" > Ferri, F J<\/option><option value=\"63\" > Ferri, Francesc J<\/option><option value=\"195\" > Finat, C<\/option><option value=\"109\" > Finat, Cecile<\/option><option value=\"145\" > L\u00f3pez, William Oswaldo Flores<\/option><option value=\"467\" > Fr$backslash$'$backslash$ias, J A<\/option><option value=\"465\" > Gago, E<\/option><option value=\"451\" > Gal\u00e1n, S F<\/option><option value=\"439\" > Garc$backslash$'$backslash$ia, J<\/option><option value=\"389\" > Garc$backslash$'$backslash$ia, T<\/option><option value=\"217\" > Garcia, P<\/option><option value=\"409\" > Gaudioso, E<\/option><option value=\"33\" > Gonz\u00e1lez, P<\/option><option value=\"493\" > Boticario, Jes\u00fas Gonz\u00e1lez<\/option><option value=\"237\" > Perez, L Gonz\u00e1lez<\/option><option value=\"487\" > Gonz\u00e1lez-Calero, Jos\u00e9 A<\/option><option value=\"185\" > Granado, J<\/option><option value=\"157\" > Guinocchio, Marisa<\/option><option value=\"315\" > Guti\u00e9rrez, E<\/option><option value=\"147\" >y Restrepo, Emmanuelle Guti\u00e9rrez<\/option><option value=\"387\" > Guzm\u00e1n, J L<\/option><option value=\"419\" > Hermira, S<\/option><option value=\"463\" > Hern\u00e1ndez, A<\/option><option value=\"407\" > Hern\u00e1ndez, F<\/option><option value=\"257\" > Hern\u00e1ndez, J<\/option><option value=\"219\" > Herv\u00e1s, A<\/option><option value=\"103\" > Horvath, Tomas<\/option><option value=\"303\" > Huerva, D<\/option><option value=\"367\" > Isasi, P<\/option><option value=\"139\" > Jardim-Goncalves, Ricardo<\/option><option value=\"215\" > Jarque, E<\/option><option value=\"267\" > Jurado, F<\/option><option value=\"501\" > Katsigiannis, S G<\/option><option value=\"321\" > Khatri, A<\/option><option value=\"93\" > Koprinska, Irena<\/option><option value=\"99\" > Kravcik, Milos<\/option><option value=\"381\" > Lalor, M J<\/option><option value=\"149\" > Corredor, Olga Luc\u00eda Le\u00f3n<\/option><option value=\"141\" > Lobo, Jesus L<\/option><option value=\"313\" > Manrique, D<\/option><option value=\"135\" > Marcelino-Jesus, Elsa<\/option><option value=\"479\" > Marco-Gimenez, L<\/option><option value=\"221\" > Mart$backslash$'$backslash$in, J L<\/option><option value=\"179\" > Martin, L<\/option><option value=\"127\" > Mart\u00edn, Olga Cristina Santos<\/option><option value=\"35\" > Martinez-Maldonado, Roberto<\/option><option value=\"175\" > Mazzone, E<\/option><option value=\"457\" > McDermott, J<\/option><option value=\"153\" > Merino, Cristian<\/option><option value=\"363\" > Mira, J<\/option><option value=\"459\" > Mitchell, T<\/option><option value=\"359\" > Montandon, L<\/option><option value=\"235\" > Morales, J<\/option><option value=\"281\" > Morales, R<\/option><option value=\"203\" > Moranchel, J<\/option><option value=\"233\" > Moreno, G<\/option><option value=\"333\" > Moreno-Ger, P<\/option><option value=\"481\" > Moreno-Picot, S<\/option><option value=\"403\" > Mourin, F J<\/option><option value=\"67\" > Mu\u00f1oz, Olga Revilla<\/option><option value=\"335\" > Neumann, G<\/option><option value=\"119\" > Ochoa, Xavier<\/option><option value=\"223\" > Oltra, J V<\/option><option value=\"289\" > Onaind$backslash$'$backslash$ia, E<\/option><option value=\"421\" > Ort$backslash$'$backslash$iz, J<\/option><option value=\"271\" > Ortega, M<\/option><option value=\"151\" > Lima, Celson Pantoja<\/option><option value=\"79\" > Paris, Cecile<\/option><option value=\"167\" > Pascual-Nieto, I<\/option><option value=\"331\" > Pastor, R<\/option><option value=\"373\" > Pastor, Rafael<\/option><option value=\"77\" > Pechenizkiy, Mykola<\/option><option value=\"169\" > Perez-Marin, D<\/option><option value=\"391\" > Pesquera, A<\/option><option value=\"241\" > Petrie, H<\/option><option value=\"111\" > Petrie, Helen<\/option><option value=\"55\" > Quir\u00f3s, Pilar<\/option><option value=\"183\" > Raffenne, E<\/option><option value=\"491\" > Ramzan, N<\/option><option value=\"353\" > S\u00e1nchez, C Rebate<\/option><option value=\"437\" > Recio, D<\/option><option value=\"447\" > Redal, D<\/option><option value=\"269\" > Redondo, M A<\/option><option value=\"187\" >y Restrepo, E<\/option><option value=\"131\" > Restrepo, Emmanuelle Guti\u00e9rrez Y<\/option><option value=\"283\" > Revilla, O<\/option><option value=\"159\" > Lam, Mailing Rivera<\/option><option value=\"423\" > Koper, E J Rob<\/option><option value=\"293\" > Rodr$backslash$'$backslash$iguez, A<\/option><option value=\"435\" > Rodr$backslash$'$backslash$iguez, P<\/option><option value=\"405\" > Artacho, M Rodr$backslash$'$backslash$iguez<\/option><option value=\"181\" > Rodr$backslash$'$backslash$iguez-Ascaso, A<\/option><option value=\"375\" > Rodriguez, M<\/option><option value=\"105\" > Rodriguez-Ascaso, Alejandro<\/option><option value=\"113\" > Rodriguez-Sanchez, M C<\/option><option value=\"9\" > Rodriguez-Sanchez,<\/option><option value=\"205\" > Rold\u00e1n, J R<\/option><option value=\"211\" > Martinez, D Rold\u00e1n<\/option><option value=\"397\" > Romojaro, H<\/option><option value=\"377\" > Ros, S<\/option><option value=\"445\" > Ruip\u00e9rez, P<\/option><option value=\"43\" > Sa\u00e9nz-De-Urturi, Zelai<\/option><option value=\"483\" > Salmeron-Majadas, S<\/option><option value=\"49\" > Salmeron-Majadas, Sergio<\/option><option value=\"449\" > Crist\u00f3bal, E San<\/option><option value=\"413\" > Paniagua, M A S\u00e1nchez-Elvira<\/option><option value=\"197\" > Saneiro, M<\/option><option value=\"89\" > Saneiro, Mar<\/option><option value=\"73\" > Santos, Augusto Dias Pereira Dos<\/option><option value=\"165\" > Santos, O C<\/option><option value=\"3\" > Santos, Olga C<\/option><option value=\"65\" > Santos, Olga<\/option><option value=\"11\" > Santos,<\/option><option value=\"137\" > Sarraipa, Joao<\/option><option value=\"365\" > S\u00e1nchez, E Sarri\u00e1<\/option><option value=\"291\" > Sebasti\u00e1, L<\/option><option value=\"75\" > Shum, Simon Buckingham<\/option><option value=\"129\" > Silva, Mar Saneiro<\/option><option value=\"95\" > Smirnov, Evgueni<\/option><option value=\"117\" > Sosnovsky, Sergey<\/option><option value=\"115\" > Tang, Tiffany Y<\/option><option value=\"393\" > Tejedor, D<\/option><option value=\"163\" > Boticario, Jes\u00fas<\/option><option value=\"107\" > Boticario, Jes\u00fas G<\/option><option value=\"121\" > Boticario, Jes\u00fas Gonz\u00e1lez<\/option><option value=\"53\" > Cabestrero, Ra\u00fal<\/option><option value=\"123\" > Alonso, Ra\u00fal Cabestrero<\/option><option value=\"87\" > Uria-Rivas, Ra\u00fal<\/option><option value=\"485\" > Uria-Rivas, R<\/option><option value=\"57\" > Uria-Rivas, Raul<\/option><option value=\"7\" > Uria-Rivas,<\/option><option value=\"209\" > Valdiviezo, P M<\/option><option value=\"399\" > Valiente, S<\/option><option value=\"371\" > Rosmalen, P Van<\/option><option value=\"13\" > Vaquero,<\/option><option value=\"301\" > Velez, J<\/option><option value=\"349\" >del Viso, A<\/option><option value=\"323\" > Wylie, M<\/option><option value=\"45\" > Restrepo, Emmanuelle Gutierrez Y<\/option><option value=\"41\" > Yacef, Kalina<\/option><option value=\"461\" > Zabowski, D<\/option><option value=\"97\" > Zaiane, Osmar<\/option><option value=\"317\" > Zimmermann, G<\/option>\r\n                <\/select><div class=\"teachpress_search_button\"><input name=\"tps_button\" class=\"tp_search_button\" type=\"submit\" tabindex=\"10\" value=\"Search\"\/><\/div><\/div><\/form><div class=\"teachpress_message_error\"><p>Sorry, no publications matched your criteria.<\/p><\/div><\/div>","protected":false},"excerpt":{"rendered":"","protected":false},"author":7199,"featured_media":0,"parent":0,"menu_order":0,"comment_status":"closed","ping_status":"closed","template":"","meta":{"footnotes":""},"class_list":["post-2921","page","type-page","status-publish","hentry"],"_links":{"self":[{"href":"https:\/\/blogs.uned.es\/adenu\/wp-json\/wp\/v2\/pages\/2921","targetHints":{"allow":["GET"]}}],"collection":[{"href":"https:\/\/blogs.uned.es\/adenu\/wp-json\/wp\/v2\/pages"}],"about":[{"href":"https:\/\/blogs.uned.es\/adenu\/wp-json\/wp\/v2\/types\/page"}],"author":[{"embeddable":true,"href":"https:\/\/blogs.uned.es\/adenu\/wp-json\/wp\/v2\/users\/7199"}],"replies":[{"embeddable":true,"href":"https:\/\/blogs.uned.es\/adenu\/wp-json\/wp\/v2\/comments?post=2921"}],"version-history":[{"count":7,"href":"https:\/\/blogs.uned.es\/adenu\/wp-json\/wp\/v2\/pages\/2921\/revisions"}],"predecessor-version":[{"id":3367,"href":"https:\/\/blogs.uned.es\/adenu\/wp-json\/wp\/v2\/pages\/2921\/revisions\/3367"}],"wp:attachment":[{"href":"https:\/\/blogs.uned.es\/adenu\/wp-json\/wp\/v2\/media?parent=2921"}],"curies":[{"name":"wp","href":"https:\/\/api.w.org\/{rel}","templated":true}]}}