{"id":2817,"date":"2020-04-03T18:16:09","date_gmt":"2020-04-03T16:16:09","guid":{"rendered":"http:\/\/blogs.uned.es\/adenu\/?page_id=2817"},"modified":"2021-02-10T18:48:39","modified_gmt":"2021-02-10T17:48:39","slug":"ana-serrano","status":"publish","type":"page","link":"https:\/\/blogs.uned.es\/adenu\/people\/ana-serrano\/","title":{"rendered":"Ana Serrano"},"content":{"rendered":"\t\t<div data-elementor-type=\"wp-page\" data-elementor-id=\"2817\" class=\"elementor elementor-2817\">\n\t\t\t\t\t\t<section class=\"elementor-section elementor-top-section elementor-element elementor-element-53e54e26 elementor-section-stretched elementor-section-full_width elementor-section-height-default elementor-section-height-default\" data-id=\"53e54e26\" data-element_type=\"section\" data-e-type=\"section\" data-settings=\"{&quot;stretch_section&quot;:&quot;section-stretched&quot;,&quot;background_background&quot;:&quot;slideshow&quot;,&quot;background_slideshow_gallery&quot;:[{&quot;id&quot;:&quot;2561&quot;,&quot;url&quot;:&quot;http:\\\/\\\/blogs.uned.es\\\/adenu\\\/wp-content\\\/uploads\\\/sites\\\/205\\\/2020\\\/03\\\/markus-spiske-qjnAnF0jIGk-unsplash.jpg&quot;}],&quot;background_slideshow_loop&quot;:&quot;yes&quot;,&quot;background_slideshow_slide_duration&quot;:5000,&quot;background_slideshow_slide_transition&quot;:&quot;fade&quot;,&quot;background_slideshow_transition_duration&quot;:500}\">\n\t\t\t\t\t\t\t<div class=\"elementor-background-overlay\"><\/div>\n\t\t\t\t\t\t\t<div class=\"elementor-container elementor-column-gap-default\">\n\t\t\t\t\t<div class=\"elementor-column elementor-col-33 elementor-top-column elementor-element elementor-element-19ddf3ae\" data-id=\"19ddf3ae\" data-element_type=\"column\" data-e-type=\"column\">\n\t\t\t<div class=\"elementor-widget-wrap elementor-element-populated\">\n\t\t\t\t\t\t<div class=\"elementor-element elementor-element-16931413 elementor-widget elementor-widget-image\" data-id=\"16931413\" data-element_type=\"widget\" data-e-type=\"widget\" data-widget_type=\"image.default\">\n\t\t\t\t<div class=\"elementor-widget-container\">\n\t\t\t\t\t\t\t\t\t\t\t\t\t\t\t<img decoding=\"async\" src=\"https:\/\/blogs.uned.es\/adenu\/wp-content\/uploads\/sites\/205\/2020\/04\/1055000-512.png\" title=\"1055000-512\" alt=\"1055000-512\" loading=\"lazy\" \/>\t\t\t\t\t\t\t\t\t\t\t\t\t\t\t<\/div>\n\t\t\t\t<\/div>\n\t\t\t\t\t<\/div>\n\t\t<\/div>\n\t\t\t\t<div class=\"elementor-column elementor-col-66 elementor-top-column elementor-element elementor-element-6628eec3\" data-id=\"6628eec3\" data-element_type=\"column\" data-e-type=\"column\">\n\t\t\t<div class=\"elementor-widget-wrap elementor-element-populated\">\n\t\t\t\t\t\t<div class=\"elementor-element elementor-element-5421d511 elementor-absolute elementor-widget elementor-widget-heading\" data-id=\"5421d511\" data-element_type=\"widget\" data-e-type=\"widget\" data-settings=\"{&quot;_position&quot;:&quot;absolute&quot;}\" data-widget_type=\"heading.default\">\n\t\t\t\t<div class=\"elementor-widget-container\">\n\t\t\t\t\t<h1 class=\"elementor-heading-title elementor-size-xxl\">Ana Serrano Mamolar<\/h1>\t\t\t\t<\/div>\n\t\t\t\t<\/div>\n\t\t\t\t\t<\/div>\n\t\t<\/div>\n\t\t\t\t\t<\/div>\n\t\t<\/section>\n\t\t\t\t<section class=\"elementor-section elementor-top-section elementor-element elementor-element-6ef5d28 elementor-section-boxed elementor-section-height-default elementor-section-height-default\" data-id=\"6ef5d28\" data-element_type=\"section\" data-e-type=\"section\">\n\t\t\t\t\t\t<div class=\"elementor-container elementor-column-gap-default\">\n\t\t\t\t\t<div class=\"elementor-column elementor-col-100 elementor-top-column elementor-element elementor-element-dd6d655\" data-id=\"dd6d655\" data-element_type=\"column\" data-e-type=\"column\">\n\t\t\t<div class=\"elementor-widget-wrap elementor-element-populated\">\n\t\t\t\t\t\t<div class=\"elementor-element elementor-element-76326ab0 elementor-widget elementor-widget-spacer\" data-id=\"76326ab0\" data-element_type=\"widget\" data-e-type=\"widget\" data-widget_type=\"spacer.default\">\n\t\t\t\t<div class=\"elementor-widget-container\">\n\t\t\t\t\t\t\t<div class=\"elementor-spacer\">\n\t\t\t<div class=\"elementor-spacer-inner\"><\/div>\n\t\t<\/div>\n\t\t\t\t\t\t<\/div>\n\t\t\t\t<\/div>\n\t\t\t\t\t<\/div>\n\t\t<\/div>\n\t\t\t\t\t<\/div>\n\t\t<\/section>\n\t\t\t\t<section class=\"elementor-section elementor-top-section elementor-element elementor-element-2562321d elementor-section-stretched elementor-section-boxed elementor-section-height-default elementor-section-height-default\" data-id=\"2562321d\" data-element_type=\"section\" data-e-type=\"section\" data-settings=\"{&quot;stretch_section&quot;:&quot;section-stretched&quot;}\">\n\t\t\t\t\t\t<div class=\"elementor-container elementor-column-gap-default\">\n\t\t\t\t\t<div class=\"elementor-column elementor-col-100 elementor-top-column elementor-element elementor-element-1f00ee63\" data-id=\"1f00ee63\" data-element_type=\"column\" data-e-type=\"column\">\n\t\t\t<div class=\"elementor-widget-wrap elementor-element-populated\">\n\t\t\t\t\t\t<div class=\"elementor-element elementor-element-6bf9182e elementor-widget elementor-widget-eael-adv-tabs\" data-id=\"6bf9182e\" data-element_type=\"widget\" data-e-type=\"widget\" data-widget_type=\"eael-adv-tabs.default\">\n\t\t\t\t<div class=\"elementor-widget-container\">\n\t\t\t\t\t        <div data-scroll-on-click=\"no\" data-scroll-speed=\"300\" id=\"eael-advance-tabs-6bf9182e\" class=\"eael-advance-tabs eael-tabs-horizontal eael-tab-auto-active \" data-tabid=\"6bf9182e\">\n            <div class=\"eael-tabs-nav \">\n                <ul class=\"\" role=\"tablist\">\n                                            <li id=\"bio\" class=\"inactive eael-tab-item-trigger eael-tab-nav-item\" aria-selected=\"true\" data-tab=\"1\" role=\"tab\" tabindex=\"0\" aria-controls=\"bio-tab\" aria-expanded=\"false\">\n                            \n                            \n                            \n                                                            <span class=\"eael-tab-title title-after-icon\" >BIO<\/span>                                                    <\/li>\n                                            <li id=\"cv\" class=\"inactive eael-tab-item-trigger eael-tab-nav-item\" aria-selected=\"false\" data-tab=\"2\" role=\"tab\" tabindex=\"-1\" aria-controls=\"cv-tab\" aria-expanded=\"false\">\n                            \n                            \n                            \n                                                            <span class=\"eael-tab-title title-after-icon\" >CV<\/span>                                                    <\/li>\n                                            <li id=\"research\" class=\"inactive eael-tab-item-trigger eael-tab-nav-item\" aria-selected=\"false\" data-tab=\"3\" role=\"tab\" tabindex=\"-1\" aria-controls=\"research-tab\" aria-expanded=\"false\">\n                            \n                            \n                            \n                                                            <span class=\"eael-tab-title title-after-icon\" >RESEARCH<\/span>                                                    <\/li>\n                    \n                                  <\/ul>\n            <\/div>\n            \n            <div class=\"eael-tabs-content\">\n\t\t        \n                    <div id=\"bio-tab\" class=\"clearfix eael-tab-content-item inactive\" data-title-link=\"bio-tab\">\n\t\t\t\t        <p><strong>Engineer of Telecommunications specialised in Electronic Systems <\/strong>(University of Valladolid) I deliver my Degree Final Project at the Hoogeschool of Rotterdam within the Erasmus program. I worked as a consultant for R&amp;D projects for more than 2 years after my degree. I have a <strong>Master&#8217;s Degree in Artificial Intelligence, Pattern Recognition and Digital Imaging <\/strong>from the Universidad Polit\u00e9cnica de Valencia (UPV). After my Master degree I was working as a researcher in the UPV, involved in projects related with recognition of noise and vibration patterns in railway transport systems.<\/p><p>After three years in the software industry as a senior Android Developer I moved to Scotland where I obtained a grant to start my <strong>PhD studies in University of the West of Scotland <\/strong>(UWS), that I finished in three years. The first two years of my PhD studies were granted\u00a0\u00a0\u00a0\u00a0 by an International Project of the University of Zayed, and the third one was granted by the university (UWS). I got <strong>teaching experience <\/strong>during the three years of my PhD studies, having the opportunity to deliver lectures of 6 different modules (in English) to BSc in Computer Science and Master in Computer Networking students of the UWS. Furthermore, during my PhD studies I was involved in <strong>two relevant H2020 projects <\/strong>SELFNET and SLICENET related with 5G networks, being my institution (UWS) the technical coordinator of them. In both projects, my contribution was in the area of artificial intelligence, specifically in the design and development of a cognitive loop for the autonomous management of multi-tenant 5G networks. My contributions in both projects were validated against a fully operational 5G infrastructure built for the project in one of the partner\u2019s premises, a well-known European telecom company. Likewise I was involved in the elaboration of several European project proposal.<\/p><p>I finished my PhD with 3 JCR publications and 2 publications in relevant international conferences. In my postdoctoral stage have I published 2 more JCR and 1 conference article. Furthermore, during the first year of my postdoctoral stage I am co-directing 2 doctoral thesis and 2 master&#8217;s thesis that are currently in progress. My academic path is not a standard one since I have mixed the academic milestones with industrial professional experience across the different academic stages. This has allowed me to contribute in high TRL research projects as the one mentioned while I was doing my PhD.<\/p><p>At the same I was preparing my doctoral thesis dissertation I joint the aDeNu research group at UNED to collaborate within one of their projects for two years. Specifically I have been involved in user-centred modelling in educational scenarios to improve affect-aware adaptive learning systems, which is currently my research area.<\/p>                    <\/div>\n\t\t        \n                    <div id=\"cv-tab\" class=\"clearfix eael-tab-content-item inactive\" data-title-link=\"cv-tab\">\n\t\t\t\t        <p><a href=\"https:\/\/cvn.fecyt.es\/0000-0002-0027-7128\">https:\/\/cvn.fecyt.es\/0000-0002-0027-7128<\/a><\/p><h2 id=\"previous\" class=\"previous-position\">Positions<\/h2><ul class=\"experience\"><li>Postdoc researcher at aDeNu<\/li><\/ul><h2 id=\"previous\" class=\"previous-position\">Previous Positions<\/h2><ul><li>Phd. student at University of the West of Scotland (2016-2019)<\/li><li>Senior Android Developer at Develapps (2013-2016)<\/li><li>Researcher at Universidad Polit\u00e9cnica de Valencia (2011-2013)\u00a0<\/li><li>R&amp;D Consultant at Tolten (2006-2009)<\/li><\/ul><div class=\"education vcalendar vevent vcard\"><h2 id=\"education\">Education<\/h2><ul class=\"listasgenerales education\"><li>PhD in Intelligent Systems at University of the West of Scotland &#8211; 2020<\/li><li>Master&#8217;s Degree in Artificial Intelligence, Pattern Recognition and Digital Imaging. (Universidad Polit\u00e9cnica de Valencia) &#8211; 2011<\/li><li>Telecommunications Engineer. Specialised in Electronic Systems ( Universidad de Valladolid) &#8211; 2005<\/li><\/ul><\/div><h2 id=\"teaching\">Teaching<\/h2><ul><li>Master&#8217; in Computer Networking at University of the West of Scotland<ul><li>Master Projects<\/li><li>Emerging topics in Smart Networks<\/li><\/ul><\/li><li>Bsc. Computer Networking at University of the West of Scotland<ul><li>Data Communications and Networks<\/li><li>Windows Server Administration<\/li><li>CCNA 1<\/li><li>Unix System Administration<\/li><\/ul><\/li><\/ul><dl class=\"teaching\"><dd><\/dd><dd><\/dd><\/dl><dl class=\"teaching\"><dd><\/dd><\/dl><h2>R&amp;D projects<\/h2><ul><li><a href=\"http:\/\/blogs.uned.es\/adenu\/portfolio\/pyto-int2aff\/\">Int2Aff<\/a><\/li><li><a href=\"https:\/\/slicenet.eu\/\">SLICENET<\/a><\/li><li><a href=\"http:\/\/SELFNET\">SELFNET<\/a><\/li><\/ul>                    <\/div>\n\t\t        \n                    <div id=\"research-tab\" class=\"clearfix eael-tab-content-item inactive\" data-title-link=\"research-tab\">\n\t\t\t\t        <p>Research references<\/p><ul class=\"listasgenerales\"><li><span class=\"summary\">ORCID iD:<span class=\"event\"><a href=\"http:\/\/orcid.org\/0000-0002-0027-7128\">0000-0003-4949-9220<\/a><\/span><\/span><\/li><li><span class=\"summary\">ResearcherID: ABH-4677-2020<\/span><\/li><li><span class=\"summary\">Scopus Author ID: 57203889636<\/span><\/li><li><span class=\"summary\">Google Scholar:\u00a0<span class=\"event\"><a href=\"https:\/\/scholar.google.com\/citations?hl=en&amp;user=NZRmlPoAAAAJ&amp;view_op=list_works&amp;gmla=AJsN-F7GRySpEk50wcTyo0wDv7_qbNm1dlNngzClCdl2rOe2jVQ_nk3pmi1cp65G0e2H4rHM_5CjQuehYEMegXrWoYawT5eJai5CSWElK_zlK7-DFR1kczI\">Ana Serrano-Mamolar<\/a><\/span><\/span><\/li><li><span class=\"summary\">Research Gate:\u00a0<span class=\"event\"><a href=\"https:\/\/www.researchgate.net\/profile\/Ana_Serrano-Mamolar\">Ana Serrano-Mamolar<\/a><\/span><\/span><\/li><\/ul><h3>R&amp;D projects<\/h3><ul><li><a href=\"http:\/\/blogs.uned.es\/adenu\/portfolio\/pyto-int2aff\/\">Int2Aff<\/a><\/li><\/ul><p style=\"padding-left: 30px\">Degree of contribution: Researcher<\/p><p style=\"padding-left: 30px\">Entity where project take place: UNED<\/p><p style=\"padding-left: 30px\">Funding entity or bodies:\u00a0Ministerio de Ciencia e Innovaci\u00f3n. Universidades<\/p><p style=\"padding-left: 30px\">Dedication regime: Full time<\/p><p style=\"padding-left: 30px\">Contribution: Research, development and validation of affect user-centred models in different\u00a0learning contexts, with specific focus in the following tasks.<\/p><p style=\"padding-left: 30px\">* Design and execution of experiments in two different contexts (schools and autonomous vehicles) in order to build datasets from real-world situations.<\/p><p style=\"padding-left: 30px\">* Analysis of gathered data and building of the affect models adapted to each subject by applying different Data Mining and Machine Learning methodologies.<\/p><p style=\"padding-left: 30px\">* Analysis of the feasibility of developing a low-cost\u00a0non-intrusive device that integrates easy-to-capture signals that guarantee high affect recognition accuracy.<\/p><p style=\"padding-left: 30px\">* Analysis of results and dissemination.<\/p><ul><li><a href=\"https:\/\/slicenet.eu\/\">SLICENET<\/a><\/li><\/ul><p style=\"padding-left: 30px\">Degree of contribution: Researcher<\/p><p style=\"padding-left: 30px\">Entity where project took place: University of the West of Scotland<\/p><p style=\"padding-left: 30px\">Name principal investigator: Prof. Qi Wang<\/p><p style=\"padding-left: 30px\">Funding entity or bodies: European Commission<\/p><p style=\"padding-left: 30px\">Type of participation: Team member<\/p><p style=\"padding-left: 30px\">Start-End date: 01\/06\/2017 &#8211; 01\/06\/2020<\/p><p style=\"padding-left: 30px\">Total amount: 7.979.030 \u20ac Sub-project amount: 66.449.875 \u20ac<\/p><p style=\"padding-left: 30px\">Dedication regime: Part time<\/p><p style=\"padding-left: 30px\">Contribution: The aim of the SliceNet project was to design, prototype and demonstrate an\u00a0innovative, verticals-oriented, QoE-driven 5G network slicing framework. The main objectives of the SliceNet\u00a0included maximising the potential of 5G infrastructures and their services based on advanced software\u00a0networking and cognitive network management. The applicant was involved in the design, development and\u00a0validation of different software tools towards a fully softwarisation-friendly 5G infrastructure, with specific\u00a0focus in the following tasks:<\/p><p style=\"padding-left: 30px\">* Integration of several software components in an emulated 5G infrastructure\u00a0in order to validate that an operative 5G infrastructure can be fully softwarised.<\/p><p style=\"padding-left: 30px\">* Design implementation and\u00a0development of a completely functional experimentation framework that implements the three main planes\u00a0of the network infrastructure: control plane, monitoring plane and management plane in order to gather\u00a0metrics over the three planes and provide action points in a fully softwarised infrastructure. The three planes\u00a0were fully decoupled and isolated depending on the topology in order to match different possible business\u00a0requirements in a 5G multi-tenant context.<\/p><p style=\"padding-left: 30px\">* Design implementation and development of a completely\u00a0functional experimentation framework that allows testing novel functional and architectural components\u00a0of a 5G infrastructure. These contributions were essential for a fast component validation before the final\u00a0integration of the components in the real infrastructure. Every mentioned development was validated against\u00a0a fully operational 5G multi-tenant infrastructure built for the project in one of the project\u2019s partner premises, an important European Telecomm. company. Furthermore, all those contributions were included as part of the outcomes\u00a0presented to the European Commission in the annual project reviews.<\/p><ul><li><a href=\"http:\/\/SELFNET\">SELFNET<\/a><\/li><\/ul><p style=\"padding-left: 30px\">Degree of contribution: Researcher<br \/>Entity where project took place: University of the\u00a0West of Scotland<br \/>Name principal investigator: Jose Alcaraz Calero<br \/>Funding entity or bodies: European Commission<br \/>Type of participation: Team member<br \/>Name of the programme: H2020<br \/>Code according to the funding entity: H2020-ICT-2014-2\/671672<br \/>Start-End date: 01\/07\/2015 &#8211; 01\/07\/2018<br \/>Total amount: 6.866.496 \u20ac\u00a0 \u00a0 \u00a0 \u00a0 \u00a0 Sub-project amount: 750.476 \u20ac<br \/>Dedication regime: Part time<br \/>Contribution: The aim of the SELFNET project was to design and implement an autonomic\u00a0network management framework to achieve self-organizing capabilities in managing network infrastructures\u00a0by automatically detecting and mitigating a range of common network problems that are currently still\u00a0being manually addressed by network operators, thereby significantly reducing operational costs and\u00a0improving user experience. SELFNET was driven by use cases designed to address major network<br \/>management problems including: Self-protection, Self-healing and Self-optimization. The applicant has\u00a0been involved in three of the four SELFNET use cases, with specific focus in the following tasks:<\/p><p style=\"padding-left: 30px\">* Design,\u00a0implementation and validation of novel 5G-compliant security sensor for the transversal detection of DDoS\u00a0attacks in 5G multitenant overlay mobile networks.<\/p><p style=\"padding-left: 30px\">* Design, implementation and validation of 5G-compliant\u00a0general-purpose sensor to gather real time metrics from automatically detected physical and virtual network<br \/>interfaces<\/p><p style=\"padding-left: 30px\">* Design implementation and development of a completely functional experimentation framework\u00a0that allows to test novel functional and architectural components of a 5G infrastructure.<\/p><p style=\"padding-left: 30px\">* Integration and\u00a0validation of all the components included in an autonomic loop. Every mentioned implementation was\u00a0validated against a fully operational 5G multi-tenant infrastructure built for the project in one of the project\u2019s\u00a0partner premises, Portugal Telecom. Furthermore, the applicant&#8217;s contribution were included as part of the\u00a0outcomes presented to the European Commission in all the annual project reviews.<\/p><h3>Publications<\/h3><ul><li>Ana Serrano Mamolar Ana Mamolar; Miguel Arevalillo Herr\u00e1ez; Jesus Gonz\u00e1lez Boticario. An intra-subject\u00a0approach based on the Application of HMM to Predict Concentration in Educational Contexts from Non-intrusive\u00a0Physiological Signals in real-world situations.Sensors MDPI Journal. (Spain): 04\/01\/2021.<br \/>DOI: 10.20944\/preprints202101.0039.v1<\/li><li>Sanchez-Navarro, Ignacio; Mamolar, Ana Serrano; Wang, Qi; Calero, Jose M. Alcaraz. 5GTopoNet: Real-time\u00a0topology discovery and management on 5G multi-tenant networks. FUTURE GENERATION COMPUTER\u00a0SYSTEMS-THE INTERNATIONAL JOURNAL OF ESCIENCE. 114, pp. 435 &#8211; 447. ELSEVIER, 01\/01\/2021.<br \/>Available on-line at: <a href=\"https:\/\/www.sciencedirect.com\/science\/article\/abs\/pii\/S0167739X1933122X\">https:\/\/www.sciencedirect.com\/science\/article\/abs\/pii\/S0167739X1933122X<\/a><\/li><li>Ana Serrano Mamolar; David Mart\u00edn G\u00f3mez; Jes\u00fas Gonz\u00e1lez Boticario. Editorial: Recommender Systems\u00a0and Technologies in Artificial Intelligence. (Switzerland): Electronics. 2021, 01\/01\/2021. Available on-line at:\u00a0\u00a0<a href=\"https:\/\/www.mdpi.com\/journal\/electronics\/special_issues\/RST\">https:\/\/www.mdpi.com\/journal\/electronics\/special_issues\/RST<\/a>. ISSN 2079-9292<\/li><li>Chirivella-Perez, Enrique; Marco-Alaez, Ricardo; Hita, Alba; Serrano, Ana; Calero, Jose M. Alcaraz; Wang, Qi;\u00a0Neves, Pedro M.; Bernini, Giacomo; Koutsopoulos, Konstantinos; Gil Perez, Manuel; Martinez Perez, Gregorio;\u00a0Barros, Maria Joao; Gavras, Anastasius. SELFNET 5G mobile edge computing infrastructure: Design and\u00a0prototyping. SOFTWARE-PRACTICE &amp; EXPERIENCE. 50 &#8211; 5, pp. 741 &#8211; 756. WILEY, 01\/05\/2020.<\/li><li>Mamolar, Ana Serrano; Salva-Garcia, Pablo; Chirivella-Perez, Enrique; Pervez, Zeeshan; Calero, Jose M.\u00a0Alcaraz; Wang, Qi. Autonomic protection of multi-tenant 5G mobile networks against UDP flooding DDoS attacks.\u00a0JOURNAL OF NETWORK AND COMPUTER APPLICATIONS. 145, ACADEMIC PRESS LTD- ELSEVIER<br \/>SCIENCE LTD, 01\/11\/2019. ISSN 1084-8045<\/li><li>Mamolar, Ana Serrano; Pervez, Zeeshan; Calero, Jose M. Alcaraz; Khattak, Asad Masood. Towards the\u00a0transversal detection of DDoS network attacks in 5G multi-tenant overlay networks. COMPUTERS &amp; SECURITY.\u00a079, pp. 132 &#8211; 147. ELSEVIER ADVANCED TECHNOLOGY, 01\/11\/2018. ISSN 0167-4048<\/li><\/ul><h3>Works submitted to national or international conferences<\/h3><ul><li>Ana Serrano Mamolar; Miguel Arevalillo Herr\u00e1ez; Jes\u00fas Gonz\u00e1lez Boticario. &#8220;Towards the modelling of the concentrated state of learners. An intra-subject modelling<br \/>approach&#8221;. European Simulation and Modelling Conference. 2020<\/li><li>Mamolar, Ana Serrano; Pervez, Zeeshan; Calero, Jose M. Alcaraz. &#8220;PROCEEDINGS OF THE 2018\u00a0IEEE\/ACM 22ND INTERNATIONAL SYMPOSIUM ON DISTRIBUTED SIMULATION AND REAL TIME\u00a0APPLICATIONS (DS-RT)&#8221;. En: IEEE ACM International Symposium on Distributed Simulation and\u00a0Real-Time Applications. pp. 155 &#8211; 162. 01\/01\/2018. ISSN 1550-6525, ISBN 978-1-5386-5048-6<\/li><li>Mamolar, Ana Serrano; Pervez, Zeeshan; Wang, Qi; Alcaraz-Calero, Jose M.&#8221;2019 EUROPEAN\u00a0CONFERENCE ON NETWORKS AND COMMUNICATIONS (EUCNC)&#8221;. En: European Conference on\u00a0Networks and Communications. pp. 273 &#8211; 277. 01\/01\/2019. ISSN 2475-6490, ISSN 2575-4912, ISBN\u00a0978-1-7281-0546-8<\/li><\/ul><h3>Participation in scientific committees<\/h3><ul><li>International Conference on Emerging Security Information, Systems and Technologies<br \/>SECURWARE 2018<\/li><li>International Conference on Computing and Network Communications (CoCoNet&#8217;18)<\/li><li>IEEE International Conference on Data Science and Systems<\/li><\/ul><h3>Evaluation and revision of articles<\/h3><p>Review of articles in the following journals and international conferences:<\/p><ul><li>International Conference on Educational Data Mining (EDM) 2020\u00a0<\/li><li>International Conference on Artificial Intelligence in Education (AIED) 2020<\/li><li>Journal of Computers &amp; Security 2019-2020<\/li><li>Journal on Security and Communication Networks 2018-2020<\/li><li>IEEE Access 2020<\/li><li>International Conference on Computing and Network\u00a0Communications (CoCoNet) 2018-2020<\/li><li>Conference on Emerging Security Information,\u00a0Systems and Technologies 2018-2020<\/li><li>International Conference on Software, Telecommunications and\u00a0Computer Networks 2017<\/li><li>International Telecommunication Networks and Applications Conference 2017<\/li><\/ul><p>\u00a0<\/p>                    <\/div>\n\t\t                    <\/div>\n        <\/div>\n\t\t\t\t<\/div>\n\t\t\t\t<\/div>\n\t\t\t\t\t<\/div>\n\t\t<\/div>\n\t\t\t\t\t<\/div>\n\t\t<\/section>\n\t\t\t\t<section class=\"elementor-section elementor-top-section elementor-element elementor-element-6ab5b7ef elementor-section-boxed elementor-section-height-default elementor-section-height-default\" data-id=\"6ab5b7ef\" data-element_type=\"section\" data-e-type=\"section\">\n\t\t\t\t\t\t<div class=\"elementor-container elementor-column-gap-default\">\n\t\t\t\t\t<div class=\"elementor-column elementor-col-100 elementor-top-column elementor-element elementor-element-43bac7f2\" data-id=\"43bac7f2\" data-element_type=\"column\" data-e-type=\"column\">\n\t\t\t<div class=\"elementor-widget-wrap\">\n\t\t\t\t\t\t\t<\/div>\n\t\t<\/div>\n\t\t\t\t\t<\/div>\n\t\t<\/section>\n\t\t\t\t<\/div>\n\t\t","protected":false},"excerpt":{"rendered":"<p>Ana Serrano Mamolar BIO CV RESEARCH Engineer of Telecommunications specialised in Electronic Systems (University of Valladolid) I deliver my Degree Final Project at the Hoogeschool of Rotterdam within the Erasmus program. I worked as a consultant for R&amp;D projects for &hellip; <a href=\"https:\/\/blogs.uned.es\/adenu\/people\/ana-serrano\/\">Continued<\/a><\/p>\n","protected":false},"author":7199,"featured_media":0,"parent":2455,"menu_order":0,"comment_status":"closed","ping_status":"closed","template":"","meta":{"footnotes":""},"class_list":["post-2817","page","type-page","status-publish","hentry"],"_links":{"self":[{"href":"https:\/\/blogs.uned.es\/adenu\/wp-json\/wp\/v2\/pages\/2817","targetHints":{"allow":["GET"]}}],"collection":[{"href":"https:\/\/blogs.uned.es\/adenu\/wp-json\/wp\/v2\/pages"}],"about":[{"href":"https:\/\/blogs.uned.es\/adenu\/wp-json\/wp\/v2\/types\/page"}],"author":[{"embeddable":true,"href":"https:\/\/blogs.uned.es\/adenu\/wp-json\/wp\/v2\/users\/7199"}],"replies":[{"embeddable":true,"href":"https:\/\/blogs.uned.es\/adenu\/wp-json\/wp\/v2\/comments?post=2817"}],"version-history":[{"count":17,"href":"https:\/\/blogs.uned.es\/adenu\/wp-json\/wp\/v2\/pages\/2817\/revisions"}],"predecessor-version":[{"id":4333,"href":"https:\/\/blogs.uned.es\/adenu\/wp-json\/wp\/v2\/pages\/2817\/revisions\/4333"}],"up":[{"embeddable":true,"href":"https:\/\/blogs.uned.es\/adenu\/wp-json\/wp\/v2\/pages\/2455"}],"wp:attachment":[{"href":"https:\/\/blogs.uned.es\/adenu\/wp-json\/wp\/v2\/media?parent=2817"}],"curies":[{"name":"wp","href":"https:\/\/api.w.org\/{rel}","templated":true}]}}